{"id":7681,"date":"2025-01-17T06:41:07","date_gmt":"2025-01-17T06:41:07","guid":{"rendered":"https:\/\/jinhuaceramic.com\/?post_type=product&#038;p=7681"},"modified":"2025-01-17T06:41:08","modified_gmt":"2025-01-17T06:41:08","slug":"wholesale-ceramic-baking-pans","status":"publish","type":"product","link":"https:\/\/jinhuaceramic.com\/pt\/product\/wholesale-ceramic-baking-pans\/","title":{"rendered":"Assadeiras de cer\u00e2mica por atacado, assadeiras brancas personalizadas"},"content":{"rendered":"<div class=\"wp-block-columns is-layout-flex wp-container-core-columns-is-layout-9d6595d7 wp-block-columns-is-layout-flex\">\n<div class=\"wp-block-column is-layout-flow wp-block-column-is-layout-flow\">\n<h3 class=\"wp-block-heading\">Panelas de cer\u00e2mica para cozinhar por atacado premium Caracter\u00edsticas:<\/h3>\n\n\n\n<ul class=\"wp-block-list\">\n<li><strong>Design elegante: <\/strong>Estas formas de cer\u00e2mica para cozinhar por grosso t\u00eam um design elegante e simples e s\u00e3o brancas, o que confere uma sensa\u00e7\u00e3o refrescante que se adapta bem a v\u00e1rios ambientes de cozinha e maneiras \u00e0 mesa. A textura ondulada na lateral da forma real\u00e7a as camadas e a sensa\u00e7\u00e3o tridimensional nas formas para cozinhar, tornando-as mais texturizadas e art\u00edsticas.<\/li>\n\n\n\n<li><strong>Material cer\u00e2mico de alta qualidade: <\/strong>O material cer\u00e2mico de alta qualidade nestas formas de cozedura personalizadas proporciona boa condutividade t\u00e9rmica e \u00e9 at\u00f3xico e inofensivo.<\/li>\n\n\n\n<li><strong>Versatilidade:<\/strong> Estas formas de cer\u00e2mica para cozinhar est\u00e3o dispon\u00edveis em dois tamanhos, satisfazendo assim as necessidades di\u00e1rias de cozinhar, utilizando a fam\u00edlia em pequenas quantidades para cozinhar alguns legumes ou carne, por exemplo. Ao mesmo tempo, estes artigos permitem alguma capacidade para armazenar ingredientes, adequando-se \u00e0 prepara\u00e7\u00e3o de pratos durante algumas reuni\u00f5es.<\/li>\n\n\n\n<li><strong>F\u00e1cil de limpar: <\/strong>A superf\u00edcie destas formas de cer\u00e2mica personalizadas \u00e9 lisa e as manchas de comida n\u00e3o aderem facilmente. Por isso, s\u00e3o mais f\u00e1ceis de limpar do que as formas de metal. N\u00e3o riscam nem mancham e mant\u00eam uma boa apar\u00eancia durante muito tempo ap\u00f3s a utiliza\u00e7\u00e3o.<\/li>\n<\/ul>\n<\/div>\n\n\n\n<div class=\"wp-block-column is-layout-flow wp-block-column-is-layout-flow\">\n<figure class=\"wp-block-image size-full\"><img fetchpriority=\"high\" decoding=\"async\" width=\"2400\" height=\"2400\" src=\"https:\/\/jinhuaceramic.com\/wp-content\/uploads\/2025\/01\/White-Ceramic-Custom-Baking-Dish-Kitchen-Bakeware-Wholesale-5.webp\" alt=\"Tabuleiros de cer\u00e2mica para cozinhar por grosso, tabuleiros personalizados brancos-1\" class=\"wp-image-7685\" srcset=\"https:\/\/jinhuaceramic.com\/wp-content\/uploads\/2025\/01\/White-Ceramic-Custom-Baking-Dish-Kitchen-Bakeware-Wholesale-5.webp 2400w, https:\/\/jinhuaceramic.com\/wp-content\/uploads\/2025\/01\/White-Ceramic-Custom-Baking-Dish-Kitchen-Bakeware-Wholesale-5-300x300.webp 300w, https:\/\/jinhuaceramic.com\/wp-content\/uploads\/2025\/01\/White-Ceramic-Custom-Baking-Dish-Kitchen-Bakeware-Wholesale-5-150x150.webp 150w, https:\/\/jinhuaceramic.com\/wp-content\/uploads\/2025\/01\/White-Ceramic-Custom-Baking-Dish-Kitchen-Bakeware-Wholesale-5-768x768.webp 768w, https:\/\/jinhuaceramic.com\/wp-content\/uploads\/2025\/01\/White-Ceramic-Custom-Baking-Dish-Kitchen-Bakeware-Wholesale-5-12x12.webp 12w, https:\/\/jinhuaceramic.com\/wp-content\/uploads\/2025\/01\/White-Ceramic-Custom-Baking-Dish-Kitchen-Bakeware-Wholesale-5-285x285.webp 285w, https:\/\/jinhuaceramic.com\/wp-content\/uploads\/2025\/01\/White-Ceramic-Custom-Baking-Dish-Kitchen-Bakeware-Wholesale-5-1600x1600.webp 1600w, https:\/\/jinhuaceramic.com\/wp-content\/uploads\/2025\/01\/White-Ceramic-Custom-Baking-Dish-Kitchen-Bakeware-Wholesale-5-270x270.webp 270w, https:\/\/jinhuaceramic.com\/wp-content\/uploads\/2025\/01\/White-Ceramic-Custom-Baking-Dish-Kitchen-Bakeware-Wholesale-5-540x540.webp 540w, https:\/\/jinhuaceramic.com\/wp-content\/uploads\/2025\/01\/White-Ceramic-Custom-Baking-Dish-Kitchen-Bakeware-Wholesale-5-660x660.webp 660w\" sizes=\"(max-width: 2400px) 100vw, 2400px\" \/><\/figure>\n<\/div>\n<\/div>","protected":false},"excerpt":{"rendered":"<p>Bem-vindo \u00e0 compra por grosso de tabuleiros de cer\u00e2mica para cozinhar. Os nossos tabuleiros de cer\u00e2mica personalizados s\u00e3o bonitos e vers\u00e1teis, em branco com texturas \u00fanicas. O design com duas pegas facilita o manuseamento e evita queimaduras. Combinando est\u00e9tica e praticidade, estes tabuleiros tornaram-se um item indispens\u00e1vel na cozinha.<\/p>","protected":false},"featured_media":7682,"comment_status":"closed","ping_status":"closed","template":"","meta":{"_acf_changed":false},"product_brand":[],"product_cat":[53],"product_tag":[71],"class_list":{"0":"post-7681","1":"product","2":"type-product","3":"status-publish","4":"has-post-thumbnail","6":"product_cat-bakeware-in-bulk","7":"product_tag-wholesale-baking-pans","9":"first","10":"instock","11":"shipping-taxable","12":"product-type-simple"},"acf":[],"_links":{"self":[{"href":"https:\/\/jinhuaceramic.com\/pt\/wp-json\/wp\/v2\/product\/7681","targetHints":{"allow":["GET"]}}],"collection":[{"href":"https:\/\/jinhuaceramic.com\/pt\/wp-json\/wp\/v2\/product"}],"about":[{"href":"https:\/\/jinhuaceramic.com\/pt\/wp-json\/wp\/v2\/types\/product"}],"replies":[{"embeddable":true,"href":"https:\/\/jinhuaceramic.com\/pt\/wp-json\/wp\/v2\/comments?post=7681"}],"version-history":[{"count":0,"href":"https:\/\/jinhuaceramic.com\/pt\/wp-json\/wp\/v2\/product\/7681\/revisions"}],"wp:featuredmedia":[{"embeddable":true,"href":"https:\/\/jinhuaceramic.com\/pt\/wp-json\/wp\/v2\/media\/7682"}],"wp:attachment":[{"href":"https:\/\/jinhuaceramic.com\/pt\/wp-json\/wp\/v2\/media?parent=7681"}],"wp:term":[{"taxonomy":"product_brand","embeddable":true,"href":"https:\/\/jinhuaceramic.com\/pt\/wp-json\/wp\/v2\/product_brand?post=7681"},{"taxonomy":"product_cat","embeddable":true,"href":"https:\/\/jinhuaceramic.com\/pt\/wp-json\/wp\/v2\/product_cat?post=7681"},{"taxonomy":"product_tag","embeddable":true,"href":"https:\/\/jinhuaceramic.com\/pt\/wp-json\/wp\/v2\/product_tag?post=7681"}],"curies":[{"name":"wp","href":"https:\/\/api.w.org\/{rel}","templated":true}]}}