{"id":7690,"date":"2025-01-17T06:32:58","date_gmt":"2025-01-17T06:32:58","guid":{"rendered":"https:\/\/jinhuaceramic.com\/?post_type=product&#038;p=7690"},"modified":"2025-01-17T06:33:00","modified_gmt":"2025-01-17T06:33:00","slug":"restaurant-tableware-wholesale","status":"publish","type":"product","link":"https:\/\/jinhuaceramic.com\/pt\/product\/restaurant-tableware-wholesale\/","title":{"rendered":"Lou\u00e7a de mesa azul para restaurante por atacado, lou\u00e7a a granel com esmalte reativo"},"content":{"rendered":"<div class=\"wp-block-columns is-layout-flex wp-container-core-columns-is-layout-9d6595d7 wp-block-columns-is-layout-flex\">\n<div class=\"wp-block-column is-layout-flow wp-block-column-is-layout-flow\">\n<h3 class=\"wp-block-heading\">Artigos de mesa para restaurantes de qualidade por atacado Carater\u00edsticas:<\/h3>\n\n\n\n<ul class=\"wp-block-list\">\n<li><strong>Design elegante: <\/strong>Estes utens\u00edlios de mesa de cer\u00e2mica para restaurante por atacado s\u00e3o de um azul profundo, acrescentando valor de mercado e requinte aos olhos das pessoas. Isto ser\u00e1 suficientemente agrad\u00e1vel para acrescentar algum requinte e beleza \u00e0 mesa de jantar, qualquer que seja o estilo da casa.<\/li>\n\n\n\n<li><strong>Transmuta\u00e7\u00e3o do forno: <\/strong>A superf\u00edcie destes conjuntos de loi\u00e7a a granel apresenta v\u00e1rias tonalidades de azul com camadas ricas, um efeito visual \u00fanico provocado pela tecnologia de transmuta\u00e7\u00e3o no forno. Estas texturas complementam ainda mais as cores para dar a este conjunto um aspeto bastante diferente dos outros.<\/li>\n\n\n\n<li><strong>Material cer\u00e2mico de alta qualidade: <\/strong>Estes utens\u00edlios de mesa de cer\u00e2mica de alta qualidade para restaurantes por atacado t\u00eam boa dureza e resist\u00eancia ao desgaste, podem suportar colis\u00f5es e fric\u00e7\u00f5es no uso di\u00e1rio, n\u00e3o s\u00e3o f\u00e1ceis de danificar e t\u00eam uma longa vida \u00fatil.<\/li>\n\n\n\n<li><strong>Praticidade: <\/strong>Esta loi\u00e7a de cer\u00e2mica a granel inclui tigelas de 5,6 polegadas, pratos de 8 polegadas e pratos de 10,8 polegadas. Os pratos grandes podem conter os pratos principais, os pratos pequenos para os acompanhamentos ou petiscos e as tigelas adequadas para sopas, arroz, etc., para satisfazer as necessidades diversificadas dos jantares de todos os dias.<\/li>\n<\/ul>\n<\/div>\n\n\n\n<div class=\"wp-block-column is-layout-flow wp-block-column-is-layout-flow\">\n<figure class=\"wp-block-image size-full\"><img fetchpriority=\"high\" decoding=\"async\" width=\"1500\" height=\"1500\" src=\"https:\/\/jinhuaceramic.com\/wp-content\/uploads\/2025\/01\/Blue-Wholesale-Tableware-Set-Dinnerware-Kitchenware-Supplies-Custom.webp\" alt=\"Lou\u00e7a de mesa azul para restaurante por atacado, lou\u00e7a a granel com esmalte reativo-1\" class=\"wp-image-7697\" srcset=\"https:\/\/jinhuaceramic.com\/wp-content\/uploads\/2025\/01\/Blue-Wholesale-Tableware-Set-Dinnerware-Kitchenware-Supplies-Custom.webp 1500w, https:\/\/jinhuaceramic.com\/wp-content\/uploads\/2025\/01\/Blue-Wholesale-Tableware-Set-Dinnerware-Kitchenware-Supplies-Custom-300x300.webp 300w, https:\/\/jinhuaceramic.com\/wp-content\/uploads\/2025\/01\/Blue-Wholesale-Tableware-Set-Dinnerware-Kitchenware-Supplies-Custom-150x150.webp 150w, https:\/\/jinhuaceramic.com\/wp-content\/uploads\/2025\/01\/Blue-Wholesale-Tableware-Set-Dinnerware-Kitchenware-Supplies-Custom-768x768.webp 768w, https:\/\/jinhuaceramic.com\/wp-content\/uploads\/2025\/01\/Blue-Wholesale-Tableware-Set-Dinnerware-Kitchenware-Supplies-Custom-12x12.webp 12w, https:\/\/jinhuaceramic.com\/wp-content\/uploads\/2025\/01\/Blue-Wholesale-Tableware-Set-Dinnerware-Kitchenware-Supplies-Custom-285x285.webp 285w, https:\/\/jinhuaceramic.com\/wp-content\/uploads\/2025\/01\/Blue-Wholesale-Tableware-Set-Dinnerware-Kitchenware-Supplies-Custom-270x270.webp 270w, https:\/\/jinhuaceramic.com\/wp-content\/uploads\/2025\/01\/Blue-Wholesale-Tableware-Set-Dinnerware-Kitchenware-Supplies-Custom-540x540.webp 540w, https:\/\/jinhuaceramic.com\/wp-content\/uploads\/2025\/01\/Blue-Wholesale-Tableware-Set-Dinnerware-Kitchenware-Supplies-Custom-660x660.webp 660w\" sizes=\"(max-width: 1500px) 100vw, 1500px\" \/><\/figure>\n<\/div>\n<\/div>","protected":false},"excerpt":{"rendered":"<p>Bem-vindo \u00e0 compra de lou\u00e7a a granel. O material cer\u00e2mico da nossa lou\u00e7a de restaurante por atacado \u00e9 n\u00e3o-t\u00f3xico, inofensivo, resistente a altas temperaturas e seguro de usar.<\/p>","protected":false},"featured_media":7693,"comment_status":"closed","ping_status":"closed","template":"","meta":{"_acf_changed":false},"product_brand":[],"product_cat":[83,54],"product_tag":[],"class_list":{"0":"post-7690","1":"product","2":"type-product","3":"status-publish","4":"has-post-thumbnail","6":"product_cat-wholesale-dinnerware-sets","7":"product_cat-tableware-wholesale","9":"first","10":"instock","11":"shipping-taxable","12":"product-type-simple"},"acf":[],"_links":{"self":[{"href":"https:\/\/jinhuaceramic.com\/pt\/wp-json\/wp\/v2\/product\/7690","targetHints":{"allow":["GET"]}}],"collection":[{"href":"https:\/\/jinhuaceramic.com\/pt\/wp-json\/wp\/v2\/product"}],"about":[{"href":"https:\/\/jinhuaceramic.com\/pt\/wp-json\/wp\/v2\/types\/product"}],"replies":[{"embeddable":true,"href":"https:\/\/jinhuaceramic.com\/pt\/wp-json\/wp\/v2\/comments?post=7690"}],"version-history":[{"count":0,"href":"https:\/\/jinhuaceramic.com\/pt\/wp-json\/wp\/v2\/product\/7690\/revisions"}],"wp:featuredmedia":[{"embeddable":true,"href":"https:\/\/jinhuaceramic.com\/pt\/wp-json\/wp\/v2\/media\/7693"}],"wp:attachment":[{"href":"https:\/\/jinhuaceramic.com\/pt\/wp-json\/wp\/v2\/media?parent=7690"}],"wp:term":[{"taxonomy":"product_brand","embeddable":true,"href":"https:\/\/jinhuaceramic.com\/pt\/wp-json\/wp\/v2\/product_brand?post=7690"},{"taxonomy":"product_cat","embeddable":true,"href":"https:\/\/jinhuaceramic.com\/pt\/wp-json\/wp\/v2\/product_cat?post=7690"},{"taxonomy":"product_tag","embeddable":true,"href":"https:\/\/jinhuaceramic.com\/pt\/wp-json\/wp\/v2\/product_tag?post=7690"}],"curies":[{"name":"wp","href":"https:\/\/api.w.org\/{rel}","templated":true}]}}