{"id":7714,"date":"2025-01-17T06:23:16","date_gmt":"2025-01-17T06:23:16","guid":{"rendered":"https:\/\/jinhuaceramic.com\/?post_type=product&#038;p=7714"},"modified":"2025-01-17T06:23:20","modified_gmt":"2025-01-17T06:23:20","slug":"dinner-set-wholesale","status":"publish","type":"product","link":"https:\/\/jinhuaceramic.com\/pt\/product\/dinner-set-wholesale\/","title":{"rendered":"Conjunto de jantar requintado por atacado, Lou\u00e7a de restaurante de luxo por atacado"},"content":{"rendered":"<div class=\"wp-block-columns is-layout-flex wp-container-core-columns-is-layout-9d6595d7 wp-block-columns-is-layout-flex\">\n<div class=\"wp-block-column is-layout-flow wp-block-column-is-layout-flow\">\n<h3 class=\"wp-block-heading\">Conjunto de jantar premium por grosso Caracter\u00edsticas:<\/h3>\n\n\n\n<ul class=\"wp-block-list\">\n<li><strong>Decora\u00e7\u00e3o com textura nas bordas: <\/strong>As bordas deste conjunto de jantar por grosso apresentam um design exclusivo com textura em espiral, que visualmente d\u00e1 uma sensa\u00e7\u00e3o de fluxo, como ondula\u00e7\u00f5es causadas por uma brisa soprando sobre a \u00e1gua, contribuindo para a beleza din\u00e2mica e a atmosfera art\u00edstica dos utens\u00edlios de mesa.<\/li>\n\n\n\n<li><strong>Correspond\u00eancia de cores: <\/strong>A cor geral destes pratos para restaurantes vendidos por grosso \u00e9 principalmente branco sujo, dando \u00e0s pessoas uma sensa\u00e7\u00e3o acolhedora e suave. A decora\u00e7\u00e3o dourada na borda destaca o luxo e a delicadeza dos pratos, sem ser demasiado chamativa, revelando apenas o seu temperamento elegante.<\/li>\n\n\n\n<li><strong>Material de qualidade superior: <\/strong>O nosso conjunto de jantar por grosso \u00e9 feito de material de alta qualidade que suporta altas temperaturas para uso com aparelhos de cozinha como micro-ondas, fornos e m\u00e1quinas de lavar lou\u00e7a. Al\u00e9m disso, este tipo de lou\u00e7a garante um excelente desempenho na preserva\u00e7\u00e3o do calor.<\/li>\n\n\n\n<li><strong>Variedade de tamanhos: <\/strong>Esta cole\u00e7\u00e3o de lou\u00e7as para restaurantes cont\u00e9m pratos e tigelas de diferentes tamanhos para servir em v\u00e1rias ocasi\u00f5es. Os pratos grandes destinam-se a pratos principais, os m\u00e9dios a saladas ou snacks e as tigelas a sopas, arroz, etc.<\/li>\n<\/ul>\n<\/div>\n\n\n\n<div class=\"wp-block-column is-layout-flow wp-block-column-is-layout-flow\">\n<figure class=\"wp-block-image size-full\"><img fetchpriority=\"high\" decoding=\"async\" width=\"1500\" height=\"1500\" src=\"https:\/\/jinhuaceramic.com\/wp-content\/uploads\/2025\/01\/Luxury-Wholesale-Tableware-Set-Custom-Ceramic-Plate-Bowl-Dinnerware-Set.webp\" alt=\"Conjunto de jantar requintado por atacado, lou\u00e7a de restaurante de luxo por atacado-1\" class=\"wp-image-7721\" srcset=\"https:\/\/jinhuaceramic.com\/wp-content\/uploads\/2025\/01\/Luxury-Wholesale-Tableware-Set-Custom-Ceramic-Plate-Bowl-Dinnerware-Set.webp 1500w, https:\/\/jinhuaceramic.com\/wp-content\/uploads\/2025\/01\/Luxury-Wholesale-Tableware-Set-Custom-Ceramic-Plate-Bowl-Dinnerware-Set-300x300.webp 300w, https:\/\/jinhuaceramic.com\/wp-content\/uploads\/2025\/01\/Luxury-Wholesale-Tableware-Set-Custom-Ceramic-Plate-Bowl-Dinnerware-Set-150x150.webp 150w, https:\/\/jinhuaceramic.com\/wp-content\/uploads\/2025\/01\/Luxury-Wholesale-Tableware-Set-Custom-Ceramic-Plate-Bowl-Dinnerware-Set-768x768.webp 768w, https:\/\/jinhuaceramic.com\/wp-content\/uploads\/2025\/01\/Luxury-Wholesale-Tableware-Set-Custom-Ceramic-Plate-Bowl-Dinnerware-Set-12x12.webp 12w, https:\/\/jinhuaceramic.com\/wp-content\/uploads\/2025\/01\/Luxury-Wholesale-Tableware-Set-Custom-Ceramic-Plate-Bowl-Dinnerware-Set-285x285.webp 285w, https:\/\/jinhuaceramic.com\/wp-content\/uploads\/2025\/01\/Luxury-Wholesale-Tableware-Set-Custom-Ceramic-Plate-Bowl-Dinnerware-Set-270x270.webp 270w, https:\/\/jinhuaceramic.com\/wp-content\/uploads\/2025\/01\/Luxury-Wholesale-Tableware-Set-Custom-Ceramic-Plate-Bowl-Dinnerware-Set-540x540.webp 540w, https:\/\/jinhuaceramic.com\/wp-content\/uploads\/2025\/01\/Luxury-Wholesale-Tableware-Set-Custom-Ceramic-Plate-Bowl-Dinnerware-Set-660x660.webp 660w\" sizes=\"(max-width: 1500px) 100vw, 1500px\" \/><\/figure>\n<\/div>\n<\/div>","protected":false},"excerpt":{"rendered":"<p>Bem-vindo \u00e0 compra por grosso de lou\u00e7a para restaurantes. Este conjunto de jantar em cer\u00e2mica por grosso apresenta um encanto \u00fanico atrav\u00e9s de formas exclusivas, combina\u00e7\u00f5es de cores harmoniosas, material cer\u00e2mico premium e considera\u00e7\u00f5es de design pr\u00e1tico, que podem proporcionar \u00e0s pessoas uma sensa\u00e7\u00e3o agrad\u00e1vel tanto na beleza visual como na experi\u00eancia de utiliza\u00e7\u00e3o.<\/p>","protected":false},"featured_media":7716,"comment_status":"closed","ping_status":"closed","template":"","meta":{"_acf_changed":false},"product_brand":[],"product_cat":[83,54],"product_tag":[],"class_list":{"0":"post-7714","1":"product","2":"type-product","3":"status-publish","4":"has-post-thumbnail","6":"product_cat-wholesale-dinnerware-sets","7":"product_cat-tableware-wholesale","9":"first","10":"instock","11":"shipping-taxable","12":"product-type-simple"},"acf":[],"_links":{"self":[{"href":"https:\/\/jinhuaceramic.com\/pt\/wp-json\/wp\/v2\/product\/7714","targetHints":{"allow":["GET"]}}],"collection":[{"href":"https:\/\/jinhuaceramic.com\/pt\/wp-json\/wp\/v2\/product"}],"about":[{"href":"https:\/\/jinhuaceramic.com\/pt\/wp-json\/wp\/v2\/types\/product"}],"replies":[{"embeddable":true,"href":"https:\/\/jinhuaceramic.com\/pt\/wp-json\/wp\/v2\/comments?post=7714"}],"version-history":[{"count":0,"href":"https:\/\/jinhuaceramic.com\/pt\/wp-json\/wp\/v2\/product\/7714\/revisions"}],"wp:featuredmedia":[{"embeddable":true,"href":"https:\/\/jinhuaceramic.com\/pt\/wp-json\/wp\/v2\/media\/7716"}],"wp:attachment":[{"href":"https:\/\/jinhuaceramic.com\/pt\/wp-json\/wp\/v2\/media?parent=7714"}],"wp:term":[{"taxonomy":"product_brand","embeddable":true,"href":"https:\/\/jinhuaceramic.com\/pt\/wp-json\/wp\/v2\/product_brand?post=7714"},{"taxonomy":"product_cat","embeddable":true,"href":"https:\/\/jinhuaceramic.com\/pt\/wp-json\/wp\/v2\/product_cat?post=7714"},{"taxonomy":"product_tag","embeddable":true,"href":"https:\/\/jinhuaceramic.com\/pt\/wp-json\/wp\/v2\/product_tag?post=7714"}],"curies":[{"name":"wp","href":"https:\/\/api.w.org\/{rel}","templated":true}]}}