{"id":7738,"date":"2025-01-18T06:20:43","date_gmt":"2025-01-18T06:20:43","guid":{"rendered":"https:\/\/jinhuaceramic.com\/?post_type=product&#038;p=7738"},"modified":"2025-01-18T06:20:46","modified_gmt":"2025-01-18T06:20:46","slug":"wholesale-dinnerware-sets","status":"publish","type":"product","link":"https:\/\/jinhuaceramic.com\/pt\/product\/wholesale-dinnerware-sets\/","title":{"rendered":"Conjuntos de loi\u00e7a Gradient por grosso, pratos e ta\u00e7as para catering a granel"},"content":{"rendered":"<div class=\"wp-block-columns is-layout-flex wp-container-core-columns-is-layout-9d6595d7 wp-block-columns-is-layout-flex\">\n<div class=\"wp-block-column is-layout-flow wp-block-column-is-layout-flow\">\n<h3 class=\"wp-block-heading\">Conjuntos de loi\u00e7a Premium por atacado Carater\u00edsticas:<\/h3>\n\n\n\n<ul class=\"wp-block-list\">\n<li><strong>Desenho de cor gradiente: <\/strong>A cor destes conjuntos de loi\u00e7a por atacado \u00e9 de gradiente azul-preto, mudando de azul escuro para preto naturalmente, trazendo \u00e0s pessoas um efeito visual elegante e em camadas. N\u00e3o s\u00f3 est\u00e1 na moda na cor, mas tamb\u00e9m \u00e9 muito \u00fanico e especial, acrescentando charme \u00e0 sua mesa de jantar.<\/li>\n\n\n\n<li><strong>Material cer\u00e2mico de alta qualidade: <\/strong>Os m\u00e9ritos deste tipo de pratos e ta\u00e7as a granel feitos de cer\u00e2mica de alta qualidade s\u00e3o bons para preservar a resist\u00eancia ao calor e \u00e0s altas temperaturas, que \u00e9 duradoura, e n\u00e3o se desgastam t\u00e3o facilmente. Podem ser utilizados no forno, no micro-ondas, na fritadeira, no frigor\u00edfico, na m\u00e1quina de lavar lou\u00e7a, etc.<\/li>\n\n\n\n<li><strong>Esmalte liso: <\/strong>O esmalte na superf\u00edcie destes conjuntos de loi\u00e7a por atacado \u00e9 suave e delicado, com bom brilho. Isto n\u00e3o s\u00f3 melhora a beleza da loi\u00e7a, como tamb\u00e9m dificulta a perman\u00eancia e a ader\u00eancia de manchas; assim, a limpeza torna-se f\u00e1cil.<\/li>\n\n\n\n<li><strong>Praticidade: <\/strong>Estes pratos e ta\u00e7as a granel est\u00e3o dispon\u00edveis em dois tamanhos para satisfazer v\u00e1rias necessidades gastron\u00f3micas. Os pratos grandes podem ser utilizados para pratos principais, os pratos pequenos podem ser utilizados para aperitivos, lanches ou saladas e as tigelas s\u00e3o adequadas para sopas, cereais, arroz, etc.<\/li>\n<\/ul>\n<\/div>\n\n\n\n<div class=\"wp-block-column is-layout-flow wp-block-column-is-layout-flow\">\n<figure class=\"wp-block-image size-full\"><img fetchpriority=\"high\" decoding=\"async\" width=\"1500\" height=\"1500\" src=\"https:\/\/jinhuaceramic.com\/wp-content\/uploads\/2025\/01\/Gradient-Wholesale-Dinnerware-Set-Custom-Tableware-Ceramic-Plates-Bulk-7.webp\" alt=\"Conjuntos de lou\u00e7a de jantar por grosso com gradiente, pratos e ta\u00e7as para catering a granel-2\" class=\"wp-image-7744\" srcset=\"https:\/\/jinhuaceramic.com\/wp-content\/uploads\/2025\/01\/Gradient-Wholesale-Dinnerware-Set-Custom-Tableware-Ceramic-Plates-Bulk-7.webp 1500w, https:\/\/jinhuaceramic.com\/wp-content\/uploads\/2025\/01\/Gradient-Wholesale-Dinnerware-Set-Custom-Tableware-Ceramic-Plates-Bulk-7-300x300.webp 300w, https:\/\/jinhuaceramic.com\/wp-content\/uploads\/2025\/01\/Gradient-Wholesale-Dinnerware-Set-Custom-Tableware-Ceramic-Plates-Bulk-7-150x150.webp 150w, https:\/\/jinhuaceramic.com\/wp-content\/uploads\/2025\/01\/Gradient-Wholesale-Dinnerware-Set-Custom-Tableware-Ceramic-Plates-Bulk-7-768x768.webp 768w, https:\/\/jinhuaceramic.com\/wp-content\/uploads\/2025\/01\/Gradient-Wholesale-Dinnerware-Set-Custom-Tableware-Ceramic-Plates-Bulk-7-12x12.webp 12w, https:\/\/jinhuaceramic.com\/wp-content\/uploads\/2025\/01\/Gradient-Wholesale-Dinnerware-Set-Custom-Tableware-Ceramic-Plates-Bulk-7-285x285.webp 285w, https:\/\/jinhuaceramic.com\/wp-content\/uploads\/2025\/01\/Gradient-Wholesale-Dinnerware-Set-Custom-Tableware-Ceramic-Plates-Bulk-7-270x270.webp 270w, https:\/\/jinhuaceramic.com\/wp-content\/uploads\/2025\/01\/Gradient-Wholesale-Dinnerware-Set-Custom-Tableware-Ceramic-Plates-Bulk-7-540x540.webp 540w, https:\/\/jinhuaceramic.com\/wp-content\/uploads\/2025\/01\/Gradient-Wholesale-Dinnerware-Set-Custom-Tableware-Ceramic-Plates-Bulk-7-660x660.webp 660w\" sizes=\"(max-width: 1500px) 100vw, 1500px\" \/><\/figure>\n<\/div>\n<\/div>","protected":false},"excerpt":{"rendered":"<p>Bem-vindo \u00e0 compra de pratos e ta\u00e7as a granel. Estes conjuntos de loi\u00e7a por atacado v\u00eam com cores gradientes modernas e elegantes para dar cor \u00e0 sua mesa de jantar. Fabricados com materiais cer\u00e2micos resistentes, estes conjuntos de lou\u00e7a de design requintado ser\u00e3o fant\u00e1sticos n\u00e3o s\u00f3 na apar\u00eancia, mas tamb\u00e9m funcionais para melhorar a qualidade da alimenta\u00e7\u00e3o e trazer mais felicidade.<\/p>","protected":false},"featured_media":7742,"comment_status":"closed","ping_status":"closed","template":"","meta":{"_acf_changed":false},"product_brand":[],"product_cat":[83,54],"product_tag":[],"class_list":{"0":"post-7738","1":"product","2":"type-product","3":"status-publish","4":"has-post-thumbnail","6":"product_cat-wholesale-dinnerware-sets","7":"product_cat-tableware-wholesale","9":"first","10":"instock","11":"shipping-taxable","12":"product-type-simple"},"acf":[],"_links":{"self":[{"href":"https:\/\/jinhuaceramic.com\/pt\/wp-json\/wp\/v2\/product\/7738","targetHints":{"allow":["GET"]}}],"collection":[{"href":"https:\/\/jinhuaceramic.com\/pt\/wp-json\/wp\/v2\/product"}],"about":[{"href":"https:\/\/jinhuaceramic.com\/pt\/wp-json\/wp\/v2\/types\/product"}],"replies":[{"embeddable":true,"href":"https:\/\/jinhuaceramic.com\/pt\/wp-json\/wp\/v2\/comments?post=7738"}],"version-history":[{"count":0,"href":"https:\/\/jinhuaceramic.com\/pt\/wp-json\/wp\/v2\/product\/7738\/revisions"}],"wp:featuredmedia":[{"embeddable":true,"href":"https:\/\/jinhuaceramic.com\/pt\/wp-json\/wp\/v2\/media\/7742"}],"wp:attachment":[{"href":"https:\/\/jinhuaceramic.com\/pt\/wp-json\/wp\/v2\/media?parent=7738"}],"wp:term":[{"taxonomy":"product_brand","embeddable":true,"href":"https:\/\/jinhuaceramic.com\/pt\/wp-json\/wp\/v2\/product_brand?post=7738"},{"taxonomy":"product_cat","embeddable":true,"href":"https:\/\/jinhuaceramic.com\/pt\/wp-json\/wp\/v2\/product_cat?post=7738"},{"taxonomy":"product_tag","embeddable":true,"href":"https:\/\/jinhuaceramic.com\/pt\/wp-json\/wp\/v2\/product_tag?post=7738"}],"curies":[{"name":"wp","href":"https:\/\/api.w.org\/{rel}","templated":true}]}}