{"id":7751,"date":"2025-01-21T02:34:31","date_gmt":"2025-01-21T02:34:31","guid":{"rendered":"https:\/\/jinhuaceramic.com\/?post_type=product&#038;p=7751"},"modified":"2025-01-21T02:34:34","modified_gmt":"2025-01-21T02:34:34","slug":"bulk-dinnerware","status":"publish","type":"product","link":"https:\/\/jinhuaceramic.com\/pt\/product\/bulk-dinnerware\/","title":{"rendered":"Lou\u00e7a de jantar a granel de alta qualidade, lou\u00e7a de restaurante requintada por atacado"},"content":{"rendered":"<div class=\"wp-block-columns is-layout-flex wp-container-core-columns-is-layout-9d6595d7 wp-block-columns-is-layout-flex\">\n<div class=\"wp-block-column is-layout-flow wp-block-column-is-layout-flow\">\n<h3 class=\"wp-block-heading\">Caracter\u00edsticas da lou\u00e7a premium a granel:<\/h3>\n\n\n\n<ul class=\"wp-block-list\">\n<li><strong>Design elegante: <\/strong>A maioria dos servi\u00e7os de mesa a granel s\u00e3o de cor verde fresca, com padr\u00f5es de flores brancas, para que as pessoas possam sentir-se leves e naturais, adicionando uma atmosfera art\u00edstica \u00e0 mesa de jantar e embelezando e estilizando o ambiente de jantar.<\/li>\n\n\n\n<li><strong>N\u00e3o t\u00f3xico e inofensivo: <\/strong>Essas lou\u00e7as de alta qualidade para restaurantes, vendidas por atacado, s\u00e3o feitas de argila cer\u00e2mica natural e tratadas a temperaturas muito altas durante a queima. N\u00e3o h\u00e1 risco de vazamento, s\u00e3o inofensivas \u00e0 sa\u00fade humana e podem ser usadas para armazenar todos os tipos de alimentos quentes.<\/li>\n\n\n\n<li><strong>Dur\u00e1vel:<\/strong> Esses utens\u00edlios de mesa de cer\u00e2mica t\u00eam alta dureza e resist\u00eancia, n\u00e3o s\u00e3o f\u00e1ceis de desgastar e riscar, podem suportar colis\u00f5es e atritos no uso di\u00e1rio e t\u00eam uma longa vida \u00fatil.<\/li>\n\n\n\n<li><strong>Praticidade: <\/strong>Esta lou\u00e7a para restaurantes por grosso inclui ta\u00e7as e pratos de dois tamanhos. Os pratos grandes t\u00eam maior capacidade, o que facilita a partilha entre todos numa reuni\u00e3o familiar ou num banquete; os pratos pequenos podem ser utilizados para servir alguns petiscos, sobremesas ou acompanhamentos; as ta\u00e7as s\u00e3o adequadas para sopa, cereais e arroz.<\/li>\n<\/ul>\n<\/div>\n\n\n\n<div class=\"wp-block-column is-layout-flow wp-block-column-is-layout-flow\">\n<figure class=\"wp-block-image size-full\"><img fetchpriority=\"high\" decoding=\"async\" width=\"1500\" height=\"1500\" src=\"https:\/\/jinhuaceramic.com\/wp-content\/uploads\/2025\/01\/High-End-Wholesale-Tableware-Set-Dinner-Services-Custom-Ceramic-Plates-4.webp\" alt=\"Lou\u00e7a de jantar a granel de alta qualidade, lou\u00e7a de restaurante requintada por atacado-5\" class=\"wp-image-7754\" srcset=\"https:\/\/jinhuaceramic.com\/wp-content\/uploads\/2025\/01\/High-End-Wholesale-Tableware-Set-Dinner-Services-Custom-Ceramic-Plates-4.webp 1500w, https:\/\/jinhuaceramic.com\/wp-content\/uploads\/2025\/01\/High-End-Wholesale-Tableware-Set-Dinner-Services-Custom-Ceramic-Plates-4-300x300.webp 300w, https:\/\/jinhuaceramic.com\/wp-content\/uploads\/2025\/01\/High-End-Wholesale-Tableware-Set-Dinner-Services-Custom-Ceramic-Plates-4-150x150.webp 150w, https:\/\/jinhuaceramic.com\/wp-content\/uploads\/2025\/01\/High-End-Wholesale-Tableware-Set-Dinner-Services-Custom-Ceramic-Plates-4-768x768.webp 768w, https:\/\/jinhuaceramic.com\/wp-content\/uploads\/2025\/01\/High-End-Wholesale-Tableware-Set-Dinner-Services-Custom-Ceramic-Plates-4-12x12.webp 12w, https:\/\/jinhuaceramic.com\/wp-content\/uploads\/2025\/01\/High-End-Wholesale-Tableware-Set-Dinner-Services-Custom-Ceramic-Plates-4-285x285.webp 285w, https:\/\/jinhuaceramic.com\/wp-content\/uploads\/2025\/01\/High-End-Wholesale-Tableware-Set-Dinner-Services-Custom-Ceramic-Plates-4-270x270.webp 270w, https:\/\/jinhuaceramic.com\/wp-content\/uploads\/2025\/01\/High-End-Wholesale-Tableware-Set-Dinner-Services-Custom-Ceramic-Plates-4-540x540.webp 540w, https:\/\/jinhuaceramic.com\/wp-content\/uploads\/2025\/01\/High-End-Wholesale-Tableware-Set-Dinner-Services-Custom-Ceramic-Plates-4-660x660.webp 660w\" sizes=\"(max-width: 1500px) 100vw, 1500px\" \/><\/figure>\n<\/div>\n<\/div>\n\n\n\n<p><\/p>","protected":false},"excerpt":{"rendered":"<p>Bem-vindo \u00e0 compra por grosso de lou\u00e7a para restaurantes. A nossa lou\u00e7a a granel tem uma cor verde refrescante, um requintado padr\u00e3o floral e um material cer\u00e2mico dur\u00e1vel, n\u00e3o t\u00f3xico e inofensivo. A beleza e a praticidade destes talheres personalizados ir\u00e3o melhorar o ambiente e a qualidade das refei\u00e7\u00f5es.<\/p>","protected":false},"featured_media":7756,"comment_status":"closed","ping_status":"closed","template":"","meta":{"_acf_changed":false},"product_brand":[],"product_cat":[83,54],"product_tag":[],"class_list":{"0":"post-7751","1":"product","2":"type-product","3":"status-publish","4":"has-post-thumbnail","6":"product_cat-wholesale-dinnerware-sets","7":"product_cat-tableware-wholesale","9":"first","10":"instock","11":"shipping-taxable","12":"product-type-simple"},"acf":[],"_links":{"self":[{"href":"https:\/\/jinhuaceramic.com\/pt\/wp-json\/wp\/v2\/product\/7751","targetHints":{"allow":["GET"]}}],"collection":[{"href":"https:\/\/jinhuaceramic.com\/pt\/wp-json\/wp\/v2\/product"}],"about":[{"href":"https:\/\/jinhuaceramic.com\/pt\/wp-json\/wp\/v2\/types\/product"}],"replies":[{"embeddable":true,"href":"https:\/\/jinhuaceramic.com\/pt\/wp-json\/wp\/v2\/comments?post=7751"}],"version-history":[{"count":0,"href":"https:\/\/jinhuaceramic.com\/pt\/wp-json\/wp\/v2\/product\/7751\/revisions"}],"wp:featuredmedia":[{"embeddable":true,"href":"https:\/\/jinhuaceramic.com\/pt\/wp-json\/wp\/v2\/media\/7756"}],"wp:attachment":[{"href":"https:\/\/jinhuaceramic.com\/pt\/wp-json\/wp\/v2\/media?parent=7751"}],"wp:term":[{"taxonomy":"product_brand","embeddable":true,"href":"https:\/\/jinhuaceramic.com\/pt\/wp-json\/wp\/v2\/product_brand?post=7751"},{"taxonomy":"product_cat","embeddable":true,"href":"https:\/\/jinhuaceramic.com\/pt\/wp-json\/wp\/v2\/product_cat?post=7751"},{"taxonomy":"product_tag","embeddable":true,"href":"https:\/\/jinhuaceramic.com\/pt\/wp-json\/wp\/v2\/product_tag?post=7751"}],"curies":[{"name":"wp","href":"https:\/\/api.w.org\/{rel}","templated":true}]}}