{"id":7762,"date":"2025-01-21T02:18:36","date_gmt":"2025-01-21T02:18:36","guid":{"rendered":"https:\/\/jinhuaceramic.com\/?post_type=product&#038;p=7762"},"modified":"2025-01-21T02:18:38","modified_gmt":"2025-01-21T02:18:38","slug":"customize-bathroom-sets","status":"publish","type":"product","link":"https:\/\/jinhuaceramic.com\/pt\/product\/customize-bathroom-sets\/","title":{"rendered":"Conjuntos de casa de banho personalizados de 4 pe\u00e7as, acess\u00f3rios de banho em cer\u00e2mica a granel"},"content":{"rendered":"<div class=\"wp-block-columns is-layout-flex wp-container-core-columns-is-layout-9d6595d7 wp-block-columns-is-layout-flex\">\n<div class=\"wp-block-column is-layout-flow wp-block-column-is-layout-flow\">\n<h3 class=\"wp-block-heading\">Conjuntos de casa de banho Premium Customize Carater\u00edsticas:<\/h3>\n\n\n\n<ul class=\"wp-block-list\">\n<li><strong>Design elegante:<\/strong> Estes conjuntos de casa de banho personalizados s\u00e3o brancos com uma decora\u00e7\u00e3o de textura hexagonal na superf\u00edcie. O design pode ser combinado com todos os tipos de estilos decorativos, independentemente de a sua casa de banho ser de estilo minimalista, n\u00f3rdico ou mesmo moderno. Isto pode aumentar a beleza e o luxo de toda a casa de banho.<\/li>\n\n\n\n<li><strong>Material cer\u00e2mico de alta qualidade: <\/strong>Estes acess\u00f3rios de banho em cer\u00e2mica a granel s\u00e3o fabricados em material de alta qualidade, o que os torna suficientemente robustos e dur\u00e1veis para resistir ao desgaste e aos danos, proporcionando uma maior esperan\u00e7a de vida. Al\u00e9m disso, a superf\u00edcie exterior da cer\u00e2mica \u00e9 lisa e f\u00e1cil de limpar.<\/li>\n\n\n\n<li><strong>Conjunto completo: <\/strong>Incluindo um dispensador de sabonete, um suporte para escova de dentes, um copo para elixir bucal e uma saboneteira, estes conjuntos de casa de banho personalizados de 4 pe\u00e7as em cer\u00e2mica satisfazem as necessidades de arruma\u00e7\u00e3o e lavagem da casa de banho e mant\u00eam-na arrumada.<\/li>\n\n\n\n<li><strong>Conce\u00e7\u00e3o pormenorizada: <\/strong>O distribuidor de sab\u00e3o por grosso tem uma grande abertura para facilitar o enchimento. Al\u00e9m disso, a cabe\u00e7a \u00e9 de tamanho consider\u00e1vel e, por isso, muito f\u00e1cil de pressionar. Al\u00e9m disso, a saboneteira para venda por grosso tem p\u00e9s elevados no fundo para evitar que o sab\u00e3o fique ensopado, o que pode aumentar a estabilidade, e as riscas elevadas no meio da saboneteira s\u00e3o capazes de aumentar a fric\u00e7\u00e3o para evitar o deslizamento do sab\u00e3o.<\/li>\n<\/ul>\n<\/div>\n\n\n\n<div class=\"wp-block-column is-layout-flow wp-block-column-is-layout-flow\">\n<figure class=\"wp-block-image size-full\"><img fetchpriority=\"high\" decoding=\"async\" width=\"1600\" height=\"1600\" src=\"https:\/\/jinhuaceramic.com\/wp-content\/uploads\/2025\/01\/4-Piece-Designer-Bathroom-Sets-Wholesale-Ceramic-Bathroom-Supplies-3.webp\" alt=\"Conjuntos de casa de banho personalizados de 4 pe\u00e7as, acess\u00f3rios de banho em cer\u00e2mica Bulk-1\" class=\"wp-image-7764\" srcset=\"https:\/\/jinhuaceramic.com\/wp-content\/uploads\/2025\/01\/4-Piece-Designer-Bathroom-Sets-Wholesale-Ceramic-Bathroom-Supplies-3.webp 1600w, https:\/\/jinhuaceramic.com\/wp-content\/uploads\/2025\/01\/4-Piece-Designer-Bathroom-Sets-Wholesale-Ceramic-Bathroom-Supplies-3-300x300.webp 300w, https:\/\/jinhuaceramic.com\/wp-content\/uploads\/2025\/01\/4-Piece-Designer-Bathroom-Sets-Wholesale-Ceramic-Bathroom-Supplies-3-150x150.webp 150w, https:\/\/jinhuaceramic.com\/wp-content\/uploads\/2025\/01\/4-Piece-Designer-Bathroom-Sets-Wholesale-Ceramic-Bathroom-Supplies-3-768x768.webp 768w, https:\/\/jinhuaceramic.com\/wp-content\/uploads\/2025\/01\/4-Piece-Designer-Bathroom-Sets-Wholesale-Ceramic-Bathroom-Supplies-3-12x12.webp 12w, https:\/\/jinhuaceramic.com\/wp-content\/uploads\/2025\/01\/4-Piece-Designer-Bathroom-Sets-Wholesale-Ceramic-Bathroom-Supplies-3-285x285.webp 285w, https:\/\/jinhuaceramic.com\/wp-content\/uploads\/2025\/01\/4-Piece-Designer-Bathroom-Sets-Wholesale-Ceramic-Bathroom-Supplies-3-270x270.webp 270w, https:\/\/jinhuaceramic.com\/wp-content\/uploads\/2025\/01\/4-Piece-Designer-Bathroom-Sets-Wholesale-Ceramic-Bathroom-Supplies-3-540x540.webp 540w, https:\/\/jinhuaceramic.com\/wp-content\/uploads\/2025\/01\/4-Piece-Designer-Bathroom-Sets-Wholesale-Ceramic-Bathroom-Supplies-3-660x660.webp 660w\" sizes=\"(max-width: 1600px) 100vw, 1600px\" \/><\/figure>\n<\/div>\n<\/div>\n\n\n\n<p><\/p>","protected":false},"excerpt":{"rendered":"<p>Bem-vindo \u00e0 compra de acess\u00f3rios de banho em cer\u00e2mica a granel. Estes conjuntos de casa de banho personalizados em cer\u00e2mica s\u00e3o muito atraentes, a cor branca \u00e9 f\u00e1cil de misturar em todos os estilos de decora\u00e7\u00e3o de casa de banho, mostrando a eleg\u00e2ncia completa e adicionando beleza na casa de banho de forma abrangente. O material cer\u00e2mico, dur\u00e1vel e limpo, presta muita aten\u00e7\u00e3o aos pormenores. Elegante e pr\u00e1tico, cada conjunto acrescenta limpeza e eleg\u00e2ncia \u00e0 casa de banho.<\/p>","protected":false},"featured_media":7768,"comment_status":"closed","ping_status":"closed","template":"","meta":{"_acf_changed":false},"product_brand":[],"product_cat":[51],"product_tag":[74],"class_list":{"0":"post-7762","1":"product","2":"type-product","3":"status-publish","4":"has-post-thumbnail","6":"product_cat-bathroom-accessories-wholesale","7":"product_tag-ceramic-bath-accessories-wholesale","9":"first","10":"instock","11":"shipping-taxable","12":"product-type-simple"},"acf":[],"_links":{"self":[{"href":"https:\/\/jinhuaceramic.com\/pt\/wp-json\/wp\/v2\/product\/7762","targetHints":{"allow":["GET"]}}],"collection":[{"href":"https:\/\/jinhuaceramic.com\/pt\/wp-json\/wp\/v2\/product"}],"about":[{"href":"https:\/\/jinhuaceramic.com\/pt\/wp-json\/wp\/v2\/types\/product"}],"replies":[{"embeddable":true,"href":"https:\/\/jinhuaceramic.com\/pt\/wp-json\/wp\/v2\/comments?post=7762"}],"version-history":[{"count":0,"href":"https:\/\/jinhuaceramic.com\/pt\/wp-json\/wp\/v2\/product\/7762\/revisions"}],"wp:featuredmedia":[{"embeddable":true,"href":"https:\/\/jinhuaceramic.com\/pt\/wp-json\/wp\/v2\/media\/7768"}],"wp:attachment":[{"href":"https:\/\/jinhuaceramic.com\/pt\/wp-json\/wp\/v2\/media?parent=7762"}],"wp:term":[{"taxonomy":"product_brand","embeddable":true,"href":"https:\/\/jinhuaceramic.com\/pt\/wp-json\/wp\/v2\/product_brand?post=7762"},{"taxonomy":"product_cat","embeddable":true,"href":"https:\/\/jinhuaceramic.com\/pt\/wp-json\/wp\/v2\/product_cat?post=7762"},{"taxonomy":"product_tag","embeddable":true,"href":"https:\/\/jinhuaceramic.com\/pt\/wp-json\/wp\/v2\/product_tag?post=7762"}],"curies":[{"name":"wp","href":"https:\/\/api.w.org\/{rel}","templated":true}]}}