{"id":7782,"date":"2025-01-22T07:19:22","date_gmt":"2025-01-22T07:19:22","guid":{"rendered":"https:\/\/jinhuaceramic.com\/?post_type=product&#038;p=7782"},"modified":"2025-01-22T07:19:24","modified_gmt":"2025-01-22T07:19:24","slug":"customized-baking-pan","status":"publish","type":"product","link":"https:\/\/jinhuaceramic.com\/pt\/product\/customized-baking-pan\/","title":{"rendered":"Assadeira antiaderente personalizada, assadeira de cer\u00e2mica por atacado"},"content":{"rendered":"<div class=\"wp-block-columns is-layout-flex wp-container-core-columns-is-layout-9d6595d7 wp-block-columns-is-layout-flex\">\n<div class=\"wp-block-column is-layout-flow wp-block-column-is-layout-flow\">\n<h3 class=\"wp-block-heading\">Caracter\u00edsticas da forma de cozedura personalizada premium:<\/h3>\n\n\n\n<ul class=\"wp-block-list\">\n<li><strong>Forma retangular:<\/strong> Esta forma de cozedura personalizada tem formato retangular, \u00e9 mais pr\u00e1tica e pode conter mais ingredientes. Al\u00e9m disso, este tipo de forma \u00e9 mais f\u00e1cil de colocar no forno, pois permite aproveitar todo o espa\u00e7o do forno, melhorando a efici\u00eancia na sua utiliza\u00e7\u00e3o.<\/li>\n\n\n\n<li><strong>Combina\u00e7\u00e3o cl\u00e1ssica de cores: <\/strong>Estes utens\u00edlios de cozinha em cer\u00e2mica para cozinhar s\u00e3o brancos com bordas e al\u00e7as pretas, formando um contraste de cores acentuado, simples, mas elegante. Esta combina\u00e7\u00e3o de cores combina facilmente com v\u00e1rios estilos de cozinha e real\u00e7a a beleza da cozinha.<\/li>\n\n\n\n<li><strong>Material de alta qualidade: <\/strong>Estas formas de cer\u00e2mica personalizadas de alta qualidade t\u00eam boa resist\u00eancia a altas temperaturas. Podem ser utilizadas no ambiente de alta temperatura do forno e suportam algumas centenas de graus Celsius sem rachar ou deformar.<\/li>\n\n\n\n<li><strong>Pegas c\u00f3modas: <\/strong>Essas assadeiras de cer\u00e2mica vendidas por atacado t\u00eam al\u00e7as em ambos os lados que facilitam o manuseio, evitando queimaduras nas m\u00e3os ao transportar os pratos assados \u2014 especialmente quando acabados de sair do forno \u2014, o que aumenta a seguran\u00e7a e a conveni\u00eancia do uso.<\/li>\n<\/ul>\n<\/div>\n\n\n\n<div class=\"wp-block-column is-layout-flow wp-block-column-is-layout-flow\">\n<figure class=\"wp-block-image size-full\"><img fetchpriority=\"high\" decoding=\"async\" width=\"1600\" height=\"1600\" src=\"https:\/\/jinhuaceramic.com\/wp-content\/uploads\/2025\/01\/Rectangular-Nonstick-Custom-Baking-Dish-Ceramic-Professional-Bakeware-Supplies-2.webp\" alt=\"Tabuleiro de cozedura personalizado antiaderente, tabuleiros de cozedura em cer\u00e2mica por grosso-1\" class=\"wp-image-7783\" srcset=\"https:\/\/jinhuaceramic.com\/wp-content\/uploads\/2025\/01\/Rectangular-Nonstick-Custom-Baking-Dish-Ceramic-Professional-Bakeware-Supplies-2.webp 1600w, https:\/\/jinhuaceramic.com\/wp-content\/uploads\/2025\/01\/Rectangular-Nonstick-Custom-Baking-Dish-Ceramic-Professional-Bakeware-Supplies-2-300x300.webp 300w, https:\/\/jinhuaceramic.com\/wp-content\/uploads\/2025\/01\/Rectangular-Nonstick-Custom-Baking-Dish-Ceramic-Professional-Bakeware-Supplies-2-150x150.webp 150w, https:\/\/jinhuaceramic.com\/wp-content\/uploads\/2025\/01\/Rectangular-Nonstick-Custom-Baking-Dish-Ceramic-Professional-Bakeware-Supplies-2-768x768.webp 768w, https:\/\/jinhuaceramic.com\/wp-content\/uploads\/2025\/01\/Rectangular-Nonstick-Custom-Baking-Dish-Ceramic-Professional-Bakeware-Supplies-2-12x12.webp 12w, https:\/\/jinhuaceramic.com\/wp-content\/uploads\/2025\/01\/Rectangular-Nonstick-Custom-Baking-Dish-Ceramic-Professional-Bakeware-Supplies-2-285x285.webp 285w, https:\/\/jinhuaceramic.com\/wp-content\/uploads\/2025\/01\/Rectangular-Nonstick-Custom-Baking-Dish-Ceramic-Professional-Bakeware-Supplies-2-270x270.webp 270w, https:\/\/jinhuaceramic.com\/wp-content\/uploads\/2025\/01\/Rectangular-Nonstick-Custom-Baking-Dish-Ceramic-Professional-Bakeware-Supplies-2-540x540.webp 540w, https:\/\/jinhuaceramic.com\/wp-content\/uploads\/2025\/01\/Rectangular-Nonstick-Custom-Baking-Dish-Ceramic-Professional-Bakeware-Supplies-2-660x660.webp 660w\" sizes=\"(max-width: 1600px) 100vw, 1600px\" \/><\/figure>\n<\/div>\n<\/div>","protected":false},"excerpt":{"rendered":"<p>Bem-vindo \u00e0 compra por grosso de utens\u00edlios de cozinha em cer\u00e2mica. Esta forma de cozedura personalizada apresenta um formato retangular pr\u00e1tico, uma combina\u00e7\u00e3o cl\u00e1ssica de cores preto e branco, uma constru\u00e7\u00e3o em cer\u00e2mica dur\u00e1vel e pegas convenientes, tornando-a um item indispens\u00e1vel na cozinha. Combinando est\u00e9tica e praticidade, estas formas de cozedura s\u00e3o uma excelente escolha para quem procura uma vida de qualidade.<\/p>","protected":false},"featured_media":7784,"comment_status":"closed","ping_status":"closed","template":"","meta":{"_acf_changed":false},"product_brand":[],"product_cat":[53],"product_tag":[71],"class_list":{"0":"post-7782","1":"product","2":"type-product","3":"status-publish","4":"has-post-thumbnail","6":"product_cat-bakeware-in-bulk","7":"product_tag-wholesale-baking-pans","9":"first","10":"instock","11":"shipping-taxable","12":"product-type-simple"},"acf":[],"_links":{"self":[{"href":"https:\/\/jinhuaceramic.com\/pt\/wp-json\/wp\/v2\/product\/7782","targetHints":{"allow":["GET"]}}],"collection":[{"href":"https:\/\/jinhuaceramic.com\/pt\/wp-json\/wp\/v2\/product"}],"about":[{"href":"https:\/\/jinhuaceramic.com\/pt\/wp-json\/wp\/v2\/types\/product"}],"replies":[{"embeddable":true,"href":"https:\/\/jinhuaceramic.com\/pt\/wp-json\/wp\/v2\/comments?post=7782"}],"version-history":[{"count":0,"href":"https:\/\/jinhuaceramic.com\/pt\/wp-json\/wp\/v2\/product\/7782\/revisions"}],"wp:featuredmedia":[{"embeddable":true,"href":"https:\/\/jinhuaceramic.com\/pt\/wp-json\/wp\/v2\/media\/7784"}],"wp:attachment":[{"href":"https:\/\/jinhuaceramic.com\/pt\/wp-json\/wp\/v2\/media?parent=7782"}],"wp:term":[{"taxonomy":"product_brand","embeddable":true,"href":"https:\/\/jinhuaceramic.com\/pt\/wp-json\/wp\/v2\/product_brand?post=7782"},{"taxonomy":"product_cat","embeddable":true,"href":"https:\/\/jinhuaceramic.com\/pt\/wp-json\/wp\/v2\/product_cat?post=7782"},{"taxonomy":"product_tag","embeddable":true,"href":"https:\/\/jinhuaceramic.com\/pt\/wp-json\/wp\/v2\/product_tag?post=7782"}],"curies":[{"name":"wp","href":"https:\/\/api.w.org\/{rel}","templated":true}]}}