{"id":7796,"date":"2025-01-24T07:08:17","date_gmt":"2025-01-24T07:08:17","guid":{"rendered":"https:\/\/jinhuaceramic.com\/?post_type=product&#038;p=7796"},"modified":"2025-01-24T07:08:43","modified_gmt":"2025-01-24T07:08:43","slug":"restaurant-crockery-wholesale","status":"publish","type":"product","link":"https:\/\/jinhuaceramic.com\/pt\/product\/restaurant-crockery-wholesale\/","title":{"rendered":"Lou\u00e7a de restaurante bronzeada por atacado, pratos e tigelas de cer\u00e2mica personalizados"},"content":{"rendered":"<div class=\"wp-block-columns is-layout-flex wp-container-core-columns-is-layout-9d6595d7 wp-block-columns-is-layout-flex\">\n<div class=\"wp-block-column is-layout-flow wp-block-column-is-layout-flow\">\n<h3 class=\"wp-block-heading\">Lou\u00e7a de restaurante premium por atacado Carater\u00edsticas:<\/h3>\n\n\n\n<ul class=\"wp-block-list\">\n<li><strong>Design elegante:<\/strong> Estas loi\u00e7as de restaurante por atacado s\u00e3o uma combina\u00e7\u00e3o natural e r\u00fastica de bege e castanho. As bordas bronzeadas d\u00e3o uma sensa\u00e7\u00e3o quente e retro, enquanto as partes bege parecem limpas e refrescantes, o que pode bem real\u00e7ar a cor dos alimentos e \u00e9 adequado para uma variedade de cenas de jantar.<\/li>\n\n\n\n<li><strong>Textura vidrada de alta qualidade: <\/strong>O esmalte destes pratos e ta\u00e7as a granel \u00e9 liso e brilhante, com um aspeto sofisticado e sofisticado, com ligeiros efeitos de gradiente e manchas no esmalte, acrescentando textura e singularidade.<\/li>\n\n\n\n<li><strong>Material cer\u00e2mico de qualidade superior: <\/strong>Feito de materiais cer\u00e2micos de alta qualidade, n\u00e3o t\u00f3xicos e inofensivos. Resistente a altas temperaturas, a nossa lou\u00e7a de restaurante por atacado pode ser utilizada no micro-ondas ou no forno.<\/li>\n\n\n\n<li><strong>Forte car\u00e1cter pr\u00e1tico: <\/strong>Estes pratos e ta\u00e7as para venda a granel incluem dois tamanhos de pratos e ta\u00e7as para satisfazer as necessidades de conserva\u00e7\u00e3o de diferentes alimentos. Quer se trate de alimentos b\u00e1sicos, pratos ou sopas, existem utens\u00edlios de mesa adequados.<\/li>\n<\/ul>\n<\/div>\n\n\n\n<div class=\"wp-block-column is-layout-flow wp-block-column-is-layout-flow\">\n<figure class=\"wp-block-image size-full\"><img fetchpriority=\"high\" decoding=\"async\" width=\"1500\" height=\"1500\" src=\"https:\/\/jinhuaceramic.com\/wp-content\/uploads\/2025\/01\/Tan-Wholesale-Tableware-Set-Ceramic-Custom-Dinnerware-Set-Service-For-8-4.webp\" alt=\"Lou\u00e7a de restaurante bronzeada por atacado, pratos e tigelas personalizados-1\" class=\"wp-image-7799\" srcset=\"https:\/\/jinhuaceramic.com\/wp-content\/uploads\/2025\/01\/Tan-Wholesale-Tableware-Set-Ceramic-Custom-Dinnerware-Set-Service-For-8-4.webp 1500w, https:\/\/jinhuaceramic.com\/wp-content\/uploads\/2025\/01\/Tan-Wholesale-Tableware-Set-Ceramic-Custom-Dinnerware-Set-Service-For-8-4-300x300.webp 300w, https:\/\/jinhuaceramic.com\/wp-content\/uploads\/2025\/01\/Tan-Wholesale-Tableware-Set-Ceramic-Custom-Dinnerware-Set-Service-For-8-4-150x150.webp 150w, https:\/\/jinhuaceramic.com\/wp-content\/uploads\/2025\/01\/Tan-Wholesale-Tableware-Set-Ceramic-Custom-Dinnerware-Set-Service-For-8-4-768x768.webp 768w, https:\/\/jinhuaceramic.com\/wp-content\/uploads\/2025\/01\/Tan-Wholesale-Tableware-Set-Ceramic-Custom-Dinnerware-Set-Service-For-8-4-12x12.webp 12w, https:\/\/jinhuaceramic.com\/wp-content\/uploads\/2025\/01\/Tan-Wholesale-Tableware-Set-Ceramic-Custom-Dinnerware-Set-Service-For-8-4-285x285.webp 285w, https:\/\/jinhuaceramic.com\/wp-content\/uploads\/2025\/01\/Tan-Wholesale-Tableware-Set-Ceramic-Custom-Dinnerware-Set-Service-For-8-4-270x270.webp 270w, https:\/\/jinhuaceramic.com\/wp-content\/uploads\/2025\/01\/Tan-Wholesale-Tableware-Set-Ceramic-Custom-Dinnerware-Set-Service-For-8-4-540x540.webp 540w, https:\/\/jinhuaceramic.com\/wp-content\/uploads\/2025\/01\/Tan-Wholesale-Tableware-Set-Ceramic-Custom-Dinnerware-Set-Service-For-8-4-660x660.webp 660w\" sizes=\"(max-width: 1500px) 100vw, 1500px\" \/><\/figure>\n<\/div>\n<\/div>\n\n\n\n<p><\/p>","protected":false},"excerpt":{"rendered":"<p>Bem-vindo \u00e0 compra de pratos e tigelas a granel. Estas loi\u00e7as de restaurante por atacado s\u00e3o harmoniosamente combinadas com o branco e o bronzeado, e o esmalte liso mostra requinte e alta qualidade. Os materiais saud\u00e1veis, seguros e resistentes a altas temperaturas satisfazem as necessidades do uso di\u00e1rio, e os v\u00e1rios tamanhos satisfazem as necessidades de servir diferentes alimentos, que s\u00e3o pr\u00e1ticos e bonitos.<\/p>","protected":false},"featured_media":7800,"comment_status":"closed","ping_status":"closed","template":"","meta":{"_acf_changed":false},"product_brand":[],"product_cat":[83,54],"product_tag":[],"class_list":{"0":"post-7796","1":"product","2":"type-product","3":"status-publish","4":"has-post-thumbnail","6":"product_cat-wholesale-dinnerware-sets","7":"product_cat-tableware-wholesale","9":"first","10":"instock","11":"shipping-taxable","12":"product-type-simple"},"acf":[],"_links":{"self":[{"href":"https:\/\/jinhuaceramic.com\/pt\/wp-json\/wp\/v2\/product\/7796","targetHints":{"allow":["GET"]}}],"collection":[{"href":"https:\/\/jinhuaceramic.com\/pt\/wp-json\/wp\/v2\/product"}],"about":[{"href":"https:\/\/jinhuaceramic.com\/pt\/wp-json\/wp\/v2\/types\/product"}],"replies":[{"embeddable":true,"href":"https:\/\/jinhuaceramic.com\/pt\/wp-json\/wp\/v2\/comments?post=7796"}],"version-history":[{"count":0,"href":"https:\/\/jinhuaceramic.com\/pt\/wp-json\/wp\/v2\/product\/7796\/revisions"}],"wp:featuredmedia":[{"embeddable":true,"href":"https:\/\/jinhuaceramic.com\/pt\/wp-json\/wp\/v2\/media\/7800"}],"wp:attachment":[{"href":"https:\/\/jinhuaceramic.com\/pt\/wp-json\/wp\/v2\/media?parent=7796"}],"wp:term":[{"taxonomy":"product_brand","embeddable":true,"href":"https:\/\/jinhuaceramic.com\/pt\/wp-json\/wp\/v2\/product_brand?post=7796"},{"taxonomy":"product_cat","embeddable":true,"href":"https:\/\/jinhuaceramic.com\/pt\/wp-json\/wp\/v2\/product_cat?post=7796"},{"taxonomy":"product_tag","embeddable":true,"href":"https:\/\/jinhuaceramic.com\/pt\/wp-json\/wp\/v2\/product_tag?post=7796"}],"curies":[{"name":"wp","href":"https:\/\/api.w.org\/{rel}","templated":true}]}}