{"id":7805,"date":"2025-01-24T07:00:45","date_gmt":"2025-01-24T07:00:45","guid":{"rendered":"https:\/\/jinhuaceramic.com\/?post_type=product&#038;p=7805"},"modified":"2025-01-24T07:00:46","modified_gmt":"2025-01-24T07:00:46","slug":"wholesale-bathroom-set","status":"publish","type":"product","link":"https:\/\/jinhuaceramic.com\/pt\/product\/wholesale-bathroom-set\/","title":{"rendered":"Conjuntos de casa de banho por atacado com design de gaiola de p\u00e1ssaros, acess\u00f3rios de banho em cer\u00e2mica"},"content":{"rendered":"<div class=\"wp-block-columns is-layout-flex wp-container-core-columns-is-layout-9d6595d7 wp-block-columns-is-layout-flex\">\n<div class=\"wp-block-column is-layout-flow wp-block-column-is-layout-flow\">\n<h3 class=\"wp-block-heading\">Conjuntos de casa de banho Premium Wholesale Carater\u00edsticas:<\/h3>\n\n\n\n<ul class=\"wp-block-list\">\n<li><strong>Desenho de gaiola:<\/strong> Os conjuntos de casa de banho por atacado em forma de gaiola de p\u00e1ssaro t\u00eam padr\u00f5es delicados em relevo na superf\u00edcie, que s\u00e3o igualmente reais e v\u00edvidos. Estes desenhos podem acrescentar muito gosto art\u00edstico e decorativo \u00e0 casa de banho e mostrar o seu estilo.<\/li>\n\n\n\n<li><strong>Durabilidade: <\/strong>Estes acess\u00f3rios de banho em cer\u00e2mica a granel s\u00e3o produzidos com materiais cer\u00e2micos de alta qualidade; por conseguinte, s\u00e3o firmes, duradouros, resistentes ao desgaste e \u00e0 corros\u00e3o, n\u00e3o podem ser facilmente danificados por detergentes e outras subst\u00e2ncias na utiliza\u00e7\u00e3o di\u00e1ria e t\u00eam uma longa dura\u00e7\u00e3o.<\/li>\n\n\n\n<li><strong>Praticidade: <\/strong>Estes conjuntos de casa de banho por atacado com design de gaiola de p\u00e1ssaro incluem um dispensador de sabonete l\u00edquido, um suporte para escova de dentes e uma saboneteira, que satisfazem as necessidades de coloca\u00e7\u00e3o de artigos de higiene di\u00e1ria na casa de banho. S\u00e3o totalmente funcionais e f\u00e1ceis de utilizar.<\/li>\n\n\n\n<li><strong>Reutiliz\u00e1vel e f\u00e1cil de limpar: <\/strong>Estes acess\u00f3rios de banho em cer\u00e2mica t\u00eam uma superf\u00edcie lisa, n\u00e3o mancham facilmente, n\u00e3o mancham a \u00e1gua e s\u00e3o f\u00e1ceis de limpar. Basta limpar com um pano h\u00famido para o manter limpo. Podem ser reutilizados ap\u00f3s a lavagem para reduzir a utiliza\u00e7\u00e3o de garrafas de pl\u00e1stico descart\u00e1veis e torn\u00e1-los mais ecol\u00f3gicos.<\/li>\n<\/ul>\n<\/div>\n\n\n\n<div class=\"wp-block-column is-layout-flow wp-block-column-is-layout-flow\">\n<figure class=\"wp-block-image size-full\"><img fetchpriority=\"high\" decoding=\"async\" width=\"1600\" height=\"1600\" src=\"https:\/\/jinhuaceramic.com\/wp-content\/uploads\/2025\/01\/Birdcage-Design-Wholesale-Bathroom-Sets-Custom-Made-Bathroom-Accessories-2.webp\" alt=\"Conjuntos de casa de banho por atacado com design de gaiola de p\u00e1ssaros, acess\u00f3rios de banho em cer\u00e2mica-1\" class=\"wp-image-7806\" srcset=\"https:\/\/jinhuaceramic.com\/wp-content\/uploads\/2025\/01\/Birdcage-Design-Wholesale-Bathroom-Sets-Custom-Made-Bathroom-Accessories-2.webp 1600w, https:\/\/jinhuaceramic.com\/wp-content\/uploads\/2025\/01\/Birdcage-Design-Wholesale-Bathroom-Sets-Custom-Made-Bathroom-Accessories-2-300x300.webp 300w, https:\/\/jinhuaceramic.com\/wp-content\/uploads\/2025\/01\/Birdcage-Design-Wholesale-Bathroom-Sets-Custom-Made-Bathroom-Accessories-2-150x150.webp 150w, https:\/\/jinhuaceramic.com\/wp-content\/uploads\/2025\/01\/Birdcage-Design-Wholesale-Bathroom-Sets-Custom-Made-Bathroom-Accessories-2-768x768.webp 768w, https:\/\/jinhuaceramic.com\/wp-content\/uploads\/2025\/01\/Birdcage-Design-Wholesale-Bathroom-Sets-Custom-Made-Bathroom-Accessories-2-12x12.webp 12w, https:\/\/jinhuaceramic.com\/wp-content\/uploads\/2025\/01\/Birdcage-Design-Wholesale-Bathroom-Sets-Custom-Made-Bathroom-Accessories-2-285x285.webp 285w, https:\/\/jinhuaceramic.com\/wp-content\/uploads\/2025\/01\/Birdcage-Design-Wholesale-Bathroom-Sets-Custom-Made-Bathroom-Accessories-2-270x270.webp 270w, https:\/\/jinhuaceramic.com\/wp-content\/uploads\/2025\/01\/Birdcage-Design-Wholesale-Bathroom-Sets-Custom-Made-Bathroom-Accessories-2-540x540.webp 540w, https:\/\/jinhuaceramic.com\/wp-content\/uploads\/2025\/01\/Birdcage-Design-Wholesale-Bathroom-Sets-Custom-Made-Bathroom-Accessories-2-660x660.webp 660w\" sizes=\"(max-width: 1600px) 100vw, 1600px\" \/><\/figure>\n<\/div>\n<\/div>","protected":false},"excerpt":{"rendered":"<p>Bem-vindo ao comprar conjuntos de casa de banho por atacado. Estes acess\u00f3rios de banho de cer\u00e2mica a granel apresentam um design \u00fanico e elegante de gaiola de p\u00e1ssaro que pode melhorar o estilo geral da sua casa de banho. Ao mesmo tempo, o material cer\u00e2mico \u00e9 dur\u00e1vel e f\u00e1cil de limpar, combinando beleza com praticidade, tornando estes conjuntos de casa de banho um must-have para aqueles que buscam uma vida de qualidade.<\/p>","protected":false},"featured_media":7814,"comment_status":"closed","ping_status":"closed","template":"","meta":{"_acf_changed":false},"product_brand":[],"product_cat":[51],"product_tag":[74],"class_list":{"0":"post-7805","1":"product","2":"type-product","3":"status-publish","4":"has-post-thumbnail","6":"product_cat-bathroom-accessories-wholesale","7":"product_tag-ceramic-bath-accessories-wholesale","9":"first","10":"instock","11":"shipping-taxable","12":"product-type-simple"},"acf":[],"_links":{"self":[{"href":"https:\/\/jinhuaceramic.com\/pt\/wp-json\/wp\/v2\/product\/7805","targetHints":{"allow":["GET"]}}],"collection":[{"href":"https:\/\/jinhuaceramic.com\/pt\/wp-json\/wp\/v2\/product"}],"about":[{"href":"https:\/\/jinhuaceramic.com\/pt\/wp-json\/wp\/v2\/types\/product"}],"replies":[{"embeddable":true,"href":"https:\/\/jinhuaceramic.com\/pt\/wp-json\/wp\/v2\/comments?post=7805"}],"version-history":[{"count":0,"href":"https:\/\/jinhuaceramic.com\/pt\/wp-json\/wp\/v2\/product\/7805\/revisions"}],"wp:featuredmedia":[{"embeddable":true,"href":"https:\/\/jinhuaceramic.com\/pt\/wp-json\/wp\/v2\/media\/7814"}],"wp:attachment":[{"href":"https:\/\/jinhuaceramic.com\/pt\/wp-json\/wp\/v2\/media?parent=7805"}],"wp:term":[{"taxonomy":"product_brand","embeddable":true,"href":"https:\/\/jinhuaceramic.com\/pt\/wp-json\/wp\/v2\/product_brand?post=7805"},{"taxonomy":"product_cat","embeddable":true,"href":"https:\/\/jinhuaceramic.com\/pt\/wp-json\/wp\/v2\/product_cat?post=7805"},{"taxonomy":"product_tag","embeddable":true,"href":"https:\/\/jinhuaceramic.com\/pt\/wp-json\/wp\/v2\/product_tag?post=7805"}],"curies":[{"name":"wp","href":"https:\/\/api.w.org\/{rel}","templated":true}]}}