{"id":7821,"date":"2025-01-24T06:51:32","date_gmt":"2025-01-24T06:51:32","guid":{"rendered":"https:\/\/jinhuaceramic.com\/?post_type=product&#038;p=7821"},"modified":"2025-01-24T06:51:34","modified_gmt":"2025-01-24T06:51:34","slug":"ceramic-bakeware-wholesale","status":"publish","type":"product","link":"https:\/\/jinhuaceramic.com\/pt\/product\/ceramic-bakeware-wholesale\/","title":{"rendered":"Assadeira de cer\u00e2mica antiaderente por atacado, assadeira personalizada"},"content":{"rendered":"<div class=\"wp-block-columns is-layout-flex wp-container-core-columns-is-layout-9d6595d7 wp-block-columns-is-layout-flex\">\n<div class=\"wp-block-column is-layout-flow wp-block-column-is-layout-flow\">\n<h3 class=\"wp-block-heading\">Bakeware de cer\u00e2mica premium Carater\u00edsticas por atacado:<\/h3>\n\n\n\n<ul class=\"wp-block-list\">\n<li><strong>Design elegante: <\/strong>Estes utens\u00edlios de cozinha em cer\u00e2mica s\u00e3o brancos puros, vers\u00e1teis e adequados a todos os estilos de cozinha, simples mas elegantes. As bordas onduladas quebram as linhas rectas convencionais ou as curvas simples, tornando-as mais art\u00edsticas e \u00fanicas, dando um toque diferente \u00e0 mesa de jantar.<\/li>\n\n\n\n<li><strong>Material cer\u00e2mico de alta qualidade:<\/strong> Estes tabuleiros personalizados s\u00e3o feitos de material cer\u00e2mico de alta qualidade com boa condutividade t\u00e9rmica, que pode distribuir uniformemente o calor e ajudar os alimentos a cozinhar uniformemente para evitar pontos queimados ou mal cozinhados.<\/li>\n\n\n\n<li><strong>V\u00e1rios tamanhos: <\/strong>Estas formas de cer\u00e2mica personalizadas cont\u00eam 3 pratos de diferentes tamanhos, adequados para cen\u00e1rios de cozedura com diferentes requisitos de quantidade de alimentos, tais como por\u00e7\u00f5es individuais, reuni\u00f5es familiares di\u00e1rias e festas com v\u00e1rias pessoas.<\/li>\n\n\n\n<li><strong>Pegas c\u00f3modas:<\/strong> Estes utens\u00edlios de cer\u00e2mica para cozer por atacado est\u00e3o equipados com orelhas duplas em ambos os lados, que n\u00e3o s\u00f3 s\u00e3o convenientes para segurar e evitar queimaduras, mas tamb\u00e9m formam uma beleza visual sim\u00e9trica, melhorando a coordena\u00e7\u00e3o geral e a praticidade da assadeira.<\/li>\n<\/ul>\n<\/div>\n\n\n\n<div class=\"wp-block-column is-layout-flow wp-block-column-is-layout-flow\">\n<figure class=\"wp-block-image size-full\"><img fetchpriority=\"high\" decoding=\"async\" width=\"1001\" height=\"1001\" src=\"https:\/\/jinhuaceramic.com\/wp-content\/uploads\/2025\/01\/Non-Stick-Custom-Bakeware-Set-Ceramic-Wholesale-Baking-Pans-Dishes.webp\" alt=\"Assadeira de cer\u00e2mica antiaderente por atacado, assadeira personalizada-1\" class=\"wp-image-7827\" srcset=\"https:\/\/jinhuaceramic.com\/wp-content\/uploads\/2025\/01\/Non-Stick-Custom-Bakeware-Set-Ceramic-Wholesale-Baking-Pans-Dishes.webp 1001w, https:\/\/jinhuaceramic.com\/wp-content\/uploads\/2025\/01\/Non-Stick-Custom-Bakeware-Set-Ceramic-Wholesale-Baking-Pans-Dishes-300x300.webp 300w, https:\/\/jinhuaceramic.com\/wp-content\/uploads\/2025\/01\/Non-Stick-Custom-Bakeware-Set-Ceramic-Wholesale-Baking-Pans-Dishes-150x150.webp 150w, https:\/\/jinhuaceramic.com\/wp-content\/uploads\/2025\/01\/Non-Stick-Custom-Bakeware-Set-Ceramic-Wholesale-Baking-Pans-Dishes-768x768.webp 768w, https:\/\/jinhuaceramic.com\/wp-content\/uploads\/2025\/01\/Non-Stick-Custom-Bakeware-Set-Ceramic-Wholesale-Baking-Pans-Dishes-12x12.webp 12w, https:\/\/jinhuaceramic.com\/wp-content\/uploads\/2025\/01\/Non-Stick-Custom-Bakeware-Set-Ceramic-Wholesale-Baking-Pans-Dishes-285x285.webp 285w, https:\/\/jinhuaceramic.com\/wp-content\/uploads\/2025\/01\/Non-Stick-Custom-Bakeware-Set-Ceramic-Wholesale-Baking-Pans-Dishes-270x270.webp 270w, https:\/\/jinhuaceramic.com\/wp-content\/uploads\/2025\/01\/Non-Stick-Custom-Bakeware-Set-Ceramic-Wholesale-Baking-Pans-Dishes-540x540.webp 540w, https:\/\/jinhuaceramic.com\/wp-content\/uploads\/2025\/01\/Non-Stick-Custom-Bakeware-Set-Ceramic-Wholesale-Baking-Pans-Dishes-660x660.webp 660w\" sizes=\"(max-width: 1001px) 100vw, 1001px\" \/><\/figure>\n<\/div>\n<\/div>\n\n\n\n<p><\/p>","protected":false},"excerpt":{"rendered":"<p>Bem-vindo \u00e0 compra de assadeiras de cer\u00e2mica por atacado. Estas formas brancas personalizadas apresentam um rebordo ondulado \u00fanico para um aspeto elegante e vers\u00e1til que eleva a sua experi\u00eancia de refei\u00e7\u00e3o, enquanto o material cer\u00e2mico dur\u00e1vel e as pegas convenientes tornam estas formas de diferentes tamanhos n\u00e3o s\u00f3 bonitas, mas tamb\u00e9m pr\u00e1ticas.<\/p>","protected":false},"featured_media":7824,"comment_status":"closed","ping_status":"closed","template":"","meta":{"_acf_changed":false},"product_brand":[],"product_cat":[53],"product_tag":[71],"class_list":{"0":"post-7821","1":"product","2":"type-product","3":"status-publish","4":"has-post-thumbnail","6":"product_cat-bakeware-in-bulk","7":"product_tag-wholesale-baking-pans","9":"first","10":"instock","11":"shipping-taxable","12":"product-type-simple"},"acf":[],"_links":{"self":[{"href":"https:\/\/jinhuaceramic.com\/pt\/wp-json\/wp\/v2\/product\/7821","targetHints":{"allow":["GET"]}}],"collection":[{"href":"https:\/\/jinhuaceramic.com\/pt\/wp-json\/wp\/v2\/product"}],"about":[{"href":"https:\/\/jinhuaceramic.com\/pt\/wp-json\/wp\/v2\/types\/product"}],"replies":[{"embeddable":true,"href":"https:\/\/jinhuaceramic.com\/pt\/wp-json\/wp\/v2\/comments?post=7821"}],"version-history":[{"count":0,"href":"https:\/\/jinhuaceramic.com\/pt\/wp-json\/wp\/v2\/product\/7821\/revisions"}],"wp:featuredmedia":[{"embeddable":true,"href":"https:\/\/jinhuaceramic.com\/pt\/wp-json\/wp\/v2\/media\/7824"}],"wp:attachment":[{"href":"https:\/\/jinhuaceramic.com\/pt\/wp-json\/wp\/v2\/media?parent=7821"}],"wp:term":[{"taxonomy":"product_brand","embeddable":true,"href":"https:\/\/jinhuaceramic.com\/pt\/wp-json\/wp\/v2\/product_brand?post=7821"},{"taxonomy":"product_cat","embeddable":true,"href":"https:\/\/jinhuaceramic.com\/pt\/wp-json\/wp\/v2\/product_cat?post=7821"},{"taxonomy":"product_tag","embeddable":true,"href":"https:\/\/jinhuaceramic.com\/pt\/wp-json\/wp\/v2\/product_tag?post=7821"}],"curies":[{"name":"wp","href":"https:\/\/api.w.org\/{rel}","templated":true}]}}