{"id":7842,"date":"2025-02-08T07:02:15","date_gmt":"2025-02-08T07:02:15","guid":{"rendered":"https:\/\/jinhuaceramic.com\/?post_type=product&#038;p=7842"},"modified":"2025-03-21T01:28:33","modified_gmt":"2025-03-21T01:28:33","slug":"white-crockery-wholesale","status":"publish","type":"product","link":"https:\/\/jinhuaceramic.com\/pt\/product\/white-crockery-wholesale\/","title":{"rendered":"Lou\u00e7a branca por atacado, conjuntos de lou\u00e7a para restaurantes"},"content":{"rendered":"<div class=\"wp-block-columns is-layout-flex wp-container-core-columns-is-layout-9d6595d7 wp-block-columns-is-layout-flex\">\n<div class=\"wp-block-column is-layout-flow wp-block-column-is-layout-flow\">\n<h3 class=\"wp-block-heading\">Lou\u00e7a branca de qualidade por atacado Carater\u00edsticas:<\/h3>\n\n\n\n<ul class=\"wp-block-list\">\n<li><strong>Design elegante: <\/strong>A parte superior desta loi\u00e7a branca por atacado \u00e9 branca, simples e elegante; a parte inferior adopta tons de gr\u00e3o de madeira, acrescentando uma textura natural. O design geral \u00e9 moderno e acolhedor, adequado para uma variedade de estilos de casa.<\/li>\n\n\n\n<li><strong>Praticidade: <\/strong>Estes conjuntos de lou\u00e7a de restaurante de diferentes tamanhos, adequados para uma variedade de cen\u00e1rios de refei\u00e7\u00f5es, desde o pequeno-almo\u00e7o ao jantar. Estes artigos de mesa por atacado de diferentes tamanhos s\u00e3o adequados para conter todos os tipos de alimentos, melhorando o ritual e a praticidade das refei\u00e7\u00f5es.<\/li>\n\n\n\n<li><strong>Material duradouro: <\/strong>A nossa loi\u00e7a branca por atacado \u00e9 feita de materiais cer\u00e2micos de alta qualidade que s\u00e3o s\u00f3lidos e dur\u00e1veis. \u00c9 f\u00e1cil de limpar e adequada para uso di\u00e1rio. A nossa loi\u00e7a de cer\u00e2mica por atacado resiste a altas temperaturas e foi concebida para micro-ondas, fornos e fritadeiras de ar.<\/li>\n\n\n\n<li><strong>Venda por grosso e personaliza\u00e7\u00e3o: <\/strong>Os nossos conjuntos de loi\u00e7a para restaurante satisfazem os comerciantes que procuram compras em grande escala. Al\u00e9m disso, fornecemos servi\u00e7os de personaliza\u00e7\u00e3o, permitindo que os clientes personalizem cores, tamanhos, padr\u00f5es, etc.<\/li>\n<\/ul>\n<\/div>\n\n\n\n<div class=\"wp-block-column is-layout-flow wp-block-column-is-layout-flow\">\n<figure class=\"wp-block-image size-full\"><img fetchpriority=\"high\" decoding=\"async\" width=\"1500\" height=\"1500\" src=\"https:\/\/jinhuaceramic.com\/wp-content\/uploads\/2025\/02\/Ceramic-Custom-Tableware-Set-Wholesale-Dinnerware-For-Dinner-Services-2.webp\" alt=\"Lou\u00e7a branca por atacado, fornecimento de restaurante Conjuntos de lou\u00e7a de jantar-1\" class=\"wp-image-7843\" srcset=\"https:\/\/jinhuaceramic.com\/wp-content\/uploads\/2025\/02\/Ceramic-Custom-Tableware-Set-Wholesale-Dinnerware-For-Dinner-Services-2.webp 1500w, https:\/\/jinhuaceramic.com\/wp-content\/uploads\/2025\/02\/Ceramic-Custom-Tableware-Set-Wholesale-Dinnerware-For-Dinner-Services-2-300x300.webp 300w, https:\/\/jinhuaceramic.com\/wp-content\/uploads\/2025\/02\/Ceramic-Custom-Tableware-Set-Wholesale-Dinnerware-For-Dinner-Services-2-150x150.webp 150w, https:\/\/jinhuaceramic.com\/wp-content\/uploads\/2025\/02\/Ceramic-Custom-Tableware-Set-Wholesale-Dinnerware-For-Dinner-Services-2-768x768.webp 768w, https:\/\/jinhuaceramic.com\/wp-content\/uploads\/2025\/02\/Ceramic-Custom-Tableware-Set-Wholesale-Dinnerware-For-Dinner-Services-2-12x12.webp 12w, https:\/\/jinhuaceramic.com\/wp-content\/uploads\/2025\/02\/Ceramic-Custom-Tableware-Set-Wholesale-Dinnerware-For-Dinner-Services-2-285x285.webp 285w, https:\/\/jinhuaceramic.com\/wp-content\/uploads\/2025\/02\/Ceramic-Custom-Tableware-Set-Wholesale-Dinnerware-For-Dinner-Services-2-270x270.webp 270w, https:\/\/jinhuaceramic.com\/wp-content\/uploads\/2025\/02\/Ceramic-Custom-Tableware-Set-Wholesale-Dinnerware-For-Dinner-Services-2-540x540.webp 540w, https:\/\/jinhuaceramic.com\/wp-content\/uploads\/2025\/02\/Ceramic-Custom-Tableware-Set-Wholesale-Dinnerware-For-Dinner-Services-2-660x660.webp 660w\" sizes=\"(max-width: 1500px) 100vw, 1500px\" \/><\/figure>\n<\/div>\n<\/div>","protected":false},"excerpt":{"rendered":"<p>Bem-vindo \u00e0 compra de conjuntos de lou\u00e7a de restaurante. A nossa lou\u00e7a branca por atacado tem um design elegante de dois tons, que pode adicionar profundidade visual \u00e0 mesa e melhorar a atmosfera de jantar. O tom \u00fanico do gr\u00e3o de madeira transmite uma atmosfera natural, adequada para utilizadores que procuram um estilo natural.<\/p>","protected":false},"featured_media":7844,"comment_status":"closed","ping_status":"closed","template":"","meta":{"_acf_changed":false},"product_brand":[],"product_cat":[83,54],"product_tag":[],"class_list":{"0":"post-7842","1":"product","2":"type-product","3":"status-publish","4":"has-post-thumbnail","6":"product_cat-wholesale-dinnerware-sets","7":"product_cat-tableware-wholesale","9":"first","10":"instock","11":"shipping-taxable","12":"product-type-simple"},"acf":[],"_links":{"self":[{"href":"https:\/\/jinhuaceramic.com\/pt\/wp-json\/wp\/v2\/product\/7842","targetHints":{"allow":["GET"]}}],"collection":[{"href":"https:\/\/jinhuaceramic.com\/pt\/wp-json\/wp\/v2\/product"}],"about":[{"href":"https:\/\/jinhuaceramic.com\/pt\/wp-json\/wp\/v2\/types\/product"}],"replies":[{"embeddable":true,"href":"https:\/\/jinhuaceramic.com\/pt\/wp-json\/wp\/v2\/comments?post=7842"}],"version-history":[{"count":0,"href":"https:\/\/jinhuaceramic.com\/pt\/wp-json\/wp\/v2\/product\/7842\/revisions"}],"wp:featuredmedia":[{"embeddable":true,"href":"https:\/\/jinhuaceramic.com\/pt\/wp-json\/wp\/v2\/media\/7844"}],"wp:attachment":[{"href":"https:\/\/jinhuaceramic.com\/pt\/wp-json\/wp\/v2\/media?parent=7842"}],"wp:term":[{"taxonomy":"product_brand","embeddable":true,"href":"https:\/\/jinhuaceramic.com\/pt\/wp-json\/wp\/v2\/product_brand?post=7842"},{"taxonomy":"product_cat","embeddable":true,"href":"https:\/\/jinhuaceramic.com\/pt\/wp-json\/wp\/v2\/product_cat?post=7842"},{"taxonomy":"product_tag","embeddable":true,"href":"https:\/\/jinhuaceramic.com\/pt\/wp-json\/wp\/v2\/product_tag?post=7842"}],"curies":[{"name":"wp","href":"https:\/\/api.w.org\/{rel}","templated":true}]}}