{"id":7853,"date":"2025-02-11T02:02:28","date_gmt":"2025-02-11T02:02:28","guid":{"rendered":"https:\/\/jinhuaceramic.com\/?post_type=product&#038;p=7853"},"modified":"2025-02-11T02:02:30","modified_gmt":"2025-02-11T02:02:30","slug":"bulk-tableware","status":"publish","type":"product","link":"https:\/\/jinhuaceramic.com\/pt\/product\/bulk-tableware\/","title":{"rendered":"Servi\u00e7o de mesa a granel azul escuro mate, pratos e ta\u00e7as personalizados de 12 unidades"},"content":{"rendered":"<div class=\"wp-block-columns is-layout-flex wp-container-core-columns-is-layout-9d6595d7 wp-block-columns-is-layout-flex\">\n<div class=\"wp-block-column is-layout-flow wp-block-column-is-layout-flow\">\n<h3 class=\"wp-block-heading\">Talheres de mesa Premium azul escuro a granel Carater\u00edsticas:<\/h3>\n\n\n\n<ul class=\"wp-block-list\">\n<li><strong>Design elegante:<\/strong> A superf\u00edcie deste servi\u00e7o de mesa a granel \u00e9 de esmalte azul escuro mate, que \u00e9 mais contido e texturado do que a superf\u00edcie brilhante. A ta\u00e7a e o prato t\u00eam riscas verticais claras, que aumentam o sentido tridimensional e em camadas da loi\u00e7a, e apresentam um efeito rico de luz e sombra sob a luz.<\/li>\n\n\n\n<li><strong>Material cer\u00e2mico de alta qualidade:<\/strong> Utilizando materiais cer\u00e2micos de alta qualidade, a produ\u00e7\u00e3o destes pratos e ta\u00e7as personalizados passou por um processo de calcina\u00e7\u00e3o a alta temperatura, tornando-os duros, de textura delicada, dif\u00edceis de partir e duradouros.<\/li>\n\n\n\n<li><strong>V\u00e1rias op\u00e7\u00f5es:<\/strong> Estes utens\u00edlios de mesa de cer\u00e2mica a granel s\u00e3o fornecidos em diferentes tamanhos de ta\u00e7as e pratos, que se adaptam a uma variedade de necessidades gastron\u00f3micas. Os pratos grandes podem ser utilizados para pratos principais, os pratos pequenos podem ser utilizados para aperitivos, lanches ou saladas, e as tigelas s\u00e3o adequadas para sopas, cereais, arroz, etc.<\/li>\n\n\n\n<li><strong>Sa\u00fade e seguran\u00e7a:<\/strong> Estes pratos e tigelas de cer\u00e2mica personalizados s\u00e3o amigos do ambiente e saud\u00e1veis, n\u00e3o contendo quaisquer subst\u00e2ncias t\u00f3xicas venenosas como o chumbo e o c\u00e1dmio; por isso, n\u00e3o fazem mal quando os comem. O esmalte liso facilita a limpeza e n\u00e3o tende a reter manchas.<\/li>\n<\/ul>\n<\/div>\n\n\n\n<div class=\"wp-block-column is-layout-flow wp-block-column-is-layout-flow\">\n<figure class=\"wp-block-image size-full\"><img fetchpriority=\"high\" decoding=\"async\" width=\"1000\" height=\"1000\" src=\"https:\/\/jinhuaceramic.com\/wp-content\/uploads\/2025\/02\/Matte-Dark-Blue-Wholesale-Tableware-Service-For-12-Dinnerware-Set-2.webp\" alt=\"Servi\u00e7o de mesa a granel azul-escuro mate, 12 pratos e ta\u00e7as personalizados - 6\" class=\"wp-image-7854\" srcset=\"https:\/\/jinhuaceramic.com\/wp-content\/uploads\/2025\/02\/Matte-Dark-Blue-Wholesale-Tableware-Service-For-12-Dinnerware-Set-2.webp 1000w, https:\/\/jinhuaceramic.com\/wp-content\/uploads\/2025\/02\/Matte-Dark-Blue-Wholesale-Tableware-Service-For-12-Dinnerware-Set-2-300x300.webp 300w, https:\/\/jinhuaceramic.com\/wp-content\/uploads\/2025\/02\/Matte-Dark-Blue-Wholesale-Tableware-Service-For-12-Dinnerware-Set-2-150x150.webp 150w, https:\/\/jinhuaceramic.com\/wp-content\/uploads\/2025\/02\/Matte-Dark-Blue-Wholesale-Tableware-Service-For-12-Dinnerware-Set-2-768x768.webp 768w, https:\/\/jinhuaceramic.com\/wp-content\/uploads\/2025\/02\/Matte-Dark-Blue-Wholesale-Tableware-Service-For-12-Dinnerware-Set-2-12x12.webp 12w, https:\/\/jinhuaceramic.com\/wp-content\/uploads\/2025\/02\/Matte-Dark-Blue-Wholesale-Tableware-Service-For-12-Dinnerware-Set-2-285x285.webp 285w, https:\/\/jinhuaceramic.com\/wp-content\/uploads\/2025\/02\/Matte-Dark-Blue-Wholesale-Tableware-Service-For-12-Dinnerware-Set-2-270x270.webp 270w, https:\/\/jinhuaceramic.com\/wp-content\/uploads\/2025\/02\/Matte-Dark-Blue-Wholesale-Tableware-Service-For-12-Dinnerware-Set-2-540x540.webp 540w, https:\/\/jinhuaceramic.com\/wp-content\/uploads\/2025\/02\/Matte-Dark-Blue-Wholesale-Tableware-Service-For-12-Dinnerware-Set-2-660x660.webp 660w\" sizes=\"(max-width: 1000px) 100vw, 1000px\" \/><\/figure>\n<\/div>\n<\/div>\n\n\n\n<p><\/p>","protected":false},"excerpt":{"rendered":"<p>Bem-vindo \u00e0 compra de pratos e ta\u00e7as personalizados. Estes utens\u00edlios de mesa azuis escuros a granel n\u00e3o s\u00e3o apenas elegantes, mas tamb\u00e9m pr\u00e1ticos e seguros. Podem acrescentar uma atmosfera art\u00edstica \u00fanica \u00e0 mesa de jantar e aumentar o prazer de jantar. Quer seja para uso pessoal ou como presente, s\u00e3o uma boa escolha.<\/p>","protected":false},"featured_media":7858,"comment_status":"closed","ping_status":"closed","template":"","meta":{"_acf_changed":false},"product_brand":[],"product_cat":[83,54],"product_tag":[],"class_list":{"0":"post-7853","1":"product","2":"type-product","3":"status-publish","4":"has-post-thumbnail","6":"product_cat-wholesale-dinnerware-sets","7":"product_cat-tableware-wholesale","9":"first","10":"instock","11":"shipping-taxable","12":"product-type-simple"},"acf":[],"_links":{"self":[{"href":"https:\/\/jinhuaceramic.com\/pt\/wp-json\/wp\/v2\/product\/7853","targetHints":{"allow":["GET"]}}],"collection":[{"href":"https:\/\/jinhuaceramic.com\/pt\/wp-json\/wp\/v2\/product"}],"about":[{"href":"https:\/\/jinhuaceramic.com\/pt\/wp-json\/wp\/v2\/types\/product"}],"replies":[{"embeddable":true,"href":"https:\/\/jinhuaceramic.com\/pt\/wp-json\/wp\/v2\/comments?post=7853"}],"version-history":[{"count":0,"href":"https:\/\/jinhuaceramic.com\/pt\/wp-json\/wp\/v2\/product\/7853\/revisions"}],"wp:featuredmedia":[{"embeddable":true,"href":"https:\/\/jinhuaceramic.com\/pt\/wp-json\/wp\/v2\/media\/7858"}],"wp:attachment":[{"href":"https:\/\/jinhuaceramic.com\/pt\/wp-json\/wp\/v2\/media?parent=7853"}],"wp:term":[{"taxonomy":"product_brand","embeddable":true,"href":"https:\/\/jinhuaceramic.com\/pt\/wp-json\/wp\/v2\/product_brand?post=7853"},{"taxonomy":"product_cat","embeddable":true,"href":"https:\/\/jinhuaceramic.com\/pt\/wp-json\/wp\/v2\/product_cat?post=7853"},{"taxonomy":"product_tag","embeddable":true,"href":"https:\/\/jinhuaceramic.com\/pt\/wp-json\/wp\/v2\/product_tag?post=7853"}],"curies":[{"name":"wp","href":"https:\/\/api.w.org\/{rel}","templated":true}]}}