{"id":7862,"date":"2025-02-11T01:30:49","date_gmt":"2025-02-11T01:30:49","guid":{"rendered":"https:\/\/jinhuaceramic.com\/?post_type=product&#038;p=7862"},"modified":"2025-02-11T01:30:51","modified_gmt":"2025-02-11T01:30:51","slug":"bulk-plates-and-bowls","status":"publish","type":"product","link":"https:\/\/jinhuaceramic.com\/pt\/product\/bulk-plates-and-bowls\/","title":{"rendered":"Pratos e ta\u00e7as de luxo a granel em preto mate, Servi\u00e7o de jantar personalizado"},"content":{"rendered":"<div class=\"wp-block-columns is-layout-flex wp-container-core-columns-is-layout-9d6595d7 wp-block-columns-is-layout-flex\">\n<div class=\"wp-block-column is-layout-flow wp-block-column-is-layout-flow\">\n<h3 class=\"wp-block-heading\">Pratos e ta\u00e7as Premium a granel Carater\u00edsticas:<\/h3>\n\n\n\n<ul class=\"wp-block-list\">\n<li><strong>Estilo retro:<\/strong> Estes pratos e ta\u00e7as de cer\u00e2mica a granel s\u00e3o fabricados com tecnologia de mudan\u00e7a de forno, o que confere ao esmalte da porcelana uma textura \u00fanica, mostrando um tra\u00e7o de anos de batismo e criando uma forte atmosfera retro. Este estilo \u00e9 simultaneamente elegante e hist\u00f3rico, conferindo um encanto \u00fanico \u00e0 mesa de jantar.<\/li>\n\n\n\n<li><strong>Combina\u00e7\u00e3o \u00fanica de cores:<\/strong> Estes aparelhos de jantar feitos \u00e0 medida s\u00e3o uma combina\u00e7\u00e3o de cinzento escuro e cinzento claro. A superf\u00edcie exterior em cinzento escuro \u00e9 calma e digna, enquanto a superf\u00edcie interior em cinzento claro \u00e9 suave e contida. A combina\u00e7\u00e3o das duas cores \u00e9 simultaneamente estratificada e harmoniosa.<\/li>\n\n\n\n<li><strong>Material cer\u00e2mico de alta qualidade:<\/strong> Estes pratos e ta\u00e7as a granel feitos de material cer\u00e2mico de alta qualidade s\u00e3o cozidos a altas temperaturas, da\u00ed a sua dureza, que \u00e9 resistente ao desgaste e suporta altas temperaturas.<\/li>\n\n\n\n<li><strong>Combina\u00e7\u00f5es diversas: <\/strong>Estes aparelhos de jantar personalizados est\u00e3o dispon\u00edveis numa variedade de tamanhos e formas e podem ser livremente combinados de acordo com as necessidades reais. Quer se trate de um jantar em fam\u00edlia ou de uma bebida com amigos, pode ser facilmente satisfeito.<\/li>\n<\/ul>\n<\/div>\n\n\n\n<div class=\"wp-block-column is-layout-flow wp-block-column-is-layout-flow\">\n<figure class=\"wp-block-image size-full\"><img fetchpriority=\"high\" decoding=\"async\" width=\"1500\" height=\"1500\" src=\"https:\/\/jinhuaceramic.com\/wp-content\/uploads\/2025\/02\/Gray-Wholesale-Tableware-Custom-Dinnerware-Services-Ceramic-Bowl-And-Plate-7.webp\" alt=\"Pratos e ta\u00e7as de luxo em preto mate a granel, Servi\u00e7o de jantar personalizado-1\" class=\"wp-image-7868\" srcset=\"https:\/\/jinhuaceramic.com\/wp-content\/uploads\/2025\/02\/Gray-Wholesale-Tableware-Custom-Dinnerware-Services-Ceramic-Bowl-And-Plate-7.webp 1500w, https:\/\/jinhuaceramic.com\/wp-content\/uploads\/2025\/02\/Gray-Wholesale-Tableware-Custom-Dinnerware-Services-Ceramic-Bowl-And-Plate-7-300x300.webp 300w, https:\/\/jinhuaceramic.com\/wp-content\/uploads\/2025\/02\/Gray-Wholesale-Tableware-Custom-Dinnerware-Services-Ceramic-Bowl-And-Plate-7-150x150.webp 150w, https:\/\/jinhuaceramic.com\/wp-content\/uploads\/2025\/02\/Gray-Wholesale-Tableware-Custom-Dinnerware-Services-Ceramic-Bowl-And-Plate-7-768x768.webp 768w, https:\/\/jinhuaceramic.com\/wp-content\/uploads\/2025\/02\/Gray-Wholesale-Tableware-Custom-Dinnerware-Services-Ceramic-Bowl-And-Plate-7-12x12.webp 12w, https:\/\/jinhuaceramic.com\/wp-content\/uploads\/2025\/02\/Gray-Wholesale-Tableware-Custom-Dinnerware-Services-Ceramic-Bowl-And-Plate-7-285x285.webp 285w, https:\/\/jinhuaceramic.com\/wp-content\/uploads\/2025\/02\/Gray-Wholesale-Tableware-Custom-Dinnerware-Services-Ceramic-Bowl-And-Plate-7-270x270.webp 270w, https:\/\/jinhuaceramic.com\/wp-content\/uploads\/2025\/02\/Gray-Wholesale-Tableware-Custom-Dinnerware-Services-Ceramic-Bowl-And-Plate-7-540x540.webp 540w, https:\/\/jinhuaceramic.com\/wp-content\/uploads\/2025\/02\/Gray-Wholesale-Tableware-Custom-Dinnerware-Services-Ceramic-Bowl-And-Plate-7-660x660.webp 660w\" sizes=\"(max-width: 1500px) 100vw, 1500px\" \/><\/figure>\n<\/div>\n<\/div>\n\n\n\n<p><\/p>","protected":false},"excerpt":{"rendered":"<p>Bem-vindo \u00e0 compra de loi\u00e7a \u00e0 medida. Estes pratos e ta\u00e7as a granel combinam na perfei\u00e7\u00e3o o estilo retro, a combina\u00e7\u00e3o \u00fanica de cores, os materiais cer\u00e2micos de alta qualidade e os v\u00e1rios tamanhos, para que possam n\u00e3o s\u00f3 satisfazer as necessidades di\u00e1rias de jantar, mas tamb\u00e9m aumentar o prazer de jantar. \u00c9 a melhor escolha para pessoas que procuram uma vida de qualidade.<\/p>","protected":false},"featured_media":7863,"comment_status":"closed","ping_status":"closed","template":"","meta":{"_acf_changed":false},"product_brand":[],"product_cat":[83,54],"product_tag":[],"class_list":{"0":"post-7862","1":"product","2":"type-product","3":"status-publish","4":"has-post-thumbnail","6":"product_cat-wholesale-dinnerware-sets","7":"product_cat-tableware-wholesale","9":"first","10":"instock","11":"shipping-taxable","12":"product-type-simple"},"acf":[],"_links":{"self":[{"href":"https:\/\/jinhuaceramic.com\/pt\/wp-json\/wp\/v2\/product\/7862","targetHints":{"allow":["GET"]}}],"collection":[{"href":"https:\/\/jinhuaceramic.com\/pt\/wp-json\/wp\/v2\/product"}],"about":[{"href":"https:\/\/jinhuaceramic.com\/pt\/wp-json\/wp\/v2\/types\/product"}],"replies":[{"embeddable":true,"href":"https:\/\/jinhuaceramic.com\/pt\/wp-json\/wp\/v2\/comments?post=7862"}],"version-history":[{"count":0,"href":"https:\/\/jinhuaceramic.com\/pt\/wp-json\/wp\/v2\/product\/7862\/revisions"}],"wp:featuredmedia":[{"embeddable":true,"href":"https:\/\/jinhuaceramic.com\/pt\/wp-json\/wp\/v2\/media\/7863"}],"wp:attachment":[{"href":"https:\/\/jinhuaceramic.com\/pt\/wp-json\/wp\/v2\/media?parent=7862"}],"wp:term":[{"taxonomy":"product_brand","embeddable":true,"href":"https:\/\/jinhuaceramic.com\/pt\/wp-json\/wp\/v2\/product_brand?post=7862"},{"taxonomy":"product_cat","embeddable":true,"href":"https:\/\/jinhuaceramic.com\/pt\/wp-json\/wp\/v2\/product_cat?post=7862"},{"taxonomy":"product_tag","embeddable":true,"href":"https:\/\/jinhuaceramic.com\/pt\/wp-json\/wp\/v2\/product_tag?post=7862"}],"curies":[{"name":"wp","href":"https:\/\/api.w.org\/{rel}","templated":true}]}}