{"id":7894,"date":"2025-02-15T03:19:27","date_gmt":"2025-02-15T03:19:27","guid":{"rendered":"https:\/\/jinhuaceramic.com\/?post_type=product&#038;p=7894"},"modified":"2025-02-15T03:19:28","modified_gmt":"2025-02-15T03:19:28","slug":"custom-ceramic-plates","status":"publish","type":"product","link":"https:\/\/jinhuaceramic.com\/pt\/product\/custom-ceramic-plates\/","title":{"rendered":"Placas de cer\u00e2mica personalizadas de alta qualidade, placas de cer\u00e2mica branca por atacado"},"content":{"rendered":"<div class=\"wp-block-columns is-layout-flex wp-container-core-columns-is-layout-9d6595d7 wp-block-columns-is-layout-flex\">\n<div class=\"wp-block-column is-layout-flow wp-block-column-is-layout-flow\">\n<h3 class=\"wp-block-heading\">Placas de cer\u00e2mica personalizadas de alta qualidade Carater\u00edsticas:<\/h3>\n\n\n\n<ul class=\"wp-block-list\">\n<li><strong>Design elegante: <\/strong>A eleg\u00e2ncia do design destes pratos de cer\u00e2mica branca por atacado reside na sua simplicidade. A forma redonda tradicional \u00e9 ainda mais real\u00e7ada por um padr\u00e3o original em espiral gravado na superf\u00edcie do prato, juntamente com pontos pretos no esmalte. Assim, eleva-se a monotonia dos pratos de jantar comuns.<\/li>\n\n\n\n<li><strong>V\u00e1rias cores:<\/strong> Estes pratos de cer\u00e2mica personalizados est\u00e3o dispon\u00edveis em v\u00e1rias cores, desde o bege quente e liso at\u00e9 ao azul natural e n\u00edtido. Os clientes t\u00eam a liberdade de escolher e selecionar de acordo com as suas prefer\u00eancias. N\u00f3s, enquanto fabricantes, tamb\u00e9m podemos oferecer outras cores consoante as encomendas.<\/li>\n\n\n\n<li><strong>Material cer\u00e2mico de alta qualidade:<\/strong> Estas placas de cer\u00e2mica personalizadas s\u00e3o fabricadas com material cer\u00e2mico de primeira qualidade, sem vest\u00edgios de chumbo ou c\u00e1dmio, o que as torna seguras.<\/li>\n\n\n\n<li><strong>Forte car\u00e1cter pr\u00e1tico:<\/strong> Estes pratos de cer\u00e2mica branca por atacado s\u00e3o excecionalmente pr\u00e1ticos e o tamanho do ombro de 10,5 polegadas serve para v\u00e1rios pratos e alimentos b\u00e1sicos. A loi\u00e7a de cer\u00e2mica \u00e9 excelente para suportar o calor e adequada para utiliza\u00e7\u00e3o em fornos de micro-ondas e fritadeiras de ar.<\/li>\n<\/ul>\n<\/div>\n\n\n\n<div class=\"wp-block-column is-layout-flow wp-block-column-is-layout-flow\">\n<figure class=\"wp-block-image size-full\"><img fetchpriority=\"high\" decoding=\"async\" width=\"800\" height=\"800\" src=\"https:\/\/jinhuaceramic.com\/wp-content\/uploads\/2025\/02\/High-End-Custom-Ceramic-Plates-Wholesale-Bulk-Restaurant-Dinner-Dishes-2.webp\" alt=\"Placas de cer\u00e2mica personalizadas de alta qualidade, placas de cer\u00e2mica branca por atacado-1\" class=\"wp-image-7895\" srcset=\"https:\/\/jinhuaceramic.com\/wp-content\/uploads\/2025\/02\/High-End-Custom-Ceramic-Plates-Wholesale-Bulk-Restaurant-Dinner-Dishes-2.webp 800w, https:\/\/jinhuaceramic.com\/wp-content\/uploads\/2025\/02\/High-End-Custom-Ceramic-Plates-Wholesale-Bulk-Restaurant-Dinner-Dishes-2-300x300.webp 300w, https:\/\/jinhuaceramic.com\/wp-content\/uploads\/2025\/02\/High-End-Custom-Ceramic-Plates-Wholesale-Bulk-Restaurant-Dinner-Dishes-2-150x150.webp 150w, https:\/\/jinhuaceramic.com\/wp-content\/uploads\/2025\/02\/High-End-Custom-Ceramic-Plates-Wholesale-Bulk-Restaurant-Dinner-Dishes-2-768x768.webp 768w, https:\/\/jinhuaceramic.com\/wp-content\/uploads\/2025\/02\/High-End-Custom-Ceramic-Plates-Wholesale-Bulk-Restaurant-Dinner-Dishes-2-12x12.webp 12w, https:\/\/jinhuaceramic.com\/wp-content\/uploads\/2025\/02\/High-End-Custom-Ceramic-Plates-Wholesale-Bulk-Restaurant-Dinner-Dishes-2-285x285.webp 285w, https:\/\/jinhuaceramic.com\/wp-content\/uploads\/2025\/02\/High-End-Custom-Ceramic-Plates-Wholesale-Bulk-Restaurant-Dinner-Dishes-2-270x270.webp 270w, https:\/\/jinhuaceramic.com\/wp-content\/uploads\/2025\/02\/High-End-Custom-Ceramic-Plates-Wholesale-Bulk-Restaurant-Dinner-Dishes-2-540x540.webp 540w, https:\/\/jinhuaceramic.com\/wp-content\/uploads\/2025\/02\/High-End-Custom-Ceramic-Plates-Wholesale-Bulk-Restaurant-Dinner-Dishes-2-660x660.webp 660w\" sizes=\"(max-width: 800px) 100vw, 800px\" \/><\/figure>\n<\/div>\n<\/div>\n\n\n\n<p><\/p>","protected":false},"excerpt":{"rendered":"<p>Bem-vindo \u00e0 compra de pratos de cer\u00e2mica personalizados. Estes pratos de cer\u00e2mica branca por atacado s\u00e3o uma \u00f3ptima escolha para mesas de jantar familiares modernas com o seu aspeto moderno e acolhedor, constru\u00e7\u00e3o em cer\u00e2mica dur\u00e1vel e grande utilidade. N\u00e3o importa se comer diariamente ou jantar com amigos e familiares, eles podem adicionar beleza e calor.<\/p>","protected":false},"featured_media":7896,"comment_status":"closed","ping_status":"closed","template":"","meta":{"_acf_changed":false},"product_brand":[],"product_cat":[54,84],"product_tag":[],"class_list":{"0":"post-7894","1":"product","2":"type-product","3":"status-publish","4":"has-post-thumbnail","6":"product_cat-tableware-wholesale","7":"product_cat-wholesale-ceramic-plates","9":"first","10":"instock","11":"shipping-taxable","12":"product-type-simple"},"acf":[],"_links":{"self":[{"href":"https:\/\/jinhuaceramic.com\/pt\/wp-json\/wp\/v2\/product\/7894","targetHints":{"allow":["GET"]}}],"collection":[{"href":"https:\/\/jinhuaceramic.com\/pt\/wp-json\/wp\/v2\/product"}],"about":[{"href":"https:\/\/jinhuaceramic.com\/pt\/wp-json\/wp\/v2\/types\/product"}],"replies":[{"embeddable":true,"href":"https:\/\/jinhuaceramic.com\/pt\/wp-json\/wp\/v2\/comments?post=7894"}],"version-history":[{"count":0,"href":"https:\/\/jinhuaceramic.com\/pt\/wp-json\/wp\/v2\/product\/7894\/revisions"}],"wp:featuredmedia":[{"embeddable":true,"href":"https:\/\/jinhuaceramic.com\/pt\/wp-json\/wp\/v2\/media\/7896"}],"wp:attachment":[{"href":"https:\/\/jinhuaceramic.com\/pt\/wp-json\/wp\/v2\/media?parent=7894"}],"wp:term":[{"taxonomy":"product_brand","embeddable":true,"href":"https:\/\/jinhuaceramic.com\/pt\/wp-json\/wp\/v2\/product_brand?post=7894"},{"taxonomy":"product_cat","embeddable":true,"href":"https:\/\/jinhuaceramic.com\/pt\/wp-json\/wp\/v2\/product_cat?post=7894"},{"taxonomy":"product_tag","embeddable":true,"href":"https:\/\/jinhuaceramic.com\/pt\/wp-json\/wp\/v2\/product_tag?post=7894"}],"curies":[{"name":"wp","href":"https:\/\/api.w.org\/{rel}","templated":true}]}}