{"id":7902,"date":"2025-02-15T03:24:40","date_gmt":"2025-02-15T03:24:40","guid":{"rendered":"https:\/\/jinhuaceramic.com\/?post_type=product&#038;p=7902"},"modified":"2025-02-28T07:39:18","modified_gmt":"2025-02-28T07:39:18","slug":"unique-candle-jars-wholesale","status":"publish","type":"product","link":"https:\/\/jinhuaceramic.com\/pt\/product\/unique-candle-jars-wholesale\/","title":{"rendered":"Frascos de vela exclusivos com gradiente Venda por atacado,Recipientes para velas personalizados"},"content":{"rendered":"<div class=\"wp-block-columns is-layout-flex wp-container-core-columns-is-layout-9d6595d7 wp-block-columns-is-layout-flex\">\n<div class=\"wp-block-column is-layout-flow wp-block-column-is-layout-flow\">\n<h3 class=\"wp-block-heading\">Frascos de vela exclusivos com gradiente premium Carater\u00edsticas por atacado:<\/h3>\n\n\n\n<ul class=\"wp-block-list\">\n<li><strong>Cores gradientes \u00fanicas: <\/strong>Estes recipientes para velas personalizados est\u00e3o dispon\u00edveis em todos os tipos de cores, incluindo azul, verde, rosa e bege, e todas as cores t\u00eam um aspeto gradiente do escuro para o claro, o que \u00e9 muito suave e reconfortante para os olhos. As cores gradientes permitem que os frascos para velas brilhem mais e evitam as cores ba\u00e7as, o que \u00e9 um grande b\u00f3nus.<\/li>\n\n\n\n<li><strong>Textura geom\u00e9trica:<\/strong> Os frascos para velas exclusivos para venda por grosso s\u00e3o normalmente fabricados com duas partes de superf\u00edcie com riscas verticais c\u00f4ncavas e riscas verticais convexas, o que melhora o apelo est\u00e9tico e a experi\u00eancia t\u00e1til, ao mesmo tempo que serve um objetivo antiderrapante.<\/li>\n\n\n\n<li><strong>Material cer\u00e2mico de alta qualidade:<\/strong> A superf\u00edcie lisa e delicada de bom brilho permite que as molduras dos recipientes para velas personalizados sejam feitas de cer\u00e2mica de alta qualidade. O material cer\u00e2mico \u00e9 seguro, resistente ao calor e n\u00e3o estala, o que permite evitar queimaduras durante a utiliza\u00e7\u00e3o das velas.<\/li>\n\n\n\n<li><strong>Amigo do ambiente:<\/strong> Estes frascos de velas \u00fanicos s\u00e3o recicl\u00e1veis, de acordo com as ideias ecol\u00f3gicas modernas de preserva\u00e7\u00e3o do ambiente. Depois de as velas se apagarem, os frascos podem ser utilizados como frascos de arruma\u00e7\u00e3o ou decora\u00e7\u00f5es para continuar a beneficiar do seu valor.<\/li>\n<\/ul>\n<\/div>\n\n\n\n<div class=\"wp-block-column is-layout-flow wp-block-column-is-layout-flow\">\n<figure class=\"wp-block-image size-full\"><img fetchpriority=\"high\" decoding=\"async\" width=\"800\" height=\"800\" src=\"https:\/\/jinhuaceramic.com\/wp-content\/uploads\/2025\/02\/Gradient-Unique-Candle-Jars-Wholesale-Ceramic-Candle-Containers-Bulk.webp\" alt=\"Frascos de vela exclusivos com gradiente,Recipientes de vela personalizados-1\" class=\"wp-image-7909\" srcset=\"https:\/\/jinhuaceramic.com\/wp-content\/uploads\/2025\/02\/Gradient-Unique-Candle-Jars-Wholesale-Ceramic-Candle-Containers-Bulk.webp 800w, https:\/\/jinhuaceramic.com\/wp-content\/uploads\/2025\/02\/Gradient-Unique-Candle-Jars-Wholesale-Ceramic-Candle-Containers-Bulk-300x300.webp 300w, https:\/\/jinhuaceramic.com\/wp-content\/uploads\/2025\/02\/Gradient-Unique-Candle-Jars-Wholesale-Ceramic-Candle-Containers-Bulk-150x150.webp 150w, https:\/\/jinhuaceramic.com\/wp-content\/uploads\/2025\/02\/Gradient-Unique-Candle-Jars-Wholesale-Ceramic-Candle-Containers-Bulk-768x768.webp 768w, https:\/\/jinhuaceramic.com\/wp-content\/uploads\/2025\/02\/Gradient-Unique-Candle-Jars-Wholesale-Ceramic-Candle-Containers-Bulk-12x12.webp 12w, https:\/\/jinhuaceramic.com\/wp-content\/uploads\/2025\/02\/Gradient-Unique-Candle-Jars-Wholesale-Ceramic-Candle-Containers-Bulk-285x285.webp 285w, https:\/\/jinhuaceramic.com\/wp-content\/uploads\/2025\/02\/Gradient-Unique-Candle-Jars-Wholesale-Ceramic-Candle-Containers-Bulk-270x270.webp 270w, https:\/\/jinhuaceramic.com\/wp-content\/uploads\/2025\/02\/Gradient-Unique-Candle-Jars-Wholesale-Ceramic-Candle-Containers-Bulk-540x540.webp 540w, https:\/\/jinhuaceramic.com\/wp-content\/uploads\/2025\/02\/Gradient-Unique-Candle-Jars-Wholesale-Ceramic-Candle-Containers-Bulk-660x660.webp 660w\" sizes=\"(max-width: 800px) 100vw, 800px\" \/><\/figure>\n<\/div>\n<\/div>","protected":false},"excerpt":{"rendered":"<p>Bem-vindo ao comprar recipientes para velas personalizados. Estes frascos de velas exclusivos por atacado mostram uma beleza simples, moderna e elegante atrav\u00e9s de designs exclusivos de gradiente de cor, textura geom\u00e9trica, brilho de material, etc. Quer sejam utilizados como decora\u00e7\u00e3o de casa ou produtos de aromaterapia, podem acrescentar calor e sentimento \u00e0 vida.<\/p>","protected":false},"featured_media":7906,"comment_status":"closed","ping_status":"closed","template":"","meta":{"_acf_changed":false},"product_brand":[],"product_cat":[52],"product_tag":[66],"class_list":{"0":"post-7902","1":"product","2":"type-product","3":"status-publish","4":"has-post-thumbnail","6":"product_cat-wholesale-candle-containers","7":"product_tag-candle-jars-wholesale","9":"first","10":"instock","11":"shipping-taxable","12":"product-type-simple"},"acf":[],"_links":{"self":[{"href":"https:\/\/jinhuaceramic.com\/pt\/wp-json\/wp\/v2\/product\/7902","targetHints":{"allow":["GET"]}}],"collection":[{"href":"https:\/\/jinhuaceramic.com\/pt\/wp-json\/wp\/v2\/product"}],"about":[{"href":"https:\/\/jinhuaceramic.com\/pt\/wp-json\/wp\/v2\/types\/product"}],"replies":[{"embeddable":true,"href":"https:\/\/jinhuaceramic.com\/pt\/wp-json\/wp\/v2\/comments?post=7902"}],"version-history":[{"count":0,"href":"https:\/\/jinhuaceramic.com\/pt\/wp-json\/wp\/v2\/product\/7902\/revisions"}],"wp:featuredmedia":[{"embeddable":true,"href":"https:\/\/jinhuaceramic.com\/pt\/wp-json\/wp\/v2\/media\/7906"}],"wp:attachment":[{"href":"https:\/\/jinhuaceramic.com\/pt\/wp-json\/wp\/v2\/media?parent=7902"}],"wp:term":[{"taxonomy":"product_brand","embeddable":true,"href":"https:\/\/jinhuaceramic.com\/pt\/wp-json\/wp\/v2\/product_brand?post=7902"},{"taxonomy":"product_cat","embeddable":true,"href":"https:\/\/jinhuaceramic.com\/pt\/wp-json\/wp\/v2\/product_cat?post=7902"},{"taxonomy":"product_tag","embeddable":true,"href":"https:\/\/jinhuaceramic.com\/pt\/wp-json\/wp\/v2\/product_tag?post=7902"}],"curies":[{"name":"wp","href":"https:\/\/api.w.org\/{rel}","templated":true}]}}