{"id":7921,"date":"2025-02-18T03:59:50","date_gmt":"2025-02-18T03:59:50","guid":{"rendered":"https:\/\/jinhuaceramic.com\/?post_type=product&#038;p=7921"},"modified":"2025-02-18T03:59:52","modified_gmt":"2025-02-18T03:59:52","slug":"wholesale-dishware","status":"publish","type":"product","link":"https:\/\/jinhuaceramic.com\/pt\/product\/wholesale-dishware\/","title":{"rendered":"Servi\u00e7o de loi\u00e7a por grosso para 6 conjuntos de jantar, pratos e ta\u00e7as personalizados"},"content":{"rendered":"<div class=\"wp-block-columns is-layout-flex wp-container-core-columns-is-layout-9d6595d7 wp-block-columns-is-layout-flex\">\n<div class=\"wp-block-column is-layout-flow wp-block-column-is-layout-flow\">\n<h3 class=\"wp-block-heading\">Lou\u00e7a Premium Wholesale Carater\u00edsticas:<\/h3>\n\n\n\n<ul class=\"wp-block-list\">\n<li><strong>Design elegante:<\/strong> Estes pratos e ta\u00e7as personalizados s\u00e3o principalmente brancos puros e t\u00eam bordos azuis e pegas para ch\u00e1venas. T\u00eam um aspeto geralmente novo e sem adornos, e a apar\u00eancia uniforme pode contribuir para o sentido de ritual do consumo de alimentos.<\/li>\n\n\n\n<li><strong>Material cer\u00e2mico de alta qualidade:<\/strong> Estes utens\u00edlios de loi\u00e7a por atacado s\u00e3o feitos de material cer\u00e2mico de alta qualidade, sem subst\u00e2ncias nocivas como o chumbo e o c\u00e1dmio, e s\u00e3o seguros de utilizar. O material cer\u00e2mico \u00e9 duro e resistente ao desgaste, n\u00e3o \u00e9 f\u00e1cil de riscar e partir, e \u00e9 dur\u00e1vel.<\/li>\n\n\n\n<li><strong>Praticidade<\/strong>: Trata-se de lou\u00e7a para venda por grosso e inclui dois pratos de diferentes tamanhos, tigelas e ch\u00e1venas. Os pratos s\u00e3o adequados para conter uma grande variedade de pratos diferentes, as tigelas s\u00e3o adequadas para conter cereais, sopa ou arroz, e os copos com pega s\u00e3o f\u00e1ceis de transportar e adequados para conter bebidas, satisfazendo as necessidades das refei\u00e7\u00f5es di\u00e1rias.<\/li>\n\n\n\n<li><strong>Prenda perfeita: <\/strong>Estes pratos e ta\u00e7as personalizados topo de gama t\u00eam uma boa textura e um aspeto requintado, sendo perfeitos como prendas, como prendas de casamento ou prendas de inaugura\u00e7\u00e3o, etc.<\/li>\n<\/ul>\n<\/div>\n\n\n\n<div class=\"wp-block-column is-layout-flow wp-block-column-is-layout-flow\">\n<figure class=\"wp-block-image size-full\"><img fetchpriority=\"high\" decoding=\"async\" width=\"1353\" height=\"1353\" src=\"https:\/\/jinhuaceramic.com\/wp-content\/uploads\/2025\/02\/Custom-Tableware-Set-Wholesale-Dinner-Services-For-6-Dinnerware-Set-5.webp\" alt=\"\" class=\"wp-image-7925\" srcset=\"https:\/\/jinhuaceramic.com\/wp-content\/uploads\/2025\/02\/Custom-Tableware-Set-Wholesale-Dinner-Services-For-6-Dinnerware-Set-5.webp 1353w, https:\/\/jinhuaceramic.com\/wp-content\/uploads\/2025\/02\/Custom-Tableware-Set-Wholesale-Dinner-Services-For-6-Dinnerware-Set-5-300x300.webp 300w, https:\/\/jinhuaceramic.com\/wp-content\/uploads\/2025\/02\/Custom-Tableware-Set-Wholesale-Dinner-Services-For-6-Dinnerware-Set-5-150x150.webp 150w, https:\/\/jinhuaceramic.com\/wp-content\/uploads\/2025\/02\/Custom-Tableware-Set-Wholesale-Dinner-Services-For-6-Dinnerware-Set-5-768x768.webp 768w, https:\/\/jinhuaceramic.com\/wp-content\/uploads\/2025\/02\/Custom-Tableware-Set-Wholesale-Dinner-Services-For-6-Dinnerware-Set-5-12x12.webp 12w, https:\/\/jinhuaceramic.com\/wp-content\/uploads\/2025\/02\/Custom-Tableware-Set-Wholesale-Dinner-Services-For-6-Dinnerware-Set-5-285x285.webp 285w, https:\/\/jinhuaceramic.com\/wp-content\/uploads\/2025\/02\/Custom-Tableware-Set-Wholesale-Dinner-Services-For-6-Dinnerware-Set-5-270x270.webp 270w, https:\/\/jinhuaceramic.com\/wp-content\/uploads\/2025\/02\/Custom-Tableware-Set-Wholesale-Dinner-Services-For-6-Dinnerware-Set-5-540x540.webp 540w, https:\/\/jinhuaceramic.com\/wp-content\/uploads\/2025\/02\/Custom-Tableware-Set-Wholesale-Dinner-Services-For-6-Dinnerware-Set-5-660x660.webp 660w\" sizes=\"(max-width: 1353px) 100vw, 1353px\" \/><\/figure>\n<\/div>\n<\/div>\n\n\n\n<p><\/p>","protected":false},"excerpt":{"rendered":"<p>Bem-vindo a comprar os nossos pratos e ta\u00e7as personalizados. Estes utens\u00edlios de loi\u00e7a por atacado s\u00e3o populares entre os consumidores pelo seu design moderno e elegante e pelas suas carater\u00edsticas pr\u00e1ticas e seguras. Estes utens\u00edlios de mesa personalizados s\u00e3o adequados para v\u00e1rias ocasi\u00f5es, seja um jantar em fam\u00edlia ou uma festa com amigos, eles podem atender \u00e0s suas necessidades. Quer seja utilizado por si pr\u00f3prio ou como presente, \u00e9 uma boa escolha.<\/p>","protected":false},"featured_media":7928,"comment_status":"closed","ping_status":"closed","template":"","meta":{"_acf_changed":false},"product_brand":[],"product_cat":[83,54],"product_tag":[],"class_list":{"0":"post-7921","1":"product","2":"type-product","3":"status-publish","4":"has-post-thumbnail","6":"product_cat-wholesale-dinnerware-sets","7":"product_cat-tableware-wholesale","9":"first","10":"instock","11":"shipping-taxable","12":"product-type-simple"},"acf":[],"_links":{"self":[{"href":"https:\/\/jinhuaceramic.com\/pt\/wp-json\/wp\/v2\/product\/7921","targetHints":{"allow":["GET"]}}],"collection":[{"href":"https:\/\/jinhuaceramic.com\/pt\/wp-json\/wp\/v2\/product"}],"about":[{"href":"https:\/\/jinhuaceramic.com\/pt\/wp-json\/wp\/v2\/types\/product"}],"replies":[{"embeddable":true,"href":"https:\/\/jinhuaceramic.com\/pt\/wp-json\/wp\/v2\/comments?post=7921"}],"version-history":[{"count":0,"href":"https:\/\/jinhuaceramic.com\/pt\/wp-json\/wp\/v2\/product\/7921\/revisions"}],"wp:featuredmedia":[{"embeddable":true,"href":"https:\/\/jinhuaceramic.com\/pt\/wp-json\/wp\/v2\/media\/7928"}],"wp:attachment":[{"href":"https:\/\/jinhuaceramic.com\/pt\/wp-json\/wp\/v2\/media?parent=7921"}],"wp:term":[{"taxonomy":"product_brand","embeddable":true,"href":"https:\/\/jinhuaceramic.com\/pt\/wp-json\/wp\/v2\/product_brand?post=7921"},{"taxonomy":"product_cat","embeddable":true,"href":"https:\/\/jinhuaceramic.com\/pt\/wp-json\/wp\/v2\/product_cat?post=7921"},{"taxonomy":"product_tag","embeddable":true,"href":"https:\/\/jinhuaceramic.com\/pt\/wp-json\/wp\/v2\/product_tag?post=7921"}],"curies":[{"name":"wp","href":"https:\/\/api.w.org\/{rel}","templated":true}]}}