{"id":7938,"date":"2025-02-20T07:43:42","date_gmt":"2025-02-20T07:43:42","guid":{"rendered":"https:\/\/jinhuaceramic.com\/?post_type=product&#038;p=7938"},"modified":"2025-02-22T01:29:15","modified_gmt":"2025-02-22T01:29:15","slug":"dinnerware-wholesale","status":"publish","type":"product","link":"https:\/\/jinhuaceramic.com\/pt\/product\/dinnerware-wholesale\/","title":{"rendered":"Atacado de lou\u00e7a de cer\u00e2mica r\u00fastica, conjunto de jantar personalizado"},"content":{"rendered":"<div class=\"wp-block-columns is-layout-flex wp-container-core-columns-is-layout-9d6595d7 wp-block-columns-is-layout-flex\">\n<div class=\"wp-block-column is-layout-flow wp-block-column-is-layout-flow\">\n<h3 class=\"wp-block-heading\">Premium Dinnerware Wholesale Features:<\/h3>\n\n\n\n<ul class=\"wp-block-list\">\n<li><strong>Graceful Design:<\/strong> The ceramic dinnerware wholesale is simple and elegant in shape, with white as the main color and brown rims, classic and beautiful, which can coordinate with most household decoration styles and dining occasions. The speckles on the glaze of ceramics add a feeling of rural, appearing natural and luxurious.<\/li>\n\n\n\n<li><strong>Seguran\u00e7a dos materiais: <\/strong>The non-toxic customized dinner set is made of high-temperature ceramic clay. Thus, it can handle extreme temperatures and hold high-temperature food. They are non-toxic and safe, with no harmful chemicals, and safer to use.<\/li>\n\n\n\n<li><strong>Ampla aplicabilidade: <\/strong>This ceramic dinnerware wholesale contains plates, bowls, and others of the same basic types of tableware used to serve rice, dishes, soup, etc. This item will meet the basic requirements of any meal and is applicable to all occasions, from having family dinner to receiving guests.<\/li>\n\n\n\n<li><strong>F\u00e1cil de limpar: <\/strong>The customized dinner set is of a dense and smooth finish, and the food and oil residue will not adhere to it, so it is simple to clean and can be utilized to save time on cleaning.<\/li>\n<\/ul>\n<\/div>\n\n\n\n<div class=\"wp-block-column is-layout-flow wp-block-column-is-layout-flow\">\n<figure class=\"wp-block-image size-full\"><img fetchpriority=\"high\" decoding=\"async\" width=\"2000\" height=\"2000\" src=\"https:\/\/jinhuaceramic.com\/wp-content\/uploads\/2025\/02\/Rustic-Wholesale-Dinnerware-Set-Dinner-Services-Custom-Tableware-2.webp\" alt=\"Rustic Ceramic Dinnerware Wholesale, Customized Dinner Set-1\" class=\"wp-image-7939\" srcset=\"https:\/\/jinhuaceramic.com\/wp-content\/uploads\/2025\/02\/Rustic-Wholesale-Dinnerware-Set-Dinner-Services-Custom-Tableware-2.webp 2000w, https:\/\/jinhuaceramic.com\/wp-content\/uploads\/2025\/02\/Rustic-Wholesale-Dinnerware-Set-Dinner-Services-Custom-Tableware-2-300x300.webp 300w, https:\/\/jinhuaceramic.com\/wp-content\/uploads\/2025\/02\/Rustic-Wholesale-Dinnerware-Set-Dinner-Services-Custom-Tableware-2-150x150.webp 150w, https:\/\/jinhuaceramic.com\/wp-content\/uploads\/2025\/02\/Rustic-Wholesale-Dinnerware-Set-Dinner-Services-Custom-Tableware-2-768x768.webp 768w, https:\/\/jinhuaceramic.com\/wp-content\/uploads\/2025\/02\/Rustic-Wholesale-Dinnerware-Set-Dinner-Services-Custom-Tableware-2-12x12.webp 12w, https:\/\/jinhuaceramic.com\/wp-content\/uploads\/2025\/02\/Rustic-Wholesale-Dinnerware-Set-Dinner-Services-Custom-Tableware-2-285x285.webp 285w, https:\/\/jinhuaceramic.com\/wp-content\/uploads\/2025\/02\/Rustic-Wholesale-Dinnerware-Set-Dinner-Services-Custom-Tableware-2-1600x1600.webp 1600w, https:\/\/jinhuaceramic.com\/wp-content\/uploads\/2025\/02\/Rustic-Wholesale-Dinnerware-Set-Dinner-Services-Custom-Tableware-2-270x270.webp 270w, https:\/\/jinhuaceramic.com\/wp-content\/uploads\/2025\/02\/Rustic-Wholesale-Dinnerware-Set-Dinner-Services-Custom-Tableware-2-540x540.webp 540w, https:\/\/jinhuaceramic.com\/wp-content\/uploads\/2025\/02\/Rustic-Wholesale-Dinnerware-Set-Dinner-Services-Custom-Tableware-2-660x660.webp 660w\" sizes=\"(max-width: 2000px) 100vw, 2000px\" \/><\/figure>\n<\/div>\n<\/div>","protected":false},"excerpt":{"rendered":"<p>Welcome to purchase Jinhua customized dinner set, These rustic\u00a0ceramic dinnerware wholesale have the advantages of beautiful and elegant design, safe and healthy materials, wide applicability, and easy cleaning, making them an ideal choice for modern family dining tables. In addition to home use, they are also very suitable as gifts.<\/p>","protected":false},"featured_media":7944,"comment_status":"closed","ping_status":"closed","template":"","meta":{"_acf_changed":false},"product_brand":[],"product_cat":[83,54],"product_tag":[],"class_list":{"0":"post-7938","1":"product","2":"type-product","3":"status-publish","4":"has-post-thumbnail","6":"product_cat-wholesale-dinnerware-sets","7":"product_cat-tableware-wholesale","9":"first","10":"instock","11":"shipping-taxable","12":"product-type-simple"},"acf":[],"_links":{"self":[{"href":"https:\/\/jinhuaceramic.com\/pt\/wp-json\/wp\/v2\/product\/7938","targetHints":{"allow":["GET"]}}],"collection":[{"href":"https:\/\/jinhuaceramic.com\/pt\/wp-json\/wp\/v2\/product"}],"about":[{"href":"https:\/\/jinhuaceramic.com\/pt\/wp-json\/wp\/v2\/types\/product"}],"replies":[{"embeddable":true,"href":"https:\/\/jinhuaceramic.com\/pt\/wp-json\/wp\/v2\/comments?post=7938"}],"version-history":[{"count":0,"href":"https:\/\/jinhuaceramic.com\/pt\/wp-json\/wp\/v2\/product\/7938\/revisions"}],"wp:featuredmedia":[{"embeddable":true,"href":"https:\/\/jinhuaceramic.com\/pt\/wp-json\/wp\/v2\/media\/7944"}],"wp:attachment":[{"href":"https:\/\/jinhuaceramic.com\/pt\/wp-json\/wp\/v2\/media?parent=7938"}],"wp:term":[{"taxonomy":"product_brand","embeddable":true,"href":"https:\/\/jinhuaceramic.com\/pt\/wp-json\/wp\/v2\/product_brand?post=7938"},{"taxonomy":"product_cat","embeddable":true,"href":"https:\/\/jinhuaceramic.com\/pt\/wp-json\/wp\/v2\/product_cat?post=7938"},{"taxonomy":"product_tag","embeddable":true,"href":"https:\/\/jinhuaceramic.com\/pt\/wp-json\/wp\/v2\/product_tag?post=7938"}],"curies":[{"name":"wp","href":"https:\/\/api.w.org\/{rel}","templated":true}]}}