{"id":7949,"date":"2025-02-20T08:25:09","date_gmt":"2025-02-20T08:25:09","guid":{"rendered":"https:\/\/jinhuaceramic.com\/?post_type=product&#038;p=7949"},"modified":"2025-02-28T07:38:37","modified_gmt":"2025-02-28T07:38:37","slug":"custom-bath-set","status":"publish","type":"product","link":"https:\/\/jinhuaceramic.com\/pt\/product\/custom-bath-set\/","title":{"rendered":"Conjunto de banho personalizado com gradiente, Acess\u00f3rios de casa de banho em cer\u00e2mica por atacado"},"content":{"rendered":"<div class=\"wp-block-columns is-layout-flex wp-container-core-columns-is-layout-9d6595d7 wp-block-columns-is-layout-flex\">\n<div class=\"wp-block-column is-layout-flow wp-block-column-is-layout-flow\">\n<h3 class=\"wp-block-heading\">Conjunto de banho personalizado Premium Gradient Carater\u00edsticas:<\/h3>\n\n\n\n<ul class=\"wp-block-list\">\n<li><strong>Cor gradiente \u00fanica: <\/strong>O conjunto de banho personalizado foi concebido com uma cor gradiente exclusiva e em v\u00e1rias cores, como laranja, azul, roxo, verde, etc. O aspeto do gradiente de branco para cor \u00e9 de tonalidade suave e tem uma grada\u00e7\u00e3o natural, transmitindo aos indiv\u00edduos calor e conforto.<\/li>\n\n\n\n<li><strong>Textura geom\u00e9trica requintada: <\/strong>O padr\u00e3o geom\u00e9trico na superf\u00edcie dos acess\u00f3rios de casa de banho por atacado n\u00e3o \u00e9 apenas bonito, mas tamb\u00e9m funciona como um revestimento antiderrapante. O padr\u00e3o \u00e9 esteticamente agrad\u00e1vel e, ao mesmo tempo, serve como uma adi\u00e7\u00e3o funcional ao produto.<\/li>\n\n\n\n<li><strong>Material cer\u00e2mico de alta qualidade: <\/strong>Estes acess\u00f3rios de casa de banho em cer\u00e2mica de alta temperatura possuem as vantagens de resist\u00eancia a altas temperaturas, resist\u00eancia \u00e0 corros\u00e3o e facilidade de limpeza. O tratamento de envidra\u00e7amento \u00e9 feito na superf\u00edcie da cer\u00e2mica, o que torna a superf\u00edcie fina e lisa, n\u00e3o mancha e \u00e9 extremamente f\u00e1cil de limpar.<\/li>\n\n\n\n<li><strong>Forte car\u00e1cter pr\u00e1tico: <\/strong>O conjunto de banho personalizado com uma sele\u00e7\u00e3o de acess\u00f3rios de casa de banho, como um copo para elixir bucal, um suporte para escova de dentes, um dispensador de sabonete l\u00edquido e uma saboneteira para satisfazer as necessidades di\u00e1rias de lavagem da casa de banho.<\/li>\n<\/ul>\n<\/div>\n\n\n\n<div class=\"wp-block-column is-layout-flow wp-block-column-is-layout-flow\">\n<figure class=\"wp-block-image size-full\"><img fetchpriority=\"high\" decoding=\"async\" width=\"1600\" height=\"1600\" src=\"https:\/\/jinhuaceramic.com\/wp-content\/uploads\/2025\/02\/Gradient-Custom-Bathroom-Sets-Bulk-Dispenser-Soap-Dish-Toothbrush-Holder-3.webp\" alt=\"Conjunto de banho personalizado com gradiente Acess\u00f3rios de casa de banho em cer\u00e2mica Wholesale-1\" class=\"wp-image-7951\" srcset=\"https:\/\/jinhuaceramic.com\/wp-content\/uploads\/2025\/02\/Gradient-Custom-Bathroom-Sets-Bulk-Dispenser-Soap-Dish-Toothbrush-Holder-3.webp 1600w, https:\/\/jinhuaceramic.com\/wp-content\/uploads\/2025\/02\/Gradient-Custom-Bathroom-Sets-Bulk-Dispenser-Soap-Dish-Toothbrush-Holder-3-300x300.webp 300w, https:\/\/jinhuaceramic.com\/wp-content\/uploads\/2025\/02\/Gradient-Custom-Bathroom-Sets-Bulk-Dispenser-Soap-Dish-Toothbrush-Holder-3-150x150.webp 150w, https:\/\/jinhuaceramic.com\/wp-content\/uploads\/2025\/02\/Gradient-Custom-Bathroom-Sets-Bulk-Dispenser-Soap-Dish-Toothbrush-Holder-3-768x768.webp 768w, https:\/\/jinhuaceramic.com\/wp-content\/uploads\/2025\/02\/Gradient-Custom-Bathroom-Sets-Bulk-Dispenser-Soap-Dish-Toothbrush-Holder-3-12x12.webp 12w, https:\/\/jinhuaceramic.com\/wp-content\/uploads\/2025\/02\/Gradient-Custom-Bathroom-Sets-Bulk-Dispenser-Soap-Dish-Toothbrush-Holder-3-285x285.webp 285w, https:\/\/jinhuaceramic.com\/wp-content\/uploads\/2025\/02\/Gradient-Custom-Bathroom-Sets-Bulk-Dispenser-Soap-Dish-Toothbrush-Holder-3-270x270.webp 270w, https:\/\/jinhuaceramic.com\/wp-content\/uploads\/2025\/02\/Gradient-Custom-Bathroom-Sets-Bulk-Dispenser-Soap-Dish-Toothbrush-Holder-3-540x540.webp 540w, https:\/\/jinhuaceramic.com\/wp-content\/uploads\/2025\/02\/Gradient-Custom-Bathroom-Sets-Bulk-Dispenser-Soap-Dish-Toothbrush-Holder-3-660x660.webp 660w\" sizes=\"(max-width: 1600px) 100vw, 1600px\" \/><\/figure>\n<\/div>\n<\/div>","protected":false},"excerpt":{"rendered":"<p>Bem-vindo a comprar os nossos acess\u00f3rios de casa de banho por atacado. O conjunto de banho personalizado traz eleg\u00e2ncia e calor \u00e0 casa de banho com o padr\u00e3o de cor gradiente especial, padr\u00e3o geom\u00e9trico antiderrapante, material cer\u00e2mico de alta qualidade e fun\u00e7\u00f5es \u00fateis. A sua apar\u00eancia elegante e o seu fino acabamento podem melhorar o estilo de decora\u00e7\u00e3o geral da casa de banho.<\/p>","protected":false},"featured_media":7957,"comment_status":"closed","ping_status":"closed","template":"","meta":{"_acf_changed":false},"product_brand":[],"product_cat":[51],"product_tag":[74],"class_list":{"0":"post-7949","1":"product","2":"type-product","3":"status-publish","4":"has-post-thumbnail","6":"product_cat-bathroom-accessories-wholesale","7":"product_tag-ceramic-bath-accessories-wholesale","9":"first","10":"instock","11":"shipping-taxable","12":"product-type-simple"},"acf":[],"_links":{"self":[{"href":"https:\/\/jinhuaceramic.com\/pt\/wp-json\/wp\/v2\/product\/7949","targetHints":{"allow":["GET"]}}],"collection":[{"href":"https:\/\/jinhuaceramic.com\/pt\/wp-json\/wp\/v2\/product"}],"about":[{"href":"https:\/\/jinhuaceramic.com\/pt\/wp-json\/wp\/v2\/types\/product"}],"replies":[{"embeddable":true,"href":"https:\/\/jinhuaceramic.com\/pt\/wp-json\/wp\/v2\/comments?post=7949"}],"version-history":[{"count":0,"href":"https:\/\/jinhuaceramic.com\/pt\/wp-json\/wp\/v2\/product\/7949\/revisions"}],"wp:featuredmedia":[{"embeddable":true,"href":"https:\/\/jinhuaceramic.com\/pt\/wp-json\/wp\/v2\/media\/7957"}],"wp:attachment":[{"href":"https:\/\/jinhuaceramic.com\/pt\/wp-json\/wp\/v2\/media?parent=7949"}],"wp:term":[{"taxonomy":"product_brand","embeddable":true,"href":"https:\/\/jinhuaceramic.com\/pt\/wp-json\/wp\/v2\/product_brand?post=7949"},{"taxonomy":"product_cat","embeddable":true,"href":"https:\/\/jinhuaceramic.com\/pt\/wp-json\/wp\/v2\/product_cat?post=7949"},{"taxonomy":"product_tag","embeddable":true,"href":"https:\/\/jinhuaceramic.com\/pt\/wp-json\/wp\/v2\/product_tag?post=7949"}],"curies":[{"name":"wp","href":"https:\/\/api.w.org\/{rel}","templated":true}]}}