{"id":7970,"date":"2025-02-22T01:21:44","date_gmt":"2025-02-22T01:21:44","guid":{"rendered":"https:\/\/jinhuaceramic.com\/?post_type=product&#038;p=7970"},"modified":"2025-03-21T01:28:14","modified_gmt":"2025-03-21T01:28:14","slug":"catering-dinnerware-wholesale","status":"publish","type":"product","link":"https:\/\/jinhuaceramic.com\/pt\/product\/catering-dinnerware-wholesale\/","title":{"rendered":"Servi\u00e7o de jantar para catering por atacado, conjuntos de lou\u00e7a comercial a granel"},"content":{"rendered":"<div class=\"wp-block-columns is-layout-flex wp-container-core-columns-is-layout-9d6595d7 wp-block-columns-is-layout-flex\">\n<div class=\"wp-block-column is-layout-flow wp-block-column-is-layout-flow\">\n<h3 class=\"wp-block-heading\">Servi\u00e7o de catering por atacado Carater\u00edsticas:<\/h3>\n\n\n\n<ul class=\"wp-block-list\">\n<li><strong>Design elegante:<\/strong> Estas loi\u00e7as de catering por atacado t\u00eam um design simples e elegante, com cor esbranqui\u00e7ada e bordos cinzentos. S\u00e3o cl\u00e1ssicos e bonitos, adequados para todos os estilos de mesa, seja para uso dom\u00e9stico di\u00e1rio ou para uso em restaurantes sofisticados.<\/li>\n\n\n\n<li><strong>Material duradouro: <\/strong>Estes conjuntos de loi\u00e7a comercial de cer\u00e2mica s\u00e3o cozidos a altas temperaturas para possu\u00edrem uma elevada dureza, s\u00e3o dif\u00edceis de usar e riscar, e s\u00e3o duros e duradouros. S\u00e3o dif\u00edceis de absorver \u00e1gua, t\u00eam um bom desempenho \u00e0 prova de humidade e s\u00e3o dif\u00edceis de rachar.<\/li>\n\n\n\n<li><strong>Praticidade: <\/strong>Esta loi\u00e7a para catering por atacado inclui uma tigela e dois pratos de diferentes tamanhos. Os tamanhos s\u00e3o concebidos de forma pr\u00e1tica para se adaptarem a diferentes alimentos, como arroz, pratos, sopas, etc., para satisfazer as necessidades di\u00e1rias de refei\u00e7\u00f5es.<\/li>\n\n\n\n<li><strong>Ampla aplicabilidade: <\/strong>Estes conjuntos de loi\u00e7a comercial s\u00e3o amplamente aplic\u00e1veis e adequados para v\u00e1rias ocasi\u00f5es, como jantares de fam\u00edlia, reuni\u00f5es de amigos, celebra\u00e7\u00f5es festivas, etc. Para al\u00e9m da utiliza\u00e7\u00e3o dom\u00e9stica, tamb\u00e9m s\u00e3o adequados para serem utilizados como presentes para amigos e familiares.<\/li>\n<\/ul>\n<\/div>\n\n\n\n<div class=\"wp-block-column is-layout-flow wp-block-column-is-layout-flow\">\n<figure class=\"wp-block-image size-full\"><img fetchpriority=\"high\" decoding=\"async\" width=\"710\" height=\"710\" src=\"https:\/\/jinhuaceramic.com\/wp-content\/uploads\/2025\/02\/High-End-Wholesale-Tableware-Set-Custom-Dinnerware-Dinner-Set-4.webp\" alt=\"Servi\u00e7o de jantar de catering de alta qualidade por atacado, conjuntos de lou\u00e7a comercial-4\" class=\"wp-image-7973\" srcset=\"https:\/\/jinhuaceramic.com\/wp-content\/uploads\/2025\/02\/High-End-Wholesale-Tableware-Set-Custom-Dinnerware-Dinner-Set-4.webp 710w, https:\/\/jinhuaceramic.com\/wp-content\/uploads\/2025\/02\/High-End-Wholesale-Tableware-Set-Custom-Dinnerware-Dinner-Set-4-300x300.webp 300w, https:\/\/jinhuaceramic.com\/wp-content\/uploads\/2025\/02\/High-End-Wholesale-Tableware-Set-Custom-Dinnerware-Dinner-Set-4-150x150.webp 150w, https:\/\/jinhuaceramic.com\/wp-content\/uploads\/2025\/02\/High-End-Wholesale-Tableware-Set-Custom-Dinnerware-Dinner-Set-4-12x12.webp 12w, https:\/\/jinhuaceramic.com\/wp-content\/uploads\/2025\/02\/High-End-Wholesale-Tableware-Set-Custom-Dinnerware-Dinner-Set-4-285x285.webp 285w, https:\/\/jinhuaceramic.com\/wp-content\/uploads\/2025\/02\/High-End-Wholesale-Tableware-Set-Custom-Dinnerware-Dinner-Set-4-270x270.webp 270w, https:\/\/jinhuaceramic.com\/wp-content\/uploads\/2025\/02\/High-End-Wholesale-Tableware-Set-Custom-Dinnerware-Dinner-Set-4-540x540.webp 540w, https:\/\/jinhuaceramic.com\/wp-content\/uploads\/2025\/02\/High-End-Wholesale-Tableware-Set-Custom-Dinnerware-Dinner-Set-4-660x660.webp 660w\" sizes=\"(max-width: 710px) 100vw, 710px\" \/><\/figure>\n<\/div>\n<\/div>","protected":false},"excerpt":{"rendered":"<p>Bem-vindo \u00e0 compra de lou\u00e7a de catering por grosso. Estes conjuntos de lou\u00e7a comercial por atacado de alta qualidade combinam perfeitamente simplicidade, eleg\u00e2ncia, durabilidade e praticidade, que n\u00e3o s\u00f3 atendem \u00e0s necessidades do uso di\u00e1rio, mas tamb\u00e9m melhoram a qualidade do jantar, e s\u00e3o muito bem-vindos pelos consumidores.<\/p>","protected":false},"featured_media":7975,"comment_status":"closed","ping_status":"closed","template":"","meta":{"_acf_changed":false},"product_brand":[],"product_cat":[83,54],"product_tag":[],"class_list":{"0":"post-7970","1":"product","2":"type-product","3":"status-publish","4":"has-post-thumbnail","6":"product_cat-wholesale-dinnerware-sets","7":"product_cat-tableware-wholesale","9":"first","10":"instock","11":"shipping-taxable","12":"product-type-simple"},"acf":[],"_links":{"self":[{"href":"https:\/\/jinhuaceramic.com\/pt\/wp-json\/wp\/v2\/product\/7970","targetHints":{"allow":["GET"]}}],"collection":[{"href":"https:\/\/jinhuaceramic.com\/pt\/wp-json\/wp\/v2\/product"}],"about":[{"href":"https:\/\/jinhuaceramic.com\/pt\/wp-json\/wp\/v2\/types\/product"}],"replies":[{"embeddable":true,"href":"https:\/\/jinhuaceramic.com\/pt\/wp-json\/wp\/v2\/comments?post=7970"}],"version-history":[{"count":0,"href":"https:\/\/jinhuaceramic.com\/pt\/wp-json\/wp\/v2\/product\/7970\/revisions"}],"wp:featuredmedia":[{"embeddable":true,"href":"https:\/\/jinhuaceramic.com\/pt\/wp-json\/wp\/v2\/media\/7975"}],"wp:attachment":[{"href":"https:\/\/jinhuaceramic.com\/pt\/wp-json\/wp\/v2\/media?parent=7970"}],"wp:term":[{"taxonomy":"product_brand","embeddable":true,"href":"https:\/\/jinhuaceramic.com\/pt\/wp-json\/wp\/v2\/product_brand?post=7970"},{"taxonomy":"product_cat","embeddable":true,"href":"https:\/\/jinhuaceramic.com\/pt\/wp-json\/wp\/v2\/product_cat?post=7970"},{"taxonomy":"product_tag","embeddable":true,"href":"https:\/\/jinhuaceramic.com\/pt\/wp-json\/wp\/v2\/product_tag?post=7970"}],"curies":[{"name":"wp","href":"https:\/\/api.w.org\/{rel}","templated":true}]}}