{"id":8000,"date":"2025-02-28T07:37:12","date_gmt":"2025-02-28T07:37:12","guid":{"rendered":"https:\/\/jinhuaceramic.com\/?post_type=product&#038;p=8000"},"modified":"2025-02-28T07:37:55","modified_gmt":"2025-02-28T07:37:55","slug":"wholesale-food-service-baking-pans","status":"publish","type":"product","link":"https:\/\/jinhuaceramic.com\/pt\/product\/wholesale-food-service-baking-pans\/","title":{"rendered":"Formas de cozimento para servi\u00e7os de alimenta\u00e7\u00e3o por atacado, Formas de cozimento de cer\u00e2mica a granel"},"content":{"rendered":"<div class=\"wp-block-columns is-layout-flex wp-container-core-columns-is-layout-9d6595d7 wp-block-columns-is-layout-flex\">\n<div class=\"wp-block-column is-layout-flow wp-block-column-is-layout-flow\">\n<h3 class=\"wp-block-heading\">Formas de cozedura para servi\u00e7os alimentares por grosso Premium Carater\u00edsticas:<\/h3>\n\n\n\n<ul class=\"wp-block-list\">\n<li><strong>Estilo minimalista: <\/strong>Estes tabuleiros personalizados para servi\u00e7os alimentares t\u00eam um aspeto geral sem adornos, um perfil aerodin\u00e2mico e nenhuma decora\u00e7\u00e3o desnecessariamente espalhafatosa, o que apela aos gostos dos tempos modernos. A tampa de madeira \u00e9 o encanto natural do tabuleiro.<\/li>\n\n\n\n<li><strong>Material de excelente qualidade: <\/strong>O corpo principal destes tabuleiros de cer\u00e2mica para cozer a granel \u00e9 fabricado com material cer\u00e2mico de qualidade superior, que \u00e9 robusto e n\u00e3o se deforma quando cozinhado a altas temperaturas. A tampa \u00e9 fabricada a partir de material de madeira em bruto de qualidade superior, que \u00e9 saud\u00e1vel e seguro.<\/li>\n\n\n\n<li><strong>Elevada praticidade: <\/strong>A espessura e o comprimento dos nossos tabuleiros para servi\u00e7o alimentar por grosso foram concebidos para conter qualquer tipo de alimento para assar, como arroz cozido, legumes assados, carne assada, etc. Para al\u00e9m de poderem ir ao forno, estas formas tamb\u00e9m podem ir ao micro-ondas e \u00e0 m\u00e1quina de lavar lou\u00e7a, pelo que s\u00e3o muito f\u00e1ceis de manusear.<\/li>\n\n\n\n<li><strong>Tampa funcional: <\/strong>Estas assadeiras de cer\u00e2mica por atacado a granel v\u00eam com uma tampa de madeira multifuncional que n\u00e3o s\u00f3 mant\u00e9m o calor dos alimentos, mas tamb\u00e9m actua como uma barreira aos salpicos de comida durante a cozedura. At\u00e9 serve de suporte para panelas ou tabuleiro de servir, e a assadeira torna-se ainda mais pr\u00e1tica.<\/li>\n<\/ul>\n<\/div>\n\n\n\n<div class=\"wp-block-column is-layout-flow wp-block-column-is-layout-flow\">\n<figure class=\"wp-block-image size-full\"><img fetchpriority=\"high\" decoding=\"async\" width=\"510\" height=\"510\" src=\"https:\/\/jinhuaceramic.com\/wp-content\/uploads\/2025\/02\/Wholesale-Ceramic-Baking-Dish-With-Wooden-Lid-Custom-Bakeware-2.webp\" alt=\"Formas de cozedura para servi\u00e7os alimentares por atacado, Formas de cozedura de cer\u00e2mica a granel-7\" class=\"wp-image-8001\" srcset=\"https:\/\/jinhuaceramic.com\/wp-content\/uploads\/2025\/02\/Wholesale-Ceramic-Baking-Dish-With-Wooden-Lid-Custom-Bakeware-2.webp 510w, https:\/\/jinhuaceramic.com\/wp-content\/uploads\/2025\/02\/Wholesale-Ceramic-Baking-Dish-With-Wooden-Lid-Custom-Bakeware-2-300x300.webp 300w, https:\/\/jinhuaceramic.com\/wp-content\/uploads\/2025\/02\/Wholesale-Ceramic-Baking-Dish-With-Wooden-Lid-Custom-Bakeware-2-150x150.webp 150w, https:\/\/jinhuaceramic.com\/wp-content\/uploads\/2025\/02\/Wholesale-Ceramic-Baking-Dish-With-Wooden-Lid-Custom-Bakeware-2-12x12.webp 12w, https:\/\/jinhuaceramic.com\/wp-content\/uploads\/2025\/02\/Wholesale-Ceramic-Baking-Dish-With-Wooden-Lid-Custom-Bakeware-2-285x285.webp 285w, https:\/\/jinhuaceramic.com\/wp-content\/uploads\/2025\/02\/Wholesale-Ceramic-Baking-Dish-With-Wooden-Lid-Custom-Bakeware-2-270x270.webp 270w\" sizes=\"(max-width: 510px) 100vw, 510px\" \/><\/figure>\n<\/div>\n<\/div>","protected":false},"excerpt":{"rendered":"<p>Bem-vindo \u00e0 compra de assadeiras para servi\u00e7os alimentares. A singularidade destas assadeiras de cer\u00e2mica a granel reside na sua combina\u00e7\u00e3o inteligente de materiais de cer\u00e2mica e madeira, no design minimalista e moderno e nas tampas funcionais. Combinando est\u00e9tica e praticidade, estes tabuleiros com tampa dar\u00e3o um toque \u00fanico \u00e0 cozinha e \u00e0 mesa de jantar.<\/p>","protected":false},"featured_media":8003,"comment_status":"closed","ping_status":"closed","template":"","meta":{"_acf_changed":false},"product_brand":[],"product_cat":[53],"product_tag":[71],"class_list":{"0":"post-8000","1":"product","2":"type-product","3":"status-publish","4":"has-post-thumbnail","6":"product_cat-bakeware-in-bulk","7":"product_tag-wholesale-baking-pans","9":"first","10":"instock","11":"shipping-taxable","12":"product-type-simple"},"acf":[],"_links":{"self":[{"href":"https:\/\/jinhuaceramic.com\/pt\/wp-json\/wp\/v2\/product\/8000","targetHints":{"allow":["GET"]}}],"collection":[{"href":"https:\/\/jinhuaceramic.com\/pt\/wp-json\/wp\/v2\/product"}],"about":[{"href":"https:\/\/jinhuaceramic.com\/pt\/wp-json\/wp\/v2\/types\/product"}],"replies":[{"embeddable":true,"href":"https:\/\/jinhuaceramic.com\/pt\/wp-json\/wp\/v2\/comments?post=8000"}],"version-history":[{"count":0,"href":"https:\/\/jinhuaceramic.com\/pt\/wp-json\/wp\/v2\/product\/8000\/revisions"}],"wp:featuredmedia":[{"embeddable":true,"href":"https:\/\/jinhuaceramic.com\/pt\/wp-json\/wp\/v2\/media\/8003"}],"wp:attachment":[{"href":"https:\/\/jinhuaceramic.com\/pt\/wp-json\/wp\/v2\/media?parent=8000"}],"wp:term":[{"taxonomy":"product_brand","embeddable":true,"href":"https:\/\/jinhuaceramic.com\/pt\/wp-json\/wp\/v2\/product_brand?post=8000"},{"taxonomy":"product_cat","embeddable":true,"href":"https:\/\/jinhuaceramic.com\/pt\/wp-json\/wp\/v2\/product_cat?post=8000"},{"taxonomy":"product_tag","embeddable":true,"href":"https:\/\/jinhuaceramic.com\/pt\/wp-json\/wp\/v2\/product_tag?post=8000"}],"curies":[{"name":"wp","href":"https:\/\/api.w.org\/{rel}","templated":true}]}}