{"id":8009,"date":"2025-02-28T07:14:24","date_gmt":"2025-02-28T07:14:24","guid":{"rendered":"https:\/\/jinhuaceramic.com\/?post_type=product&#038;p=8009"},"modified":"2025-02-28T07:14:27","modified_gmt":"2025-02-28T07:14:27","slug":"tableware-wholesale","status":"publish","type":"product","link":"https:\/\/jinhuaceramic.com\/pt\/product\/tableware-wholesale\/","title":{"rendered":"Atacado de lou\u00e7a de mesa preta fosca, conjuntos de lou\u00e7a de restaurante"},"content":{"rendered":"<div class=\"wp-block-columns is-layout-flex wp-container-core-columns-is-layout-9d6595d7 wp-block-columns-is-layout-flex\">\n<div class=\"wp-block-column is-layout-flow wp-block-column-is-layout-flow\">\n<h3 class=\"wp-block-heading\">Servi\u00e7o de mesa premium por atacado Carater\u00edsticas:<\/h3>\n\n\n\n<ul class=\"wp-block-list\">\n<li><strong>Forma simples:<\/strong> O design destes utens\u00edlios de mesa de cer\u00e2mica por atacado \u00e9 simples, n\u00e3o muito profundamente decorado com detalhes intrincados, em linha com a inten\u00e7\u00e3o do per\u00edodo atual. A borda dos pratos e tigelas \u00e9 plana, ligeiramente arredondada, e a forma \u00e9 redonda, portanto, os indiv\u00edduos se sentem relaxados.<\/li>\n\n\n\n<li><strong>Preto salpicado Textura: <\/strong>Estes conjuntos de loi\u00e7a de restaurante incorporam tons de preto mate misteriosos e tranquilos, sendo menos chamativos e refinados em compara\u00e7\u00e3o com os acabamentos brilhantes. A superf\u00edcie da loi\u00e7a tem uma textura salpicada e sedosa que confere sofistica\u00e7\u00e3o \u00e0 textura e \u00e0 disposi\u00e7\u00e3o da loi\u00e7a e exibe um aspeto de classe alta.<\/li>\n\n\n\n<li><strong>Material de alta qualidade: <\/strong>Os nossos utens\u00edlios de mesa de cer\u00e2mica por atacado s\u00e3o produzidos com material cer\u00e2mico de alta qualidade que \u00e9 cozinhado a alta temperatura e tem maior resist\u00eancia ao calor e durabilidade. O material cer\u00e2mico \u00e9 seguro e saud\u00e1vel, sem elementos t\u00f3xicos como chumbo e c\u00e1dmio, e \u00e9 seguro para uso.<\/li>\n\n\n\n<li><strong>Forte car\u00e1cter pr\u00e1tico: <\/strong>Estes conjuntos de loi\u00e7a de restaurante incluem uma tigela e dois pratos de diferentes tamanhos, que s\u00e3o suficientes para fornecer diferentes quantidades de pratos principais, acompanhamentos, arroz, sopa, etc., para satisfazer as necessidades das refei\u00e7\u00f5es di\u00e1rias. Os nossos conjuntos de loi\u00e7a de mesa por atacado podem ser utilizados para refei\u00e7\u00f5es dom\u00e9sticas di\u00e1rias e banquetes.<\/li>\n<\/ul>\n<\/div>\n\n\n\n<div class=\"wp-block-column is-layout-flow wp-block-column-is-layout-flow\">\n<figure class=\"wp-block-image size-full\"><img fetchpriority=\"high\" decoding=\"async\" width=\"1500\" height=\"1500\" src=\"https:\/\/jinhuaceramic.com\/wp-content\/uploads\/2025\/02\/Matte-Black-Wholesale-Tableware-Dinner-Services-Custom-Dinnerware.webp\" alt=\"Atacado de lou\u00e7a de mesa preta fosca, conjuntos de lou\u00e7a de restaurante-1\" class=\"wp-image-8016\" srcset=\"https:\/\/jinhuaceramic.com\/wp-content\/uploads\/2025\/02\/Matte-Black-Wholesale-Tableware-Dinner-Services-Custom-Dinnerware.webp 1500w, https:\/\/jinhuaceramic.com\/wp-content\/uploads\/2025\/02\/Matte-Black-Wholesale-Tableware-Dinner-Services-Custom-Dinnerware-300x300.webp 300w, https:\/\/jinhuaceramic.com\/wp-content\/uploads\/2025\/02\/Matte-Black-Wholesale-Tableware-Dinner-Services-Custom-Dinnerware-150x150.webp 150w, https:\/\/jinhuaceramic.com\/wp-content\/uploads\/2025\/02\/Matte-Black-Wholesale-Tableware-Dinner-Services-Custom-Dinnerware-768x768.webp 768w, https:\/\/jinhuaceramic.com\/wp-content\/uploads\/2025\/02\/Matte-Black-Wholesale-Tableware-Dinner-Services-Custom-Dinnerware-12x12.webp 12w, https:\/\/jinhuaceramic.com\/wp-content\/uploads\/2025\/02\/Matte-Black-Wholesale-Tableware-Dinner-Services-Custom-Dinnerware-285x285.webp 285w, https:\/\/jinhuaceramic.com\/wp-content\/uploads\/2025\/02\/Matte-Black-Wholesale-Tableware-Dinner-Services-Custom-Dinnerware-270x270.webp 270w, https:\/\/jinhuaceramic.com\/wp-content\/uploads\/2025\/02\/Matte-Black-Wholesale-Tableware-Dinner-Services-Custom-Dinnerware-540x540.webp 540w, https:\/\/jinhuaceramic.com\/wp-content\/uploads\/2025\/02\/Matte-Black-Wholesale-Tableware-Dinner-Services-Custom-Dinnerware-660x660.webp 660w\" sizes=\"(max-width: 1500px) 100vw, 1500px\" \/><\/figure>\n<\/div>\n<\/div>","protected":false},"excerpt":{"rendered":"<p>Bem-vindo \u00e0 compra de conjuntos de lou\u00e7a para restaurantes. A singularidade desta lou\u00e7a de cer\u00e2mica preta fosca por atacado reside nos tons foscos de alta qualidade, texturas salpicadas requintadas, materiais cer\u00e2micos dur\u00e1veis e boa praticidade.<\/p>","protected":false},"featured_media":8015,"comment_status":"closed","ping_status":"closed","template":"","meta":{"_acf_changed":false},"product_brand":[],"product_cat":[83,54],"product_tag":[],"class_list":{"0":"post-8009","1":"product","2":"type-product","3":"status-publish","4":"has-post-thumbnail","6":"product_cat-wholesale-dinnerware-sets","7":"product_cat-tableware-wholesale","9":"first","10":"instock","11":"shipping-taxable","12":"product-type-simple"},"acf":[],"_links":{"self":[{"href":"https:\/\/jinhuaceramic.com\/pt\/wp-json\/wp\/v2\/product\/8009","targetHints":{"allow":["GET"]}}],"collection":[{"href":"https:\/\/jinhuaceramic.com\/pt\/wp-json\/wp\/v2\/product"}],"about":[{"href":"https:\/\/jinhuaceramic.com\/pt\/wp-json\/wp\/v2\/types\/product"}],"replies":[{"embeddable":true,"href":"https:\/\/jinhuaceramic.com\/pt\/wp-json\/wp\/v2\/comments?post=8009"}],"version-history":[{"count":0,"href":"https:\/\/jinhuaceramic.com\/pt\/wp-json\/wp\/v2\/product\/8009\/revisions"}],"wp:featuredmedia":[{"embeddable":true,"href":"https:\/\/jinhuaceramic.com\/pt\/wp-json\/wp\/v2\/media\/8015"}],"wp:attachment":[{"href":"https:\/\/jinhuaceramic.com\/pt\/wp-json\/wp\/v2\/media?parent=8009"}],"wp:term":[{"taxonomy":"product_brand","embeddable":true,"href":"https:\/\/jinhuaceramic.com\/pt\/wp-json\/wp\/v2\/product_brand?post=8009"},{"taxonomy":"product_cat","embeddable":true,"href":"https:\/\/jinhuaceramic.com\/pt\/wp-json\/wp\/v2\/product_cat?post=8009"},{"taxonomy":"product_tag","embeddable":true,"href":"https:\/\/jinhuaceramic.com\/pt\/wp-json\/wp\/v2\/product_tag?post=8009"}],"curies":[{"name":"wp","href":"https:\/\/api.w.org\/{rel}","templated":true}]}}