{"id":8035,"date":"2025-03-03T07:58:34","date_gmt":"2025-03-03T07:58:34","guid":{"rendered":"https:\/\/jinhuaceramic.com\/?post_type=product&#038;p=8035"},"modified":"2025-03-03T08:36:31","modified_gmt":"2025-03-03T08:36:31","slug":"baking-pan-customized","status":"publish","type":"product","link":"https:\/\/jinhuaceramic.com\/pt\/product\/baking-pan-customized\/","title":{"rendered":"Assadeira de cer\u00e2mica branca personalizada, assadeiras por atacado para servi\u00e7os de alimenta\u00e7\u00e3o"},"content":{"rendered":"<div class=\"wp-block-columns is-layout-flex wp-container-core-columns-is-layout-9d6595d7 wp-block-columns-is-layout-flex\">\n<div class=\"wp-block-column is-layout-flow wp-block-column-is-layout-flow\">\n<h3 class=\"wp-block-heading\">Assadeira de cer\u00e2mica branca premium Carater\u00edsticas personalizadas:<\/h3>\n\n\n\n<ul class=\"wp-block-list\">\n<li><strong>Design elegante:<\/strong> O design geral desta forma de cozer personalizada \u00e9 sofisticado e minimalista, e a cor branca limpa torna-a numa multi-ferramenta na cozinha. Os rebordos e os lados foram concebidos com padr\u00f5es ondulados irregulares, o que n\u00e3o s\u00f3 \u00e9 bonito como tamb\u00e9m confere \u00e0 assadeira propriedades antiderrapantes adicionais quando est\u00e1 a ser utilizada.<\/li>\n\n\n\n<li><strong>Material de alta qualidade:<\/strong> Estes artigos de pastelaria por atacado de boa qualidade possuem uma condutividade t\u00e9rmica id\u00eantica, que pode aquecer os alimentos uniformemente e evitar o sobreaquecimento local. O material cer\u00e2mico \u00e9 seguro, n\u00e3o t\u00f3xico, n\u00e3o causa danos ao corpo humano e pode ser utilizado com seguran\u00e7a.<\/li>\n\n\n\n<li><strong>Conce\u00e7\u00e3o pormenorizada:<\/strong> A assadeira personalizada tem um design refinado e avan\u00e7ado, e a cor branca pura d\u00e1-lhe a capacidade de combinar com qualquer cozinha. Os lados e as bordas da assadeira t\u00eam padr\u00f5es ondulados n\u00e3o uniformes, o que n\u00e3o \u00e9 apenas bonito, mas tamb\u00e9m d\u00e1 \u00e0 assadeira um maior n\u00edvel de funcionalidade anti-derrapante quando em uso.<\/li>\n\n\n\n<li><strong>F\u00e1cil de limpar:<\/strong> Estes artigos de pastelaria por atacado t\u00eam um esmalte suave que \u00e9 resistente aos res\u00edduos alimentares e simples de limpar apenas com detergente e \u00e1gua ou na m\u00e1quina de lavar lou\u00e7a.<\/li>\n<\/ul>\n<\/div>\n\n\n\n<div class=\"wp-block-column is-layout-flow wp-block-column-is-layout-flow\">\n<figure class=\"wp-block-image size-full\"><img fetchpriority=\"high\" decoding=\"async\" width=\"1600\" height=\"1600\" src=\"https:\/\/jinhuaceramic.com\/wp-content\/uploads\/2025\/03\/White-Ceramic-Custom-Baking-Pans-Wholesale-Bakeware-For-Food-Service.webp\" alt=\"Assadeira de cer\u00e2mica branca personalizada, assadeiras por atacado para servi\u00e7os de alimenta\u00e7\u00e3o-1\" class=\"wp-image-8042\" srcset=\"https:\/\/jinhuaceramic.com\/wp-content\/uploads\/2025\/03\/White-Ceramic-Custom-Baking-Pans-Wholesale-Bakeware-For-Food-Service.webp 1600w, https:\/\/jinhuaceramic.com\/wp-content\/uploads\/2025\/03\/White-Ceramic-Custom-Baking-Pans-Wholesale-Bakeware-For-Food-Service-300x300.webp 300w, https:\/\/jinhuaceramic.com\/wp-content\/uploads\/2025\/03\/White-Ceramic-Custom-Baking-Pans-Wholesale-Bakeware-For-Food-Service-150x150.webp 150w, https:\/\/jinhuaceramic.com\/wp-content\/uploads\/2025\/03\/White-Ceramic-Custom-Baking-Pans-Wholesale-Bakeware-For-Food-Service-768x768.webp 768w, https:\/\/jinhuaceramic.com\/wp-content\/uploads\/2025\/03\/White-Ceramic-Custom-Baking-Pans-Wholesale-Bakeware-For-Food-Service-12x12.webp 12w, https:\/\/jinhuaceramic.com\/wp-content\/uploads\/2025\/03\/White-Ceramic-Custom-Baking-Pans-Wholesale-Bakeware-For-Food-Service-285x285.webp 285w, https:\/\/jinhuaceramic.com\/wp-content\/uploads\/2025\/03\/White-Ceramic-Custom-Baking-Pans-Wholesale-Bakeware-For-Food-Service-270x270.webp 270w, https:\/\/jinhuaceramic.com\/wp-content\/uploads\/2025\/03\/White-Ceramic-Custom-Baking-Pans-Wholesale-Bakeware-For-Food-Service-540x540.webp 540w, https:\/\/jinhuaceramic.com\/wp-content\/uploads\/2025\/03\/White-Ceramic-Custom-Baking-Pans-Wholesale-Bakeware-For-Food-Service-660x660.webp 660w\" sizes=\"(max-width: 1600px) 100vw, 1600px\" \/><\/figure>\n<\/div>\n<\/div>","protected":false},"excerpt":{"rendered":"<p>Esta assadeira personalizada tem uma apar\u00eancia simples e elegante e \u00e9 feita de material cer\u00e2mico de alta qualidade com um design requintado e f\u00e1cil de limpar. N\u00e3o s\u00f3 tem um bom desempenho de cozedura, mas tamb\u00e9m pode ser colocada diretamente na mesa de jantar para melhorar a apresenta\u00e7\u00e3o dos pratos, combinando beleza e praticidade.<\/p>","protected":false},"featured_media":8041,"comment_status":"closed","ping_status":"closed","template":"","meta":{"_acf_changed":false},"product_brand":[],"product_cat":[53],"product_tag":[71],"class_list":{"0":"post-8035","1":"product","2":"type-product","3":"status-publish","4":"has-post-thumbnail","6":"product_cat-bakeware-in-bulk","7":"product_tag-wholesale-baking-pans","9":"first","10":"instock","11":"shipping-taxable","12":"product-type-simple"},"acf":[],"_links":{"self":[{"href":"https:\/\/jinhuaceramic.com\/pt\/wp-json\/wp\/v2\/product\/8035","targetHints":{"allow":["GET"]}}],"collection":[{"href":"https:\/\/jinhuaceramic.com\/pt\/wp-json\/wp\/v2\/product"}],"about":[{"href":"https:\/\/jinhuaceramic.com\/pt\/wp-json\/wp\/v2\/types\/product"}],"replies":[{"embeddable":true,"href":"https:\/\/jinhuaceramic.com\/pt\/wp-json\/wp\/v2\/comments?post=8035"}],"version-history":[{"count":0,"href":"https:\/\/jinhuaceramic.com\/pt\/wp-json\/wp\/v2\/product\/8035\/revisions"}],"wp:featuredmedia":[{"embeddable":true,"href":"https:\/\/jinhuaceramic.com\/pt\/wp-json\/wp\/v2\/media\/8041"}],"wp:attachment":[{"href":"https:\/\/jinhuaceramic.com\/pt\/wp-json\/wp\/v2\/media?parent=8035"}],"wp:term":[{"taxonomy":"product_brand","embeddable":true,"href":"https:\/\/jinhuaceramic.com\/pt\/wp-json\/wp\/v2\/product_brand?post=8035"},{"taxonomy":"product_cat","embeddable":true,"href":"https:\/\/jinhuaceramic.com\/pt\/wp-json\/wp\/v2\/product_cat?post=8035"},{"taxonomy":"product_tag","embeddable":true,"href":"https:\/\/jinhuaceramic.com\/pt\/wp-json\/wp\/v2\/product_tag?post=8035"}],"curies":[{"name":"wp","href":"https:\/\/api.w.org\/{rel}","templated":true}]}}