{"id":8046,"date":"2025-03-03T08:34:45","date_gmt":"2025-03-03T08:34:45","guid":{"rendered":"https:\/\/jinhuaceramic.com\/?post_type=product&#038;p=8046"},"modified":"2025-03-03T08:35:35","modified_gmt":"2025-03-03T08:35:35","slug":"bath-accessories-in-bulk","status":"publish","type":"product","link":"https:\/\/jinhuaceramic.com\/pt\/product\/bath-accessories-in-bulk\/","title":{"rendered":"Acess\u00f3rios de banho de luxo com 4 pe\u00e7as a granel, conjuntos de casa de banho em cer\u00e2mica personalizada"},"content":{"rendered":"<div class=\"wp-block-columns is-layout-flex wp-container-core-columns-is-layout-9d6595d7 wp-block-columns-is-layout-flex\">\n<div class=\"wp-block-column is-layout-flow wp-block-column-is-layout-flow\">\n<h3 class=\"wp-block-heading\">Acess\u00f3rios de banho de luxo premium a granel Carater\u00edsticas:<\/h3>\n\n\n\n<ul class=\"wp-block-list\">\n<li><strong>Design elegante:<\/strong> Estes conjuntos de casa de banho em cer\u00e2mica personalizada s\u00e3o principalmente brancos, com textura de seda dourada e bombas douradas, que s\u00e3o requintadas mas n\u00e3o sofisticadas. As riscas verticais na superf\u00edcie refor\u00e7am o aspeto tridimensional, o que pode introduzir uma sensa\u00e7\u00e3o de moda e requinte na casa de banho.<\/li>\n\n\n\n<li><strong>Material cer\u00e2mico de alta qualidade:<\/strong> Estes acess\u00f3rios de banho a granel s\u00e3o produzidos com material cer\u00e2mico de alta qualidade, que \u00e9 duro e resistente ao desgaste e n\u00e3o \u00e9 suscet\u00edvel de se desgastar e riscar. A superf\u00edcie \u00e9 lisa, as manchas de \u00e1gua e a sujidade n\u00e3o aderem facilmente a ela, \u00e9 simples de limpar e pode ser limpa durante muito tempo.<\/li>\n\n\n\n<li><strong>Conjunto completo:<\/strong> Estes conjuntos de casa de banho em cer\u00e2mica personalizada incluem suportes para escovas de dentes, dispensadores de sab\u00e3o, frascos de arruma\u00e7\u00e3o e saboneteiras que satisfazem todos os tipos de requisitos para a lavagem regular, bem como ordenam e agrupam v\u00e1rios artigos de higiene de forma a que a casa de banho permane\u00e7a arrumada e limpa.<\/li>\n\n\n\n<li><strong>Venda por grosso e personaliza\u00e7\u00e3o:<\/strong> Oferecemos descontos por grosso para compradores a granel para poupar dinheiro. Para al\u00e9m dos descontos, tamb\u00e9m apoiamos a personaliza\u00e7\u00e3o por medida. Quer se trate de um hotel, apartamento ou casa de luxo, pode personalizar os seus acess\u00f3rios de banho especiais a granel para satisfazer diferentes necessidades.<\/li>\n<\/ul>\n<\/div>\n\n\n\n<div class=\"wp-block-column is-layout-flow wp-block-column-is-layout-flow\">\n<figure class=\"wp-block-image size-full\"><img fetchpriority=\"high\" decoding=\"async\" width=\"1600\" height=\"1600\" src=\"https:\/\/jinhuaceramic.com\/wp-content\/uploads\/2025\/03\/4-Piece-Luxury-Custom-Bathroom-Sets-Bathroom-Accessories-Wholesale-7.webp\" alt=\"Acess\u00f3rios de banho de luxo com 4 pe\u00e7as a granel, conjuntos de casa de banho em cer\u00e2mica personalizada-2\" class=\"wp-image-8052\" srcset=\"https:\/\/jinhuaceramic.com\/wp-content\/uploads\/2025\/03\/4-Piece-Luxury-Custom-Bathroom-Sets-Bathroom-Accessories-Wholesale-7.webp 1600w, https:\/\/jinhuaceramic.com\/wp-content\/uploads\/2025\/03\/4-Piece-Luxury-Custom-Bathroom-Sets-Bathroom-Accessories-Wholesale-7-300x300.webp 300w, https:\/\/jinhuaceramic.com\/wp-content\/uploads\/2025\/03\/4-Piece-Luxury-Custom-Bathroom-Sets-Bathroom-Accessories-Wholesale-7-150x150.webp 150w, https:\/\/jinhuaceramic.com\/wp-content\/uploads\/2025\/03\/4-Piece-Luxury-Custom-Bathroom-Sets-Bathroom-Accessories-Wholesale-7-768x768.webp 768w, https:\/\/jinhuaceramic.com\/wp-content\/uploads\/2025\/03\/4-Piece-Luxury-Custom-Bathroom-Sets-Bathroom-Accessories-Wholesale-7-12x12.webp 12w, https:\/\/jinhuaceramic.com\/wp-content\/uploads\/2025\/03\/4-Piece-Luxury-Custom-Bathroom-Sets-Bathroom-Accessories-Wholesale-7-285x285.webp 285w, https:\/\/jinhuaceramic.com\/wp-content\/uploads\/2025\/03\/4-Piece-Luxury-Custom-Bathroom-Sets-Bathroom-Accessories-Wholesale-7-270x270.webp 270w, https:\/\/jinhuaceramic.com\/wp-content\/uploads\/2025\/03\/4-Piece-Luxury-Custom-Bathroom-Sets-Bathroom-Accessories-Wholesale-7-540x540.webp 540w, https:\/\/jinhuaceramic.com\/wp-content\/uploads\/2025\/03\/4-Piece-Luxury-Custom-Bathroom-Sets-Bathroom-Accessories-Wholesale-7-660x660.webp 660w\" sizes=\"(max-width: 1600px) 100vw, 1600px\" \/><\/figure>\n<\/div>\n<\/div>","protected":false},"excerpt":{"rendered":"<p>Conjuntos de casa de banho em cer\u00e2mica personalizados diretamente da fonte. Estes acess\u00f3rios de banho de 4 pe\u00e7as a granel t\u00eam um design simples e elegante e incluem acess\u00f3rios de casa de banho totalmente funcionais, como saboneteiras, saboneteiras, etc. S\u00e3o simultaneamente bonitos e pr\u00e1ticos, dando um toque de eleg\u00e2ncia a qualquer decora\u00e7\u00e3o de casa de banho.<\/p>","protected":false},"featured_media":8053,"comment_status":"closed","ping_status":"closed","template":"","meta":{"_acf_changed":false},"product_brand":[],"product_cat":[51],"product_tag":[74],"class_list":{"0":"post-8046","1":"product","2":"type-product","3":"status-publish","4":"has-post-thumbnail","6":"product_cat-bathroom-accessories-wholesale","7":"product_tag-ceramic-bath-accessories-wholesale","9":"first","10":"instock","11":"shipping-taxable","12":"product-type-simple"},"acf":[],"_links":{"self":[{"href":"https:\/\/jinhuaceramic.com\/pt\/wp-json\/wp\/v2\/product\/8046","targetHints":{"allow":["GET"]}}],"collection":[{"href":"https:\/\/jinhuaceramic.com\/pt\/wp-json\/wp\/v2\/product"}],"about":[{"href":"https:\/\/jinhuaceramic.com\/pt\/wp-json\/wp\/v2\/types\/product"}],"replies":[{"embeddable":true,"href":"https:\/\/jinhuaceramic.com\/pt\/wp-json\/wp\/v2\/comments?post=8046"}],"version-history":[{"count":0,"href":"https:\/\/jinhuaceramic.com\/pt\/wp-json\/wp\/v2\/product\/8046\/revisions"}],"wp:featuredmedia":[{"embeddable":true,"href":"https:\/\/jinhuaceramic.com\/pt\/wp-json\/wp\/v2\/media\/8053"}],"wp:attachment":[{"href":"https:\/\/jinhuaceramic.com\/pt\/wp-json\/wp\/v2\/media?parent=8046"}],"wp:term":[{"taxonomy":"product_brand","embeddable":true,"href":"https:\/\/jinhuaceramic.com\/pt\/wp-json\/wp\/v2\/product_brand?post=8046"},{"taxonomy":"product_cat","embeddable":true,"href":"https:\/\/jinhuaceramic.com\/pt\/wp-json\/wp\/v2\/product_cat?post=8046"},{"taxonomy":"product_tag","embeddable":true,"href":"https:\/\/jinhuaceramic.com\/pt\/wp-json\/wp\/v2\/product_tag?post=8046"}],"curies":[{"name":"wp","href":"https:\/\/api.w.org\/{rel}","templated":true}]}}