{"id":8064,"date":"2025-03-06T08:07:22","date_gmt":"2025-03-06T08:07:22","guid":{"rendered":"https:\/\/jinhuaceramic.com\/?post_type=product&#038;p=8064"},"modified":"2025-03-06T08:07:23","modified_gmt":"2025-03-06T08:07:23","slug":"custom-tableware","status":"publish","type":"product","link":"https:\/\/jinhuaceramic.com\/pt\/product\/custom-tableware\/","title":{"rendered":"Servi\u00e7o de lou\u00e7a de mesa personalizada em branco e branco, servi\u00e7os de conjuntos de lou\u00e7a por atacado"},"content":{"rendered":"<div class=\"wp-block-columns is-layout-flex wp-container-core-columns-is-layout-9d6595d7 wp-block-columns-is-layout-flex\">\n<div class=\"wp-block-column is-layout-flow wp-block-column-is-layout-flow\">\n<h3 class=\"wp-block-heading\">Servi\u00e7o de mesa personalizado Premium Off-White Carater\u00edsticas:<\/h3>\n\n\n\n<ul class=\"wp-block-list\">\n<li><strong>Design elegante: <\/strong>Estes utens\u00edlios de mesa personalizados s\u00e3o delicados e esbranqui\u00e7ados, o que faz com que as pessoas se sintam quentes e encantadoras. As texturas distintas das folhas no rebordo do servi\u00e7o de mesa proporcionam uma camada visual adicional. Quando utilizados, dar\u00e3o uma sensa\u00e7\u00e3o de ritualismo \u00e0s refei\u00e7\u00f5es e tornar\u00e3o as refei\u00e7\u00f5es normais mais elegantes.<\/li>\n\n\n\n<li><strong>Material cer\u00e2mico duradouro:<\/strong> Estes conjuntos de loi\u00e7a por atacado s\u00e3o fabricados com materiais cer\u00e2micos de alta qualidade e a alta temperatura. S\u00e3o dur\u00e1veis e duradouros e podem suportar algum desgaste e colis\u00e3o. Com uma utiliza\u00e7\u00e3o e cuidados normais, podem durar muito tempo.<\/li>\n\n\n\n<li><strong>Versatilidade:<\/strong> Estes conjuntos de loi\u00e7a por atacado t\u00eam pratos de diferentes formas e tamanhos, pratos grandes e fundos, pratos pequenos e ch\u00e1venas, que podem satisfazer as exig\u00eancias para servir diferentes alimentos e bebidas. S\u00e3o adequados para diferentes ocasi\u00f5es, seja para uso di\u00e1rio ou para receber convidados.<\/li>\n\n\n\n<li><strong>F\u00e1cil de limpar:<\/strong> Estes utens\u00edlios de mesa personalizados de alta qualidade possuem um esmalte suave como a seda. Os res\u00edduos de alimentos e as manchas s\u00e3o dif\u00edceis de agarrar e podem ser facilmente lavados com \u00e1gua doce e gotas de detergente para limpeza ap\u00f3s as refei\u00e7\u00f5es.<\/li>\n<\/ul>\n<\/div>\n\n\n\n<div class=\"wp-block-column is-layout-flow wp-block-column-is-layout-flow\">\n<figure class=\"wp-block-image size-full\"><img fetchpriority=\"high\" decoding=\"async\" width=\"1600\" height=\"1600\" src=\"https:\/\/jinhuaceramic.com\/wp-content\/uploads\/2025\/03\/Off-White-Wholesale-Tableware-Crockery-Set-Deals-Dinner-Services-2.webp\" alt=\"Loi\u00e7a de mesa personalizada em branco e branco, conjuntos de loi\u00e7a por grosso Servi\u00e7os-1\" class=\"wp-image-8065\" srcset=\"https:\/\/jinhuaceramic.com\/wp-content\/uploads\/2025\/03\/Off-White-Wholesale-Tableware-Crockery-Set-Deals-Dinner-Services-2.webp 1600w, https:\/\/jinhuaceramic.com\/wp-content\/uploads\/2025\/03\/Off-White-Wholesale-Tableware-Crockery-Set-Deals-Dinner-Services-2-300x300.webp 300w, https:\/\/jinhuaceramic.com\/wp-content\/uploads\/2025\/03\/Off-White-Wholesale-Tableware-Crockery-Set-Deals-Dinner-Services-2-150x150.webp 150w, https:\/\/jinhuaceramic.com\/wp-content\/uploads\/2025\/03\/Off-White-Wholesale-Tableware-Crockery-Set-Deals-Dinner-Services-2-768x768.webp 768w, https:\/\/jinhuaceramic.com\/wp-content\/uploads\/2025\/03\/Off-White-Wholesale-Tableware-Crockery-Set-Deals-Dinner-Services-2-12x12.webp 12w, https:\/\/jinhuaceramic.com\/wp-content\/uploads\/2025\/03\/Off-White-Wholesale-Tableware-Crockery-Set-Deals-Dinner-Services-2-285x285.webp 285w, https:\/\/jinhuaceramic.com\/wp-content\/uploads\/2025\/03\/Off-White-Wholesale-Tableware-Crockery-Set-Deals-Dinner-Services-2-270x270.webp 270w, https:\/\/jinhuaceramic.com\/wp-content\/uploads\/2025\/03\/Off-White-Wholesale-Tableware-Crockery-Set-Deals-Dinner-Services-2-540x540.webp 540w, https:\/\/jinhuaceramic.com\/wp-content\/uploads\/2025\/03\/Off-White-Wholesale-Tableware-Crockery-Set-Deals-Dinner-Services-2-660x660.webp 660w\" sizes=\"(max-width: 1600px) 100vw, 1600px\" \/><\/figure>\n<\/div>\n<\/div>","protected":false},"excerpt":{"rendered":"<p>Bem-vindo a comprar a nossa loi\u00e7a de mesa personalizada. Estes conjuntos de loi\u00e7a por atacado s\u00e3o apreciados pelos clientes no mercado devido \u00e0 sua apar\u00eancia simples e bonita, durabilidade atrav\u00e9s do material cer\u00e2mico, flexibilidade e limpeza sem esfor\u00e7o. Combinando o aspeto e a fun\u00e7\u00e3o, estes conjuntos de loi\u00e7a de cer\u00e2mica tornam-se uma bela pe\u00e7a central \u00e0 mesa e contribuem para melhorar o prazer de jantar.<\/p>","protected":false},"featured_media":8067,"comment_status":"closed","ping_status":"closed","template":"","meta":{"_acf_changed":false},"product_brand":[],"product_cat":[83,54],"product_tag":[],"class_list":{"0":"post-8064","1":"product","2":"type-product","3":"status-publish","4":"has-post-thumbnail","6":"product_cat-wholesale-dinnerware-sets","7":"product_cat-tableware-wholesale","9":"first","10":"instock","11":"shipping-taxable","12":"product-type-simple"},"acf":[],"_links":{"self":[{"href":"https:\/\/jinhuaceramic.com\/pt\/wp-json\/wp\/v2\/product\/8064","targetHints":{"allow":["GET"]}}],"collection":[{"href":"https:\/\/jinhuaceramic.com\/pt\/wp-json\/wp\/v2\/product"}],"about":[{"href":"https:\/\/jinhuaceramic.com\/pt\/wp-json\/wp\/v2\/types\/product"}],"replies":[{"embeddable":true,"href":"https:\/\/jinhuaceramic.com\/pt\/wp-json\/wp\/v2\/comments?post=8064"}],"version-history":[{"count":0,"href":"https:\/\/jinhuaceramic.com\/pt\/wp-json\/wp\/v2\/product\/8064\/revisions"}],"wp:featuredmedia":[{"embeddable":true,"href":"https:\/\/jinhuaceramic.com\/pt\/wp-json\/wp\/v2\/media\/8067"}],"wp:attachment":[{"href":"https:\/\/jinhuaceramic.com\/pt\/wp-json\/wp\/v2\/media?parent=8064"}],"wp:term":[{"taxonomy":"product_brand","embeddable":true,"href":"https:\/\/jinhuaceramic.com\/pt\/wp-json\/wp\/v2\/product_brand?post=8064"},{"taxonomy":"product_cat","embeddable":true,"href":"https:\/\/jinhuaceramic.com\/pt\/wp-json\/wp\/v2\/product_cat?post=8064"},{"taxonomy":"product_tag","embeddable":true,"href":"https:\/\/jinhuaceramic.com\/pt\/wp-json\/wp\/v2\/product_tag?post=8064"}],"curies":[{"name":"wp","href":"https:\/\/api.w.org\/{rel}","templated":true}]}}