{"id":8087,"date":"2025-03-06T09:10:09","date_gmt":"2025-03-06T09:10:09","guid":{"rendered":"https:\/\/jinhuaceramic.com\/?post_type=product&#038;p=8087"},"modified":"2025-03-06T09:10:11","modified_gmt":"2025-03-06T09:10:11","slug":"custom-dinnerware","status":"publish","type":"product","link":"https:\/\/jinhuaceramic.com\/pt\/product\/custom-dinnerware\/","title":{"rendered":"Lou\u00e7a moderna personalizada, pratos e ta\u00e7as de cer\u00e2mica por atacado"},"content":{"rendered":"<div class=\"wp-block-columns is-layout-flex wp-container-core-columns-is-layout-9d6595d7 wp-block-columns-is-layout-flex\">\n<div class=\"wp-block-column is-layout-flow wp-block-column-is-layout-flow\">\n<h3 class=\"wp-block-heading\">Premium Modern Custom Dinnerware Features:<\/h3>\n\n\n\n<ul class=\"wp-block-list\">\n<li><strong>Design moderno:<\/strong> These custom dinnerware sets are off-white with brown edges, have a modern contrast that is simple but warm and can be very well suited to several decor styles. Additionally speckled, the tableware glaze serves to further highlight the beauty of the tableware.<\/li>\n\n\n\n<li><strong>Material duradouro:<\/strong> These plates and bowls wholesale are made of high-quality ceramics, which are long-lasting and not easy to wear out under normal use, therefore having a long service life. The ceramic material is safe and nontoxic; it has a high heat tolerance, is hard to keep smell, and simple to clean.<\/li>\n\n\n\n<li><strong>Praticidade: <\/strong>These custom dinnerware have plates and dishes of several sizes to suit many events. These tableware can offer appropriate tableware choices for a business banquet, a get-together of friends, or a family meal.<\/li>\n\n\n\n<li><strong>Improve Dining Quality:<\/strong> These ceramic plates and dishes wholesale, with their special design and topnotch materials, to elevate dining quality. They let individuals enjoy the beauty and standard of living during their dinner in addition to meeting minimum food requirements.<\/li>\n<\/ul>\n<\/div>\n\n\n\n<div class=\"wp-block-column is-layout-flow wp-block-column-is-layout-flow\">\n<figure class=\"wp-block-image size-full\"><img fetchpriority=\"high\" decoding=\"async\" width=\"1600\" height=\"1600\" src=\"https:\/\/jinhuaceramic.com\/wp-content\/uploads\/2025\/03\/Modern-Custom-Dinnerware-Set-Wholesale-Ceramic-Plates-Bulk-Tableware-2.webp\" alt=\"Modern Custom Dinnerware, Ceramic Plates and Bowls Wholesale-1\" class=\"wp-image-8088\" srcset=\"https:\/\/jinhuaceramic.com\/wp-content\/uploads\/2025\/03\/Modern-Custom-Dinnerware-Set-Wholesale-Ceramic-Plates-Bulk-Tableware-2.webp 1600w, https:\/\/jinhuaceramic.com\/wp-content\/uploads\/2025\/03\/Modern-Custom-Dinnerware-Set-Wholesale-Ceramic-Plates-Bulk-Tableware-2-300x300.webp 300w, https:\/\/jinhuaceramic.com\/wp-content\/uploads\/2025\/03\/Modern-Custom-Dinnerware-Set-Wholesale-Ceramic-Plates-Bulk-Tableware-2-150x150.webp 150w, https:\/\/jinhuaceramic.com\/wp-content\/uploads\/2025\/03\/Modern-Custom-Dinnerware-Set-Wholesale-Ceramic-Plates-Bulk-Tableware-2-768x768.webp 768w, https:\/\/jinhuaceramic.com\/wp-content\/uploads\/2025\/03\/Modern-Custom-Dinnerware-Set-Wholesale-Ceramic-Plates-Bulk-Tableware-2-12x12.webp 12w, https:\/\/jinhuaceramic.com\/wp-content\/uploads\/2025\/03\/Modern-Custom-Dinnerware-Set-Wholesale-Ceramic-Plates-Bulk-Tableware-2-285x285.webp 285w, https:\/\/jinhuaceramic.com\/wp-content\/uploads\/2025\/03\/Modern-Custom-Dinnerware-Set-Wholesale-Ceramic-Plates-Bulk-Tableware-2-270x270.webp 270w, https:\/\/jinhuaceramic.com\/wp-content\/uploads\/2025\/03\/Modern-Custom-Dinnerware-Set-Wholesale-Ceramic-Plates-Bulk-Tableware-2-540x540.webp 540w, https:\/\/jinhuaceramic.com\/wp-content\/uploads\/2025\/03\/Modern-Custom-Dinnerware-Set-Wholesale-Ceramic-Plates-Bulk-Tableware-2-660x660.webp 660w\" sizes=\"(max-width: 1600px) 100vw, 1600px\" \/><\/figure>\n<\/div>\n<\/div>","protected":false},"excerpt":{"rendered":"<p>Welcome to purchase our custom dinnerware. These ceramic plates and bowls wholesale are popular because of their simple yet elegant appearance and safe and durable ceramic material, which is suitable for various dining requirements and settings. They are ideal for the intimate setting of a family table and sufficient to reveal the elegant style of a top eatery.<\/p>","protected":false},"featured_media":8093,"comment_status":"closed","ping_status":"closed","template":"","meta":{"_acf_changed":false},"product_brand":[],"product_cat":[83,54],"product_tag":[],"class_list":{"0":"post-8087","1":"product","2":"type-product","3":"status-publish","4":"has-post-thumbnail","6":"product_cat-wholesale-dinnerware-sets","7":"product_cat-tableware-wholesale","9":"first","10":"instock","11":"shipping-taxable","12":"product-type-simple"},"acf":[],"_links":{"self":[{"href":"https:\/\/jinhuaceramic.com\/pt\/wp-json\/wp\/v2\/product\/8087","targetHints":{"allow":["GET"]}}],"collection":[{"href":"https:\/\/jinhuaceramic.com\/pt\/wp-json\/wp\/v2\/product"}],"about":[{"href":"https:\/\/jinhuaceramic.com\/pt\/wp-json\/wp\/v2\/types\/product"}],"replies":[{"embeddable":true,"href":"https:\/\/jinhuaceramic.com\/pt\/wp-json\/wp\/v2\/comments?post=8087"}],"version-history":[{"count":0,"href":"https:\/\/jinhuaceramic.com\/pt\/wp-json\/wp\/v2\/product\/8087\/revisions"}],"wp:featuredmedia":[{"embeddable":true,"href":"https:\/\/jinhuaceramic.com\/pt\/wp-json\/wp\/v2\/media\/8093"}],"wp:attachment":[{"href":"https:\/\/jinhuaceramic.com\/pt\/wp-json\/wp\/v2\/media?parent=8087"}],"wp:term":[{"taxonomy":"product_brand","embeddable":true,"href":"https:\/\/jinhuaceramic.com\/pt\/wp-json\/wp\/v2\/product_brand?post=8087"},{"taxonomy":"product_cat","embeddable":true,"href":"https:\/\/jinhuaceramic.com\/pt\/wp-json\/wp\/v2\/product_cat?post=8087"},{"taxonomy":"product_tag","embeddable":true,"href":"https:\/\/jinhuaceramic.com\/pt\/wp-json\/wp\/v2\/product_tag?post=8087"}],"curies":[{"name":"wp","href":"https:\/\/api.w.org\/{rel}","templated":true}]}}