{"id":8112,"date":"2025-03-08T04:01:17","date_gmt":"2025-03-08T04:01:17","guid":{"rendered":"https:\/\/jinhuaceramic.com\/?post_type=product&#038;p=8112"},"modified":"2025-03-10T02:27:31","modified_gmt":"2025-03-10T02:27:31","slug":"bespoke-tableware","status":"publish","type":"product","link":"https:\/\/jinhuaceramic.com\/pt\/product\/bespoke-tableware\/","title":{"rendered":"Servi\u00e7o de jantar para 12 pessoas, lou\u00e7a de mesa azul de alta qualidade por atacado"},"content":{"rendered":"<div class=\"wp-block-columns is-layout-flex wp-container-core-columns-is-layout-9d6595d7 wp-block-columns-is-layout-flex\">\n<div class=\"wp-block-column is-layout-flow wp-block-column-is-layout-flow\">\n<h3 class=\"wp-block-heading\">Talheres de mesa Premium Blue Bespoke Carater\u00edsticas:<\/h3>\n\n\n\n<ul class=\"wp-block-list\">\n<li><strong>Est\u00e9tica:<\/strong> Este servi\u00e7o de jantar por atacado \u00e9 de um azul sereno e suave, com um acabamento de gr\u00e3o fino no exterior que d\u00e1 um aspeto r\u00fastico feito \u00e0 m\u00e3o. O servi\u00e7o de mesa tem linhas douradas nas bordas, que d\u00e3o um aspeto contrastante ao azul principal, transmitindo delicadeza e eleg\u00e2ncia, adequado para todos os tipos de ocasi\u00f5es de jantar formais ou informais.<\/li>\n\n\n\n<li><strong>Durabilidade:<\/strong> Estes utens\u00edlios de mesa de cer\u00e2mica de alta qualidade feitos \u00e0 medida t\u00eam uma excelente durabilidade e resist\u00eancia ao desgaste. Mesmo ap\u00f3s uma utiliza\u00e7\u00e3o prolongada, os utens\u00edlios de mesa nunca perder\u00e3o o seu brilho e textura originais e n\u00e3o podem ser facilmente riscados ou desbotados.<\/li>\n\n\n\n<li><strong>Seguran\u00e7a: <\/strong>Estes utens\u00edlios de mesa de cer\u00e2mica por medida n\u00e3o s\u00e3o t\u00f3xicos para produtos qu\u00edmicos como o chumbo, s\u00e3o amigos do ambiente e n\u00e3o t\u00f3xicos, s\u00e3o saud\u00e1veis e seguros para utiliza\u00e7\u00e3o e s\u00e3o resistentes ao calor, pelo que s\u00e3o ideais para servir qualquer tipo de alimentos quentes.<\/li>\n\n\n\n<li><strong>Praticidade:<\/strong> A loi\u00e7a de jantar por grosso encontrada aqui inclui pratos e tigelas de diferentes tamanhos para suportar alimentos variados. H\u00e1 pratos grandes perfeitos para as entradas, pratos pequenos perfeitos para os aperitivos, acompanhamentos e outras pequenas por\u00e7\u00f5es, e tigelas perfeitas para a sopa, os cereais, o arroz e muito mais.<\/li>\n<\/ul>\n<\/div>\n\n\n\n<div class=\"wp-block-column is-layout-flow wp-block-column-is-layout-flow\">\n<figure class=\"wp-block-image size-full\"><img fetchpriority=\"high\" decoding=\"async\" width=\"2000\" height=\"2000\" src=\"https:\/\/jinhuaceramic.com\/wp-content\/uploads\/2025\/03\/High-Quality-Blue-Custom-Tableware-Dinner-Service-For-12-Dinnerware-Set-3.webp\" alt=\"alta qualidade-azul-espec\u00edfico-servi\u00e7o-de-jantar-servi\u00e7o-de-jantar-para-12-pratos-por-grosso-2\" class=\"wp-image-8114\" srcset=\"https:\/\/jinhuaceramic.com\/wp-content\/uploads\/2025\/03\/High-Quality-Blue-Custom-Tableware-Dinner-Service-For-12-Dinnerware-Set-3.webp 2000w, https:\/\/jinhuaceramic.com\/wp-content\/uploads\/2025\/03\/High-Quality-Blue-Custom-Tableware-Dinner-Service-For-12-Dinnerware-Set-3-300x300.webp 300w, https:\/\/jinhuaceramic.com\/wp-content\/uploads\/2025\/03\/High-Quality-Blue-Custom-Tableware-Dinner-Service-For-12-Dinnerware-Set-3-150x150.webp 150w, https:\/\/jinhuaceramic.com\/wp-content\/uploads\/2025\/03\/High-Quality-Blue-Custom-Tableware-Dinner-Service-For-12-Dinnerware-Set-3-768x768.webp 768w, https:\/\/jinhuaceramic.com\/wp-content\/uploads\/2025\/03\/High-Quality-Blue-Custom-Tableware-Dinner-Service-For-12-Dinnerware-Set-3-12x12.webp 12w, https:\/\/jinhuaceramic.com\/wp-content\/uploads\/2025\/03\/High-Quality-Blue-Custom-Tableware-Dinner-Service-For-12-Dinnerware-Set-3-285x285.webp 285w, https:\/\/jinhuaceramic.com\/wp-content\/uploads\/2025\/03\/High-Quality-Blue-Custom-Tableware-Dinner-Service-For-12-Dinnerware-Set-3-1600x1600.webp 1600w, https:\/\/jinhuaceramic.com\/wp-content\/uploads\/2025\/03\/High-Quality-Blue-Custom-Tableware-Dinner-Service-For-12-Dinnerware-Set-3-270x270.webp 270w, https:\/\/jinhuaceramic.com\/wp-content\/uploads\/2025\/03\/High-Quality-Blue-Custom-Tableware-Dinner-Service-For-12-Dinnerware-Set-3-540x540.webp 540w, https:\/\/jinhuaceramic.com\/wp-content\/uploads\/2025\/03\/High-Quality-Blue-Custom-Tableware-Dinner-Service-For-12-Dinnerware-Set-3-660x660.webp 660w\" sizes=\"(max-width: 2000px) 100vw, 2000px\" \/><\/figure>\n<\/div>\n<\/div>","protected":false},"excerpt":{"rendered":"<p>Bem-vindo a comprar a nossa loi\u00e7a de mesa \u00e0 medida. Estes utens\u00edlios de jantar de cer\u00e2mica por atacado n\u00e3o s\u00e3o apenas lindos, duradouros, seguros, saud\u00e1veis e vers\u00e1teis, mas tamb\u00e9m esteticamente agrad\u00e1veis e funcionais, e podem ser combinados com v\u00e1rios estilos de configura\u00e7\u00f5es de mesa, adicionando cor \u00e0 mesa e aumentando o prazer de jantar.<\/p>","protected":false},"featured_media":8115,"comment_status":"closed","ping_status":"closed","template":"","meta":{"_acf_changed":false},"product_brand":[],"product_cat":[83,54],"product_tag":[],"class_list":{"0":"post-8112","1":"product","2":"type-product","3":"status-publish","4":"has-post-thumbnail","6":"product_cat-wholesale-dinnerware-sets","7":"product_cat-tableware-wholesale","9":"first","10":"instock","11":"shipping-taxable","12":"product-type-simple"},"acf":[],"_links":{"self":[{"href":"https:\/\/jinhuaceramic.com\/pt\/wp-json\/wp\/v2\/product\/8112","targetHints":{"allow":["GET"]}}],"collection":[{"href":"https:\/\/jinhuaceramic.com\/pt\/wp-json\/wp\/v2\/product"}],"about":[{"href":"https:\/\/jinhuaceramic.com\/pt\/wp-json\/wp\/v2\/types\/product"}],"replies":[{"embeddable":true,"href":"https:\/\/jinhuaceramic.com\/pt\/wp-json\/wp\/v2\/comments?post=8112"}],"version-history":[{"count":0,"href":"https:\/\/jinhuaceramic.com\/pt\/wp-json\/wp\/v2\/product\/8112\/revisions"}],"wp:featuredmedia":[{"embeddable":true,"href":"https:\/\/jinhuaceramic.com\/pt\/wp-json\/wp\/v2\/media\/8115"}],"wp:attachment":[{"href":"https:\/\/jinhuaceramic.com\/pt\/wp-json\/wp\/v2\/media?parent=8112"}],"wp:term":[{"taxonomy":"product_brand","embeddable":true,"href":"https:\/\/jinhuaceramic.com\/pt\/wp-json\/wp\/v2\/product_brand?post=8112"},{"taxonomy":"product_cat","embeddable":true,"href":"https:\/\/jinhuaceramic.com\/pt\/wp-json\/wp\/v2\/product_cat?post=8112"},{"taxonomy":"product_tag","embeddable":true,"href":"https:\/\/jinhuaceramic.com\/pt\/wp-json\/wp\/v2\/product_tag?post=8112"}],"curies":[{"name":"wp","href":"https:\/\/api.w.org\/{rel}","templated":true}]}}