{"id":8147,"date":"2025-03-11T02:26:24","date_gmt":"2025-03-11T02:26:24","guid":{"rendered":"https:\/\/jinhuaceramic.com\/?post_type=product&#038;p=8147"},"modified":"2025-03-11T02:26:25","modified_gmt":"2025-03-11T02:26:25","slug":"ceramic-dinnerware-wholesale","status":"publish","type":"product","link":"https:\/\/jinhuaceramic.com\/pt\/product\/ceramic-dinnerware-wholesale\/","title":{"rendered":"Lou\u00e7a de cer\u00e2mica de dois tons por atacado, pratos de jantar de cer\u00e2mica personalizados a granel"},"content":{"rendered":"<div class=\"wp-block-columns is-layout-flex wp-container-core-columns-is-layout-9d6595d7 wp-block-columns-is-layout-flex\">\n<div class=\"wp-block-column is-layout-flow wp-block-column-is-layout-flow\">\n<h3 class=\"wp-block-heading\">Servi\u00e7o de jantar em cer\u00e2mica de dois tons Premium Carater\u00edsticas por atacado:<\/h3>\n\n\n\n<ul class=\"wp-block-list\">\n<li><strong>Design em dois tons: <\/strong>Este servi\u00e7o de jantar em cer\u00e2mica para venda por grosso tem um design \u00fanico em dois tons, com preto brilhante no interior e bege mate no exterior, tamb\u00e9m com bordos castanhos. Rudes mas bonitos, podem decorar a mesa de jantar e combinar com qualquer estilo de decora\u00e7\u00e3o e situa\u00e7\u00e3o de jantar.<\/li>\n\n\n\n<li><strong>Material cer\u00e2mico de alta qualidade: <\/strong>Estes pratos e ta\u00e7as de cer\u00e2mica personalizados de alta qualidade s\u00e3o extremamente resistentes em termos de dureza e podem absorver algum impacto e fric\u00e7\u00e3o sem se danificarem facilmente. Isto torna estes utens\u00edlios de mesa mais fortes quando utilizados e capazes de se manterem bonitos e intactos durante d\u00e9cadas.<\/li>\n\n\n\n<li><strong>Versatilidade: <\/strong>S\u00e3o pratos e tigelas no com\u00e9rcio grossista de lou\u00e7a de cer\u00e2mica. Os pratos grandes podem conter pratos principais, os pratos pequenos podem conter acompanhamentos ou lanches e as tigelas fundas podem conter sopas, macarr\u00e3o, etc., para atender a v\u00e1rias necessidades de servir alimentos.<\/li>\n\n\n\n<li><strong>F\u00e1cil de limpar: <\/strong>Estes pratos e ta\u00e7as de cer\u00e2mica personalizados s\u00e3o mais f\u00e1ceis de limpar e conservar do que outros utens\u00edlios de mesa de qualquer outro material. As manchas n\u00e3o oleosas e oleosas podem ser simplesmente limpas com um simples enxaguamento em \u00e1gua doce e as manchas oleosas com sab\u00e3o suave.<\/li>\n<\/ul>\n<\/div>\n\n\n\n<div class=\"wp-block-column is-layout-flow wp-block-column-is-layout-flow\">\n<figure class=\"wp-block-image size-full\"><img fetchpriority=\"high\" decoding=\"async\" width=\"800\" height=\"800\" src=\"https:\/\/jinhuaceramic.com\/wp-content\/uploads\/2025\/03\/Two-Tone-Wholesale-Tableware-Set-Custom-Ceramic-Dinner-Plates-Bulk-6.webp\" alt=\"Lou\u00e7a de cer\u00e2mica de dois tons por atacado, pratos de jantar de cer\u00e2mica personalizados a granel-5\" class=\"wp-image-8152\" srcset=\"https:\/\/jinhuaceramic.com\/wp-content\/uploads\/2025\/03\/Two-Tone-Wholesale-Tableware-Set-Custom-Ceramic-Dinner-Plates-Bulk-6.webp 800w, https:\/\/jinhuaceramic.com\/wp-content\/uploads\/2025\/03\/Two-Tone-Wholesale-Tableware-Set-Custom-Ceramic-Dinner-Plates-Bulk-6-300x300.webp 300w, https:\/\/jinhuaceramic.com\/wp-content\/uploads\/2025\/03\/Two-Tone-Wholesale-Tableware-Set-Custom-Ceramic-Dinner-Plates-Bulk-6-150x150.webp 150w, https:\/\/jinhuaceramic.com\/wp-content\/uploads\/2025\/03\/Two-Tone-Wholesale-Tableware-Set-Custom-Ceramic-Dinner-Plates-Bulk-6-768x768.webp 768w, https:\/\/jinhuaceramic.com\/wp-content\/uploads\/2025\/03\/Two-Tone-Wholesale-Tableware-Set-Custom-Ceramic-Dinner-Plates-Bulk-6-12x12.webp 12w, https:\/\/jinhuaceramic.com\/wp-content\/uploads\/2025\/03\/Two-Tone-Wholesale-Tableware-Set-Custom-Ceramic-Dinner-Plates-Bulk-6-285x285.webp 285w, https:\/\/jinhuaceramic.com\/wp-content\/uploads\/2025\/03\/Two-Tone-Wholesale-Tableware-Set-Custom-Ceramic-Dinner-Plates-Bulk-6-270x270.webp 270w, https:\/\/jinhuaceramic.com\/wp-content\/uploads\/2025\/03\/Two-Tone-Wholesale-Tableware-Set-Custom-Ceramic-Dinner-Plates-Bulk-6-540x540.webp 540w, https:\/\/jinhuaceramic.com\/wp-content\/uploads\/2025\/03\/Two-Tone-Wholesale-Tableware-Set-Custom-Ceramic-Dinner-Plates-Bulk-6-660x660.webp 660w\" sizes=\"(max-width: 800px) 100vw, 800px\" \/><\/figure>\n<\/div>\n<\/div>","protected":false},"excerpt":{"rendered":"<p>Venha e compre a nossa loi\u00e7a de cer\u00e2mica por atacado. Estes pratos e tigelas de cer\u00e2mica personalizados s\u00e3o primorosamente projetados, com cores contrastantes em preto e bege e bordas marrons; eles s\u00e3o feitos de materiais cer\u00e2micos naturais e s\u00e3o seguros para consumo; os pratos e tigelas s\u00e3o combinados para atender a v\u00e1rios requisitos e s\u00e3o f\u00e1ceis de limpar, convenientes e dur\u00e1veis, e podem ser usados para consumo pessoal e entretenimento de convidados.<\/p>","protected":false},"featured_media":8148,"comment_status":"closed","ping_status":"closed","template":"","meta":{"_acf_changed":false},"product_brand":[],"product_cat":[83,54],"product_tag":[],"class_list":{"0":"post-8147","1":"product","2":"type-product","3":"status-publish","4":"has-post-thumbnail","6":"product_cat-wholesale-dinnerware-sets","7":"product_cat-tableware-wholesale","9":"first","10":"instock","11":"shipping-taxable","12":"product-type-simple"},"acf":[],"_links":{"self":[{"href":"https:\/\/jinhuaceramic.com\/pt\/wp-json\/wp\/v2\/product\/8147","targetHints":{"allow":["GET"]}}],"collection":[{"href":"https:\/\/jinhuaceramic.com\/pt\/wp-json\/wp\/v2\/product"}],"about":[{"href":"https:\/\/jinhuaceramic.com\/pt\/wp-json\/wp\/v2\/types\/product"}],"replies":[{"embeddable":true,"href":"https:\/\/jinhuaceramic.com\/pt\/wp-json\/wp\/v2\/comments?post=8147"}],"version-history":[{"count":0,"href":"https:\/\/jinhuaceramic.com\/pt\/wp-json\/wp\/v2\/product\/8147\/revisions"}],"wp:featuredmedia":[{"embeddable":true,"href":"https:\/\/jinhuaceramic.com\/pt\/wp-json\/wp\/v2\/media\/8148"}],"wp:attachment":[{"href":"https:\/\/jinhuaceramic.com\/pt\/wp-json\/wp\/v2\/media?parent=8147"}],"wp:term":[{"taxonomy":"product_brand","embeddable":true,"href":"https:\/\/jinhuaceramic.com\/pt\/wp-json\/wp\/v2\/product_brand?post=8147"},{"taxonomy":"product_cat","embeddable":true,"href":"https:\/\/jinhuaceramic.com\/pt\/wp-json\/wp\/v2\/product_cat?post=8147"},{"taxonomy":"product_tag","embeddable":true,"href":"https:\/\/jinhuaceramic.com\/pt\/wp-json\/wp\/v2\/product_tag?post=8147"}],"curies":[{"name":"wp","href":"https:\/\/api.w.org\/{rel}","templated":true}]}}