{"id":8185,"date":"2025-03-14T03:05:17","date_gmt":"2025-03-14T03:05:17","guid":{"rendered":"https:\/\/jinhuaceramic.com\/?post_type=product&#038;p=8185"},"modified":"2025-03-21T01:28:00","modified_gmt":"2025-03-21T01:28:00","slug":"custom-ceramic-dinnerware","status":"publish","type":"product","link":"https:\/\/jinhuaceramic.com\/pt\/product\/custom-ceramic-dinnerware\/","title":{"rendered":"Lou\u00e7a de cer\u00e2mica r\u00fastica personalizada, pratos e ta\u00e7as de cer\u00e2mica por atacado"},"content":{"rendered":"<div class=\"wp-block-columns is-layout-flex wp-container-core-columns-is-layout-9d6595d7 wp-block-columns-is-layout-flex\">\n<div class=\"wp-block-column is-layout-flow wp-block-column-is-layout-flow\">\n<h3 class=\"wp-block-heading\">Servi\u00e7o de jantar em cer\u00e2mica personalizada r\u00fastica de qualidade superior Carater\u00edsticas:<\/h3>\n\n\n\n<ul class=\"wp-block-list\">\n<li><strong>Design r\u00fastico:<\/strong> A combina\u00e7\u00e3o de bege e castanho nestes aparelhos de jantar em cer\u00e2mica personalizados \u00e9 r\u00fastica e elegante. O bege proporciona uma atmosfera quente e acolhedora, enquanto o bordo castanho introduz uma sensa\u00e7\u00e3o de estabilidade e qualidade de luxo na loi\u00e7a, que pode contribuir para a beleza geral da mesa de jantar e para o estilo e gosto do propriet\u00e1rio.<\/li>\n\n\n\n<li><strong>Material de alta qualidade:<\/strong> Estes pratos e ta\u00e7as de cer\u00e2mica por atacado s\u00e3o feitos de cer\u00e2mica de alta qualidade com elevada dureza e podem absorver algum impacto e fric\u00e7\u00e3o. Estas cer\u00e2micas de mesa de alta qualidade s\u00e3o seguras e n\u00e3o t\u00f3xicas e podem suportar calor elevado para manter os alimentos quentes.<\/li>\n\n\n\n<li><strong>Forte car\u00e1cter pr\u00e1tico:<\/strong> Estes aparelhos de jantar em cer\u00e2mica personalizados t\u00eam pratos redondos grandes para os pratos principais, pratos redondos pequenos para os acompanhamentos ou refei\u00e7\u00f5es ligeiras e tigelas para sopas ou massas. Esta combina\u00e7\u00e3o diversificada faz com que a loi\u00e7a se destaque pelo seu car\u00e1cter pr\u00e1tico.<\/li>\n\n\n\n<li><strong>Ampla aplicabilidade: <\/strong>Estes pratos e tigelas de cer\u00e2mica por atacado s\u00e3o perfeitos para uso di\u00e1rio pela fam\u00edlia, reuni\u00e3o de amigos e jantar formal e outras ocasi\u00f5es, e podem ser vers\u00e1teis para combinar com diferentes tipos de configura\u00e7\u00f5es de mesa. Podem ser encontrados em casa e em restaurantes de alta classe.<\/li>\n<\/ul>\n<\/div>\n\n\n\n<div class=\"wp-block-column is-layout-flow wp-block-column-is-layout-flow\">\n<figure class=\"wp-block-image size-full\"><img fetchpriority=\"high\" decoding=\"async\" width=\"2000\" height=\"2000\" src=\"https:\/\/jinhuaceramic.com\/wp-content\/uploads\/2025\/03\/Rustic-Custom-Dinnerware-Set-Wholesale-Tableware-Ceramic-Dinner-Plates-2.webp\" alt=\"loi\u00e7a de cer\u00e2mica r\u00fastica personalizada - pratos e ta\u00e7as de cer\u00e2mica - venda por grosso-1\" class=\"wp-image-8186\" srcset=\"https:\/\/jinhuaceramic.com\/wp-content\/uploads\/2025\/03\/Rustic-Custom-Dinnerware-Set-Wholesale-Tableware-Ceramic-Dinner-Plates-2.webp 2000w, https:\/\/jinhuaceramic.com\/wp-content\/uploads\/2025\/03\/Rustic-Custom-Dinnerware-Set-Wholesale-Tableware-Ceramic-Dinner-Plates-2-300x300.webp 300w, https:\/\/jinhuaceramic.com\/wp-content\/uploads\/2025\/03\/Rustic-Custom-Dinnerware-Set-Wholesale-Tableware-Ceramic-Dinner-Plates-2-150x150.webp 150w, https:\/\/jinhuaceramic.com\/wp-content\/uploads\/2025\/03\/Rustic-Custom-Dinnerware-Set-Wholesale-Tableware-Ceramic-Dinner-Plates-2-768x768.webp 768w, https:\/\/jinhuaceramic.com\/wp-content\/uploads\/2025\/03\/Rustic-Custom-Dinnerware-Set-Wholesale-Tableware-Ceramic-Dinner-Plates-2-12x12.webp 12w, https:\/\/jinhuaceramic.com\/wp-content\/uploads\/2025\/03\/Rustic-Custom-Dinnerware-Set-Wholesale-Tableware-Ceramic-Dinner-Plates-2-285x285.webp 285w, https:\/\/jinhuaceramic.com\/wp-content\/uploads\/2025\/03\/Rustic-Custom-Dinnerware-Set-Wholesale-Tableware-Ceramic-Dinner-Plates-2-1600x1600.webp 1600w, https:\/\/jinhuaceramic.com\/wp-content\/uploads\/2025\/03\/Rustic-Custom-Dinnerware-Set-Wholesale-Tableware-Ceramic-Dinner-Plates-2-270x270.webp 270w, https:\/\/jinhuaceramic.com\/wp-content\/uploads\/2025\/03\/Rustic-Custom-Dinnerware-Set-Wholesale-Tableware-Ceramic-Dinner-Plates-2-540x540.webp 540w, https:\/\/jinhuaceramic.com\/wp-content\/uploads\/2025\/03\/Rustic-Custom-Dinnerware-Set-Wholesale-Tableware-Ceramic-Dinner-Plates-2-660x660.webp 660w\" sizes=\"(max-width: 2000px) 100vw, 2000px\" \/><\/figure>\n<\/div>\n<\/div>","protected":false},"excerpt":{"rendered":"<p>Bem-vindo a comprar os nossos pratos e ta\u00e7as de cer\u00e2mica por grosso. Estes aparelhos de jantar em cer\u00e2mica personalizados s\u00e3o simultaneamente decorativos e funcionais. O castanho claro universal e r\u00fastico combinado com bege combina bem com a maioria dos ambientes de jantar e estilos de casa e pode conter qualquer alimento. A sua cer\u00e2mica n\u00e3o \u00e9 apenas dur\u00e1vel e resistente ao desgaste, mas tamb\u00e9m f\u00e1cil de limpar, o que a torna ideal para o uso quotidiano ou mesmo para uma ocasi\u00e3o especial.<\/p>","protected":false},"featured_media":8188,"comment_status":"closed","ping_status":"closed","template":"","meta":{"_acf_changed":false},"product_brand":[],"product_cat":[83,54],"product_tag":[],"class_list":{"0":"post-8185","1":"product","2":"type-product","3":"status-publish","4":"has-post-thumbnail","6":"product_cat-wholesale-dinnerware-sets","7":"product_cat-tableware-wholesale","9":"first","10":"instock","11":"shipping-taxable","12":"product-type-simple"},"acf":[],"_links":{"self":[{"href":"https:\/\/jinhuaceramic.com\/pt\/wp-json\/wp\/v2\/product\/8185","targetHints":{"allow":["GET"]}}],"collection":[{"href":"https:\/\/jinhuaceramic.com\/pt\/wp-json\/wp\/v2\/product"}],"about":[{"href":"https:\/\/jinhuaceramic.com\/pt\/wp-json\/wp\/v2\/types\/product"}],"replies":[{"embeddable":true,"href":"https:\/\/jinhuaceramic.com\/pt\/wp-json\/wp\/v2\/comments?post=8185"}],"version-history":[{"count":0,"href":"https:\/\/jinhuaceramic.com\/pt\/wp-json\/wp\/v2\/product\/8185\/revisions"}],"wp:featuredmedia":[{"embeddable":true,"href":"https:\/\/jinhuaceramic.com\/pt\/wp-json\/wp\/v2\/media\/8188"}],"wp:attachment":[{"href":"https:\/\/jinhuaceramic.com\/pt\/wp-json\/wp\/v2\/media?parent=8185"}],"wp:term":[{"taxonomy":"product_brand","embeddable":true,"href":"https:\/\/jinhuaceramic.com\/pt\/wp-json\/wp\/v2\/product_brand?post=8185"},{"taxonomy":"product_cat","embeddable":true,"href":"https:\/\/jinhuaceramic.com\/pt\/wp-json\/wp\/v2\/product_cat?post=8185"},{"taxonomy":"product_tag","embeddable":true,"href":"https:\/\/jinhuaceramic.com\/pt\/wp-json\/wp\/v2\/product_tag?post=8185"}],"curies":[{"name":"wp","href":"https:\/\/api.w.org\/{rel}","templated":true}]}}