{"id":8218,"date":"2025-03-14T02:02:38","date_gmt":"2025-03-14T02:02:38","guid":{"rendered":"https:\/\/jinhuaceramic.com\/?post_type=product&#038;p=8218"},"modified":"2025-03-14T02:15:22","modified_gmt":"2025-03-14T02:15:22","slug":"bespoke-dinnerware","status":"publish","type":"product","link":"https:\/\/jinhuaceramic.com\/pt\/product\/bespoke-dinnerware\/","title":{"rendered":"Servi\u00e7o de jantar personalizado de alta qualidade, Servi\u00e7o de mesa em cer\u00e2mica por atacado 4 pe\u00e7as"},"content":{"rendered":"<div class=\"wp-block-columns is-layout-flex wp-container-core-columns-is-layout-9d6595d7 wp-block-columns-is-layout-flex\">\n<div class=\"wp-block-column is-layout-flow wp-block-column-is-layout-flow\">\n<h3 class=\"wp-block-heading\">Servi\u00e7o de jantar personalizado de alta qualidade Carater\u00edsticas:<\/h3>\n\n\n\n<ul class=\"wp-block-list\">\n<li><strong>Design elegante:<\/strong> Estes utens\u00edlios de mesa de cer\u00e2mica por atacado s\u00e3o azul-acinzentados e t\u00eam uma borda de castanho vintage, possuindo assim um aspeto simples mas elegante que se incorporar\u00e1 perfeitamente em qualquer decora\u00e7\u00e3o dom\u00e9stica. D\u00e3o um aspeto \u00fanico \u00e0 mesa de jantar.<\/li>\n\n\n\n<li><strong>Materiais de alta qualidade:<\/strong> Estes aparelhos de jantar personalizados s\u00e3o feitos de material cer\u00e2mico de alta qualidade atrav\u00e9s de cozedura a alta temperatura, sem quaisquer materiais t\u00f3xicos, de acordo com as normas internacionais de seguran\u00e7a em contacto com os alimentos, e s\u00e3o seguros para utiliza\u00e7\u00e3o nas refei\u00e7\u00f5es di\u00e1rias.<\/li>\n\n\n\n<li><strong>Acabamento requintado: <\/strong>Estes utens\u00edlios de mesa de cer\u00e2mica por atacado s\u00e3o feitos com artesanato requintado e trabalhadores profissionais, de modo que a textura da superf\u00edcie \u00e9 macia, a cor \u00e9 uniforme, as bordas s\u00e3o bem polidas, e \u00e9 uma alegria para tocar.<\/li>\n\n\n\n<li><strong>Forte car\u00e1cter pr\u00e1tico:<\/strong> Estes aparelhos de jantar feitos \u00e0 medida s\u00e3o pratos e ta\u00e7as para diferentes necessidades de servir alimentos. Os pratos s\u00e3o de tamanho m\u00e9dio, adequados para servir alimentos e pratos comuns; as ta\u00e7as t\u00eam uma profundidade e volume moderados e s\u00e3o adequadas para servir sopas, saladas ou cereais, etc., para satisfazer as necessidades de refei\u00e7\u00f5es familiares comuns e pequenas festas.<\/li>\n<\/ul>\n<\/div>\n\n\n\n<div class=\"wp-block-column is-layout-flow wp-block-column-is-layout-flow\">\n<figure class=\"wp-block-image size-full\"><img fetchpriority=\"high\" decoding=\"async\" width=\"800\" height=\"800\" src=\"https:\/\/jinhuaceramic.com\/wp-content\/uploads\/2025\/03\/High-End-Custom-Tableware-Set-Ceramic-Dinner-Service-For-4-Dinnerware-Set-6.webp\" alt=\"Servi\u00e7o de jantar topo de gama feito \u00e0 medida - talheres de cer\u00e2mica para venda por grosso - 4 pe\u00e7as - 1\" class=\"wp-image-8223\" srcset=\"https:\/\/jinhuaceramic.com\/wp-content\/uploads\/2025\/03\/High-End-Custom-Tableware-Set-Ceramic-Dinner-Service-For-4-Dinnerware-Set-6.webp 800w, https:\/\/jinhuaceramic.com\/wp-content\/uploads\/2025\/03\/High-End-Custom-Tableware-Set-Ceramic-Dinner-Service-For-4-Dinnerware-Set-6-300x300.webp 300w, https:\/\/jinhuaceramic.com\/wp-content\/uploads\/2025\/03\/High-End-Custom-Tableware-Set-Ceramic-Dinner-Service-For-4-Dinnerware-Set-6-150x150.webp 150w, https:\/\/jinhuaceramic.com\/wp-content\/uploads\/2025\/03\/High-End-Custom-Tableware-Set-Ceramic-Dinner-Service-For-4-Dinnerware-Set-6-768x768.webp 768w, https:\/\/jinhuaceramic.com\/wp-content\/uploads\/2025\/03\/High-End-Custom-Tableware-Set-Ceramic-Dinner-Service-For-4-Dinnerware-Set-6-12x12.webp 12w, https:\/\/jinhuaceramic.com\/wp-content\/uploads\/2025\/03\/High-End-Custom-Tableware-Set-Ceramic-Dinner-Service-For-4-Dinnerware-Set-6-285x285.webp 285w, https:\/\/jinhuaceramic.com\/wp-content\/uploads\/2025\/03\/High-End-Custom-Tableware-Set-Ceramic-Dinner-Service-For-4-Dinnerware-Set-6-270x270.webp 270w, https:\/\/jinhuaceramic.com\/wp-content\/uploads\/2025\/03\/High-End-Custom-Tableware-Set-Ceramic-Dinner-Service-For-4-Dinnerware-Set-6-540x540.webp 540w, https:\/\/jinhuaceramic.com\/wp-content\/uploads\/2025\/03\/High-End-Custom-Tableware-Set-Ceramic-Dinner-Service-For-4-Dinnerware-Set-6-660x660.webp 660w\" sizes=\"(max-width: 800px) 100vw, 800px\" \/><\/figure>\n<\/div>\n<\/div>","protected":false},"excerpt":{"rendered":"<p>Bem-vindo a comprar a nossa loi\u00e7a de cer\u00e2mica por atacado. Esta loi\u00e7a de alta qualidade por medida chama a aten\u00e7\u00e3o pelo seu design elegante, materiais seguros que fazem com que as pessoas se sintam \u00e0 vontade para utilizar, combina\u00e7\u00f5es pr\u00e1ticas que satisfazem diversas necessidades e um artesanato requintado que garante a qualidade. S\u00e3o simultaneamente est\u00e9ticos e pr\u00e1ticos, o que faz com que se destaquem de muitos conjuntos de loi\u00e7a de mesa e sejam muito populares entre os consumidores.<\/p>","protected":false},"featured_media":8224,"comment_status":"closed","ping_status":"closed","template":"","meta":{"_acf_changed":false},"product_brand":[],"product_cat":[83,54],"product_tag":[],"class_list":{"0":"post-8218","1":"product","2":"type-product","3":"status-publish","4":"has-post-thumbnail","6":"product_cat-wholesale-dinnerware-sets","7":"product_cat-tableware-wholesale","9":"first","10":"instock","11":"shipping-taxable","12":"product-type-simple"},"acf":[],"_links":{"self":[{"href":"https:\/\/jinhuaceramic.com\/pt\/wp-json\/wp\/v2\/product\/8218","targetHints":{"allow":["GET"]}}],"collection":[{"href":"https:\/\/jinhuaceramic.com\/pt\/wp-json\/wp\/v2\/product"}],"about":[{"href":"https:\/\/jinhuaceramic.com\/pt\/wp-json\/wp\/v2\/types\/product"}],"replies":[{"embeddable":true,"href":"https:\/\/jinhuaceramic.com\/pt\/wp-json\/wp\/v2\/comments?post=8218"}],"version-history":[{"count":0,"href":"https:\/\/jinhuaceramic.com\/pt\/wp-json\/wp\/v2\/product\/8218\/revisions"}],"wp:featuredmedia":[{"embeddable":true,"href":"https:\/\/jinhuaceramic.com\/pt\/wp-json\/wp\/v2\/media\/8224"}],"wp:attachment":[{"href":"https:\/\/jinhuaceramic.com\/pt\/wp-json\/wp\/v2\/media?parent=8218"}],"wp:term":[{"taxonomy":"product_brand","embeddable":true,"href":"https:\/\/jinhuaceramic.com\/pt\/wp-json\/wp\/v2\/product_brand?post=8218"},{"taxonomy":"product_cat","embeddable":true,"href":"https:\/\/jinhuaceramic.com\/pt\/wp-json\/wp\/v2\/product_cat?post=8218"},{"taxonomy":"product_tag","embeddable":true,"href":"https:\/\/jinhuaceramic.com\/pt\/wp-json\/wp\/v2\/product_tag?post=8218"}],"curies":[{"name":"wp","href":"https:\/\/api.w.org\/{rel}","templated":true}]}}