{"id":8228,"date":"2025-03-14T02:26:49","date_gmt":"2025-03-14T02:26:49","guid":{"rendered":"https:\/\/jinhuaceramic.com\/?post_type=product&#038;p=8228"},"modified":"2025-03-14T02:26:50","modified_gmt":"2025-03-14T02:26:50","slug":"custom-ceramic-dinner-plates","status":"publish","type":"product","link":"https:\/\/jinhuaceramic.com\/pt\/product\/custom-ceramic-dinner-plates\/","title":{"rendered":"Pratos de jantar em cer\u00e2mica personalizados em branco para restaurante"},"content":{"rendered":"<div class=\"wp-block-columns is-layout-flex wp-container-core-columns-is-layout-9d6595d7 wp-block-columns-is-layout-flex\">\n<div class=\"wp-block-column is-layout-flow wp-block-column-is-layout-flow\">\n<h3 class=\"wp-block-heading\">Pratos de jantar em cer\u00e2mica personalizados Premium Off-White Carater\u00edsticas:<\/h3>\n\n\n\n<ul class=\"wp-block-list\">\n<li><strong>Design elegante:<\/strong> Estes pratos de cer\u00e2mica personalizados em branco t\u00eam um aspeto discreto mas sofisticado, com um design redondo antigo e bordos curvos delicados que formam um rebordo pouco profundo para que a sopa n\u00e3o se espalhe. Um debrum castanho claro ao longo do rebordo do prato confere-lhe um aspeto em camadas e artesanal, dando-lhe assim um toque adicional de singularidade.<\/li>\n\n\n\n<li><strong>Material de alta qualidade:<\/strong> Os nossos pratos de cer\u00e2mica personalizados s\u00e3o feitos de material cer\u00e2mico de alta qualidade e s\u00e3o cozidos em fornos de alta temperatura, que n\u00e3o s\u00e3o facilmente danificados. O esmalte externo n\u00e3o \u00e9 t\u00f3xico e inofensivo, foi submetido a testes de seguran\u00e7a alimentar e pode ser usado com seguran\u00e7a.<\/li>\n\n\n\n<li><strong>V\u00e1rios tamanhos:<\/strong> Estes utens\u00edlios de mesa por grosso s\u00e3o fornecidos em 4 tamanhos para se adequarem a v\u00e1rios fins alimentares. O prato mais pequeno pode ser utilizado para sobremesa ou lanche, o prato m\u00e9dio para acompanhamentos e saladas e o prato grande para pratos principais, como bifes e massas.<\/li>\n\n\n\n<li><strong>Ampla aplicabilidade:<\/strong> Estes utens\u00edlios de mesa por atacado para o jantar podem ser aplicados nas refei\u00e7\u00f5es di\u00e1rias, bem como em ocasi\u00f5es como reuni\u00f5es familiares, jantar de Natal, etc. Para al\u00e9m disso, estes pratos tamb\u00e9m podem ser utilizados em estabelecimentos comerciais, como restaurantes e caf\u00e9s.<\/li>\n<\/ul>\n<\/div>\n\n\n\n<div class=\"wp-block-column is-layout-flow wp-block-column-is-layout-flow\">\n<figure class=\"wp-block-image size-full\"><img fetchpriority=\"high\" decoding=\"async\" width=\"750\" height=\"750\" src=\"https:\/\/jinhuaceramic.com\/wp-content\/uploads\/2025\/03\/Off-White-Custom-Ceramic-Dinner-Plates-Wholesale-Tableware-For-Restaurant.webp\" alt=\"Pratos de jantar em cer\u00e2mica personalizados para restaurantes - talheres de mesa para restaurantes - 1\" class=\"wp-image-8234\" srcset=\"https:\/\/jinhuaceramic.com\/wp-content\/uploads\/2025\/03\/Off-White-Custom-Ceramic-Dinner-Plates-Wholesale-Tableware-For-Restaurant.webp 750w, https:\/\/jinhuaceramic.com\/wp-content\/uploads\/2025\/03\/Off-White-Custom-Ceramic-Dinner-Plates-Wholesale-Tableware-For-Restaurant-300x300.webp 300w, https:\/\/jinhuaceramic.com\/wp-content\/uploads\/2025\/03\/Off-White-Custom-Ceramic-Dinner-Plates-Wholesale-Tableware-For-Restaurant-150x150.webp 150w, https:\/\/jinhuaceramic.com\/wp-content\/uploads\/2025\/03\/Off-White-Custom-Ceramic-Dinner-Plates-Wholesale-Tableware-For-Restaurant-12x12.webp 12w, https:\/\/jinhuaceramic.com\/wp-content\/uploads\/2025\/03\/Off-White-Custom-Ceramic-Dinner-Plates-Wholesale-Tableware-For-Restaurant-285x285.webp 285w, https:\/\/jinhuaceramic.com\/wp-content\/uploads\/2025\/03\/Off-White-Custom-Ceramic-Dinner-Plates-Wholesale-Tableware-For-Restaurant-270x270.webp 270w, https:\/\/jinhuaceramic.com\/wp-content\/uploads\/2025\/03\/Off-White-Custom-Ceramic-Dinner-Plates-Wholesale-Tableware-For-Restaurant-540x540.webp 540w, https:\/\/jinhuaceramic.com\/wp-content\/uploads\/2025\/03\/Off-White-Custom-Ceramic-Dinner-Plates-Wholesale-Tableware-For-Restaurant-660x660.webp 660w\" sizes=\"(max-width: 750px) 100vw, 750px\" \/><\/figure>\n<\/div>\n<\/div>\n\n\n\n<p><\/p>","protected":false},"excerpt":{"rendered":"<p>Comprar a nossa loi\u00e7a de mesa por grosso. Estes pratos de jantar de cer\u00e2mica personalizados destacam-se no mercado pelo seu design elegante, materiais da melhor qualidade, tamanhos funcionais variados e cen\u00e1rios de aplica\u00e7\u00e3o alargados. Para al\u00e9m de serem funcionais, tamb\u00e9m conferem um maior sentido ritual \u00e0s refei\u00e7\u00f5es, o que torna cada refei\u00e7\u00e3o ainda mais luxuosa.<\/p>","protected":false},"featured_media":8230,"comment_status":"closed","ping_status":"closed","template":"","meta":{"_acf_changed":false},"product_brand":[],"product_cat":[84,54],"product_tag":[],"class_list":{"0":"post-8228","1":"product","2":"type-product","3":"status-publish","4":"has-post-thumbnail","6":"product_cat-wholesale-ceramic-plates","7":"product_cat-tableware-wholesale","9":"first","10":"instock","11":"shipping-taxable","12":"product-type-simple"},"acf":[],"_links":{"self":[{"href":"https:\/\/jinhuaceramic.com\/pt\/wp-json\/wp\/v2\/product\/8228","targetHints":{"allow":["GET"]}}],"collection":[{"href":"https:\/\/jinhuaceramic.com\/pt\/wp-json\/wp\/v2\/product"}],"about":[{"href":"https:\/\/jinhuaceramic.com\/pt\/wp-json\/wp\/v2\/types\/product"}],"replies":[{"embeddable":true,"href":"https:\/\/jinhuaceramic.com\/pt\/wp-json\/wp\/v2\/comments?post=8228"}],"version-history":[{"count":0,"href":"https:\/\/jinhuaceramic.com\/pt\/wp-json\/wp\/v2\/product\/8228\/revisions"}],"wp:featuredmedia":[{"embeddable":true,"href":"https:\/\/jinhuaceramic.com\/pt\/wp-json\/wp\/v2\/media\/8230"}],"wp:attachment":[{"href":"https:\/\/jinhuaceramic.com\/pt\/wp-json\/wp\/v2\/media?parent=8228"}],"wp:term":[{"taxonomy":"product_brand","embeddable":true,"href":"https:\/\/jinhuaceramic.com\/pt\/wp-json\/wp\/v2\/product_brand?post=8228"},{"taxonomy":"product_cat","embeddable":true,"href":"https:\/\/jinhuaceramic.com\/pt\/wp-json\/wp\/v2\/product_cat?post=8228"},{"taxonomy":"product_tag","embeddable":true,"href":"https:\/\/jinhuaceramic.com\/pt\/wp-json\/wp\/v2\/product_tag?post=8228"}],"curies":[{"name":"wp","href":"https:\/\/api.w.org\/{rel}","templated":true}]}}