{"id":8250,"date":"2025-03-18T03:02:53","date_gmt":"2025-03-18T03:02:53","guid":{"rendered":"https:\/\/jinhuaceramic.com\/?post_type=product&#038;p=8250"},"modified":"2025-03-18T03:02:54","modified_gmt":"2025-03-18T03:02:54","slug":"restaurant-tableware-supplies","status":"publish","type":"product","link":"https:\/\/jinhuaceramic.com\/pt\/product\/restaurant-tableware-supplies\/","title":{"rendered":"Fornecimento de lou\u00e7a de mesa para restaurante personalizada vintage, lou\u00e7a de jantar em cer\u00e2mica por atacado"},"content":{"rendered":"<div class=\"wp-block-columns is-layout-flex wp-container-core-columns-is-layout-9d6595d7 wp-block-columns-is-layout-flex\">\n<div class=\"wp-block-column is-layout-flow wp-block-column-is-layout-flow\">\n<h3 class=\"wp-block-heading\">Artigos de mesa para restaurantes Premium Vintage Carater\u00edsticas:<\/h3>\n\n\n\n<ul class=\"wp-block-list\">\n<li><strong>Estilo vintage:<\/strong> Estes artigos de mesa personalizados para restaurantes t\u00eam uma forma simples, mas com ligeiras varia\u00e7\u00f5es de textura e grada\u00e7\u00f5es de cor na superf\u00edcie, apresentando uma textura artesanal desgastada e manchada, evocando um ambiente de jantar retro e acolhedor, criando um ambiente sofisticado para o restaurante e melhorando a imagem da marca.<\/li>\n\n\n\n<li><strong>Material cer\u00e2mico de alta qualidade: <\/strong>Estes materiais cer\u00e2micos de alta qualidade cozidos a alta temperatura s\u00e3o utilizados para produzir esta loi\u00e7a de cer\u00e2mica por atacado, e a dureza n\u00e3o \u00e9 facilmente risc\u00e1vel por utens\u00edlios de mesa, como facas e garfos, e \u00e9 perfeita para o uso di\u00e1rio.<\/li>\n\n\n\n<li><strong>V\u00e1rias cores: <\/strong>Estes artigos de mesa para restaurantes vintage est\u00e3o dispon\u00edveis em v\u00e1rias cores, como o branco universal e geral, o castanho claro antigo e envelhecido, o azul sofisticado e luxuoso, etc., que podem ser combinados com v\u00e1rios tipos de designs de mesa de jantar, como moderno, n\u00f3rdico ou retro.<\/li>\n\n\n\n<li><strong>Conjunto completo:<\/strong> Estes utens\u00edlios de jantar de cer\u00e2mica por atacado incluem pratos, tigelas e ch\u00e1venas de v\u00e1rios tamanhos para satisfazer v\u00e1rias necessidades de refei\u00e7\u00f5es na vida quotidiana. Os clientes podem escolher v\u00e1rios conjuntos de acordo com o tamanho de sua fam\u00edlia e modos de mesa, fornecimento direto da f\u00e1brica profissionalmente e suporte para compras em massa.<\/li>\n<\/ul>\n<\/div>\n\n\n\n<div class=\"wp-block-column is-layout-flow wp-block-column-is-layout-flow\">\n<figure class=\"wp-block-image size-full\"><img fetchpriority=\"high\" decoding=\"async\" width=\"1280\" height=\"1280\" src=\"https:\/\/jinhuaceramic.com\/wp-content\/uploads\/2025\/03\/Vintage-Custom-Ceramic-Tableware-Set-Restaurant-Supply-Dinnerware-Wholesale-5.webp\" alt=\"vintage-custom-restaurant-tableware-supplies-ceramic-dinnerware-wholesale-1\" class=\"wp-image-8254\" srcset=\"https:\/\/jinhuaceramic.com\/wp-content\/uploads\/2025\/03\/Vintage-Custom-Ceramic-Tableware-Set-Restaurant-Supply-Dinnerware-Wholesale-5.webp 1280w, https:\/\/jinhuaceramic.com\/wp-content\/uploads\/2025\/03\/Vintage-Custom-Ceramic-Tableware-Set-Restaurant-Supply-Dinnerware-Wholesale-5-300x300.webp 300w, https:\/\/jinhuaceramic.com\/wp-content\/uploads\/2025\/03\/Vintage-Custom-Ceramic-Tableware-Set-Restaurant-Supply-Dinnerware-Wholesale-5-150x150.webp 150w, https:\/\/jinhuaceramic.com\/wp-content\/uploads\/2025\/03\/Vintage-Custom-Ceramic-Tableware-Set-Restaurant-Supply-Dinnerware-Wholesale-5-768x768.webp 768w, https:\/\/jinhuaceramic.com\/wp-content\/uploads\/2025\/03\/Vintage-Custom-Ceramic-Tableware-Set-Restaurant-Supply-Dinnerware-Wholesale-5-12x12.webp 12w, https:\/\/jinhuaceramic.com\/wp-content\/uploads\/2025\/03\/Vintage-Custom-Ceramic-Tableware-Set-Restaurant-Supply-Dinnerware-Wholesale-5-285x285.webp 285w, https:\/\/jinhuaceramic.com\/wp-content\/uploads\/2025\/03\/Vintage-Custom-Ceramic-Tableware-Set-Restaurant-Supply-Dinnerware-Wholesale-5-270x270.webp 270w, https:\/\/jinhuaceramic.com\/wp-content\/uploads\/2025\/03\/Vintage-Custom-Ceramic-Tableware-Set-Restaurant-Supply-Dinnerware-Wholesale-5-540x540.webp 540w, https:\/\/jinhuaceramic.com\/wp-content\/uploads\/2025\/03\/Vintage-Custom-Ceramic-Tableware-Set-Restaurant-Supply-Dinnerware-Wholesale-5-660x660.webp 660w\" sizes=\"(max-width: 1280px) 100vw, 1280px\" \/><\/figure>\n<\/div>\n<\/div>","protected":false},"excerpt":{"rendered":"<p>Bem-vindo a comprar a nossa loi\u00e7a de cer\u00e2mica por atacado. O acabamento e a cor vintage \u00fanicos destes artigos de mesa personalizados para restaurantes criam uma atmosfera art\u00edstica especial na mesa de jantar. Ao mesmo tempo, a seguran\u00e7a, a durabilidade e as carater\u00edsticas de limpeza f\u00e1cil dos materiais cer\u00e2micos tamb\u00e9m satisfazem a utiliza\u00e7\u00e3o di\u00e1ria. Quer se trate de um jantar di\u00e1rio ou de receber amigos e familiares, estes artigos de mesa para restaurantes podem proporcionar a capacidade de melhorar o ritual e o prazer de jantar.<\/p>","protected":false},"featured_media":8251,"comment_status":"closed","ping_status":"closed","template":"","meta":{"_acf_changed":false},"product_brand":[],"product_cat":[83,54],"product_tag":[],"class_list":{"0":"post-8250","1":"product","2":"type-product","3":"status-publish","4":"has-post-thumbnail","6":"product_cat-wholesale-dinnerware-sets","7":"product_cat-tableware-wholesale","9":"first","10":"instock","11":"shipping-taxable","12":"product-type-simple"},"acf":[],"_links":{"self":[{"href":"https:\/\/jinhuaceramic.com\/pt\/wp-json\/wp\/v2\/product\/8250","targetHints":{"allow":["GET"]}}],"collection":[{"href":"https:\/\/jinhuaceramic.com\/pt\/wp-json\/wp\/v2\/product"}],"about":[{"href":"https:\/\/jinhuaceramic.com\/pt\/wp-json\/wp\/v2\/types\/product"}],"replies":[{"embeddable":true,"href":"https:\/\/jinhuaceramic.com\/pt\/wp-json\/wp\/v2\/comments?post=8250"}],"version-history":[{"count":0,"href":"https:\/\/jinhuaceramic.com\/pt\/wp-json\/wp\/v2\/product\/8250\/revisions"}],"wp:featuredmedia":[{"embeddable":true,"href":"https:\/\/jinhuaceramic.com\/pt\/wp-json\/wp\/v2\/media\/8251"}],"wp:attachment":[{"href":"https:\/\/jinhuaceramic.com\/pt\/wp-json\/wp\/v2\/media?parent=8250"}],"wp:term":[{"taxonomy":"product_brand","embeddable":true,"href":"https:\/\/jinhuaceramic.com\/pt\/wp-json\/wp\/v2\/product_brand?post=8250"},{"taxonomy":"product_cat","embeddable":true,"href":"https:\/\/jinhuaceramic.com\/pt\/wp-json\/wp\/v2\/product_cat?post=8250"},{"taxonomy":"product_tag","embeddable":true,"href":"https:\/\/jinhuaceramic.com\/pt\/wp-json\/wp\/v2\/product_tag?post=8250"}],"curies":[{"name":"wp","href":"https:\/\/api.w.org\/{rel}","templated":true}]}}