{"id":8268,"date":"2025-03-18T03:52:46","date_gmt":"2025-03-18T03:52:46","guid":{"rendered":"https:\/\/jinhuaceramic.com\/?post_type=product&#038;p=8268"},"modified":"2025-03-18T03:52:48","modified_gmt":"2025-03-18T03:52:48","slug":"wholesale-ceramic-dinnerware","status":"publish","type":"product","link":"https:\/\/jinhuaceramic.com\/pt\/product\/wholesale-ceramic-dinnerware\/","title":{"rendered":"Lou\u00e7a de cer\u00e2mica verde por atacado, lou\u00e7a de mesa personalizada para servi\u00e7o de jantar"},"content":{"rendered":"<div class=\"wp-block-columns is-layout-flex wp-container-core-columns-is-layout-9d6595d7 wp-block-columns-is-layout-flex\">\n<div class=\"wp-block-column is-layout-flow wp-block-column-is-layout-flow\">\n<h3 class=\"wp-block-heading\">Lou\u00e7a de cer\u00e2mica verde premium por atacado Carater\u00edsticas:<\/h3>\n\n\n\n<ul class=\"wp-block-list\">\n<li><strong>Design elegante:<\/strong> Estes conjuntos de loi\u00e7a personalizados t\u00eam um aspeto fresco e natural verde claro. O esmalte tamb\u00e9m n\u00e3o tem uma cor s\u00f3lida, mas \u00e9 um pouco granulado. As linhas pretas ao longo das bordas acrescentam algum design, que pode contribuir para a configura\u00e7\u00e3o da mesa e complementar uma variedade de esquemas de decora\u00e7\u00e3o e arranjos de refei\u00e7\u00f5es.<\/li>\n\n\n\n<li><strong>Material duradouro:<\/strong> Estas lou\u00e7as de cer\u00e2mica por atacado s\u00e3o constru\u00eddas com material cer\u00e2mico de alta qualidade, que \u00e9 duradouro e dur\u00e1vel, n\u00e3o \u00e9 f\u00e1cil de usar e arranhar e pode ser usado por um longo tempo. E o esmalte da cer\u00e2mica \u00e9 liso, lav\u00e1vel na m\u00e1quina de lavar lou\u00e7a e f\u00e1cil de limpar, o que \u00e9 muito conveniente.<\/li>\n\n\n\n<li><strong>Boa estabilidade t\u00e9rmica:<\/strong> Estes conjuntos de lou\u00e7a de cer\u00e2mica por atacado de alta qualidade possuem boa estabilidade t\u00e9rmica. Podem suportar um certo grau de mudan\u00e7a de temperatura. Podem ser utilizados para aquecer alimentos no forno de micro-ondas, manter sopas quentes, alimentos quentes, etc., e podem mesmo ser refrigerados, em ambientes de aplica\u00e7\u00e3o polivalente.<\/li>\n\n\n\n<li><strong>Forte car\u00e1cter pr\u00e1tico: <\/strong>Estes conjuntos de utens\u00edlios de mesa personalizados est\u00e3o equipados com todo o tipo de utens\u00edlios de mesa, como pratos e tigelas, que podem ser utilizados para todos os tipos de refei\u00e7\u00f5es, como servir alimentos b\u00e1sicos, pratos, sopas, etc., e s\u00e3o muito pr\u00e1ticos.<\/li>\n<\/ul>\n<\/div>\n\n\n\n<div class=\"wp-block-column is-layout-flow wp-block-column-is-layout-flow\">\n<figure class=\"wp-block-image size-full\"><img fetchpriority=\"high\" decoding=\"async\" width=\"2000\" height=\"2000\" src=\"https:\/\/jinhuaceramic.com\/wp-content\/uploads\/2025\/03\/Green-Wholesale-Dinnerware-Set-Custom-Tableware-For-Dinner-Service-6.webp\" alt=\"green-wholesale-ceramic-dinnerware-custom-tableware-for-dinner-service-1\" class=\"wp-image-8273\" srcset=\"https:\/\/jinhuaceramic.com\/wp-content\/uploads\/2025\/03\/Green-Wholesale-Dinnerware-Set-Custom-Tableware-For-Dinner-Service-6.webp 2000w, https:\/\/jinhuaceramic.com\/wp-content\/uploads\/2025\/03\/Green-Wholesale-Dinnerware-Set-Custom-Tableware-For-Dinner-Service-6-300x300.webp 300w, https:\/\/jinhuaceramic.com\/wp-content\/uploads\/2025\/03\/Green-Wholesale-Dinnerware-Set-Custom-Tableware-For-Dinner-Service-6-150x150.webp 150w, https:\/\/jinhuaceramic.com\/wp-content\/uploads\/2025\/03\/Green-Wholesale-Dinnerware-Set-Custom-Tableware-For-Dinner-Service-6-768x768.webp 768w, https:\/\/jinhuaceramic.com\/wp-content\/uploads\/2025\/03\/Green-Wholesale-Dinnerware-Set-Custom-Tableware-For-Dinner-Service-6-12x12.webp 12w, https:\/\/jinhuaceramic.com\/wp-content\/uploads\/2025\/03\/Green-Wholesale-Dinnerware-Set-Custom-Tableware-For-Dinner-Service-6-285x285.webp 285w, https:\/\/jinhuaceramic.com\/wp-content\/uploads\/2025\/03\/Green-Wholesale-Dinnerware-Set-Custom-Tableware-For-Dinner-Service-6-1600x1600.webp 1600w, https:\/\/jinhuaceramic.com\/wp-content\/uploads\/2025\/03\/Green-Wholesale-Dinnerware-Set-Custom-Tableware-For-Dinner-Service-6-270x270.webp 270w, https:\/\/jinhuaceramic.com\/wp-content\/uploads\/2025\/03\/Green-Wholesale-Dinnerware-Set-Custom-Tableware-For-Dinner-Service-6-540x540.webp 540w, https:\/\/jinhuaceramic.com\/wp-content\/uploads\/2025\/03\/Green-Wholesale-Dinnerware-Set-Custom-Tableware-For-Dinner-Service-6-660x660.webp 660w\" sizes=\"(max-width: 2000px) 100vw, 2000px\" \/><\/figure>\n<\/div>\n<\/div>","protected":false},"excerpt":{"rendered":"<p>Comprar a nossa loi\u00e7a personalizada. Estes conjuntos de loi\u00e7a de cer\u00e2mica por atacado s\u00e3o verdes claros com linhas escuras no rebordo, muito bonitos. O corpo de cer\u00e2mica n\u00e3o \u00e9 apenas resistente e dur\u00e1vel, mas tamb\u00e9m tem uma textura suave e \u00e9 f\u00e1cil de limpar. Entretanto, possuem tamb\u00e9m uma estabilidade t\u00e9rmica satisfat\u00f3ria e s\u00e3o produzidos com diferentes tipos de loi\u00e7a para satisfazer diferentes exig\u00eancias de jantar, combinando as vantagens de beleza, praticidade e seguran\u00e7a.<\/p>","protected":false},"featured_media":8275,"comment_status":"closed","ping_status":"closed","template":"","meta":{"_acf_changed":false},"product_brand":[],"product_cat":[83,54],"product_tag":[],"class_list":{"0":"post-8268","1":"product","2":"type-product","3":"status-publish","4":"has-post-thumbnail","6":"product_cat-wholesale-dinnerware-sets","7":"product_cat-tableware-wholesale","9":"first","10":"instock","11":"shipping-taxable","12":"product-type-simple"},"acf":[],"_links":{"self":[{"href":"https:\/\/jinhuaceramic.com\/pt\/wp-json\/wp\/v2\/product\/8268","targetHints":{"allow":["GET"]}}],"collection":[{"href":"https:\/\/jinhuaceramic.com\/pt\/wp-json\/wp\/v2\/product"}],"about":[{"href":"https:\/\/jinhuaceramic.com\/pt\/wp-json\/wp\/v2\/types\/product"}],"replies":[{"embeddable":true,"href":"https:\/\/jinhuaceramic.com\/pt\/wp-json\/wp\/v2\/comments?post=8268"}],"version-history":[{"count":0,"href":"https:\/\/jinhuaceramic.com\/pt\/wp-json\/wp\/v2\/product\/8268\/revisions"}],"wp:featuredmedia":[{"embeddable":true,"href":"https:\/\/jinhuaceramic.com\/pt\/wp-json\/wp\/v2\/media\/8275"}],"wp:attachment":[{"href":"https:\/\/jinhuaceramic.com\/pt\/wp-json\/wp\/v2\/media?parent=8268"}],"wp:term":[{"taxonomy":"product_brand","embeddable":true,"href":"https:\/\/jinhuaceramic.com\/pt\/wp-json\/wp\/v2\/product_brand?post=8268"},{"taxonomy":"product_cat","embeddable":true,"href":"https:\/\/jinhuaceramic.com\/pt\/wp-json\/wp\/v2\/product_cat?post=8268"},{"taxonomy":"product_tag","embeddable":true,"href":"https:\/\/jinhuaceramic.com\/pt\/wp-json\/wp\/v2\/product_tag?post=8268"}],"curies":[{"name":"wp","href":"https:\/\/api.w.org\/{rel}","templated":true}]}}