{"id":8279,"date":"2025-03-18T03:32:02","date_gmt":"2025-03-18T03:32:02","guid":{"rendered":"https:\/\/jinhuaceramic.com\/?post_type=product&#038;p=8279"},"modified":"2025-03-18T03:35:03","modified_gmt":"2025-03-18T03:35:03","slug":"white-tableware-wholesale","status":"publish","type":"product","link":"https:\/\/jinhuaceramic.com\/pt\/product\/white-tableware-wholesale\/","title":{"rendered":"Lou\u00e7a de mesa branca de luxo por atacado, pratos de jantar de cer\u00e2mica personalizados para casamento"},"content":{"rendered":"<div class=\"wp-block-columns is-layout-flex wp-container-core-columns-is-layout-9d6595d7 wp-block-columns-is-layout-flex\">\n<div class=\"wp-block-column is-layout-flow wp-block-column-is-layout-flow\">\n<h3 class=\"wp-block-heading\">Lou\u00e7a de mesa branca de luxo premium por atacado Carater\u00edsticas:<\/h3>\n\n\n\n<ul class=\"wp-block-list\">\n<li>Branco elegante: Limpo e elegante, este servi\u00e7o de mesa branco por atacado \u00e9 uma cor tradicional e vers\u00e1til que apresenta bem os alimentos e complementa uma variedade de decora\u00e7\u00f5es de casa e configura\u00e7\u00f5es de mesa.<\/li>\n\n\n\n<li><strong>Design de luxo:<\/strong> Os bordos destes pratos e ta\u00e7as de cer\u00e2mica personalizados s\u00e3o decorados com um padr\u00e3o de c\u00edrculos conc\u00eantricos em relevo, criando um efeito de camadas e textura para os utens\u00edlios de mesa, excluindo a suavidade do branco. A loi\u00e7a \u00e9 tamb\u00e9m decorada a dourado, o que lhe confere luxo e eleg\u00e2ncia.<\/li>\n\n\n\n<li><strong>Material de alta qualidade:<\/strong> Estes pratos e tigelas de cer\u00e2mica personalizados s\u00e3o feitos com argila natural e cozedura a alta temperatura, pelo que n\u00e3o \u00e9 utilizado nenhum material nocivo e s\u00e3o seguros para comer. Estes pratos de cer\u00e2mica de alta qualidade t\u00eam uma boa qualidade de reten\u00e7\u00e3o de calor e podem manter os alimentos quentes durante muito tempo.<\/li>\n\n\n\n<li><strong>Praticidade:<\/strong> Este conjunto de loi\u00e7a branca para venda por grosso inclui uma tigela e dois pratos de tamanhos variados para servir diferentes refei\u00e7\u00f5es. Quer se trate de refei\u00e7\u00f5es formais para banquetes ou de refei\u00e7\u00f5es do dia a dia, este servi\u00e7o de mesa pode fornecer um par adequado.<\/li>\n<\/ul>\n<\/div>\n\n\n\n<div class=\"wp-block-column is-layout-flow wp-block-column-is-layout-flow\">\n<figure class=\"wp-block-image size-full\"><img fetchpriority=\"high\" decoding=\"async\" width=\"800\" height=\"800\" src=\"https:\/\/jinhuaceramic.com\/wp-content\/uploads\/2025\/03\/Luxury-White-Custom-Tableware-Bulk-Ceramic-Dinner-Plates-For-Wedding-4.webp\" alt=\"artigos de mesa brancos de luxo - venda por grosso - pratos de cer\u00e2mica personalizados para o casamento - 1\" class=\"wp-image-8282\" srcset=\"https:\/\/jinhuaceramic.com\/wp-content\/uploads\/2025\/03\/Luxury-White-Custom-Tableware-Bulk-Ceramic-Dinner-Plates-For-Wedding-4.webp 800w, https:\/\/jinhuaceramic.com\/wp-content\/uploads\/2025\/03\/Luxury-White-Custom-Tableware-Bulk-Ceramic-Dinner-Plates-For-Wedding-4-300x300.webp 300w, https:\/\/jinhuaceramic.com\/wp-content\/uploads\/2025\/03\/Luxury-White-Custom-Tableware-Bulk-Ceramic-Dinner-Plates-For-Wedding-4-150x150.webp 150w, https:\/\/jinhuaceramic.com\/wp-content\/uploads\/2025\/03\/Luxury-White-Custom-Tableware-Bulk-Ceramic-Dinner-Plates-For-Wedding-4-768x768.webp 768w, https:\/\/jinhuaceramic.com\/wp-content\/uploads\/2025\/03\/Luxury-White-Custom-Tableware-Bulk-Ceramic-Dinner-Plates-For-Wedding-4-12x12.webp 12w, https:\/\/jinhuaceramic.com\/wp-content\/uploads\/2025\/03\/Luxury-White-Custom-Tableware-Bulk-Ceramic-Dinner-Plates-For-Wedding-4-285x285.webp 285w, https:\/\/jinhuaceramic.com\/wp-content\/uploads\/2025\/03\/Luxury-White-Custom-Tableware-Bulk-Ceramic-Dinner-Plates-For-Wedding-4-270x270.webp 270w, https:\/\/jinhuaceramic.com\/wp-content\/uploads\/2025\/03\/Luxury-White-Custom-Tableware-Bulk-Ceramic-Dinner-Plates-For-Wedding-4-540x540.webp 540w, https:\/\/jinhuaceramic.com\/wp-content\/uploads\/2025\/03\/Luxury-White-Custom-Tableware-Bulk-Ceramic-Dinner-Plates-For-Wedding-4-660x660.webp 660w\" sizes=\"(max-width: 800px) 100vw, 800px\" \/><\/figure>\n<\/div>\n<\/div>","protected":false},"excerpt":{"rendered":"<p>Bem-vindo a comprar pratos e tigelas de cer\u00e2mica personalizados. Somos especializados no fornecimento por grosso de loi\u00e7a branca personalizada de alta qualidade para banquetes de casamento, hot\u00e9is e restaurantes de alta qualidade. As necessidades das refei\u00e7\u00f5es do dia a dia podem ser satisfeitas atrav\u00e9s da coordena\u00e7\u00e3o de tigelas e pratos. Entretanto, o material cer\u00e2mico \u00e9 inofensivo e n\u00e3o t\u00f3xico, com boa reten\u00e7\u00e3o de calor. Estes conjuntos de loi\u00e7a combinam beleza, praticidade e durabilidade.<\/p>","protected":false},"featured_media":8285,"comment_status":"closed","ping_status":"closed","template":"","meta":{"_acf_changed":false},"product_brand":[],"product_cat":[83,54],"product_tag":[],"class_list":{"0":"post-8279","1":"product","2":"type-product","3":"status-publish","4":"has-post-thumbnail","6":"product_cat-wholesale-dinnerware-sets","7":"product_cat-tableware-wholesale","9":"first","10":"instock","11":"shipping-taxable","12":"product-type-simple"},"acf":[],"_links":{"self":[{"href":"https:\/\/jinhuaceramic.com\/pt\/wp-json\/wp\/v2\/product\/8279","targetHints":{"allow":["GET"]}}],"collection":[{"href":"https:\/\/jinhuaceramic.com\/pt\/wp-json\/wp\/v2\/product"}],"about":[{"href":"https:\/\/jinhuaceramic.com\/pt\/wp-json\/wp\/v2\/types\/product"}],"replies":[{"embeddable":true,"href":"https:\/\/jinhuaceramic.com\/pt\/wp-json\/wp\/v2\/comments?post=8279"}],"version-history":[{"count":0,"href":"https:\/\/jinhuaceramic.com\/pt\/wp-json\/wp\/v2\/product\/8279\/revisions"}],"wp:featuredmedia":[{"embeddable":true,"href":"https:\/\/jinhuaceramic.com\/pt\/wp-json\/wp\/v2\/media\/8285"}],"wp:attachment":[{"href":"https:\/\/jinhuaceramic.com\/pt\/wp-json\/wp\/v2\/media?parent=8279"}],"wp:term":[{"taxonomy":"product_brand","embeddable":true,"href":"https:\/\/jinhuaceramic.com\/pt\/wp-json\/wp\/v2\/product_brand?post=8279"},{"taxonomy":"product_cat","embeddable":true,"href":"https:\/\/jinhuaceramic.com\/pt\/wp-json\/wp\/v2\/product_cat?post=8279"},{"taxonomy":"product_tag","embeddable":true,"href":"https:\/\/jinhuaceramic.com\/pt\/wp-json\/wp\/v2\/product_tag?post=8279"}],"curies":[{"name":"wp","href":"https:\/\/api.w.org\/{rel}","templated":true}]}}