{"id":8302,"date":"2025-03-21T02:01:16","date_gmt":"2025-03-21T02:01:16","guid":{"rendered":"https:\/\/jinhuaceramic.com\/?post_type=product&#038;p=8302"},"modified":"2025-03-21T02:01:18","modified_gmt":"2025-03-21T02:01:18","slug":"wholesale-crockery","status":"publish","type":"product","link":"https:\/\/jinhuaceramic.com\/pt\/product\/wholesale-crockery\/","title":{"rendered":"Cinzento mate Lou\u00e7a por grosso, pratos e ta\u00e7as de cer\u00e2mica a granel"},"content":{"rendered":"<div class=\"wp-block-columns is-layout-flex wp-container-core-columns-is-layout-9d6595d7 wp-block-columns-is-layout-flex\">\n<div class=\"wp-block-column is-layout-flow wp-block-column-is-layout-flow\">\n<h3 class=\"wp-block-heading\">Lou\u00e7a Premium Wholesale Carater\u00edsticas:<\/h3>\n\n\n\n<ul class=\"wp-block-list\">\n<li><strong>Est\u00e9tica:<\/strong> Estes conjuntos de loi\u00e7a por grosso t\u00eam um design minimalista e moderno, com um tom de cor cinzento suave e uma linha de rebordo castanho-avermelhada, com um tom de cor cinzento p\u00e1lido e uma linha de rebordo castanho-avermelhada, o que confere um toque de eleg\u00e2ncia aos talheres. Al\u00e9m disso, estes conjuntos de loi\u00e7a por atacado tamb\u00e9m apresentam um acabamento mate, que n\u00e3o \u00e9 t\u00e3o vistoso e texturizado em compara\u00e7\u00e3o com o acabamento brilhante mais moderno.<\/li>\n\n\n\n<li><strong>Durabilidade:<\/strong> Estes pratos e ta\u00e7as de cer\u00e2mica resistem a granel ao \u00e1cido, ao frio e ao calor, e a sua resist\u00eancia \u00e9 duradoura. N\u00e3o se dobram ou deformam com a utiliza\u00e7\u00e3o e resistem a riscos de garfos e facas.<\/li>\n\n\n\n<li><strong>Seguran\u00e7a: <\/strong>Estes conjuntos de loi\u00e7a por grosso s\u00e3o fabricados com argila natural pura e esmalte n\u00e3o t\u00f3xico. N\u00e3o cont\u00eam quaisquer produtos qu\u00edmicos nocivos, como o c\u00e1dmio e o chumbo, pelo que podem ser postos em contacto com os g\u00e9neros aliment\u00edcios sem qualquer dano e de boa f\u00e9.<\/li>\n\n\n\n<li><strong>Praticidade: <\/strong>Estes pratos e tigelas de cer\u00e2mica a granel s\u00e3o compostos por pratos e tigelas de diferentes tamanhos, que podem satisfazer as necessidades de v\u00e1rios tipos de refei\u00e7\u00f5es regulares, por exemplo, colocar arroz, sopa e pratos. S\u00e3o mais adequados para situa\u00e7\u00f5es de refei\u00e7\u00f5es sociais, como refei\u00e7\u00f5es em fam\u00edlia e reuni\u00f5es com amigos.<\/li>\n<\/ul>\n<\/div>\n\n\n\n<div class=\"wp-block-column is-layout-flow wp-block-column-is-layout-flow\">\n<figure class=\"wp-block-image size-full\"><img fetchpriority=\"high\" decoding=\"async\" width=\"1200\" height=\"1600\" src=\"https:\/\/jinhuaceramic.com\/wp-content\/uploads\/2025\/03\/Matte-Gray-Wholesale-Crockery-Set-Custom-Dinner-Services-Tableware-5.webp\" alt=\"Lou\u00e7a por grosso em cinzento mate, pratos e ta\u00e7as de cer\u00e2mica a granel-5\" class=\"wp-image-8306\" srcset=\"https:\/\/jinhuaceramic.com\/wp-content\/uploads\/2025\/03\/Matte-Gray-Wholesale-Crockery-Set-Custom-Dinner-Services-Tableware-5.webp 1200w, https:\/\/jinhuaceramic.com\/wp-content\/uploads\/2025\/03\/Matte-Gray-Wholesale-Crockery-Set-Custom-Dinner-Services-Tableware-5-225x300.webp 225w, https:\/\/jinhuaceramic.com\/wp-content\/uploads\/2025\/03\/Matte-Gray-Wholesale-Crockery-Set-Custom-Dinner-Services-Tableware-5-768x1024.webp 768w, https:\/\/jinhuaceramic.com\/wp-content\/uploads\/2025\/03\/Matte-Gray-Wholesale-Crockery-Set-Custom-Dinner-Services-Tableware-5-9x12.webp 9w, https:\/\/jinhuaceramic.com\/wp-content\/uploads\/2025\/03\/Matte-Gray-Wholesale-Crockery-Set-Custom-Dinner-Services-Tableware-5-285x380.webp 285w, https:\/\/jinhuaceramic.com\/wp-content\/uploads\/2025\/03\/Matte-Gray-Wholesale-Crockery-Set-Custom-Dinner-Services-Tableware-5-495x660.webp 495w, https:\/\/jinhuaceramic.com\/wp-content\/uploads\/2025\/03\/Matte-Gray-Wholesale-Crockery-Set-Custom-Dinner-Services-Tableware-5-113x150.webp 113w\" sizes=\"(max-width: 1200px) 100vw, 1200px\" \/><\/figure>\n<\/div>\n<\/div>\n\n\n\n<p><\/p>","protected":false},"excerpt":{"rendered":"<p>Bem-vindo \u00e0 compra de lou\u00e7a por grosso. Estes pratos e ta\u00e7as de cer\u00e2mica cinzenta mate a granel s\u00e3o feitos de gr\u00e9s de alta qualidade, garantindo durabilidade e seguran\u00e7a. O novo estilo cinzento mate e as linhas de borda castanho-avermelhadas garantem que satisfazem as necessidades das refei\u00e7\u00f5es di\u00e1rias e est\u00e3o em harmonia com a apar\u00eancia geral da mesa de jantar, proporcionando aos clientes uma atmosfera de jantar casual e elegante.<\/p>","protected":false},"featured_media":8304,"comment_status":"closed","ping_status":"closed","template":"","meta":{"_acf_changed":false},"product_brand":[],"product_cat":[83,54],"product_tag":[],"class_list":{"0":"post-8302","1":"product","2":"type-product","3":"status-publish","4":"has-post-thumbnail","6":"product_cat-wholesale-dinnerware-sets","7":"product_cat-tableware-wholesale","9":"first","10":"instock","11":"shipping-taxable","12":"product-type-simple"},"acf":[],"_links":{"self":[{"href":"https:\/\/jinhuaceramic.com\/pt\/wp-json\/wp\/v2\/product\/8302","targetHints":{"allow":["GET"]}}],"collection":[{"href":"https:\/\/jinhuaceramic.com\/pt\/wp-json\/wp\/v2\/product"}],"about":[{"href":"https:\/\/jinhuaceramic.com\/pt\/wp-json\/wp\/v2\/types\/product"}],"replies":[{"embeddable":true,"href":"https:\/\/jinhuaceramic.com\/pt\/wp-json\/wp\/v2\/comments?post=8302"}],"version-history":[{"count":0,"href":"https:\/\/jinhuaceramic.com\/pt\/wp-json\/wp\/v2\/product\/8302\/revisions"}],"wp:featuredmedia":[{"embeddable":true,"href":"https:\/\/jinhuaceramic.com\/pt\/wp-json\/wp\/v2\/media\/8304"}],"wp:attachment":[{"href":"https:\/\/jinhuaceramic.com\/pt\/wp-json\/wp\/v2\/media?parent=8302"}],"wp:term":[{"taxonomy":"product_brand","embeddable":true,"href":"https:\/\/jinhuaceramic.com\/pt\/wp-json\/wp\/v2\/product_brand?post=8302"},{"taxonomy":"product_cat","embeddable":true,"href":"https:\/\/jinhuaceramic.com\/pt\/wp-json\/wp\/v2\/product_cat?post=8302"},{"taxonomy":"product_tag","embeddable":true,"href":"https:\/\/jinhuaceramic.com\/pt\/wp-json\/wp\/v2\/product_tag?post=8302"}],"curies":[{"name":"wp","href":"https:\/\/api.w.org\/{rel}","templated":true}]}}