{"id":8330,"date":"2025-03-20T10:28:44","date_gmt":"2025-03-20T10:28:44","guid":{"rendered":"https:\/\/jinhuaceramic.com\/?post_type=product&#038;p=8330"},"modified":"2025-03-20T10:28:45","modified_gmt":"2025-03-20T10:28:45","slug":"wholesale-white-dinnerware","status":"publish","type":"product","link":"https:\/\/jinhuaceramic.com\/pt\/product\/wholesale-white-dinnerware\/","title":{"rendered":"Servi\u00e7o de jantar branco por grosso, pratos com rebordo dourado e ta\u00e7as a granel"},"content":{"rendered":"<div class=\"wp-block-columns is-layout-flex wp-container-core-columns-is-layout-9d6595d7 wp-block-columns-is-layout-flex\">\n<div class=\"wp-block-column is-layout-flow wp-block-column-is-layout-flow\">\n<h3 class=\"wp-block-heading\">Servi\u00e7o de jantar branco Premium Wholesale Carater\u00edsticas:<\/h3>\n\n\n\n<ul class=\"wp-block-list\">\n<li><strong>Design moderno: <\/strong>Estas lou\u00e7as brancas por atacado s\u00e3o elegantes e contempor\u00e2neas, e a cor branca limpa \u00e9 intemporal e classicamente elegante, o que pode real\u00e7ar a cor dos alimentos. H\u00e1 uma fina faixa dourada \u00e0 volta da borda de cada lou\u00e7a, o que acrescenta uma eleg\u00e2ncia e um luxo subtil.<\/li>\n\n\n\n<li><strong>Seguro e duradouro: <\/strong>Estes pratos e ta\u00e7as com rebordo dourado s\u00e3o feitos de materiais naturais, sem produtos qu\u00edmicos t\u00f3xicos, e s\u00e3o seguros para serem utilizados para servir alimentos. Estes utens\u00edlios de mesa s\u00e3o altamente cozidos, fortes e robustos, dif\u00edceis de lascar e riscar, e duradouros como objeto de servir.<\/li>\n\n\n\n<li><strong>Forte car\u00e1cter pr\u00e1tico: <\/strong>Estes conjuntos de loi\u00e7a branca por atacado incluem pratos e tigelas de tamanhos variados para as diferentes necessidades das refei\u00e7\u00f5es di\u00e1rias. Tigelas de cer\u00e2mica para cereais, fruta, sopa e arroz, pratos grandes para os pratos principais, como bifes e massas, e pratos pequenos para os acompanhamentos.<\/li>\n\n\n\n<li><strong>Ampla aplicabilidade: <\/strong>Estes pratos e ta\u00e7as a granel elegantes e modernos s\u00e3o perfeitos para todas as situa\u00e7\u00f5es, quer se trate de refei\u00e7\u00f5es di\u00e1rias ou de receber convidados. Podem ser utilizados no dia a dia dentro de casa ou para servir em restaurantes ou hot\u00e9is de classe.<\/li>\n<\/ul>\n<\/div>\n\n\n\n<div class=\"wp-block-column is-layout-flow wp-block-column-is-layout-flow\">\n<figure class=\"wp-block-image size-full\"><img fetchpriority=\"high\" decoding=\"async\" width=\"2000\" height=\"2000\" src=\"https:\/\/jinhuaceramic.com\/wp-content\/uploads\/2025\/03\/Modern-White-Wholesale-Tableware-Custom-Cereal-Bowl-And-Dinner-Plates-2.webp\" alt=\"Servi\u00e7o de jantar branco por grosso, pratos com rebordo dourado e ta\u00e7as a granel-3\" class=\"wp-image-8331\" srcset=\"https:\/\/jinhuaceramic.com\/wp-content\/uploads\/2025\/03\/Modern-White-Wholesale-Tableware-Custom-Cereal-Bowl-And-Dinner-Plates-2.webp 2000w, https:\/\/jinhuaceramic.com\/wp-content\/uploads\/2025\/03\/Modern-White-Wholesale-Tableware-Custom-Cereal-Bowl-And-Dinner-Plates-2-300x300.webp 300w, https:\/\/jinhuaceramic.com\/wp-content\/uploads\/2025\/03\/Modern-White-Wholesale-Tableware-Custom-Cereal-Bowl-And-Dinner-Plates-2-150x150.webp 150w, https:\/\/jinhuaceramic.com\/wp-content\/uploads\/2025\/03\/Modern-White-Wholesale-Tableware-Custom-Cereal-Bowl-And-Dinner-Plates-2-768x768.webp 768w, https:\/\/jinhuaceramic.com\/wp-content\/uploads\/2025\/03\/Modern-White-Wholesale-Tableware-Custom-Cereal-Bowl-And-Dinner-Plates-2-12x12.webp 12w, https:\/\/jinhuaceramic.com\/wp-content\/uploads\/2025\/03\/Modern-White-Wholesale-Tableware-Custom-Cereal-Bowl-And-Dinner-Plates-2-285x285.webp 285w, https:\/\/jinhuaceramic.com\/wp-content\/uploads\/2025\/03\/Modern-White-Wholesale-Tableware-Custom-Cereal-Bowl-And-Dinner-Plates-2-1600x1600.webp 1600w, https:\/\/jinhuaceramic.com\/wp-content\/uploads\/2025\/03\/Modern-White-Wholesale-Tableware-Custom-Cereal-Bowl-And-Dinner-Plates-2-270x270.webp 270w, https:\/\/jinhuaceramic.com\/wp-content\/uploads\/2025\/03\/Modern-White-Wholesale-Tableware-Custom-Cereal-Bowl-And-Dinner-Plates-2-540x540.webp 540w, https:\/\/jinhuaceramic.com\/wp-content\/uploads\/2025\/03\/Modern-White-Wholesale-Tableware-Custom-Cereal-Bowl-And-Dinner-Plates-2-660x660.webp 660w\" sizes=\"(max-width: 2000px) 100vw, 2000px\" \/><\/figure>\n<\/div>\n<\/div>","protected":false},"excerpt":{"rendered":"<p>Bem-vindo \u00e0 compra de pratos e ta\u00e7as a granel. Estes conjuntos de loi\u00e7a branca por atacado com aros dourados proporcionam sensibilidades de design moderno juntamente com uma excelente funcionalidade. O fundo branco n\u00edtido com delicada borda dourada \u00e9 elegante e pode complementar o espa\u00e7o de jantar.<\/p>","protected":false},"featured_media":8332,"comment_status":"closed","ping_status":"closed","template":"","meta":{"_acf_changed":false},"product_brand":[],"product_cat":[83,54],"product_tag":[],"class_list":{"0":"post-8330","1":"product","2":"type-product","3":"status-publish","4":"has-post-thumbnail","6":"product_cat-wholesale-dinnerware-sets","7":"product_cat-tableware-wholesale","9":"first","10":"instock","11":"shipping-taxable","12":"product-type-simple"},"acf":[],"_links":{"self":[{"href":"https:\/\/jinhuaceramic.com\/pt\/wp-json\/wp\/v2\/product\/8330","targetHints":{"allow":["GET"]}}],"collection":[{"href":"https:\/\/jinhuaceramic.com\/pt\/wp-json\/wp\/v2\/product"}],"about":[{"href":"https:\/\/jinhuaceramic.com\/pt\/wp-json\/wp\/v2\/types\/product"}],"replies":[{"embeddable":true,"href":"https:\/\/jinhuaceramic.com\/pt\/wp-json\/wp\/v2\/comments?post=8330"}],"version-history":[{"count":0,"href":"https:\/\/jinhuaceramic.com\/pt\/wp-json\/wp\/v2\/product\/8330\/revisions"}],"wp:featuredmedia":[{"embeddable":true,"href":"https:\/\/jinhuaceramic.com\/pt\/wp-json\/wp\/v2\/media\/8332"}],"wp:attachment":[{"href":"https:\/\/jinhuaceramic.com\/pt\/wp-json\/wp\/v2\/media?parent=8330"}],"wp:term":[{"taxonomy":"product_brand","embeddable":true,"href":"https:\/\/jinhuaceramic.com\/pt\/wp-json\/wp\/v2\/product_brand?post=8330"},{"taxonomy":"product_cat","embeddable":true,"href":"https:\/\/jinhuaceramic.com\/pt\/wp-json\/wp\/v2\/product_cat?post=8330"},{"taxonomy":"product_tag","embeddable":true,"href":"https:\/\/jinhuaceramic.com\/pt\/wp-json\/wp\/v2\/product_tag?post=8330"}],"curies":[{"name":"wp","href":"https:\/\/api.w.org\/{rel}","templated":true}]}}