{"id":8351,"date":"2025-03-22T08:24:33","date_gmt":"2025-03-22T08:24:33","guid":{"rendered":"https:\/\/jinhuaceramic.com\/?post_type=product&#038;p=8351"},"modified":"2025-03-22T08:24:34","modified_gmt":"2025-03-22T08:24:34","slug":"restaurant-dinnerware-wholesale","status":"publish","type":"product","link":"https:\/\/jinhuaceramic.com\/pt\/product\/restaurant-dinnerware-wholesale\/","title":{"rendered":"Lou\u00e7a de restaurante por atacado, lou\u00e7a de mesa verde fosca a granel"},"content":{"rendered":"<div class=\"wp-block-columns is-layout-flex wp-container-core-columns-is-layout-9d6595d7 wp-block-columns-is-layout-flex\">\n<div class=\"wp-block-column is-layout-flow wp-block-column-is-layout-flow\">\n<h3 class=\"wp-block-heading\">Servi\u00e7o de jantar para restaurante Premium Matte Green por atacado Carater\u00edsticas:<\/h3>\n\n\n\n<ul class=\"wp-block-list\">\n<li><strong>Design elegante: <\/strong>Esta loi\u00e7a de restaurante por atacado tem uma tonalidade verde escura mate, sem ser berrante ou excessiva, e proporciona uma experi\u00eancia de jantar calorosa e acolhedora. As bordas ligeiramente onduladas e o subtil gradiente granular do esmalte d\u00e3o um toque de sofistica\u00e7\u00e3o artesanal \u00e0 loi\u00e7a.<\/li>\n\n\n\n<li><strong>Material de alta qualidade:<\/strong> Estes utens\u00edlios de mesa em cer\u00e2mica a granel s\u00e3o feitos de cer\u00e2mica natural e n\u00e3o t\u00f3xica cozida a alta temperatura. S\u00e3o suficientemente fortes para serem resistentes ao calor dos alimentos quentes, t\u00eam boa resist\u00eancia ao calor e podem ser utilizados com seguran\u00e7a em ambientes de alta temperatura, como fornos de micro-ondas e fornos.<\/li>\n\n\n\n<li><strong>Forte car\u00e1cter pr\u00e1tico: <\/strong>Esta loi\u00e7a de restaurante mate por atacado \u00e9 fornecida com pratos de jantar e tigelas de sopa de v\u00e1rios tamanhos. Estes pratos e ta\u00e7as por atacado satisfazem as necessidades di\u00e1rias sem parecerem desarrumados.<\/li>\n\n\n\n<li><strong>Aten\u00e7\u00e3o aos pormenores: <\/strong>A textura destes utens\u00edlios de mesa de cer\u00e2mica a granel \u00e9 extremamente espessa, o que aumenta a resist\u00eancia dos utens\u00edlios de mesa, torna menos prov\u00e1vel que estes se partam e tamb\u00e9m melhora a sua qualidade. O esmalte dos utens\u00edlios de mesa \u00e9 liso e suave, o que n\u00e3o s\u00f3 tem bom aspeto como tamb\u00e9m \u00e9 f\u00e1cil de limpar.<\/li>\n<\/ul>\n<\/div>\n\n\n\n<div class=\"wp-block-column is-layout-flow wp-block-column-is-layout-flow\">\n<figure class=\"wp-block-image size-full\"><img fetchpriority=\"high\" decoding=\"async\" width=\"2000\" height=\"2000\" src=\"https:\/\/jinhuaceramic.com\/wp-content\/uploads\/2025\/03\/Matte-Green-Wholesale-Dinnerware-Custom-Tableware-Bulk-Ceramic-Plates-6.webp\" alt=\"Lou\u00e7a de restaurante por atacado, lou\u00e7a de mesa verde fosca a granel-3\" class=\"wp-image-8356\" srcset=\"https:\/\/jinhuaceramic.com\/wp-content\/uploads\/2025\/03\/Matte-Green-Wholesale-Dinnerware-Custom-Tableware-Bulk-Ceramic-Plates-6.webp 2000w, https:\/\/jinhuaceramic.com\/wp-content\/uploads\/2025\/03\/Matte-Green-Wholesale-Dinnerware-Custom-Tableware-Bulk-Ceramic-Plates-6-300x300.webp 300w, https:\/\/jinhuaceramic.com\/wp-content\/uploads\/2025\/03\/Matte-Green-Wholesale-Dinnerware-Custom-Tableware-Bulk-Ceramic-Plates-6-150x150.webp 150w, https:\/\/jinhuaceramic.com\/wp-content\/uploads\/2025\/03\/Matte-Green-Wholesale-Dinnerware-Custom-Tableware-Bulk-Ceramic-Plates-6-768x768.webp 768w, https:\/\/jinhuaceramic.com\/wp-content\/uploads\/2025\/03\/Matte-Green-Wholesale-Dinnerware-Custom-Tableware-Bulk-Ceramic-Plates-6-12x12.webp 12w, https:\/\/jinhuaceramic.com\/wp-content\/uploads\/2025\/03\/Matte-Green-Wholesale-Dinnerware-Custom-Tableware-Bulk-Ceramic-Plates-6-285x285.webp 285w, https:\/\/jinhuaceramic.com\/wp-content\/uploads\/2025\/03\/Matte-Green-Wholesale-Dinnerware-Custom-Tableware-Bulk-Ceramic-Plates-6-1600x1600.webp 1600w, https:\/\/jinhuaceramic.com\/wp-content\/uploads\/2025\/03\/Matte-Green-Wholesale-Dinnerware-Custom-Tableware-Bulk-Ceramic-Plates-6-270x270.webp 270w, https:\/\/jinhuaceramic.com\/wp-content\/uploads\/2025\/03\/Matte-Green-Wholesale-Dinnerware-Custom-Tableware-Bulk-Ceramic-Plates-6-540x540.webp 540w, https:\/\/jinhuaceramic.com\/wp-content\/uploads\/2025\/03\/Matte-Green-Wholesale-Dinnerware-Custom-Tableware-Bulk-Ceramic-Plates-6-660x660.webp 660w\" sizes=\"(max-width: 2000px) 100vw, 2000px\" \/><\/figure>\n<\/div>\n<\/div>","protected":false},"excerpt":{"rendered":"<p>Bem-vindo \u00e0 compra de loi\u00e7a de cer\u00e2mica a granel. A nossa loi\u00e7a de restaurante verde mate por atacado apresenta um design simples mas elegante, e est\u00e1 dispon\u00edvel para v\u00e1rios estilos de configura\u00e7\u00e3o de mesa. O conjunto de pratos e tigelas est\u00e1 dispon\u00edvel para uso di\u00e1rio em jantares. \u00c9 adequado para jantares familiares di\u00e1rios ou para entreter convidados e pode cumprir o uso de v\u00e1rias ocasi\u00f5es.<\/p>","protected":false},"featured_media":8353,"comment_status":"closed","ping_status":"closed","template":"","meta":{"_acf_changed":false},"product_brand":[],"product_cat":[83,54],"product_tag":[],"class_list":{"0":"post-8351","1":"product","2":"type-product","3":"status-publish","4":"has-post-thumbnail","6":"product_cat-wholesale-dinnerware-sets","7":"product_cat-tableware-wholesale","9":"first","10":"instock","11":"shipping-taxable","12":"product-type-simple"},"acf":[],"_links":{"self":[{"href":"https:\/\/jinhuaceramic.com\/pt\/wp-json\/wp\/v2\/product\/8351","targetHints":{"allow":["GET"]}}],"collection":[{"href":"https:\/\/jinhuaceramic.com\/pt\/wp-json\/wp\/v2\/product"}],"about":[{"href":"https:\/\/jinhuaceramic.com\/pt\/wp-json\/wp\/v2\/types\/product"}],"replies":[{"embeddable":true,"href":"https:\/\/jinhuaceramic.com\/pt\/wp-json\/wp\/v2\/comments?post=8351"}],"version-history":[{"count":0,"href":"https:\/\/jinhuaceramic.com\/pt\/wp-json\/wp\/v2\/product\/8351\/revisions"}],"wp:featuredmedia":[{"embeddable":true,"href":"https:\/\/jinhuaceramic.com\/pt\/wp-json\/wp\/v2\/media\/8353"}],"wp:attachment":[{"href":"https:\/\/jinhuaceramic.com\/pt\/wp-json\/wp\/v2\/media?parent=8351"}],"wp:term":[{"taxonomy":"product_brand","embeddable":true,"href":"https:\/\/jinhuaceramic.com\/pt\/wp-json\/wp\/v2\/product_brand?post=8351"},{"taxonomy":"product_cat","embeddable":true,"href":"https:\/\/jinhuaceramic.com\/pt\/wp-json\/wp\/v2\/product_cat?post=8351"},{"taxonomy":"product_tag","embeddable":true,"href":"https:\/\/jinhuaceramic.com\/pt\/wp-json\/wp\/v2\/product_tag?post=8351"}],"curies":[{"name":"wp","href":"https:\/\/api.w.org\/{rel}","templated":true}]}}