{"id":8376,"date":"2025-03-25T09:17:27","date_gmt":"2025-03-25T09:17:27","guid":{"rendered":"https:\/\/jinhuaceramic.com\/?post_type=product&#038;p=8376"},"modified":"2025-03-25T09:17:28","modified_gmt":"2025-03-25T09:17:28","slug":"bulk-crockery","status":"publish","type":"product","link":"https:\/\/jinhuaceramic.com\/pt\/product\/bulk-crockery\/","title":{"rendered":"Reactive Glaze Grey Bulk Lou\u00e7a para restaurante e casamento"},"content":{"rendered":"<div class=\"wp-block-columns is-layout-flex wp-container-core-columns-is-layout-9d6595d7 wp-block-columns-is-layout-flex\">\n<div class=\"wp-block-column is-layout-flow wp-block-column-is-layout-flow\">\n<h3 class=\"wp-block-heading\">Lou\u00e7a Premium a granel Carater\u00edsticas:<\/h3>\n\n\n\n<ul class=\"wp-block-list\">\n<li><strong>Design moderno: <\/strong>O cinzento \u00e9 a cor predominante destas loi\u00e7as a granel, e existem diferentes tons de cinzento, proporcionando um efeito de textura \u00fanico. Esta cor cinzenta com v\u00e1rias camadas confere-lhe um aspeto suave e texturado. As linhas decorativas pretas nos bordos real\u00e7am o perfil da loi\u00e7a, que tem um aspeto moderno e atual.<\/li>\n\n\n\n<li><strong>Seguran\u00e7a dos materiais: <\/strong>A argila natural \u00e9 utilizada na produ\u00e7\u00e3o deste conjunto de utens\u00edlios de mesa por atacado, e h\u00e1 uma t\u00e9cnica profissional envolvida no processo de fabrico, por isso n\u00e3o tem qualquer material nocivo e \u00e9 seguro e fi\u00e1vel para aplicar. N\u00e3o produzir\u00e1 qualquer rea\u00e7\u00e3o qu\u00edmica com os alimentos e \u00e9 capaz de manter o sabor original dos alimentos.<\/li>\n\n\n\n<li><strong>Durabilidade: <\/strong>Estas loi\u00e7as a granel de qualidade superior s\u00e3o duradouras e resistentes ao desgaste. Desde que sejam bem utilizadas e bem mantidas, por exemplo, evitando colis\u00f5es entre si, temperaturas abruptas de frio e calor, podem ser utilizadas durante muito tempo.<\/li>\n\n\n\n<li><strong>Versatilidade: <\/strong>Estes conjuntos de loi\u00e7a por atacado consistem em pratos e tigelas de cer\u00e2mica em diferentes tamanhos para necessidades gastron\u00f3micas espec\u00edficas e podem ser aplicados em qualquer ocasi\u00e3o, quer seja um jantar formal ou um almo\u00e7o normal. Podem ser utilizados com seguran\u00e7a no micro-ondas, no forno, na fritadeira, na m\u00e1quina de lavar lou\u00e7a e no frigor\u00edfico.<\/li>\n<\/ul>\n<\/div>\n\n\n\n<div class=\"wp-block-column is-layout-flow wp-block-column-is-layout-flow\">\n<figure class=\"wp-block-image size-full\"><img fetchpriority=\"high\" decoding=\"async\" width=\"2000\" height=\"2000\" src=\"https:\/\/jinhuaceramic.com\/wp-content\/uploads\/2025\/03\/High-End-Custom-Tableware-Set-Dinner-Services-Wholesale-Ceramic-Plates-3.webp\" alt=\"Conjunto de loi\u00e7a personalizada de alta qualidade, servi\u00e7os de jantar, venda por grosso de pratos de cer\u00e2mica\" class=\"wp-image-8378\" srcset=\"https:\/\/jinhuaceramic.com\/wp-content\/uploads\/2025\/03\/High-End-Custom-Tableware-Set-Dinner-Services-Wholesale-Ceramic-Plates-3.webp 2000w, https:\/\/jinhuaceramic.com\/wp-content\/uploads\/2025\/03\/High-End-Custom-Tableware-Set-Dinner-Services-Wholesale-Ceramic-Plates-3-300x300.webp 300w, https:\/\/jinhuaceramic.com\/wp-content\/uploads\/2025\/03\/High-End-Custom-Tableware-Set-Dinner-Services-Wholesale-Ceramic-Plates-3-150x150.webp 150w, https:\/\/jinhuaceramic.com\/wp-content\/uploads\/2025\/03\/High-End-Custom-Tableware-Set-Dinner-Services-Wholesale-Ceramic-Plates-3-768x768.webp 768w, https:\/\/jinhuaceramic.com\/wp-content\/uploads\/2025\/03\/High-End-Custom-Tableware-Set-Dinner-Services-Wholesale-Ceramic-Plates-3-12x12.webp 12w, https:\/\/jinhuaceramic.com\/wp-content\/uploads\/2025\/03\/High-End-Custom-Tableware-Set-Dinner-Services-Wholesale-Ceramic-Plates-3-285x285.webp 285w, https:\/\/jinhuaceramic.com\/wp-content\/uploads\/2025\/03\/High-End-Custom-Tableware-Set-Dinner-Services-Wholesale-Ceramic-Plates-3-1600x1600.webp 1600w, https:\/\/jinhuaceramic.com\/wp-content\/uploads\/2025\/03\/High-End-Custom-Tableware-Set-Dinner-Services-Wholesale-Ceramic-Plates-3-270x270.webp 270w, https:\/\/jinhuaceramic.com\/wp-content\/uploads\/2025\/03\/High-End-Custom-Tableware-Set-Dinner-Services-Wholesale-Ceramic-Plates-3-540x540.webp 540w, https:\/\/jinhuaceramic.com\/wp-content\/uploads\/2025\/03\/High-End-Custom-Tableware-Set-Dinner-Services-Wholesale-Ceramic-Plates-3-660x660.webp 660w\" sizes=\"(max-width: 2000px) 100vw, 2000px\" \/><\/figure>\n<\/div>\n<\/div>","protected":false},"excerpt":{"rendered":"<p>Bem-vindo \u00e0 compra de conjuntos de loi\u00e7a por atacado. Estes conjuntos de lou\u00e7a a granel s\u00e3o principalmente em cores acinzentadas requintadas e coloridas, com textura \u00fanica e bordas escuras, que s\u00e3o novas e art\u00edsticas. O material cer\u00e2mico \u00e9 resistente ao desgaste e n\u00e3o t\u00f3xico, e a combina\u00e7\u00e3o do prato e da tigela satisfaz a demanda das refei\u00e7\u00f5es di\u00e1rias, tanto a praticidade quanto o valor est\u00e9tico especial, seja refei\u00e7\u00e3o em fam\u00edlia ou banquete formal, pode satisfazer a demanda.<\/p>","protected":false},"featured_media":8382,"comment_status":"closed","ping_status":"closed","template":"","meta":{"_acf_changed":false},"product_brand":[],"product_cat":[83,54],"product_tag":[],"class_list":{"0":"post-8376","1":"product","2":"type-product","3":"status-publish","4":"has-post-thumbnail","6":"product_cat-wholesale-dinnerware-sets","7":"product_cat-tableware-wholesale","9":"first","10":"instock","11":"shipping-taxable","12":"product-type-simple"},"acf":[],"_links":{"self":[{"href":"https:\/\/jinhuaceramic.com\/pt\/wp-json\/wp\/v2\/product\/8376","targetHints":{"allow":["GET"]}}],"collection":[{"href":"https:\/\/jinhuaceramic.com\/pt\/wp-json\/wp\/v2\/product"}],"about":[{"href":"https:\/\/jinhuaceramic.com\/pt\/wp-json\/wp\/v2\/types\/product"}],"replies":[{"embeddable":true,"href":"https:\/\/jinhuaceramic.com\/pt\/wp-json\/wp\/v2\/comments?post=8376"}],"version-history":[{"count":0,"href":"https:\/\/jinhuaceramic.com\/pt\/wp-json\/wp\/v2\/product\/8376\/revisions"}],"wp:featuredmedia":[{"embeddable":true,"href":"https:\/\/jinhuaceramic.com\/pt\/wp-json\/wp\/v2\/media\/8382"}],"wp:attachment":[{"href":"https:\/\/jinhuaceramic.com\/pt\/wp-json\/wp\/v2\/media?parent=8376"}],"wp:term":[{"taxonomy":"product_brand","embeddable":true,"href":"https:\/\/jinhuaceramic.com\/pt\/wp-json\/wp\/v2\/product_brand?post=8376"},{"taxonomy":"product_cat","embeddable":true,"href":"https:\/\/jinhuaceramic.com\/pt\/wp-json\/wp\/v2\/product_cat?post=8376"},{"taxonomy":"product_tag","embeddable":true,"href":"https:\/\/jinhuaceramic.com\/pt\/wp-json\/wp\/v2\/product_tag?post=8376"}],"curies":[{"name":"wp","href":"https:\/\/api.w.org\/{rel}","templated":true}]}}