{"id":8386,"date":"2025-03-25T09:03:41","date_gmt":"2025-03-25T09:03:41","guid":{"rendered":"https:\/\/jinhuaceramic.com\/?post_type=product&#038;p=8386"},"modified":"2025-04-15T03:51:45","modified_gmt":"2025-04-15T03:51:45","slug":"wholesale-restaurant-dinnerware","status":"publish","type":"product","link":"https:\/\/jinhuaceramic.com\/pt\/product\/wholesale-restaurant-dinnerware\/","title":{"rendered":"Servi\u00e7o de jantar de restaurante por grosso, conjunto moderno de pratos e ta\u00e7as"},"content":{"rendered":"<div class=\"wp-block-columns is-layout-flex wp-container-core-columns-is-layout-9d6595d7 wp-block-columns-is-layout-flex\">\n<div class=\"wp-block-column is-layout-flow wp-block-column-is-layout-flow\">\n<h3 class=\"wp-block-heading\">Servi\u00e7o de jantar Premium Wholesale para restaurantes Carater\u00edsticas:<\/h3>\n\n\n\n<ul class=\"wp-block-list\">\n<li><strong>Textura \u00fanica: <\/strong>Esta loi\u00e7a de restaurante por atacado tem texturas \u00fanicas, com pratos grandes com textura pontilhada em relevo nos bordos, pratos pequenos com textura conc\u00eantrica em relevo e ta\u00e7as com textura vertical estriada. Estas texturas variadas n\u00e3o s\u00f3 tornam os utens\u00edlios de mesa mais h\u00e1pticos na perce\u00e7\u00e3o, como tamb\u00e9m os tornam mais estratificados e \u00fanicos visualmente, evitando a uniformidade.<\/li>\n\n\n\n<li><strong>Bege suave:<\/strong> A cor predominante deste conjunto de prato e tigela \u00e9 o bege suave, um item de cor neutra que \u00e9 altamente vers\u00e1til e pode criar uma experi\u00eancia de jantar calorosa e acolhedora. A borda destes utens\u00edlios de mesa tem linhas castanhas desordenadas que parecem arte pintada \u00e0 m\u00e3o, marcando as bordas dos utens\u00edlios de mesa e acrescentando cor natural.<\/li>\n\n\n\n<li><strong>Material de alta qualidade:<\/strong> Esta loi\u00e7a de restaurante por atacado de alta qualidade \u00e9 feita de cer\u00e2mica, tem bons efeitos de isolamento t\u00e9rmico e \u00e9 capaz de manter a temperatura dos alimentos durante um per\u00edodo de tempo mais longo. N\u00e3o cont\u00eam ingredientes prejudiciais \u00e0 sa\u00fade, como o chumbo, pelo que a sua utiliza\u00e7\u00e3o \u00e9 segura e saud\u00e1vel.<\/li>\n\n\n\n<li><strong>Forte car\u00e1cter pr\u00e1tico: <\/strong>Este conjunto de pratos e tigelas a granel inclui pratos de jantar grandes, pratos de salada pequenos e tigelas de cer\u00e2mica que podem ser utilizados para servir arroz, sopa ou cereais, etc., para satisfazer v\u00e1rias necessidades de refei\u00e7\u00f5es.<\/li>\n<\/ul>\n<\/div>\n\n\n\n<div class=\"wp-block-column is-layout-flow wp-block-column-is-layout-flow\">\n<figure class=\"wp-block-image size-full\"><img fetchpriority=\"high\" decoding=\"async\" width=\"1000\" height=\"1000\" src=\"https:\/\/jinhuaceramic.com\/wp-content\/uploads\/2025\/03\/Modern-Fine-China-Dinnerware-Wholesale-Custom-Tableware-In-Bulk-6.webp\" alt=\"Servi\u00e7o de jantar de restaurante por grosso, conjunto moderno de prato e ta\u00e7a-1\" class=\"wp-image-8391\" srcset=\"https:\/\/jinhuaceramic.com\/wp-content\/uploads\/2025\/03\/Modern-Fine-China-Dinnerware-Wholesale-Custom-Tableware-In-Bulk-6.webp 1000w, https:\/\/jinhuaceramic.com\/wp-content\/uploads\/2025\/03\/Modern-Fine-China-Dinnerware-Wholesale-Custom-Tableware-In-Bulk-6-300x300.webp 300w, https:\/\/jinhuaceramic.com\/wp-content\/uploads\/2025\/03\/Modern-Fine-China-Dinnerware-Wholesale-Custom-Tableware-In-Bulk-6-150x150.webp 150w, https:\/\/jinhuaceramic.com\/wp-content\/uploads\/2025\/03\/Modern-Fine-China-Dinnerware-Wholesale-Custom-Tableware-In-Bulk-6-768x768.webp 768w, https:\/\/jinhuaceramic.com\/wp-content\/uploads\/2025\/03\/Modern-Fine-China-Dinnerware-Wholesale-Custom-Tableware-In-Bulk-6-12x12.webp 12w, https:\/\/jinhuaceramic.com\/wp-content\/uploads\/2025\/03\/Modern-Fine-China-Dinnerware-Wholesale-Custom-Tableware-In-Bulk-6-285x285.webp 285w, https:\/\/jinhuaceramic.com\/wp-content\/uploads\/2025\/03\/Modern-Fine-China-Dinnerware-Wholesale-Custom-Tableware-In-Bulk-6-270x270.webp 270w, https:\/\/jinhuaceramic.com\/wp-content\/uploads\/2025\/03\/Modern-Fine-China-Dinnerware-Wholesale-Custom-Tableware-In-Bulk-6-540x540.webp 540w, https:\/\/jinhuaceramic.com\/wp-content\/uploads\/2025\/03\/Modern-Fine-China-Dinnerware-Wholesale-Custom-Tableware-In-Bulk-6-660x660.webp 660w\" sizes=\"(max-width: 1000px) 100vw, 1000px\" \/><\/figure>\n<\/div>\n<\/div>","protected":false},"excerpt":{"rendered":"<p>Bem-vindo \u00e0 compra de conjunto de prato e tigela a granel. Esta loi\u00e7a de restaurante por atacado \u00e9 bege suave com rebordo castanho, o que \u00e9 apropriado para v\u00e1rios estilos de decora\u00e7\u00e3o de mesa. Consistem em tigelas e pratos com v\u00e1rias texturas \u00fanicas para atender \u00e0s necessidades de jantar. O material cer\u00e2mico de alta qualidade torna-os n\u00e3o s\u00f3 elegantes, mas tamb\u00e9m duradouros, o que os torna a melhor escolha para quem procura uma vida de qualidade.<\/p>","protected":false},"featured_media":8389,"comment_status":"closed","ping_status":"closed","template":"","meta":{"_acf_changed":false},"product_brand":[],"product_cat":[83,54],"product_tag":[],"class_list":{"0":"post-8386","1":"product","2":"type-product","3":"status-publish","4":"has-post-thumbnail","6":"product_cat-wholesale-dinnerware-sets","7":"product_cat-tableware-wholesale","9":"first","10":"instock","11":"shipping-taxable","12":"product-type-simple"},"acf":[],"_links":{"self":[{"href":"https:\/\/jinhuaceramic.com\/pt\/wp-json\/wp\/v2\/product\/8386","targetHints":{"allow":["GET"]}}],"collection":[{"href":"https:\/\/jinhuaceramic.com\/pt\/wp-json\/wp\/v2\/product"}],"about":[{"href":"https:\/\/jinhuaceramic.com\/pt\/wp-json\/wp\/v2\/types\/product"}],"replies":[{"embeddable":true,"href":"https:\/\/jinhuaceramic.com\/pt\/wp-json\/wp\/v2\/comments?post=8386"}],"version-history":[{"count":0,"href":"https:\/\/jinhuaceramic.com\/pt\/wp-json\/wp\/v2\/product\/8386\/revisions"}],"wp:featuredmedia":[{"embeddable":true,"href":"https:\/\/jinhuaceramic.com\/pt\/wp-json\/wp\/v2\/media\/8389"}],"wp:attachment":[{"href":"https:\/\/jinhuaceramic.com\/pt\/wp-json\/wp\/v2\/media?parent=8386"}],"wp:term":[{"taxonomy":"product_brand","embeddable":true,"href":"https:\/\/jinhuaceramic.com\/pt\/wp-json\/wp\/v2\/product_brand?post=8386"},{"taxonomy":"product_cat","embeddable":true,"href":"https:\/\/jinhuaceramic.com\/pt\/wp-json\/wp\/v2\/product_cat?post=8386"},{"taxonomy":"product_tag","embeddable":true,"href":"https:\/\/jinhuaceramic.com\/pt\/wp-json\/wp\/v2\/product_tag?post=8386"}],"curies":[{"name":"wp","href":"https:\/\/api.w.org\/{rel}","templated":true}]}}