{"id":8419,"date":"2025-03-27T09:41:48","date_gmt":"2025-03-27T09:41:48","guid":{"rendered":"https:\/\/jinhuaceramic.com\/?post_type=product&#038;p=8419"},"modified":"2025-03-27T09:42:15","modified_gmt":"2025-03-27T09:42:15","slug":"customized-dinner-set","status":"publish","type":"product","link":"https:\/\/jinhuaceramic.com\/pt\/product\/customized-dinner-set\/","title":{"rendered":"Conjunto de jantar personalizado com textura em espiral, pratos e tigelas de cer\u00e2mica por atacado"},"content":{"rendered":"<div class=\"wp-block-columns is-layout-flex wp-container-core-columns-is-layout-9d6595d7 wp-block-columns-is-layout-flex\">\n<div class=\"wp-block-column is-layout-flow wp-block-column-is-layout-flow\">\n<h3 class=\"wp-block-heading\">Conjunto de jantar personalizado Premium Carater\u00edsticas:<\/h3>\n\n\n\n<ul class=\"wp-block-list\">\n<li><strong>Padr\u00e3o espiral exclusivo:<\/strong> O padr\u00e3o em espiral dos conjuntos de jantar personalizados \u00e9 exclusivo e o design do c\u00edrculo conc\u00eantrico alarga-se para fora a partir do centro, o que cria uma sensa\u00e7\u00e3o de din\u00e2mica e interesse para os utens\u00edlios de mesa, quebrando os utens\u00edlios de mesa tradicionais e revigorando a mesa de jantar.<\/li>\n\n\n\n<li><strong>Tom de cor tranquilo:<\/strong> Os pratos e tigelas de cer\u00e2mica por atacado s\u00e3o produzidos numa cor azul clara que os torna tranquilos, modernos e elegantes. A borda dos utens\u00edlios de mesa \u00e9 adornada com uma borda estreita de azul escuro que corre ao redor da borda dos utens\u00edlios de mesa e os torna elegantes.<\/li>\n\n\n\n<li><strong>Material cer\u00e2mico de alta qualidade:<\/strong> Os pratos e tigelas de cer\u00e2mica de alta qualidade t\u00eam boa reten\u00e7\u00e3o e resist\u00eancia ao calor, podem manter a temperatura dos alimentos durante mais tempo e os clientes podem comer alimentos quentes de forma mais conveniente. A superf\u00edcie da cer\u00e2mica \u00e9 pura e lisa.<\/li>\n\n\n\n<li><strong>Elevada praticabilidade:<\/strong> Os conjuntos de jantar personalizados incluem tigelas de 5,9 polegadas, pratos de 8 polegadas e pratos de 10 polegadas. As tigelas de 5,9 polegadas est\u00e3o dispon\u00edveis para tigelas de cereais, sopa ou arroz, etc.; os pratos de 8 polegadas para acompanhamentos como saladas; e os pratos de 10 polegadas para pratos principais como bifes, satisfazendo as refei\u00e7\u00f5es di\u00e1rias e diferentes exig\u00eancias alimentares.<\/li>\n<\/ul>\n<\/div>\n\n\n\n<div class=\"wp-block-column is-layout-flow wp-block-column-is-layout-flow\">\n<figure class=\"wp-block-image size-full\"><img fetchpriority=\"high\" decoding=\"async\" width=\"1000\" height=\"1000\" src=\"https:\/\/jinhuaceramic.com\/wp-content\/uploads\/2025\/03\/Custom-Tableware-With-Spiral-Texture-Ceramic-Dinner-Plates-Wholesale-3.webp\" alt=\"conjunto de jantar personalizado com pratos de cer\u00e2mica com textura em espiral e tigelas - grossista-1\" class=\"wp-image-8421\" srcset=\"https:\/\/jinhuaceramic.com\/wp-content\/uploads\/2025\/03\/Custom-Tableware-With-Spiral-Texture-Ceramic-Dinner-Plates-Wholesale-3.webp 1000w, https:\/\/jinhuaceramic.com\/wp-content\/uploads\/2025\/03\/Custom-Tableware-With-Spiral-Texture-Ceramic-Dinner-Plates-Wholesale-3-300x300.webp 300w, https:\/\/jinhuaceramic.com\/wp-content\/uploads\/2025\/03\/Custom-Tableware-With-Spiral-Texture-Ceramic-Dinner-Plates-Wholesale-3-150x150.webp 150w, https:\/\/jinhuaceramic.com\/wp-content\/uploads\/2025\/03\/Custom-Tableware-With-Spiral-Texture-Ceramic-Dinner-Plates-Wholesale-3-768x768.webp 768w, https:\/\/jinhuaceramic.com\/wp-content\/uploads\/2025\/03\/Custom-Tableware-With-Spiral-Texture-Ceramic-Dinner-Plates-Wholesale-3-12x12.webp 12w, https:\/\/jinhuaceramic.com\/wp-content\/uploads\/2025\/03\/Custom-Tableware-With-Spiral-Texture-Ceramic-Dinner-Plates-Wholesale-3-285x285.webp 285w, https:\/\/jinhuaceramic.com\/wp-content\/uploads\/2025\/03\/Custom-Tableware-With-Spiral-Texture-Ceramic-Dinner-Plates-Wholesale-3-270x270.webp 270w, https:\/\/jinhuaceramic.com\/wp-content\/uploads\/2025\/03\/Custom-Tableware-With-Spiral-Texture-Ceramic-Dinner-Plates-Wholesale-3-540x540.webp 540w, https:\/\/jinhuaceramic.com\/wp-content\/uploads\/2025\/03\/Custom-Tableware-With-Spiral-Texture-Ceramic-Dinner-Plates-Wholesale-3-660x660.webp 660w\" sizes=\"(max-width: 1000px) 100vw, 1000px\" \/><\/figure>\n<\/div>\n<\/div>","protected":false},"excerpt":{"rendered":"<p>Encomende o nosso conjunto de jantar personalizado. Estes pratos e ta\u00e7as de cer\u00e2mica azuis claros, com padr\u00e3o em espiral, s\u00e3o simples mas contempor\u00e2neos e combinam facilmente com qualquer tipo de decora\u00e7\u00e3o de casa. A cer\u00e2mica n\u00e3o \u00e9 fr\u00e1gil, e as ta\u00e7as e pratos s\u00e3o muito reutiliz\u00e1veis, quer seja para um jantar formal ou para um lanche. Com a combina\u00e7\u00e3o de funcionalidade e beleza, estes utens\u00edlios de mesa t\u00eam o potencial de ser uma boa ajuda para melhorar muito a experi\u00eancia de jantar do utilizador.<\/p>","protected":false},"featured_media":8422,"comment_status":"closed","ping_status":"closed","template":"","meta":{"_acf_changed":false},"product_brand":[],"product_cat":[83,54],"product_tag":[],"class_list":{"0":"post-8419","1":"product","2":"type-product","3":"status-publish","4":"has-post-thumbnail","6":"product_cat-wholesale-dinnerware-sets","7":"product_cat-tableware-wholesale","9":"first","10":"instock","11":"shipping-taxable","12":"product-type-simple"},"acf":[],"_links":{"self":[{"href":"https:\/\/jinhuaceramic.com\/pt\/wp-json\/wp\/v2\/product\/8419","targetHints":{"allow":["GET"]}}],"collection":[{"href":"https:\/\/jinhuaceramic.com\/pt\/wp-json\/wp\/v2\/product"}],"about":[{"href":"https:\/\/jinhuaceramic.com\/pt\/wp-json\/wp\/v2\/types\/product"}],"replies":[{"embeddable":true,"href":"https:\/\/jinhuaceramic.com\/pt\/wp-json\/wp\/v2\/comments?post=8419"}],"version-history":[{"count":0,"href":"https:\/\/jinhuaceramic.com\/pt\/wp-json\/wp\/v2\/product\/8419\/revisions"}],"wp:featuredmedia":[{"embeddable":true,"href":"https:\/\/jinhuaceramic.com\/pt\/wp-json\/wp\/v2\/media\/8422"}],"wp:attachment":[{"href":"https:\/\/jinhuaceramic.com\/pt\/wp-json\/wp\/v2\/media?parent=8419"}],"wp:term":[{"taxonomy":"product_brand","embeddable":true,"href":"https:\/\/jinhuaceramic.com\/pt\/wp-json\/wp\/v2\/product_brand?post=8419"},{"taxonomy":"product_cat","embeddable":true,"href":"https:\/\/jinhuaceramic.com\/pt\/wp-json\/wp\/v2\/product_cat?post=8419"},{"taxonomy":"product_tag","embeddable":true,"href":"https:\/\/jinhuaceramic.com\/pt\/wp-json\/wp\/v2\/product_tag?post=8419"}],"curies":[{"name":"wp","href":"https:\/\/api.w.org\/{rel}","templated":true}]}}