{"id":8435,"date":"2025-03-29T02:14:42","date_gmt":"2025-03-29T02:14:42","guid":{"rendered":"https:\/\/jinhuaceramic.com\/?post_type=product&#038;p=8435"},"modified":"2025-03-29T02:14:43","modified_gmt":"2025-03-29T02:14:43","slug":"ceramic-dinner-set-wholesale","status":"publish","type":"product","link":"https:\/\/jinhuaceramic.com\/pt\/product\/ceramic-dinner-set-wholesale\/","title":{"rendered":"Conjunto de jantar de cer\u00e2mica fina por atacado, copo de tigela de prato branco a granel"},"content":{"rendered":"<div class=\"wp-block-columns is-layout-flex wp-container-core-columns-is-layout-9d6595d7 wp-block-columns-is-layout-flex\">\n<div class=\"wp-block-column is-layout-flow wp-block-column-is-layout-flow\">\n<h3 class=\"wp-block-heading\">Conjunto de jantar em cer\u00e2mica Premium Carater\u00edsticas por atacado:<\/h3>\n\n\n\n<ul class=\"wp-block-list\">\n<li><strong>Forma simples:<\/strong> A forma deste conjunto de jantar de cer\u00e2mica por atacado \u00e9 concisa e elegante em geral. Os pratos de jantar s\u00e3o redondos cl\u00e1ssicos, as bordas das tigelas de cer\u00e2mica dobram-se ligeiramente, com uma sensa\u00e7\u00e3o de camadas, e os copos de cer\u00e2mica s\u00e3o inchados no meio e contra\u00eddos no fundo, com um forte sentido de design.<\/li>\n\n\n\n<li><strong>Design elegante:<\/strong> Estes conjuntos de loi\u00e7a por atacado t\u00eam um padr\u00e3o de cor gradiente que \u00e9 subtil. A mudan\u00e7a gradual do centro bege para o bordo castanho proporciona um efeito visual em camadas. Alguns padr\u00f5es de c\u00edrculos conc\u00eantricos em relevo est\u00e3o presentes nos rebordos dos utens\u00edlios de mesa, o que lhes confere um toque elegante.<\/li>\n\n\n\n<li><strong>Material de alta qualidade: <\/strong>Este conjunto de jantar de cer\u00e2mica por atacado \u00e9 feito de material cer\u00e2mico de alta qualidade cozido a altas temperaturas. S\u00e3o fortes e dur\u00e1veis, e podem resistir ao desgaste, lascas e arranh\u00f5es no dia a dia, por isso s\u00e3o duradouros.<\/li>\n\n\n\n<li><strong>Conjunto completo: <\/strong>Estes conjuntos de loi\u00e7a por atacado cont\u00eam 4 pratos de jantar, 4 pratos de salada, 4 tigelas e 4 canecas. O conjunto de 16 pe\u00e7as satisfaz as necessidades quotidianas de uma fam\u00edlia de quatro pessoas e de pequenas reuni\u00f5es.<\/li>\n<\/ul>\n<\/div>\n\n\n\n<div class=\"wp-block-column is-layout-flow wp-block-column-is-layout-flow\">\n<figure class=\"wp-block-image size-full\"><img fetchpriority=\"high\" decoding=\"async\" width=\"1000\" height=\"1000\" src=\"https:\/\/jinhuaceramic.com\/wp-content\/uploads\/2025\/03\/Fine-China-Tableware-Sets-Wholesale-Dinnerware-Set-Service-For-4.webp\" alt=\"Conjunto de jantar de cer\u00e2mica fina por atacado, copo de tigela de prato branco a granel-5\" class=\"wp-image-8440\" srcset=\"https:\/\/jinhuaceramic.com\/wp-content\/uploads\/2025\/03\/Fine-China-Tableware-Sets-Wholesale-Dinnerware-Set-Service-For-4.webp 1000w, https:\/\/jinhuaceramic.com\/wp-content\/uploads\/2025\/03\/Fine-China-Tableware-Sets-Wholesale-Dinnerware-Set-Service-For-4-300x300.webp 300w, https:\/\/jinhuaceramic.com\/wp-content\/uploads\/2025\/03\/Fine-China-Tableware-Sets-Wholesale-Dinnerware-Set-Service-For-4-150x150.webp 150w, https:\/\/jinhuaceramic.com\/wp-content\/uploads\/2025\/03\/Fine-China-Tableware-Sets-Wholesale-Dinnerware-Set-Service-For-4-768x768.webp 768w, https:\/\/jinhuaceramic.com\/wp-content\/uploads\/2025\/03\/Fine-China-Tableware-Sets-Wholesale-Dinnerware-Set-Service-For-4-12x12.webp 12w, https:\/\/jinhuaceramic.com\/wp-content\/uploads\/2025\/03\/Fine-China-Tableware-Sets-Wholesale-Dinnerware-Set-Service-For-4-285x285.webp 285w, https:\/\/jinhuaceramic.com\/wp-content\/uploads\/2025\/03\/Fine-China-Tableware-Sets-Wholesale-Dinnerware-Set-Service-For-4-270x270.webp 270w, https:\/\/jinhuaceramic.com\/wp-content\/uploads\/2025\/03\/Fine-China-Tableware-Sets-Wholesale-Dinnerware-Set-Service-For-4-540x540.webp 540w, https:\/\/jinhuaceramic.com\/wp-content\/uploads\/2025\/03\/Fine-China-Tableware-Sets-Wholesale-Dinnerware-Set-Service-For-4-660x660.webp 660w\" sizes=\"(max-width: 1000px) 100vw, 1000px\" \/><\/figure>\n<\/div>\n<\/div>","protected":false},"excerpt":{"rendered":"<p>Bem-vindo \u00e0 compra de lou\u00e7a por atacado para restaurante. Este conjunto de jantar de cer\u00e2mica por atacado \u00e9 popular pelo seu design simples e elegante. Os tons neutros gradientes s\u00e3o vers\u00e1teis e podem adaptar-se a v\u00e1rios estilos de casa. O material cer\u00e2mico \u00e9 robusto e dur\u00e1vel, adequado para refei\u00e7\u00f5es di\u00e1rias.<\/p>","protected":false},"featured_media":8438,"comment_status":"closed","ping_status":"closed","template":"","meta":{"_acf_changed":false},"product_brand":[],"product_cat":[83,54],"product_tag":[],"class_list":{"0":"post-8435","1":"product","2":"type-product","3":"status-publish","4":"has-post-thumbnail","6":"product_cat-wholesale-dinnerware-sets","7":"product_cat-tableware-wholesale","9":"first","10":"instock","11":"shipping-taxable","12":"product-type-simple"},"acf":[],"_links":{"self":[{"href":"https:\/\/jinhuaceramic.com\/pt\/wp-json\/wp\/v2\/product\/8435","targetHints":{"allow":["GET"]}}],"collection":[{"href":"https:\/\/jinhuaceramic.com\/pt\/wp-json\/wp\/v2\/product"}],"about":[{"href":"https:\/\/jinhuaceramic.com\/pt\/wp-json\/wp\/v2\/types\/product"}],"replies":[{"embeddable":true,"href":"https:\/\/jinhuaceramic.com\/pt\/wp-json\/wp\/v2\/comments?post=8435"}],"version-history":[{"count":0,"href":"https:\/\/jinhuaceramic.com\/pt\/wp-json\/wp\/v2\/product\/8435\/revisions"}],"wp:featuredmedia":[{"embeddable":true,"href":"https:\/\/jinhuaceramic.com\/pt\/wp-json\/wp\/v2\/media\/8438"}],"wp:attachment":[{"href":"https:\/\/jinhuaceramic.com\/pt\/wp-json\/wp\/v2\/media?parent=8435"}],"wp:term":[{"taxonomy":"product_brand","embeddable":true,"href":"https:\/\/jinhuaceramic.com\/pt\/wp-json\/wp\/v2\/product_brand?post=8435"},{"taxonomy":"product_cat","embeddable":true,"href":"https:\/\/jinhuaceramic.com\/pt\/wp-json\/wp\/v2\/product_cat?post=8435"},{"taxonomy":"product_tag","embeddable":true,"href":"https:\/\/jinhuaceramic.com\/pt\/wp-json\/wp\/v2\/product_tag?post=8435"}],"curies":[{"name":"wp","href":"https:\/\/api.w.org\/{rel}","templated":true}]}}