{"id":8447,"date":"2025-04-03T07:55:46","date_gmt":"2025-04-03T07:55:46","guid":{"rendered":"https:\/\/jinhuaceramic.com\/?post_type=product&#038;p=8447"},"modified":"2025-04-03T07:55:47","modified_gmt":"2025-04-03T07:55:47","slug":"dinnerware-in-bulk","status":"publish","type":"product","link":"https:\/\/jinhuaceramic.com\/pt\/product\/dinnerware-in-bulk\/","title":{"rendered":"Lou\u00e7a de jantar com esmalte reativo a granel, lou\u00e7a de mesa de cer\u00e2mica por atacado"},"content":{"rendered":"<div class=\"wp-block-columns is-layout-flex wp-container-core-columns-is-layout-9d6595d7 wp-block-columns-is-layout-flex\">\n<div class=\"wp-block-column is-layout-flow wp-block-column-is-layout-flow\">\n<h3 class=\"wp-block-heading\">Servi\u00e7o de jantar Premium Reactive Glaze a granel Carater\u00edsticas:<\/h3>\n\n\n\n<ul class=\"wp-block-list\">\n<li><strong>Forma moderna e simples:<\/strong> A forma geral destes aparelhos de jantar personalizados a granel \u00e9 simples e moderna, com uma curva suave. Os pratos n\u00e3o t\u00eam a forma de um c\u00edrculo regular, mas sim de um c\u00edrculo irregular, e as ta\u00e7as t\u00eam uma forma pouco angular. Esta forma simples permite-lhes adaptar-se a diferentes configura\u00e7\u00f5es de mesa.<\/li>\n\n\n\n<li><strong>Tons suaves: <\/strong>Este servi\u00e7o de jantar a granel \u00e9 um azul p\u00e1lido que \u00e9 calmante e reconfortante para os olhos, com uma textura irregular suave. A textura criada com o esmalte reativo confere um toque artesanal ao servi\u00e7o de mesa. Um anel de tubagem dourado que rodeia o bordo do servi\u00e7o de mesa d\u00e1 um toque de classe e eleg\u00e2ncia ao azul p\u00e1lido.<\/li>\n\n\n\n<li><strong>Materiais de alta qualidade:<\/strong> Estes utens\u00edlios de mesa de cer\u00e2mica por atacado de queima a alta temperatura s\u00e3o muito duros e fortes e s\u00e3o resistentes ao desgaste e \u00e0 quebra. T\u00eam uma longa vida \u00fatil. N\u00e3o ser\u00e3o facilmente riscados por facas e garfos durante a utiliza\u00e7\u00e3o di\u00e1ria e podem ter sempre um aspeto bonito.<\/li>\n\n\n\n<li><strong>Grande praticidade:<\/strong> Estes utens\u00edlios de mesa de cer\u00e2mica por atacado incluem pratos e tigelas de cer\u00e2mica, v\u00eam em tamanhos diferentes para atender \u00e0s diferentes necessidades das refei\u00e7\u00f5es di\u00e1rias. S\u00e3o muito adequados para serem utilizados nas refei\u00e7\u00f5es di\u00e1rias ou em jantares de festa; podem ser colocados em fam\u00edlias simples ou em empresas como restaurantes de alto n\u00edvel.<\/li>\n<\/ul>\n<\/div>\n\n\n\n<div class=\"wp-block-column is-layout-flow wp-block-column-is-layout-flow\">\n<figure class=\"wp-block-image size-full\"><img fetchpriority=\"high\" decoding=\"async\" width=\"2000\" height=\"2000\" src=\"https:\/\/jinhuaceramic.com\/wp-content\/uploads\/2025\/03\/Reactive-Glaze-Dinnerware-Set-Wholesale-Custom-Ceramic-Tableware-Set-4.webp\" alt=\"talheres de cer\u00e2mica reactivos a granel - talheres de cer\u00e2mica a granel - 1\" class=\"wp-image-8450\" srcset=\"https:\/\/jinhuaceramic.com\/wp-content\/uploads\/2025\/03\/Reactive-Glaze-Dinnerware-Set-Wholesale-Custom-Ceramic-Tableware-Set-4.webp 2000w, https:\/\/jinhuaceramic.com\/wp-content\/uploads\/2025\/03\/Reactive-Glaze-Dinnerware-Set-Wholesale-Custom-Ceramic-Tableware-Set-4-300x300.webp 300w, https:\/\/jinhuaceramic.com\/wp-content\/uploads\/2025\/03\/Reactive-Glaze-Dinnerware-Set-Wholesale-Custom-Ceramic-Tableware-Set-4-150x150.webp 150w, https:\/\/jinhuaceramic.com\/wp-content\/uploads\/2025\/03\/Reactive-Glaze-Dinnerware-Set-Wholesale-Custom-Ceramic-Tableware-Set-4-768x768.webp 768w, https:\/\/jinhuaceramic.com\/wp-content\/uploads\/2025\/03\/Reactive-Glaze-Dinnerware-Set-Wholesale-Custom-Ceramic-Tableware-Set-4-12x12.webp 12w, https:\/\/jinhuaceramic.com\/wp-content\/uploads\/2025\/03\/Reactive-Glaze-Dinnerware-Set-Wholesale-Custom-Ceramic-Tableware-Set-4-285x285.webp 285w, https:\/\/jinhuaceramic.com\/wp-content\/uploads\/2025\/03\/Reactive-Glaze-Dinnerware-Set-Wholesale-Custom-Ceramic-Tableware-Set-4-1600x1600.webp 1600w, https:\/\/jinhuaceramic.com\/wp-content\/uploads\/2025\/03\/Reactive-Glaze-Dinnerware-Set-Wholesale-Custom-Ceramic-Tableware-Set-4-270x270.webp 270w, https:\/\/jinhuaceramic.com\/wp-content\/uploads\/2025\/03\/Reactive-Glaze-Dinnerware-Set-Wholesale-Custom-Ceramic-Tableware-Set-4-540x540.webp 540w, https:\/\/jinhuaceramic.com\/wp-content\/uploads\/2025\/03\/Reactive-Glaze-Dinnerware-Set-Wholesale-Custom-Ceramic-Tableware-Set-4-660x660.webp 660w\" sizes=\"(max-width: 2000px) 100vw, 2000px\" \/><\/figure>\n<\/div>\n<\/div>","protected":false},"excerpt":{"rendered":"<p>Bem-vindo ao servi\u00e7o de mesa de cer\u00e2mica por atacado. Esta loi\u00e7a de jantar a granel est\u00e1 na moda e tem um design simples, que pode ser melhor aplicado para melhorar o aspeto da mesa de jantar. A cer\u00e2mica \u00e9 inofensiva, forte e duradoura. Ao mesmo tempo modernos e funcionais, estes conjuntos de loi\u00e7a de mesa s\u00e3o melhor aplicados para aumentar a alegria da vida de jantar e s\u00e3o adequados para pessoas que procuram uma vida boa.<\/p>","protected":false},"featured_media":8449,"comment_status":"closed","ping_status":"closed","template":"","meta":{"_acf_changed":false},"product_brand":[],"product_cat":[83,54],"product_tag":[],"class_list":{"0":"post-8447","1":"product","2":"type-product","3":"status-publish","4":"has-post-thumbnail","6":"product_cat-wholesale-dinnerware-sets","7":"product_cat-tableware-wholesale","9":"first","10":"instock","11":"shipping-taxable","12":"product-type-simple"},"acf":[],"_links":{"self":[{"href":"https:\/\/jinhuaceramic.com\/pt\/wp-json\/wp\/v2\/product\/8447","targetHints":{"allow":["GET"]}}],"collection":[{"href":"https:\/\/jinhuaceramic.com\/pt\/wp-json\/wp\/v2\/product"}],"about":[{"href":"https:\/\/jinhuaceramic.com\/pt\/wp-json\/wp\/v2\/types\/product"}],"replies":[{"embeddable":true,"href":"https:\/\/jinhuaceramic.com\/pt\/wp-json\/wp\/v2\/comments?post=8447"}],"version-history":[{"count":0,"href":"https:\/\/jinhuaceramic.com\/pt\/wp-json\/wp\/v2\/product\/8447\/revisions"}],"wp:featuredmedia":[{"embeddable":true,"href":"https:\/\/jinhuaceramic.com\/pt\/wp-json\/wp\/v2\/media\/8449"}],"wp:attachment":[{"href":"https:\/\/jinhuaceramic.com\/pt\/wp-json\/wp\/v2\/media?parent=8447"}],"wp:term":[{"taxonomy":"product_brand","embeddable":true,"href":"https:\/\/jinhuaceramic.com\/pt\/wp-json\/wp\/v2\/product_brand?post=8447"},{"taxonomy":"product_cat","embeddable":true,"href":"https:\/\/jinhuaceramic.com\/pt\/wp-json\/wp\/v2\/product_cat?post=8447"},{"taxonomy":"product_tag","embeddable":true,"href":"https:\/\/jinhuaceramic.com\/pt\/wp-json\/wp\/v2\/product_tag?post=8447"}],"curies":[{"name":"wp","href":"https:\/\/api.w.org\/{rel}","templated":true}]}}