{"id":8456,"date":"2025-04-03T07:14:50","date_gmt":"2025-04-03T07:14:50","guid":{"rendered":"https:\/\/jinhuaceramic.com\/?post_type=product&#038;p=8456"},"modified":"2025-04-03T07:14:52","modified_gmt":"2025-04-03T07:14:52","slug":"wholesale-tableware-supplies","status":"publish","type":"product","link":"https:\/\/jinhuaceramic.com\/pt\/product\/wholesale-tableware-supplies\/","title":{"rendered":"Preto mate Material de mesa por grosso, pratos e ta\u00e7as personalizados"},"content":{"rendered":"<div class=\"wp-block-columns is-layout-flex wp-container-core-columns-is-layout-9d6595d7 wp-block-columns-is-layout-flex\">\n<div class=\"wp-block-column is-layout-flow wp-block-column-is-layout-flow\">\n<h3 class=\"wp-block-heading\">Material de mesa por atacado em preto mate premium Carater\u00edsticas:<\/h3>\n\n\n\n<ul class=\"wp-block-list\">\n<li><strong>Design moderno:<\/strong> Os artigos de mesa por grosso apresentam uma forma circular simples e uma tonalidade preta mate intemporal e universal, que pode criar uma atmosfera simples, moderna, elegante e at\u00e9 ligeiramente fria \u00e0 mesa de jantar.<\/li>\n\n\n\n<li><strong>Material de alta qualidade:<\/strong> Estes pratos e ta\u00e7as personalizados e resistentes s\u00e3o submetidos a uma cozedura a alta temperatura para lhes conferir um grau de dureza, para al\u00e9m de estabilidade. S\u00e3o resistentes ao calor e podem ser utilizados para servir pratos quentes. O acabamento vidrado \u00e9 menos suscet\u00edvel de manchar e \u00e9 simples de limpar, podendo ser lavado na m\u00e1quina de lavar lou\u00e7a.<\/li>\n\n\n\n<li><strong>Variedade de cores:<\/strong> Estes pratos e ta\u00e7as personalizados est\u00e3o dispon\u00edveis em v\u00e1rias cores, como o preto firme, o azul claro elegante, o castanho vintage e o branco arrumado. Os clientes podem escolher as cores que pretendem ou combinar com o estilo de decora\u00e7\u00e3o da casa. N\u00f3s, como fornecedores, tamb\u00e9m podemos criar outras cores, conforme necess\u00e1rio.<\/li>\n\n\n\n<li><strong>Forte car\u00e1cter pr\u00e1tico:<\/strong> Estes artigos de mesa por atacado tamb\u00e9m incluem dois tamanhos de pratos e tigelas de cer\u00e2mica para satisfazer uma variedade de necessidades de refei\u00e7\u00f5es di\u00e1rias. O prato grande \u00e9 ideal para pratos principais, o prato pequeno \u00e9 ideal para pratos secund\u00e1rios, como saladas e snacks, e a tigela \u00e9 ideal para arroz, sopa, cereais, etc.<\/li>\n<\/ul>\n<\/div>\n\n\n\n<div class=\"wp-block-column is-layout-flow wp-block-column-is-layout-flow\">\n<figure class=\"wp-block-image size-full\"><img fetchpriority=\"high\" decoding=\"async\" width=\"1000\" height=\"1000\" src=\"https:\/\/jinhuaceramic.com\/wp-content\/uploads\/2025\/03\/Matte-Black-Tableware-Set-Wholesale-Custom-Ceramic-Dinner-Plates-Bowls-5.webp\" alt=\"matte-black-wholesale-tableware-supplies-custom-plates-and-bowls-1\" class=\"wp-image-8460\" srcset=\"https:\/\/jinhuaceramic.com\/wp-content\/uploads\/2025\/03\/Matte-Black-Tableware-Set-Wholesale-Custom-Ceramic-Dinner-Plates-Bowls-5.webp 1000w, https:\/\/jinhuaceramic.com\/wp-content\/uploads\/2025\/03\/Matte-Black-Tableware-Set-Wholesale-Custom-Ceramic-Dinner-Plates-Bowls-5-300x300.webp 300w, https:\/\/jinhuaceramic.com\/wp-content\/uploads\/2025\/03\/Matte-Black-Tableware-Set-Wholesale-Custom-Ceramic-Dinner-Plates-Bowls-5-150x150.webp 150w, https:\/\/jinhuaceramic.com\/wp-content\/uploads\/2025\/03\/Matte-Black-Tableware-Set-Wholesale-Custom-Ceramic-Dinner-Plates-Bowls-5-768x768.webp 768w, https:\/\/jinhuaceramic.com\/wp-content\/uploads\/2025\/03\/Matte-Black-Tableware-Set-Wholesale-Custom-Ceramic-Dinner-Plates-Bowls-5-12x12.webp 12w, https:\/\/jinhuaceramic.com\/wp-content\/uploads\/2025\/03\/Matte-Black-Tableware-Set-Wholesale-Custom-Ceramic-Dinner-Plates-Bowls-5-285x285.webp 285w, https:\/\/jinhuaceramic.com\/wp-content\/uploads\/2025\/03\/Matte-Black-Tableware-Set-Wholesale-Custom-Ceramic-Dinner-Plates-Bowls-5-270x270.webp 270w, https:\/\/jinhuaceramic.com\/wp-content\/uploads\/2025\/03\/Matte-Black-Tableware-Set-Wholesale-Custom-Ceramic-Dinner-Plates-Bowls-5-540x540.webp 540w, https:\/\/jinhuaceramic.com\/wp-content\/uploads\/2025\/03\/Matte-Black-Tableware-Set-Wholesale-Custom-Ceramic-Dinner-Plates-Bowls-5-660x660.webp 660w\" sizes=\"(max-width: 1000px) 100vw, 1000px\" \/><\/figure>\n<\/div>\n<\/div>\n\n\n\n<p><\/p>","protected":false},"excerpt":{"rendered":"<p>Bem-vindo ao comprar artigos de mesa por atacado. Estes pratos e ta\u00e7as personalizados t\u00eam uma forma simples e uma cor preta mate de primeira qualidade. O conjunto de pratos e tigelas \u00e9 usado para servir alimentos de v\u00e1rios tipos, e o material da cer\u00e2mica \u00e9 duro, resistente ao calor e lav\u00e1vel. Com a combina\u00e7\u00e3o de funcionalidade e est\u00e9tica, estes conjuntos de mesas podem melhorar a experi\u00eancia gastron\u00f3mica do utilizador.<\/p>","protected":false},"featured_media":8462,"comment_status":"closed","ping_status":"closed","template":"","meta":{"_acf_changed":false},"product_brand":[],"product_cat":[83,54],"product_tag":[],"class_list":{"0":"post-8456","1":"product","2":"type-product","3":"status-publish","4":"has-post-thumbnail","6":"product_cat-wholesale-dinnerware-sets","7":"product_cat-tableware-wholesale","9":"first","10":"instock","11":"shipping-taxable","12":"product-type-simple"},"acf":[],"_links":{"self":[{"href":"https:\/\/jinhuaceramic.com\/pt\/wp-json\/wp\/v2\/product\/8456","targetHints":{"allow":["GET"]}}],"collection":[{"href":"https:\/\/jinhuaceramic.com\/pt\/wp-json\/wp\/v2\/product"}],"about":[{"href":"https:\/\/jinhuaceramic.com\/pt\/wp-json\/wp\/v2\/types\/product"}],"replies":[{"embeddable":true,"href":"https:\/\/jinhuaceramic.com\/pt\/wp-json\/wp\/v2\/comments?post=8456"}],"version-history":[{"count":0,"href":"https:\/\/jinhuaceramic.com\/pt\/wp-json\/wp\/v2\/product\/8456\/revisions"}],"wp:featuredmedia":[{"embeddable":true,"href":"https:\/\/jinhuaceramic.com\/pt\/wp-json\/wp\/v2\/media\/8462"}],"wp:attachment":[{"href":"https:\/\/jinhuaceramic.com\/pt\/wp-json\/wp\/v2\/media?parent=8456"}],"wp:term":[{"taxonomy":"product_brand","embeddable":true,"href":"https:\/\/jinhuaceramic.com\/pt\/wp-json\/wp\/v2\/product_brand?post=8456"},{"taxonomy":"product_cat","embeddable":true,"href":"https:\/\/jinhuaceramic.com\/pt\/wp-json\/wp\/v2\/product_cat?post=8456"},{"taxonomy":"product_tag","embeddable":true,"href":"https:\/\/jinhuaceramic.com\/pt\/wp-json\/wp\/v2\/product_tag?post=8456"}],"curies":[{"name":"wp","href":"https:\/\/api.w.org\/{rel}","templated":true}]}}