{"id":8468,"date":"2025-04-03T06:49:59","date_gmt":"2025-04-03T06:49:59","guid":{"rendered":"https:\/\/jinhuaceramic.com\/?post_type=product&#038;p=8468"},"modified":"2025-04-03T06:50:01","modified_gmt":"2025-04-03T06:50:01","slug":"custom-china-dinnerware","status":"publish","type":"product","link":"https:\/\/jinhuaceramic.com\/pt\/product\/custom-china-dinnerware\/","title":{"rendered":"Lou\u00e7a de jantar chinesa personalizada com esmalte reativo, lou\u00e7a de mesa fina por atacado"},"content":{"rendered":"<div class=\"wp-block-columns is-layout-flex wp-container-core-columns-is-layout-9d6595d7 wp-block-columns-is-layout-flex\">\n<div class=\"wp-block-column is-layout-flow wp-block-column-is-layout-flow\">\n<h3 class=\"wp-block-heading\">Servi\u00e7o de jantar Premium Custom China Carater\u00edsticas:<\/h3>\n\n\n\n<ul class=\"wp-block-list\">\n<li><strong>Design elegante: <\/strong>O design destes aparelhos de jantar em porcelana personalizada \u00e9 requintado e moderno, sendo o verde escuro vintage a cor principal. Dois c\u00edrculos decorativos castanhos escuros no rebordo do servi\u00e7o de mesa real\u00e7am o rebordo do servi\u00e7o de mesa e d\u00e3o uma sensa\u00e7\u00e3o de luxo e requinte.<\/li>\n\n\n\n<li><strong>Esmalte reativo:<\/strong> Esta loi\u00e7a de mesa de qualidade superior por atacado utiliza um processo de esmalte reativo que faz com que a cor do esmalte n\u00e3o seja estritamente uniforme, mas sim com tonalidades mosqueadas e camadas diferentes. A cor e a textura do esmalte em cada loi\u00e7a de mesa s\u00e3o ligeiramente diferentes, com um toque caseiro reconhec\u00edvel, evitando a uniformidade da produ\u00e7\u00e3o em massa.<\/li>\n\n\n\n<li><strong>Gr\u00e9s dur\u00e1vel:<\/strong> Esta loi\u00e7a de gr\u00e9s por atacado \u00e9 dura, de boa durabilidade e n\u00e3o se quebra e desgasta t\u00e3o facilmente, tendo uma longa vida \u00fatil. O gr\u00e9s \u00e9 tamb\u00e9m resistente a danos causados por calor elevado e pode ser reaquecido no micro-ondas, no forno e na fritadeira.<\/li>\n\n\n\n<li><strong>Conjunto completo:<\/strong> Esta loi\u00e7a de porcelana personalizada \u00e9 composta por pratos e tigelas com diferentes capacidades, que podem servir diferentes necessidades nas refei\u00e7\u00f5es di\u00e1rias, como servir sopas, aperitivos, pratos, etc., e acomodar diferentes circunst\u00e2ncias, como refei\u00e7\u00f5es em fam\u00edlia e entretenimento.<\/li>\n<\/ul>\n<\/div>\n\n\n\n<div class=\"wp-block-column is-layout-flow wp-block-column-is-layout-flow\">\n<figure class=\"wp-block-image size-full\"><img fetchpriority=\"high\" decoding=\"async\" width=\"2000\" height=\"2000\" src=\"https:\/\/jinhuaceramic.com\/wp-content\/uploads\/2025\/04\/Custom-Tableware-with-Reactive-Glaze-Fine-China-Dinnerware-Set-Wholesale-4.webp\" alt=\"Servi\u00e7o de jantar personalizado da China com esmalte reativo - artigos de mesa finos - venda por grosso-1\" class=\"wp-image-8471\" srcset=\"https:\/\/jinhuaceramic.com\/wp-content\/uploads\/2025\/04\/Custom-Tableware-with-Reactive-Glaze-Fine-China-Dinnerware-Set-Wholesale-4.webp 2000w, https:\/\/jinhuaceramic.com\/wp-content\/uploads\/2025\/04\/Custom-Tableware-with-Reactive-Glaze-Fine-China-Dinnerware-Set-Wholesale-4-300x300.webp 300w, https:\/\/jinhuaceramic.com\/wp-content\/uploads\/2025\/04\/Custom-Tableware-with-Reactive-Glaze-Fine-China-Dinnerware-Set-Wholesale-4-150x150.webp 150w, https:\/\/jinhuaceramic.com\/wp-content\/uploads\/2025\/04\/Custom-Tableware-with-Reactive-Glaze-Fine-China-Dinnerware-Set-Wholesale-4-768x768.webp 768w, https:\/\/jinhuaceramic.com\/wp-content\/uploads\/2025\/04\/Custom-Tableware-with-Reactive-Glaze-Fine-China-Dinnerware-Set-Wholesale-4-12x12.webp 12w, https:\/\/jinhuaceramic.com\/wp-content\/uploads\/2025\/04\/Custom-Tableware-with-Reactive-Glaze-Fine-China-Dinnerware-Set-Wholesale-4-285x285.webp 285w, https:\/\/jinhuaceramic.com\/wp-content\/uploads\/2025\/04\/Custom-Tableware-with-Reactive-Glaze-Fine-China-Dinnerware-Set-Wholesale-4-1600x1600.webp 1600w, https:\/\/jinhuaceramic.com\/wp-content\/uploads\/2025\/04\/Custom-Tableware-with-Reactive-Glaze-Fine-China-Dinnerware-Set-Wholesale-4-270x270.webp 270w, https:\/\/jinhuaceramic.com\/wp-content\/uploads\/2025\/04\/Custom-Tableware-with-Reactive-Glaze-Fine-China-Dinnerware-Set-Wholesale-4-540x540.webp 540w, https:\/\/jinhuaceramic.com\/wp-content\/uploads\/2025\/04\/Custom-Tableware-with-Reactive-Glaze-Fine-China-Dinnerware-Set-Wholesale-4-660x660.webp 660w\" sizes=\"(max-width: 2000px) 100vw, 2000px\" \/><\/figure>\n<\/div>\n<\/div>","protected":false},"excerpt":{"rendered":"<p>Bem-vindo a comprar lou\u00e7a de porcelana personalizada. As principais vantagens destes utens\u00edlios de mesa por atacado s\u00e3o o seu aspeto moderno e elegante, a sa\u00fade e seguran\u00e7a, a durabilidade e a combina\u00e7\u00e3o de pratos e ta\u00e7as, que s\u00e3o simultaneamente funcionais e encantadores e podem melhorar muito a experi\u00eancia de jantar, tornando-os perfeitos para o uso quotidiano, bem como para ocasi\u00f5es especiais.<\/p>","protected":false},"featured_media":8474,"comment_status":"closed","ping_status":"closed","template":"","meta":{"_acf_changed":false},"product_brand":[],"product_cat":[83,54],"product_tag":[],"class_list":{"0":"post-8468","1":"product","2":"type-product","3":"status-publish","4":"has-post-thumbnail","6":"product_cat-wholesale-dinnerware-sets","7":"product_cat-tableware-wholesale","9":"first","10":"instock","11":"shipping-taxable","12":"product-type-simple"},"acf":[],"_links":{"self":[{"href":"https:\/\/jinhuaceramic.com\/pt\/wp-json\/wp\/v2\/product\/8468","targetHints":{"allow":["GET"]}}],"collection":[{"href":"https:\/\/jinhuaceramic.com\/pt\/wp-json\/wp\/v2\/product"}],"about":[{"href":"https:\/\/jinhuaceramic.com\/pt\/wp-json\/wp\/v2\/types\/product"}],"replies":[{"embeddable":true,"href":"https:\/\/jinhuaceramic.com\/pt\/wp-json\/wp\/v2\/comments?post=8468"}],"version-history":[{"count":0,"href":"https:\/\/jinhuaceramic.com\/pt\/wp-json\/wp\/v2\/product\/8468\/revisions"}],"wp:featuredmedia":[{"embeddable":true,"href":"https:\/\/jinhuaceramic.com\/pt\/wp-json\/wp\/v2\/media\/8474"}],"wp:attachment":[{"href":"https:\/\/jinhuaceramic.com\/pt\/wp-json\/wp\/v2\/media?parent=8468"}],"wp:term":[{"taxonomy":"product_brand","embeddable":true,"href":"https:\/\/jinhuaceramic.com\/pt\/wp-json\/wp\/v2\/product_brand?post=8468"},{"taxonomy":"product_cat","embeddable":true,"href":"https:\/\/jinhuaceramic.com\/pt\/wp-json\/wp\/v2\/product_cat?post=8468"},{"taxonomy":"product_tag","embeddable":true,"href":"https:\/\/jinhuaceramic.com\/pt\/wp-json\/wp\/v2\/product_tag?post=8468"}],"curies":[{"name":"wp","href":"https:\/\/api.w.org\/{rel}","templated":true}]}}