{"id":8478,"date":"2025-04-03T06:35:56","date_gmt":"2025-04-03T06:35:56","guid":{"rendered":"https:\/\/jinhuaceramic.com\/?post_type=product&#038;p=8478"},"modified":"2025-04-03T06:35:58","modified_gmt":"2025-04-03T06:35:58","slug":"china-tableware-sets-wholesale","status":"publish","type":"product","link":"https:\/\/jinhuaceramic.com\/pt\/product\/china-tableware-sets-wholesale\/","title":{"rendered":"Conjuntos de lou\u00e7a fina da China por atacado, lou\u00e7a de jantar personalizada a granel"},"content":{"rendered":"<div class=\"wp-block-columns is-layout-flex wp-container-core-columns-is-layout-9d6595d7 wp-block-columns-is-layout-flex\">\n<div class=\"wp-block-column is-layout-flow wp-block-column-is-layout-flow\">\n<h3 class=\"wp-block-heading\">Conjuntos de lou\u00e7a de mesa Premium Fine China Carater\u00edsticas:<\/h3>\n\n\n\n<ul class=\"wp-block-list\">\n<li><strong>Design elegante:<\/strong> O que mais chama a aten\u00e7\u00e3o nestes conjuntos de loi\u00e7a de porcelana s\u00e3o as faixas ornamentadas que consistem em curtas riscas verticais azuis numa s\u00e9rie de algumas filas como uma carater\u00edstica de fronteira. Os tra\u00e7os verticais azuis curtos s\u00e3o irregulares, com diferentes comprimentos e intervalos, pelo que t\u00eam o aspeto de um produto feito \u00e0 m\u00e3o. A combina\u00e7\u00e3o de azul e branco \u00e9 pura e natural, criando uma atmosfera simples e fresca para as refei\u00e7\u00f5es.<\/li>\n\n\n\n<li><strong>Material duradouro:<\/strong> Estes conjuntos de loi\u00e7a de porcelana por atacado s\u00e3o feitos de material cer\u00e2mico de alta qualidade cozido a alta temperatura. N\u00e3o s\u00e3o f\u00e1ceis de partir e desgastar, sendo resistentes e duradouros. Utilizados todos os dias, poder\u00e3o manter a sua forma original durante muito tempo.<\/li>\n\n\n\n<li><strong>Seguran\u00e7a e sa\u00fade: <\/strong>Esta loi\u00e7a personalizada de alta qualidade a granel n\u00e3o cont\u00e9m produtos qu\u00edmicos nocivos durante o processo de cozedura e n\u00e3o liberta subst\u00e2ncias t\u00f3xicas quando utilizada. S\u00e3o seguros para o contacto com os alimentos e satisfazem as necessidades de uma dieta saud\u00e1vel.<\/li>\n\n\n\n<li><strong>Vers\u00e1til: <\/strong>Estes aparelhos de jantar personalizados a granel s\u00e3o fornecidos com dois tamanhos de pratos, ta\u00e7as e copos para se adaptarem a diferentes necessidades gastron\u00f3micas: pratos grandes para pratos principais, pratos pequenos para acompanhamentos ou snacks, ta\u00e7as para sopa, papas ou cereais e copos para bebidas como caf\u00e9, ch\u00e1 ou leite.<\/li>\n<\/ul>\n<\/div>\n\n\n\n<div class=\"wp-block-column is-layout-flow wp-block-column-is-layout-flow\">\n<figure class=\"wp-block-image size-full\"><img fetchpriority=\"high\" decoding=\"async\" width=\"1024\" height=\"1024\" src=\"https:\/\/jinhuaceramic.com\/wp-content\/uploads\/2025\/04\/Fine-China-Tableware-Sets-Wholesale-Custom-Dinnerware-In-Bulk-6.webp\" alt=\"conjuntos de utens\u00edlios de mesa finos da china - venda por grosso de utens\u00edlios de jantar personalizados - em lote-1\" class=\"wp-image-8483\" srcset=\"https:\/\/jinhuaceramic.com\/wp-content\/uploads\/2025\/04\/Fine-China-Tableware-Sets-Wholesale-Custom-Dinnerware-In-Bulk-6.webp 1024w, https:\/\/jinhuaceramic.com\/wp-content\/uploads\/2025\/04\/Fine-China-Tableware-Sets-Wholesale-Custom-Dinnerware-In-Bulk-6-300x300.webp 300w, https:\/\/jinhuaceramic.com\/wp-content\/uploads\/2025\/04\/Fine-China-Tableware-Sets-Wholesale-Custom-Dinnerware-In-Bulk-6-150x150.webp 150w, https:\/\/jinhuaceramic.com\/wp-content\/uploads\/2025\/04\/Fine-China-Tableware-Sets-Wholesale-Custom-Dinnerware-In-Bulk-6-768x768.webp 768w, https:\/\/jinhuaceramic.com\/wp-content\/uploads\/2025\/04\/Fine-China-Tableware-Sets-Wholesale-Custom-Dinnerware-In-Bulk-6-12x12.webp 12w, https:\/\/jinhuaceramic.com\/wp-content\/uploads\/2025\/04\/Fine-China-Tableware-Sets-Wholesale-Custom-Dinnerware-In-Bulk-6-285x285.webp 285w, https:\/\/jinhuaceramic.com\/wp-content\/uploads\/2025\/04\/Fine-China-Tableware-Sets-Wholesale-Custom-Dinnerware-In-Bulk-6-270x270.webp 270w, https:\/\/jinhuaceramic.com\/wp-content\/uploads\/2025\/04\/Fine-China-Tableware-Sets-Wholesale-Custom-Dinnerware-In-Bulk-6-540x540.webp 540w, https:\/\/jinhuaceramic.com\/wp-content\/uploads\/2025\/04\/Fine-China-Tableware-Sets-Wholesale-Custom-Dinnerware-In-Bulk-6-660x660.webp 660w\" sizes=\"(max-width: 1024px) 100vw, 1024px\" \/><\/figure>\n<\/div>\n<\/div>","protected":false},"excerpt":{"rendered":"<p>Bem-vindo a comprar a nossa loi\u00e7a personalizada a granel. Estes conjuntos de loi\u00e7a de porcelana fina s\u00e3o elegantemente concebidos para se adaptarem a qualquer estilo de decora\u00e7\u00e3o de casa; incluem pratos, tigelas e ch\u00e1venas para se adaptarem a v\u00e1rias necessidades de refei\u00e7\u00f5es e s\u00e3o feitos de materiais dur\u00e1veis e seguros. N\u00e3o s\u00f3 s\u00e3o bonitos, como tamb\u00e9m s\u00e3o funcionais e adequados para o uso quotidiano e para ocasi\u00f5es especiais.<\/p>","protected":false},"featured_media":8482,"comment_status":"closed","ping_status":"closed","template":"","meta":{"_acf_changed":false},"product_brand":[],"product_cat":[83,54],"product_tag":[],"class_list":{"0":"post-8478","1":"product","2":"type-product","3":"status-publish","4":"has-post-thumbnail","6":"product_cat-wholesale-dinnerware-sets","7":"product_cat-tableware-wholesale","9":"first","10":"instock","11":"shipping-taxable","12":"product-type-simple"},"acf":[],"_links":{"self":[{"href":"https:\/\/jinhuaceramic.com\/pt\/wp-json\/wp\/v2\/product\/8478","targetHints":{"allow":["GET"]}}],"collection":[{"href":"https:\/\/jinhuaceramic.com\/pt\/wp-json\/wp\/v2\/product"}],"about":[{"href":"https:\/\/jinhuaceramic.com\/pt\/wp-json\/wp\/v2\/types\/product"}],"replies":[{"embeddable":true,"href":"https:\/\/jinhuaceramic.com\/pt\/wp-json\/wp\/v2\/comments?post=8478"}],"version-history":[{"count":0,"href":"https:\/\/jinhuaceramic.com\/pt\/wp-json\/wp\/v2\/product\/8478\/revisions"}],"wp:featuredmedia":[{"embeddable":true,"href":"https:\/\/jinhuaceramic.com\/pt\/wp-json\/wp\/v2\/media\/8482"}],"wp:attachment":[{"href":"https:\/\/jinhuaceramic.com\/pt\/wp-json\/wp\/v2\/media?parent=8478"}],"wp:term":[{"taxonomy":"product_brand","embeddable":true,"href":"https:\/\/jinhuaceramic.com\/pt\/wp-json\/wp\/v2\/product_brand?post=8478"},{"taxonomy":"product_cat","embeddable":true,"href":"https:\/\/jinhuaceramic.com\/pt\/wp-json\/wp\/v2\/product_cat?post=8478"},{"taxonomy":"product_tag","embeddable":true,"href":"https:\/\/jinhuaceramic.com\/pt\/wp-json\/wp\/v2\/product_tag?post=8478"}],"curies":[{"name":"wp","href":"https:\/\/api.w.org\/{rel}","templated":true}]}}