{"id":8518,"date":"2025-04-08T02:28:31","date_gmt":"2025-04-08T02:28:31","guid":{"rendered":"https:\/\/jinhuaceramic.com\/?post_type=product&#038;p=8518"},"modified":"2025-04-08T02:28:32","modified_gmt":"2025-04-08T02:28:32","slug":"wholesale-dinner-sets","status":"publish","type":"product","link":"https:\/\/jinhuaceramic.com\/pt\/product\/wholesale-dinner-sets\/","title":{"rendered":"Conjuntos de jantar brancos minimalistas por atacado, prato e ta\u00e7a Premium"},"content":{"rendered":"<div class=\"wp-block-columns is-layout-flex wp-container-core-columns-is-layout-9d6595d7 wp-block-columns-is-layout-flex\">\n<div class=\"wp-block-column is-layout-flow wp-block-column-is-layout-flow\">\n<h3 class=\"wp-block-heading\">Conjuntos de jantar Premium Wholesale Carater\u00edsticas:<\/h3>\n\n\n\n<ul class=\"wp-block-list\">\n<li><strong>Bege suave:<\/strong> Estes conjuntos de jantar por grosso s\u00e3o de um bege suave, uma cor quente e neutra, e podem ser utilizados em qualquer configura\u00e7\u00e3o de mesa. Estes utens\u00edlios de mesa bege podem criar uma atmosfera de jantar acolhedora e relaxante e aumentar o prazer de jantar.<\/li>\n\n\n\n<li><strong>Forma simples: <\/strong>Todo o estilo destes conjuntos de loi\u00e7a comercial a granel \u00e9 muito simples, sem padr\u00f5es ou decora\u00e7\u00e3o complexos, proporcionando um aspeto moderno e fresco. A carater\u00edstica mais especial \u00e9 o rebordo curvil\u00edneo e pouco profundo do prato, que o torna mais leve e ador\u00e1vel.<\/li>\n\n\n\n<li><strong>Gr\u00e9s de longa dura\u00e7\u00e3o: <\/strong>Estes conjuntos de jantar por atacado s\u00e3o compostos por material de gr\u00e9s de alta qualidade, um material um pouco duro e espesso, altamente dur\u00e1vel, menos quebr\u00e1vel e propenso ao desgaste, e de longa dura\u00e7\u00e3o.<\/li>\n\n\n\n<li><strong>Forte car\u00e1cter pr\u00e1tico: <\/strong>Estes conjuntos de loi\u00e7a comercial a granel t\u00eam 8 tigelas de cereais, 8 pratos de jantar e 8 pratos de salada que podem ser utilizados para satisfazer as necessidades di\u00e1rias de jantar de 8 pessoas. Estes aparelhos de jantar s\u00e3o adequados para refei\u00e7\u00f5es quotidianas e jantares de festa ou refei\u00e7\u00f5es em fam\u00edlia.<\/li>\n<\/ul>\n<\/div>\n\n\n\n<div class=\"wp-block-column is-layout-flow wp-block-column-is-layout-flow\">\n<figure class=\"wp-block-image size-full\"><img fetchpriority=\"high\" decoding=\"async\" width=\"1000\" height=\"1000\" src=\"https:\/\/jinhuaceramic.com\/wp-content\/uploads\/2025\/04\/Stoneware-Custom-Tableware-Set-Wholesale-Dinnerware-Set-Service-For-8-4.webp\" alt=\"Conjuntos de jantar brancos minimalistas por grosso, prato e ta\u00e7a Premium-1\" class=\"wp-image-8521\" srcset=\"https:\/\/jinhuaceramic.com\/wp-content\/uploads\/2025\/04\/Stoneware-Custom-Tableware-Set-Wholesale-Dinnerware-Set-Service-For-8-4.webp 1000w, https:\/\/jinhuaceramic.com\/wp-content\/uploads\/2025\/04\/Stoneware-Custom-Tableware-Set-Wholesale-Dinnerware-Set-Service-For-8-4-300x300.webp 300w, https:\/\/jinhuaceramic.com\/wp-content\/uploads\/2025\/04\/Stoneware-Custom-Tableware-Set-Wholesale-Dinnerware-Set-Service-For-8-4-150x150.webp 150w, https:\/\/jinhuaceramic.com\/wp-content\/uploads\/2025\/04\/Stoneware-Custom-Tableware-Set-Wholesale-Dinnerware-Set-Service-For-8-4-768x768.webp 768w, https:\/\/jinhuaceramic.com\/wp-content\/uploads\/2025\/04\/Stoneware-Custom-Tableware-Set-Wholesale-Dinnerware-Set-Service-For-8-4-12x12.webp 12w, https:\/\/jinhuaceramic.com\/wp-content\/uploads\/2025\/04\/Stoneware-Custom-Tableware-Set-Wholesale-Dinnerware-Set-Service-For-8-4-285x285.webp 285w, https:\/\/jinhuaceramic.com\/wp-content\/uploads\/2025\/04\/Stoneware-Custom-Tableware-Set-Wholesale-Dinnerware-Set-Service-For-8-4-270x270.webp 270w, https:\/\/jinhuaceramic.com\/wp-content\/uploads\/2025\/04\/Stoneware-Custom-Tableware-Set-Wholesale-Dinnerware-Set-Service-For-8-4-540x540.webp 540w, https:\/\/jinhuaceramic.com\/wp-content\/uploads\/2025\/04\/Stoneware-Custom-Tableware-Set-Wholesale-Dinnerware-Set-Service-For-8-4-660x660.webp 660w\" sizes=\"(max-width: 1000px) 100vw, 1000px\" \/><\/figure>\n<\/div>\n<\/div>","protected":false},"excerpt":{"rendered":"<p>Bem-vindo \u00e0 compra de conjuntos de jantar por atacado. Os nossos conjuntos de loi\u00e7a comercial branca a granel t\u00eam um design simples e a cor bege suave e acolhedora combina facilmente com qualquer configura\u00e7\u00e3o de mesa de jantar. Combinando fun\u00e7\u00e3o e est\u00e9tica, estes conjuntos de loi\u00e7a de jantar por atacado podem desempenhar tanto o papel de jantar di\u00e1rio como o de servir em ocasi\u00f5es especiais.<\/p>","protected":false},"featured_media":8520,"comment_status":"closed","ping_status":"closed","template":"","meta":{"_acf_changed":false},"product_brand":[],"product_cat":[83,54],"product_tag":[],"class_list":{"0":"post-8518","1":"product","2":"type-product","3":"status-publish","4":"has-post-thumbnail","6":"product_cat-wholesale-dinnerware-sets","7":"product_cat-tableware-wholesale","9":"first","10":"instock","11":"shipping-taxable","12":"product-type-simple"},"acf":[],"_links":{"self":[{"href":"https:\/\/jinhuaceramic.com\/pt\/wp-json\/wp\/v2\/product\/8518","targetHints":{"allow":["GET"]}}],"collection":[{"href":"https:\/\/jinhuaceramic.com\/pt\/wp-json\/wp\/v2\/product"}],"about":[{"href":"https:\/\/jinhuaceramic.com\/pt\/wp-json\/wp\/v2\/types\/product"}],"replies":[{"embeddable":true,"href":"https:\/\/jinhuaceramic.com\/pt\/wp-json\/wp\/v2\/comments?post=8518"}],"version-history":[{"count":0,"href":"https:\/\/jinhuaceramic.com\/pt\/wp-json\/wp\/v2\/product\/8518\/revisions"}],"wp:featuredmedia":[{"embeddable":true,"href":"https:\/\/jinhuaceramic.com\/pt\/wp-json\/wp\/v2\/media\/8520"}],"wp:attachment":[{"href":"https:\/\/jinhuaceramic.com\/pt\/wp-json\/wp\/v2\/media?parent=8518"}],"wp:term":[{"taxonomy":"product_brand","embeddable":true,"href":"https:\/\/jinhuaceramic.com\/pt\/wp-json\/wp\/v2\/product_brand?post=8518"},{"taxonomy":"product_cat","embeddable":true,"href":"https:\/\/jinhuaceramic.com\/pt\/wp-json\/wp\/v2\/product_cat?post=8518"},{"taxonomy":"product_tag","embeddable":true,"href":"https:\/\/jinhuaceramic.com\/pt\/wp-json\/wp\/v2\/product_tag?post=8518"}],"curies":[{"name":"wp","href":"https:\/\/api.w.org\/{rel}","templated":true}]}}