{"id":8529,"date":"2025-04-08T02:18:07","date_gmt":"2025-04-08T02:18:07","guid":{"rendered":"https:\/\/jinhuaceramic.com\/?post_type=product&#038;p=8529"},"modified":"2025-04-08T02:18:08","modified_gmt":"2025-04-08T02:18:08","slug":"wholesale-china-dinnerware-sets","status":"publish","type":"product","link":"https:\/\/jinhuaceramic.com\/pt\/product\/wholesale-china-dinnerware-sets\/","title":{"rendered":"Azul celeste Conjuntos de lou\u00e7a, pratos e ta\u00e7as por atacado na China a granel"},"content":{"rendered":"<div class=\"wp-block-columns is-layout-flex wp-container-core-columns-is-layout-9d6595d7 wp-block-columns-is-layout-flex\">\n<div class=\"wp-block-column is-layout-flow wp-block-column-is-layout-flow\">\n<h3 class=\"wp-block-heading\">Conjuntos de lou\u00e7a de jantar Premium Wholesale China Carater\u00edsticas:<\/h3>\n\n\n\n<ul class=\"wp-block-list\">\n<li><strong>Design elegante: <\/strong>A cor azul dos conjuntos de lou\u00e7a de porcelana por atacado \u00e9 calma e refrescante, conferindo serenidade \u00e0 mesa. A guarni\u00e7\u00e3o castanha constitui o rebordo do servi\u00e7o de mesa, conferindo-lhe uma sensa\u00e7\u00e3o de eleg\u00e2ncia.<\/li>\n\n\n\n<li><strong>Material cer\u00e2mico de alta qualidade: <\/strong>Estes conjuntos de pratos e tigelas por atacado s\u00e3o produzidos com material cer\u00e2mico de alta qualidade que \u00e9 cozido a alta temperatura, tornando-os resistentes e resilientes. Resistem a altas temperaturas e podem ser utilizados no forno ou no micro-ondas.<\/li>\n\n\n\n<li><strong>Combina\u00e7\u00e3o de pratos e ta\u00e7as: <\/strong>Estes conjuntos de lou\u00e7a por atacado incluem uma tigela de cer\u00e2mica e dois pratos diferentes concebidos para servir alimentos diferentes, perfeitos para refei\u00e7\u00f5es normais e tamb\u00e9m para refei\u00e7\u00f5es especiais, como reuni\u00f5es com amigos ou fam\u00edlia.<\/li>\n\n\n\n<li><strong>F\u00e1cil de limpar: <\/strong>Estes conjuntos de pratos e tigelas de cer\u00e2mica t\u00eam um esmalte suave que n\u00e3o mancha facilmente e podem ser limpos com facilidade. Al\u00e9m disso, podem ser lavados na m\u00e1quina de lavar loi\u00e7a, o que permite poupar tempo e esfor\u00e7o.<\/li>\n<\/ul>\n<\/div>\n\n\n\n<div class=\"wp-block-column is-layout-flow wp-block-column-is-layout-flow\">\n<figure class=\"wp-block-image size-full\"><img fetchpriority=\"high\" decoding=\"async\" width=\"2000\" height=\"2000\" src=\"https:\/\/jinhuaceramic.com\/wp-content\/uploads\/2025\/04\/Sky-Blue-Tableware-Set-Wholesale-Custom-Ceramic-Bowls-Dinner-Plate-4.webp\" alt=\"Azul celeste Conjuntos de lou\u00e7a, pratos e ta\u00e7as por atacado na China a granel-1\" class=\"wp-image-8532\" srcset=\"https:\/\/jinhuaceramic.com\/wp-content\/uploads\/2025\/04\/Sky-Blue-Tableware-Set-Wholesale-Custom-Ceramic-Bowls-Dinner-Plate-4.webp 2000w, https:\/\/jinhuaceramic.com\/wp-content\/uploads\/2025\/04\/Sky-Blue-Tableware-Set-Wholesale-Custom-Ceramic-Bowls-Dinner-Plate-4-300x300.webp 300w, https:\/\/jinhuaceramic.com\/wp-content\/uploads\/2025\/04\/Sky-Blue-Tableware-Set-Wholesale-Custom-Ceramic-Bowls-Dinner-Plate-4-150x150.webp 150w, https:\/\/jinhuaceramic.com\/wp-content\/uploads\/2025\/04\/Sky-Blue-Tableware-Set-Wholesale-Custom-Ceramic-Bowls-Dinner-Plate-4-768x768.webp 768w, https:\/\/jinhuaceramic.com\/wp-content\/uploads\/2025\/04\/Sky-Blue-Tableware-Set-Wholesale-Custom-Ceramic-Bowls-Dinner-Plate-4-12x12.webp 12w, https:\/\/jinhuaceramic.com\/wp-content\/uploads\/2025\/04\/Sky-Blue-Tableware-Set-Wholesale-Custom-Ceramic-Bowls-Dinner-Plate-4-285x285.webp 285w, https:\/\/jinhuaceramic.com\/wp-content\/uploads\/2025\/04\/Sky-Blue-Tableware-Set-Wholesale-Custom-Ceramic-Bowls-Dinner-Plate-4-1600x1600.webp 1600w, https:\/\/jinhuaceramic.com\/wp-content\/uploads\/2025\/04\/Sky-Blue-Tableware-Set-Wholesale-Custom-Ceramic-Bowls-Dinner-Plate-4-270x270.webp 270w, https:\/\/jinhuaceramic.com\/wp-content\/uploads\/2025\/04\/Sky-Blue-Tableware-Set-Wholesale-Custom-Ceramic-Bowls-Dinner-Plate-4-540x540.webp 540w, https:\/\/jinhuaceramic.com\/wp-content\/uploads\/2025\/04\/Sky-Blue-Tableware-Set-Wholesale-Custom-Ceramic-Bowls-Dinner-Plate-4-660x660.webp 660w\" sizes=\"(max-width: 2000px) 100vw, 2000px\" \/><\/figure>\n<\/div>\n<\/div>","protected":false},"excerpt":{"rendered":"<p>Bem-vindo \u00e0 compra de conjuntos de pratos e tigelas por grosso. Estes conjuntos de lou\u00e7a de porcelana azul-celeste por atacado s\u00e3o criados no estilo minimalista e elegante, acompanhados de funcionalidade e beleza. Estes conjuntos de loi\u00e7a de mesa t\u00eam sido a principal prioridade das pessoas que procuram a individualidade e uma elevada qualidade de vida.<\/p>","protected":false},"featured_media":8531,"comment_status":"closed","ping_status":"closed","template":"","meta":{"_acf_changed":false},"product_brand":[],"product_cat":[83,54],"product_tag":[],"class_list":{"0":"post-8529","1":"product","2":"type-product","3":"status-publish","4":"has-post-thumbnail","6":"product_cat-wholesale-dinnerware-sets","7":"product_cat-tableware-wholesale","9":"first","10":"instock","11":"shipping-taxable","12":"product-type-simple"},"acf":[],"_links":{"self":[{"href":"https:\/\/jinhuaceramic.com\/pt\/wp-json\/wp\/v2\/product\/8529","targetHints":{"allow":["GET"]}}],"collection":[{"href":"https:\/\/jinhuaceramic.com\/pt\/wp-json\/wp\/v2\/product"}],"about":[{"href":"https:\/\/jinhuaceramic.com\/pt\/wp-json\/wp\/v2\/types\/product"}],"replies":[{"embeddable":true,"href":"https:\/\/jinhuaceramic.com\/pt\/wp-json\/wp\/v2\/comments?post=8529"}],"version-history":[{"count":0,"href":"https:\/\/jinhuaceramic.com\/pt\/wp-json\/wp\/v2\/product\/8529\/revisions"}],"wp:featuredmedia":[{"embeddable":true,"href":"https:\/\/jinhuaceramic.com\/pt\/wp-json\/wp\/v2\/media\/8531"}],"wp:attachment":[{"href":"https:\/\/jinhuaceramic.com\/pt\/wp-json\/wp\/v2\/media?parent=8529"}],"wp:term":[{"taxonomy":"product_brand","embeddable":true,"href":"https:\/\/jinhuaceramic.com\/pt\/wp-json\/wp\/v2\/product_brand?post=8529"},{"taxonomy":"product_cat","embeddable":true,"href":"https:\/\/jinhuaceramic.com\/pt\/wp-json\/wp\/v2\/product_cat?post=8529"},{"taxonomy":"product_tag","embeddable":true,"href":"https:\/\/jinhuaceramic.com\/pt\/wp-json\/wp\/v2\/product_tag?post=8529"}],"curies":[{"name":"wp","href":"https:\/\/api.w.org\/{rel}","templated":true}]}}