{"id":8552,"date":"2025-04-11T02:03:47","date_gmt":"2025-04-11T02:03:47","guid":{"rendered":"https:\/\/jinhuaceramic.com\/?post_type=product&#038;p=8552"},"modified":"2025-04-11T02:03:49","modified_gmt":"2025-04-11T02:03:49","slug":"wholesale-crockery-for-restaurant","status":"publish","type":"product","link":"https:\/\/jinhuaceramic.com\/pt\/product\/wholesale-crockery-for-restaurant\/","title":{"rendered":"Lou\u00e7a por grosso para restaurante, conjuntos de loi\u00e7a fina da China"},"content":{"rendered":"<div class=\"wp-block-columns is-layout-flex wp-container-core-columns-is-layout-9d6595d7 wp-block-columns-is-layout-flex\">\n<div class=\"wp-block-column is-layout-flow wp-block-column-is-layout-flow\">\n<h3 class=\"wp-block-heading\">Lou\u00e7a Premium por atacado para restaurante Carater\u00edsticas:<\/h3>\n\n\n\n<ul class=\"wp-block-list\">\n<li><strong>Design moderno:<\/strong> A nossa loi\u00e7a por atacado para restaurante tem uma cor azul, que n\u00e3o \u00e9 um s\u00f3lido, mas um grupo de tons com uma textura um pouco granulada, que parece muito elegante e refinada. A borda da loi\u00e7a \u00e9 desenhada com castanho, o que acrescenta um pouco de eleg\u00e2ncia \u00e0 loi\u00e7a.<\/li>\n\n\n\n<li><strong>Gr\u00e9s dur\u00e1vel:<\/strong> Estes conjuntos de loi\u00e7a de porcelana fina por atacado t\u00eam um toque quente e um certo peso, fazendo com que as pessoas se apercebam de que s\u00e3o de alta qualidade. Mais dur\u00e1veis do que a cer\u00e2mica comum, n\u00e3o se partem nem lascam facilmente e podem ser utilizados durante anos.<\/li>\n\n\n\n<li><strong>Elevada praticidade:<\/strong> Esta loi\u00e7a por atacado para restaurante inclui pratos e tigelas de diferentes tamanhos que est\u00e3o bem coordenados em termos de design e podem ser utilizados para o servi\u00e7o de uma refei\u00e7\u00e3o inteira. Quer se trate de pequeno-almo\u00e7o, almo\u00e7o ou jantar, este conjunto de loi\u00e7a pode ser utilizado.<\/li>\n\n\n\n<li><strong>Ampla aplicabilidade: <\/strong>Estes conjuntos de loi\u00e7a de porcelana fina por atacado n\u00e3o s\u00e3o apenas aplic\u00e1veis para uso dom\u00e9stico, mas tamb\u00e9m para estabelecimentos de restaura\u00e7\u00e3o, banquetes e assim por diante. Podem tornar a hora da refei\u00e7\u00e3o mais agrad\u00e1vel e deixar uma boa impress\u00e3o nos convidados.<\/li>\n<\/ul>\n<\/div>\n\n\n\n<div class=\"wp-block-column is-layout-flow wp-block-column-is-layout-flow\">\n<figure class=\"wp-block-image size-full\"><img fetchpriority=\"high\" decoding=\"async\" width=\"2000\" height=\"2000\" src=\"https:\/\/jinhuaceramic.com\/wp-content\/uploads\/2025\/04\/Modern-Fine-China-Tableware-Wholesale-Custom-Dinnerware-Set-4.webp\" alt=\"Lou\u00e7a por atacado para restaurante, conjuntos de utens\u00edlios de mesa de porcelana fina-1\" class=\"wp-image-8556\" srcset=\"https:\/\/jinhuaceramic.com\/wp-content\/uploads\/2025\/04\/Modern-Fine-China-Tableware-Wholesale-Custom-Dinnerware-Set-4.webp 2000w, https:\/\/jinhuaceramic.com\/wp-content\/uploads\/2025\/04\/Modern-Fine-China-Tableware-Wholesale-Custom-Dinnerware-Set-4-300x300.webp 300w, https:\/\/jinhuaceramic.com\/wp-content\/uploads\/2025\/04\/Modern-Fine-China-Tableware-Wholesale-Custom-Dinnerware-Set-4-150x150.webp 150w, https:\/\/jinhuaceramic.com\/wp-content\/uploads\/2025\/04\/Modern-Fine-China-Tableware-Wholesale-Custom-Dinnerware-Set-4-768x768.webp 768w, https:\/\/jinhuaceramic.com\/wp-content\/uploads\/2025\/04\/Modern-Fine-China-Tableware-Wholesale-Custom-Dinnerware-Set-4-12x12.webp 12w, https:\/\/jinhuaceramic.com\/wp-content\/uploads\/2025\/04\/Modern-Fine-China-Tableware-Wholesale-Custom-Dinnerware-Set-4-285x285.webp 285w, https:\/\/jinhuaceramic.com\/wp-content\/uploads\/2025\/04\/Modern-Fine-China-Tableware-Wholesale-Custom-Dinnerware-Set-4-1600x1600.webp 1600w, https:\/\/jinhuaceramic.com\/wp-content\/uploads\/2025\/04\/Modern-Fine-China-Tableware-Wholesale-Custom-Dinnerware-Set-4-270x270.webp 270w, https:\/\/jinhuaceramic.com\/wp-content\/uploads\/2025\/04\/Modern-Fine-China-Tableware-Wholesale-Custom-Dinnerware-Set-4-540x540.webp 540w, https:\/\/jinhuaceramic.com\/wp-content\/uploads\/2025\/04\/Modern-Fine-China-Tableware-Wholesale-Custom-Dinnerware-Set-4-660x660.webp 660w\" sizes=\"(max-width: 2000px) 100vw, 2000px\" \/><\/figure>\n<\/div>\n<\/div>","protected":false},"excerpt":{"rendered":"<p>Bem-vindo \u00e0 compra de lou\u00e7a por atacado para restaurante. Estes conjuntos de loi\u00e7a de porcelana fina por atacado s\u00e3o uma escolha popular pelo seu belo design moderno, decora\u00e7\u00e3o sofisticada de rebordo castanho, design coordenado de pratos e tigelas e materiais de alta qualidade, que s\u00e3o adequados para todas as ocasi\u00f5es.<\/p>","protected":false},"featured_media":8558,"comment_status":"closed","ping_status":"closed","template":"","meta":{"_acf_changed":false},"product_brand":[],"product_cat":[83,54],"product_tag":[],"class_list":{"0":"post-8552","1":"product","2":"type-product","3":"status-publish","4":"has-post-thumbnail","6":"product_cat-wholesale-dinnerware-sets","7":"product_cat-tableware-wholesale","9":"first","10":"instock","11":"shipping-taxable","12":"product-type-simple"},"acf":[],"_links":{"self":[{"href":"https:\/\/jinhuaceramic.com\/pt\/wp-json\/wp\/v2\/product\/8552","targetHints":{"allow":["GET"]}}],"collection":[{"href":"https:\/\/jinhuaceramic.com\/pt\/wp-json\/wp\/v2\/product"}],"about":[{"href":"https:\/\/jinhuaceramic.com\/pt\/wp-json\/wp\/v2\/types\/product"}],"replies":[{"embeddable":true,"href":"https:\/\/jinhuaceramic.com\/pt\/wp-json\/wp\/v2\/comments?post=8552"}],"version-history":[{"count":0,"href":"https:\/\/jinhuaceramic.com\/pt\/wp-json\/wp\/v2\/product\/8552\/revisions"}],"wp:featuredmedia":[{"embeddable":true,"href":"https:\/\/jinhuaceramic.com\/pt\/wp-json\/wp\/v2\/media\/8558"}],"wp:attachment":[{"href":"https:\/\/jinhuaceramic.com\/pt\/wp-json\/wp\/v2\/media?parent=8552"}],"wp:term":[{"taxonomy":"product_brand","embeddable":true,"href":"https:\/\/jinhuaceramic.com\/pt\/wp-json\/wp\/v2\/product_brand?post=8552"},{"taxonomy":"product_cat","embeddable":true,"href":"https:\/\/jinhuaceramic.com\/pt\/wp-json\/wp\/v2\/product_cat?post=8552"},{"taxonomy":"product_tag","embeddable":true,"href":"https:\/\/jinhuaceramic.com\/pt\/wp-json\/wp\/v2\/product_tag?post=8552"}],"curies":[{"name":"wp","href":"https:\/\/api.w.org\/{rel}","templated":true}]}}