{"id":8563,"date":"2025-04-11T02:12:50","date_gmt":"2025-04-11T02:12:50","guid":{"rendered":"https:\/\/jinhuaceramic.com\/?post_type=product&#038;p=8563"},"modified":"2025-04-11T02:12:51","modified_gmt":"2025-04-11T02:12:51","slug":"china-bakeware-wholesale","status":"publish","type":"product","link":"https:\/\/jinhuaceramic.com\/pt\/product\/china-bakeware-wholesale\/","title":{"rendered":"China Bakeware por atacado, conjunto de assadeiras personalizadas de 3 pe\u00e7as a granel"},"content":{"rendered":"<div class=\"wp-block-columns is-layout-flex wp-container-core-columns-is-layout-9d6595d7 wp-block-columns-is-layout-flex\">\n<div class=\"wp-block-column is-layout-flow wp-block-column-is-layout-flow\">\n<h3 class=\"wp-block-heading\">Premium China Bakeware Wholesale Carater\u00edsticas:<\/h3>\n\n\n\n<ul class=\"wp-block-list\">\n<li><strong>Cores frescas: <\/strong>Estes utens\u00edlios de cozinha da China t\u00eam um exterior azul celeste e um interior branco. As cores s\u00e3o muito vers\u00e1teis e f\u00e1ceis de combinar com muitas decora\u00e7\u00f5es de cozinha diferentes, e as cores dar\u00e3o \u00e0s pessoas uma sensa\u00e7\u00e3o de frescura e conforto.<\/li>\n\n\n\n<li><strong>Forma \u00fanica: <\/strong>O design de rebordo ondulado deste conjunto de assadeiras personalizado \u00e9 novo e \u00fanico. Ao contr\u00e1rio dos pratos de pastelaria normais, estes pratos de pastelaria com bordos ondulados t\u00eam a capacidade de dar \u00e0 cozinha um sentido de moda e t\u00eam um aspeto mais decorativo quando est\u00e3o a servir pratos, pelo que a beleza dos pratos ser\u00e1 melhorada.<\/li>\n\n\n\n<li><strong>Material de alta qualidade: <\/strong>Estes utens\u00edlios de pastelaria da China de alta qualidade aquecem uniformemente, permitindo que os alimentos sejam aquecidos uniformemente durante o processo de cozedura, evitando queimaduras parciais ou cozedura insuficiente e garantindo o efeito de cozedura e o sabor dos alimentos.<\/li>\n\n\n\n<li><strong>V\u00e1rios tamanhos: <\/strong>Esta cole\u00e7\u00e3o de tr\u00eas tamanhos de assadeiras personalizadas pode acomodar v\u00e1rias necessidades de cozedura. A assadeira pequena \u00e9 para pequenas quantidades de alimentos, a assadeira grande \u00e9 para cozer grandes quantidades de ingredientes, como frangos inteiros e grandes peda\u00e7os de legumes.<\/li>\n<\/ul>\n<\/div>\n\n\n\n<div class=\"wp-block-column is-layout-flow wp-block-column-is-layout-flow\">\n<figure class=\"wp-block-image size-full\"><img fetchpriority=\"high\" decoding=\"async\" width=\"1001\" height=\"1001\" src=\"https:\/\/jinhuaceramic.com\/wp-content\/uploads\/2025\/04\/3-Piece-Custom-Bakeware-Set-Wholesale-Baking-Dishes-In-Bulk-4.webp\" alt=\"China Bakeware por atacado, conjunto de 3 pe\u00e7as de assadeira personalizada Bulk-1\" class=\"wp-image-8566\" srcset=\"https:\/\/jinhuaceramic.com\/wp-content\/uploads\/2025\/04\/3-Piece-Custom-Bakeware-Set-Wholesale-Baking-Dishes-In-Bulk-4.webp 1001w, https:\/\/jinhuaceramic.com\/wp-content\/uploads\/2025\/04\/3-Piece-Custom-Bakeware-Set-Wholesale-Baking-Dishes-In-Bulk-4-300x300.webp 300w, https:\/\/jinhuaceramic.com\/wp-content\/uploads\/2025\/04\/3-Piece-Custom-Bakeware-Set-Wholesale-Baking-Dishes-In-Bulk-4-150x150.webp 150w, https:\/\/jinhuaceramic.com\/wp-content\/uploads\/2025\/04\/3-Piece-Custom-Bakeware-Set-Wholesale-Baking-Dishes-In-Bulk-4-768x768.webp 768w, https:\/\/jinhuaceramic.com\/wp-content\/uploads\/2025\/04\/3-Piece-Custom-Bakeware-Set-Wholesale-Baking-Dishes-In-Bulk-4-12x12.webp 12w, https:\/\/jinhuaceramic.com\/wp-content\/uploads\/2025\/04\/3-Piece-Custom-Bakeware-Set-Wholesale-Baking-Dishes-In-Bulk-4-285x285.webp 285w, https:\/\/jinhuaceramic.com\/wp-content\/uploads\/2025\/04\/3-Piece-Custom-Bakeware-Set-Wholesale-Baking-Dishes-In-Bulk-4-270x270.webp 270w, https:\/\/jinhuaceramic.com\/wp-content\/uploads\/2025\/04\/3-Piece-Custom-Bakeware-Set-Wholesale-Baking-Dishes-In-Bulk-4-540x540.webp 540w, https:\/\/jinhuaceramic.com\/wp-content\/uploads\/2025\/04\/3-Piece-Custom-Bakeware-Set-Wholesale-Baking-Dishes-In-Bulk-4-660x660.webp 660w\" sizes=\"(max-width: 1001px) 100vw, 1001px\" \/><\/figure>\n<\/div>\n<\/div>","protected":false},"excerpt":{"rendered":"<p>Bem-vindo \u00e0 compra de panelas por atacado na China. O nosso conjunto de assadeiras personalizadas a granel \u00e9 bonito e pr\u00e1tico, com bordas onduladas exclusivas e cores novas, adicionando uma atmosfera art\u00edstica \u00e0 cozinha e \u00e0 mesa de jantar. As combina\u00e7\u00f5es de v\u00e1rios tamanhos podem atender a v\u00e1rias necessidades de cozimento.<\/p>","protected":false},"featured_media":8565,"comment_status":"closed","ping_status":"closed","template":"","meta":{"_acf_changed":false},"product_brand":[],"product_cat":[53],"product_tag":[71],"class_list":{"0":"post-8563","1":"product","2":"type-product","3":"status-publish","4":"has-post-thumbnail","6":"product_cat-bakeware-in-bulk","7":"product_tag-wholesale-baking-pans","9":"first","10":"instock","11":"shipping-taxable","12":"product-type-simple"},"acf":[],"_links":{"self":[{"href":"https:\/\/jinhuaceramic.com\/pt\/wp-json\/wp\/v2\/product\/8563","targetHints":{"allow":["GET"]}}],"collection":[{"href":"https:\/\/jinhuaceramic.com\/pt\/wp-json\/wp\/v2\/product"}],"about":[{"href":"https:\/\/jinhuaceramic.com\/pt\/wp-json\/wp\/v2\/types\/product"}],"replies":[{"embeddable":true,"href":"https:\/\/jinhuaceramic.com\/pt\/wp-json\/wp\/v2\/comments?post=8563"}],"version-history":[{"count":0,"href":"https:\/\/jinhuaceramic.com\/pt\/wp-json\/wp\/v2\/product\/8563\/revisions"}],"wp:featuredmedia":[{"embeddable":true,"href":"https:\/\/jinhuaceramic.com\/pt\/wp-json\/wp\/v2\/media\/8565"}],"wp:attachment":[{"href":"https:\/\/jinhuaceramic.com\/pt\/wp-json\/wp\/v2\/media?parent=8563"}],"wp:term":[{"taxonomy":"product_brand","embeddable":true,"href":"https:\/\/jinhuaceramic.com\/pt\/wp-json\/wp\/v2\/product_brand?post=8563"},{"taxonomy":"product_cat","embeddable":true,"href":"https:\/\/jinhuaceramic.com\/pt\/wp-json\/wp\/v2\/product_cat?post=8563"},{"taxonomy":"product_tag","embeddable":true,"href":"https:\/\/jinhuaceramic.com\/pt\/wp-json\/wp\/v2\/product_tag?post=8563"}],"curies":[{"name":"wp","href":"https:\/\/api.w.org\/{rel}","templated":true}]}}