{"id":8572,"date":"2025-04-11T01:54:35","date_gmt":"2025-04-11T01:54:35","guid":{"rendered":"https:\/\/jinhuaceramic.com\/?post_type=product&#038;p=8572"},"modified":"2025-04-11T01:54:37","modified_gmt":"2025-04-11T01:54:37","slug":"chinese-crockery-wholesale","status":"publish","type":"product","link":"https:\/\/jinhuaceramic.com\/pt\/product\/chinese-crockery-wholesale\/","title":{"rendered":"Lou\u00e7a chinesa branca brilhante por atacado com rebordo dourado"},"content":{"rendered":"<div class=\"wp-block-columns is-layout-flex wp-container-core-columns-is-layout-9d6595d7 wp-block-columns-is-layout-flex\">\n<div class=\"wp-block-column is-layout-flow wp-block-column-is-layout-flow\">\n<h3 class=\"wp-block-heading\">Premium Chinese Crockery Wholesale\u00a0Features:<\/h3>\n\n\n\n<ul class=\"wp-block-list\">\n<li><strong>Design elegante: <\/strong>The surface of these chinese crockery wholesale sets is not flat, but slightly uneven, , which renders them unique and high-end. These dinner sets are glossy white with delicate gold edge lines, which are timelessly simple and suitable for restaurants or home environments with mixed decor themes.<\/li>\n\n\n\n<li><strong>Material de alta qualidade: <\/strong>These high-quality stoneware wholesale white dinnerware sets are chemically stable after being fired at high temperatures, won&#8217;t leach out toxins, and come directly in contact with food and thus safe and dependable to use and ensuring a healthy diet.<\/li>\n\n\n\n<li><strong>Ampla aplicabilidade: <\/strong>These chinese crockery wholesale sets include bowls and plates of different sizes to meet diverse dining needs. With unified tones and styles, the tableware can be freely matched and combined, whether it is daily family meals or formal dinners for entertaining guests, it is very suitable for creating different plating effects.<\/li>\n\n\n\n<li><strong>F\u00e1cil de manter: <\/strong>These wholesale white dinnerware sets have smooth glaze, are not easy to retain oil stains, food residues, etc., are not easy to absorb odors, and are easy to clean. At the same time, they can also be put into the dishwasher for cleaning, reducing the trouble of manual cleaning.<\/li>\n<\/ul>\n<\/div>\n\n\n\n<div class=\"wp-block-column is-layout-flow wp-block-column-is-layout-flow\">\n<figure class=\"wp-block-image size-full\"><img fetchpriority=\"high\" decoding=\"async\" width=\"2000\" height=\"2000\" src=\"https:\/\/jinhuaceramic.com\/wp-content\/uploads\/2025\/04\/High-End-Stoneware-Dinnerware-Set-Custom-Tableware-Wholesale-4.webp\" alt=\"Lou\u00e7a chinesa branca brilhante por atacado com rebordo dourado-1\" class=\"wp-image-8575\" srcset=\"https:\/\/jinhuaceramic.com\/wp-content\/uploads\/2025\/04\/High-End-Stoneware-Dinnerware-Set-Custom-Tableware-Wholesale-4.webp 2000w, https:\/\/jinhuaceramic.com\/wp-content\/uploads\/2025\/04\/High-End-Stoneware-Dinnerware-Set-Custom-Tableware-Wholesale-4-300x300.webp 300w, https:\/\/jinhuaceramic.com\/wp-content\/uploads\/2025\/04\/High-End-Stoneware-Dinnerware-Set-Custom-Tableware-Wholesale-4-150x150.webp 150w, https:\/\/jinhuaceramic.com\/wp-content\/uploads\/2025\/04\/High-End-Stoneware-Dinnerware-Set-Custom-Tableware-Wholesale-4-768x768.webp 768w, https:\/\/jinhuaceramic.com\/wp-content\/uploads\/2025\/04\/High-End-Stoneware-Dinnerware-Set-Custom-Tableware-Wholesale-4-12x12.webp 12w, https:\/\/jinhuaceramic.com\/wp-content\/uploads\/2025\/04\/High-End-Stoneware-Dinnerware-Set-Custom-Tableware-Wholesale-4-285x285.webp 285w, https:\/\/jinhuaceramic.com\/wp-content\/uploads\/2025\/04\/High-End-Stoneware-Dinnerware-Set-Custom-Tableware-Wholesale-4-1600x1600.webp 1600w, https:\/\/jinhuaceramic.com\/wp-content\/uploads\/2025\/04\/High-End-Stoneware-Dinnerware-Set-Custom-Tableware-Wholesale-4-270x270.webp 270w, https:\/\/jinhuaceramic.com\/wp-content\/uploads\/2025\/04\/High-End-Stoneware-Dinnerware-Set-Custom-Tableware-Wholesale-4-540x540.webp 540w, https:\/\/jinhuaceramic.com\/wp-content\/uploads\/2025\/04\/High-End-Stoneware-Dinnerware-Set-Custom-Tableware-Wholesale-4-660x660.webp 660w\" sizes=\"(max-width: 2000px) 100vw, 2000px\" \/><\/figure>\n<\/div>\n<\/div>\n\n\n\n<p><\/p>","protected":false},"excerpt":{"rendered":"<p>Bem-vindo \u00e0 compra de conjuntos de loi\u00e7a branca por atacado. Com um design elegante e fabricados em gr\u00e9s de alta qualidade, estes conjuntos de lou\u00e7a chinesa por grosso s\u00e3o f\u00e1ceis de utilizar e de baixa manuten\u00e7\u00e3o. S\u00e3o atraentes e funcionais, ideais para melhorar a sua experi\u00eancia gastron\u00f3mica.<\/p>","protected":false},"featured_media":8576,"comment_status":"closed","ping_status":"closed","template":"","meta":{"_acf_changed":false},"product_brand":[],"product_cat":[83,54],"product_tag":[],"class_list":{"0":"post-8572","1":"product","2":"type-product","3":"status-publish","4":"has-post-thumbnail","6":"product_cat-wholesale-dinnerware-sets","7":"product_cat-tableware-wholesale","9":"first","10":"instock","11":"shipping-taxable","12":"product-type-simple"},"acf":[],"_links":{"self":[{"href":"https:\/\/jinhuaceramic.com\/pt\/wp-json\/wp\/v2\/product\/8572","targetHints":{"allow":["GET"]}}],"collection":[{"href":"https:\/\/jinhuaceramic.com\/pt\/wp-json\/wp\/v2\/product"}],"about":[{"href":"https:\/\/jinhuaceramic.com\/pt\/wp-json\/wp\/v2\/types\/product"}],"replies":[{"embeddable":true,"href":"https:\/\/jinhuaceramic.com\/pt\/wp-json\/wp\/v2\/comments?post=8572"}],"version-history":[{"count":0,"href":"https:\/\/jinhuaceramic.com\/pt\/wp-json\/wp\/v2\/product\/8572\/revisions"}],"wp:featuredmedia":[{"embeddable":true,"href":"https:\/\/jinhuaceramic.com\/pt\/wp-json\/wp\/v2\/media\/8576"}],"wp:attachment":[{"href":"https:\/\/jinhuaceramic.com\/pt\/wp-json\/wp\/v2\/media?parent=8572"}],"wp:term":[{"taxonomy":"product_brand","embeddable":true,"href":"https:\/\/jinhuaceramic.com\/pt\/wp-json\/wp\/v2\/product_brand?post=8572"},{"taxonomy":"product_cat","embeddable":true,"href":"https:\/\/jinhuaceramic.com\/pt\/wp-json\/wp\/v2\/product_cat?post=8572"},{"taxonomy":"product_tag","embeddable":true,"href":"https:\/\/jinhuaceramic.com\/pt\/wp-json\/wp\/v2\/product_tag?post=8572"}],"curies":[{"name":"wp","href":"https:\/\/api.w.org\/{rel}","templated":true}]}}