{"id":8592,"date":"2025-04-16T04:05:14","date_gmt":"2025-04-16T04:05:14","guid":{"rendered":"https:\/\/jinhuaceramic.com\/?post_type=product&#038;p=8592"},"modified":"2025-04-19T03:46:07","modified_gmt":"2025-04-19T03:46:07","slug":"western-dinnerware-wholesale","status":"publish","type":"product","link":"https:\/\/jinhuaceramic.com\/pt\/product\/western-dinnerware-wholesale\/","title":{"rendered":"Lou\u00e7a de jantar ocidental azul-cinza por atacado, lou\u00e7a personalizada"},"content":{"rendered":"<div class=\"wp-block-columns is-layout-flex wp-container-core-columns-is-layout-9d6595d7 wp-block-columns-is-layout-flex\">\n<div class=\"wp-block-column is-layout-flow wp-block-column-is-layout-flow\">\n<h3 class=\"wp-block-heading\">Servi\u00e7o de jantar ocidental de qualidade por atacado Carater\u00edsticas:<\/h3>\n\n\n\n<ul class=\"wp-block-list\">\n<li><strong>Design moderno: <\/strong>Estas loi\u00e7as ocidentais por atacado t\u00eam um design simples e moderno e apresentam uma pequena forma convexa e c\u00f4ncava na superf\u00edcie, o que lhes confere um aspeto r\u00fastico feito \u00e0 m\u00e3o.<\/li>\n\n\n\n<li><strong>Material de alta qualidade: <\/strong>Estes conjuntos de loi\u00e7a personalizada s\u00e3o feitos de material cer\u00e2mico de alta qualidade e s\u00e3o cozidos a alta temperatura, pelo que t\u00eam boa resist\u00eancia ao calor e estabilidade, podem suportar as mudan\u00e7as de temperatura dos alimentos e n\u00e3o s\u00e3o facilmente deformados ou partidos.<\/li>\n\n\n\n<li><strong>Conjunto completo:<\/strong> Este servi\u00e7o de jantar ocidental por atacado inclui uma tigela de 24 on\u00e7as, um prato de 8,5 polegadas e um prato de 10,5 polegadas para servir diferentes necessidades de refei\u00e7\u00f5es. A ta\u00e7a \u00e9 perfeita para sopa, arroz, cereais, etc., o prato de 8,5 polegadas \u00e9 perfeito para os acompanhamentos e o prato de 10,5 polegadas \u00e9 perfeito para entradas como o bife.<\/li>\n\n\n\n<li><strong>Cen\u00e1rios de aplica\u00e7\u00e3o: <\/strong>Estes conjuntos de loi\u00e7a personalizados podem ser utilizados tanto para as refei\u00e7\u00f5es quotidianas em fam\u00edlia como para ocasi\u00f5es em que h\u00e1 convidados, onde podem contribuir para o ambiente do jantar. S\u00e3o tamb\u00e9m uma escolha agrad\u00e1vel para utilizar como prendas, quer se trate de uma prenda de casamento ou de uma prenda festiva, pois podem exprimir um pensamento.<\/li>\n<\/ul>\n<\/div>\n\n\n\n<div class=\"wp-block-column is-layout-flow wp-block-column-is-layout-flow\">\n<figure class=\"wp-block-image size-full\"><img fetchpriority=\"high\" decoding=\"async\" width=\"2000\" height=\"2000\" src=\"https:\/\/jinhuaceramic.com\/wp-content\/uploads\/2025\/04\/Wholesale-Modern-Blue-Tableware-Custom-Dinnerware-Set-Service-For-4-5.webp\" alt=\"Lou\u00e7a de jantar ocidental azul-cinza por atacado, lou\u00e7a personalizada-1\" class=\"wp-image-8596\" srcset=\"https:\/\/jinhuaceramic.com\/wp-content\/uploads\/2025\/04\/Wholesale-Modern-Blue-Tableware-Custom-Dinnerware-Set-Service-For-4-5.webp 2000w, https:\/\/jinhuaceramic.com\/wp-content\/uploads\/2025\/04\/Wholesale-Modern-Blue-Tableware-Custom-Dinnerware-Set-Service-For-4-5-300x300.webp 300w, https:\/\/jinhuaceramic.com\/wp-content\/uploads\/2025\/04\/Wholesale-Modern-Blue-Tableware-Custom-Dinnerware-Set-Service-For-4-5-150x150.webp 150w, https:\/\/jinhuaceramic.com\/wp-content\/uploads\/2025\/04\/Wholesale-Modern-Blue-Tableware-Custom-Dinnerware-Set-Service-For-4-5-768x768.webp 768w, https:\/\/jinhuaceramic.com\/wp-content\/uploads\/2025\/04\/Wholesale-Modern-Blue-Tableware-Custom-Dinnerware-Set-Service-For-4-5-12x12.webp 12w, https:\/\/jinhuaceramic.com\/wp-content\/uploads\/2025\/04\/Wholesale-Modern-Blue-Tableware-Custom-Dinnerware-Set-Service-For-4-5-285x285.webp 285w, https:\/\/jinhuaceramic.com\/wp-content\/uploads\/2025\/04\/Wholesale-Modern-Blue-Tableware-Custom-Dinnerware-Set-Service-For-4-5-1600x1600.webp 1600w, https:\/\/jinhuaceramic.com\/wp-content\/uploads\/2025\/04\/Wholesale-Modern-Blue-Tableware-Custom-Dinnerware-Set-Service-For-4-5-270x270.webp 270w, https:\/\/jinhuaceramic.com\/wp-content\/uploads\/2025\/04\/Wholesale-Modern-Blue-Tableware-Custom-Dinnerware-Set-Service-For-4-5-540x540.webp 540w, https:\/\/jinhuaceramic.com\/wp-content\/uploads\/2025\/04\/Wholesale-Modern-Blue-Tableware-Custom-Dinnerware-Set-Service-For-4-5-660x660.webp 660w\" sizes=\"(max-width: 2000px) 100vw, 2000px\" \/><\/figure>\n<\/div>\n<\/div>","protected":false},"excerpt":{"rendered":"<p>Bem-vindo \u00e0 compra de loi\u00e7a feita \u00e0 medida. Estas loi\u00e7as ocidentais azuis e cinzentas por atacado t\u00eam um design simples com uma est\u00e9tica moderna. \u00c9 seguro, forte e dur\u00e1vel, adequado para v\u00e1rios cen\u00e1rios, o que pode proporcionar aos usu\u00e1rios uma experi\u00eancia de jantar confort\u00e1vel e agrad\u00e1vel.<\/p>","protected":false},"featured_media":8599,"comment_status":"closed","ping_status":"closed","template":"","meta":{"_acf_changed":false},"product_brand":[],"product_cat":[83,54],"product_tag":[],"class_list":{"0":"post-8592","1":"product","2":"type-product","3":"status-publish","4":"has-post-thumbnail","6":"product_cat-wholesale-dinnerware-sets","7":"product_cat-tableware-wholesale","9":"first","10":"instock","11":"shipping-taxable","12":"product-type-simple"},"acf":[],"_links":{"self":[{"href":"https:\/\/jinhuaceramic.com\/pt\/wp-json\/wp\/v2\/product\/8592","targetHints":{"allow":["GET"]}}],"collection":[{"href":"https:\/\/jinhuaceramic.com\/pt\/wp-json\/wp\/v2\/product"}],"about":[{"href":"https:\/\/jinhuaceramic.com\/pt\/wp-json\/wp\/v2\/types\/product"}],"replies":[{"embeddable":true,"href":"https:\/\/jinhuaceramic.com\/pt\/wp-json\/wp\/v2\/comments?post=8592"}],"version-history":[{"count":0,"href":"https:\/\/jinhuaceramic.com\/pt\/wp-json\/wp\/v2\/product\/8592\/revisions"}],"wp:featuredmedia":[{"embeddable":true,"href":"https:\/\/jinhuaceramic.com\/pt\/wp-json\/wp\/v2\/media\/8599"}],"wp:attachment":[{"href":"https:\/\/jinhuaceramic.com\/pt\/wp-json\/wp\/v2\/media?parent=8592"}],"wp:term":[{"taxonomy":"product_brand","embeddable":true,"href":"https:\/\/jinhuaceramic.com\/pt\/wp-json\/wp\/v2\/product_brand?post=8592"},{"taxonomy":"product_cat","embeddable":true,"href":"https:\/\/jinhuaceramic.com\/pt\/wp-json\/wp\/v2\/product_cat?post=8592"},{"taxonomy":"product_tag","embeddable":true,"href":"https:\/\/jinhuaceramic.com\/pt\/wp-json\/wp\/v2\/product_tag?post=8592"}],"curies":[{"name":"wp","href":"https:\/\/api.w.org\/{rel}","templated":true}]}}